{"id":5580,"date":"2026-02-02T21:02:26","date_gmt":"2026-02-02T21:02:26","guid":{"rendered":"https:\/\/www.vanderwallimmigration.com\/sobre-nosotros\/olivia-welsh\/"},"modified":"2026-02-02T22:17:32","modified_gmt":"2026-02-02T22:17:32","slug":"olivia-welsh","status":"publish","type":"page","link":"https:\/\/www.vanderwallimmigration.com\/es\/sobre-nosotros\/olivia-welsh\/","title":{"rendered":"Olivia Welsh"},"content":{"rendered":"<h1>Olivia Welsh<\/h1> \t<h2>Sobre Nosotros<\/h2> \t\t\t<a href=\"https:\/\/www.vanderwallimmigration.com\/es\/programar-una-cita\/\" title=\"Programar Una Cita\" target=\"_self\"   role=\"button\" aria-label=\"Programar Una Cita\"> \t\t\t\t\t\t\tProgramar Una Cita \t\t<\/a> \t\t\t<p>Asistente Legal<\/p> \t<h3> \t\t\t\tOlivia Welsh \t\t\t<\/h3> <figure itemscope itemtype=\"https:\/\/schema.org\/ImageObject\"> \t\t\t\t<img decoding=\"async\" src=\"https:\/\/www.vanderwallimmigration.com\/wp-content\/uploads\/2024\/10\/small-logo.jpg\" alt=\"small-logo\" height=\"124\" width=\"133\" title=\"small-logo\" onerror=\"this.style.display='none'\" loading=\"lazy\" \/> \t<\/figure> \t<p>Originalmente de Portland, Olivia pas\u00f3 tiempo viviendo en China, Taiwan, y Seattle durante su ni\u00f1ez. Se gradu\u00f3 de la Universidad de Linfield con una doble especialidad en Espa\u00f1ol y Relaciones Internacionales.<\/p> <p>Vivir en el extranjero durante su ni\u00f1ez la inspir\u00f3 a estudiar Relaciones Internacionales, y le interes\u00f3 mucho las clases sobre la justicia, igualdad y comunicaci\u00f3n pol\u00edtica. Cada una de estas experiencias impuls\u00f3 su pasi\u00f3n por abogar y ayudar a los dem\u00e1s, as\u00ed como su inter\u00e9s en el campo legal.<\/p> <p>Habiendo comenzado a aprender espa\u00f1ol desde muy joven, siempre ha sido una de sus grandes pasiones seguir hablando, aprendiendo y desarrollando sus habilidades ling\u00fc\u00edsticas para poder comunicarse con los dem\u00e1s de la mejor manera posible.<\/p> <p>En su tiempo libre, disfruta de vivir en Portland y de explorar librer\u00edas y cafeter\u00edas con amigos. Le encanta leer, hornear y cocinar. Tambi\u00e9n viaja con frecuencia para visitar a su familia y pasar tiempo con sus padres y hermanas, jugando juegos y saliendo a caminar al aire libre.<\/p> <p><strong>Idiomas: ingl\u00e9s y espa\u00f1ol<\/strong><\/p> \t<h5> \t\t\t\tPrograme su consulta de inmigraci\u00f3n con un abogado de inmigraci\u00f3n \t\t\t<\/h5> <figure itemscope itemtype=\"https:\/\/schema.org\/ImageObject\"> \t\t\t\t<img decoding=\"async\" src=\"https:\/\/www.vanderwallimmigration.com\/wp-content\/uploads\/2025\/09\/2025-footer-banner-awards-layout.png\" alt=\"2025-footer-banner-awards-layout\" height=\"420\" width=\"600\" title=\"2025-footer-banner-awards-layout\" onerror=\"this.style.display='none'\" loading=\"lazy\" \/> \t<\/figure> \t<h5> \t\t\t\tsalga de las sombras. \t\t\t<\/h5> \t<h5> \t\t\t\tLl\u00e1menos hoy al \t\t\t<\/h5> \t\t\t<p><a href=\"tel:+15032068414\">+1 503-206-8414<\/a><\/p>\t \t\t\t<a href=\"https:\/\/www.vanderwallimmigration.com\/schedule-appointment\/\" title=\"Programar una cita\" target=\"_self\"   role=\"button\" aria-label=\"Programar una cita\"> \t\t\t\t\t\t\tProgramar una cita \t\t<\/a>","protected":false},"excerpt":{"rendered":"<p>Olivia Welsh Sobre Nosotros Programar Una Cita Asistente Legal Olivia Welsh Originalmente de Portland, Olivia pas\u00f3 tiempo viviendo en China, Taiwan, y Seattle durante su ni\u00f1ez. Se gradu\u00f3 de la Universidad de Linfield con una doble especialidad en Espa\u00f1ol y Relaciones Internacionales. Vivir en el extranjero durante su ni\u00f1ez la inspir\u00f3 a estudiar Relaciones Internacionales, [&hellip;]<\/p>\n","protected":false},"author":4,"featured_media":0,"parent":3979,"menu_order":0,"comment_status":"closed","ping_status":"open","template":"","meta":{"_acf_changed":false,"site-sidebar-layout":"no-sidebar","site-content-layout":"page-builder","ast-site-content-layout":"full-width-container","site-content-style":"unboxed","site-sidebar-style":"unboxed","ast-global-header-display":"","ast-banner-title-visibility":"","ast-main-header-display":"","ast-hfb-above-header-display":"","ast-hfb-below-header-display":"","ast-hfb-mobile-header-display":"","site-post-title":"disabled","ast-breadcrumbs-content":"","ast-featured-img":"disabled","footer-sml-layout":"","ast-disable-related-posts":"","theme-transparent-header-meta":"enabled","adv-header-id-meta":"","stick-header-meta":"","header-above-stick-meta":"","header-main-stick-meta":"","header-below-stick-meta":"","astra-migrate-meta-layouts":"default","ast-page-background-enabled":"default","ast-page-background-meta":{"desktop":{"background-color":"","background-image":"","background-repeat":"repeat","background-position":"center center","background-size":"auto","background-attachment":"scroll","background-type":"","background-media":"","overlay-type":"","overlay-color":"","overlay-opacity":"","overlay-gradient":""},"tablet":{"background-color":"","background-image":"","background-repeat":"repeat","background-position":"center center","background-size":"auto","background-attachment":"scroll","background-type":"","background-media":"","overlay-type":"","overlay-color":"","overlay-opacity":"","overlay-gradient":""},"mobile":{"background-color":"","background-image":"","background-repeat":"repeat","background-position":"center center","background-size":"auto","background-attachment":"scroll","background-type":"","background-media":"","overlay-type":"","overlay-color":"","overlay-opacity":"","overlay-gradient":""}},"ast-content-background-meta":{"desktop":{"background-color":"var(--ast-global-color-5)","background-image":"","background-repeat":"repeat","background-position":"center center","background-size":"auto","background-attachment":"scroll","background-type":"","background-media":"","overlay-type":"","overlay-color":"","overlay-opacity":"","overlay-gradient":""},"tablet":{"background-color":"var(--ast-global-color-5)","background-image":"","background-repeat":"repeat","background-position":"center center","background-size":"auto","background-attachment":"scroll","background-type":"","background-media":"","overlay-type":"","overlay-color":"","overlay-opacity":"","overlay-gradient":""},"mobile":{"background-color":"var(--ast-global-color-5)","background-image":"","background-repeat":"repeat","background-position":"center center","background-size":"auto","background-attachment":"scroll","background-type":"","background-media":"","overlay-type":"","overlay-color":"","overlay-opacity":"","overlay-gradient":""}},"footnotes":""},"class_list":["post-5580","page","type-page","status-publish","hentry"],"acf":[],"aioseo_notices":[],"_links":{"self":[{"href":"https:\/\/www.vanderwallimmigration.com\/es\/wp-json\/wp\/v2\/pages\/5580","targetHints":{"allow":["GET"]}}],"collection":[{"href":"https:\/\/www.vanderwallimmigration.com\/es\/wp-json\/wp\/v2\/pages"}],"about":[{"href":"https:\/\/www.vanderwallimmigration.com\/es\/wp-json\/wp\/v2\/types\/page"}],"author":[{"embeddable":true,"href":"https:\/\/www.vanderwallimmigration.com\/es\/wp-json\/wp\/v2\/users\/4"}],"replies":[{"embeddable":true,"href":"https:\/\/www.vanderwallimmigration.com\/es\/wp-json\/wp\/v2\/comments?post=5580"}],"version-history":[{"count":0,"href":"https:\/\/www.vanderwallimmigration.com\/es\/wp-json\/wp\/v2\/pages\/5580\/revisions"}],"up":[{"embeddable":true,"href":"https:\/\/www.vanderwallimmigration.com\/es\/wp-json\/wp\/v2\/pages\/3979"}],"wp:attachment":[{"href":"https:\/\/www.vanderwallimmigration.com\/es\/wp-json\/wp\/v2\/media?parent=5580"}],"curies":[{"name":"wp","href":"https:\/\/api.w.org\/{rel}","templated":true}]}}