{"id":5432,"date":"2025-11-20T22:31:43","date_gmt":"2025-11-20T22:31:43","guid":{"rendered":"https:\/\/www.vanderwallimmigration.com\/sobrecarga-lp\/"},"modified":"2026-04-05T02:58:51","modified_gmt":"2026-04-05T02:58:51","slug":"surge-lp","status":"publish","type":"page","link":"https:\/\/www.vanderwallimmigration.com\/es\/surge-lp\/","title":{"rendered":"Surge LP"},"content":{"rendered":"<p>Nosotros unimos familias<\/p> \t<h1> \t\t\t\tA traves de inmigracion \t\t\t<\/h1> \t\t\t<a href=\"\/es\/formulario-de-cita\/\" title=\"Programar Una Cita\" target=\"_self\"   role=\"button\" aria-label=\"Programar Una Cita\"> \t\t\t\t\t\t\tProgramar Una Cita \t\t<\/a> \t\t\t\t\t\t\t\t\t\t<h4 tabindex=\"0\">Nos importan tus objetivos de inmigraci\u00f3n y los sue\u00f1os que tienes para tu familia<\/h4> \t\t\t\t\t<p>En Vanderwall Immigration, nuestros abogados de inmigraci\u00f3n en Portland se dedican a proporcionar una defensa personalizada y compasiva a nuestros clientes. Con una pasi\u00f3n por ayudar a las personas a alcanzar sus sue\u00f1os, puedes confiar en que nuestros abogados de inmigraci\u00f3n en Portland invertir\u00e1n el tiempo, la energ\u00eda y la atenci\u00f3n al detalle necesarios para alcanzar el \u00e9xito en tu viaje de inmigraci\u00f3n. Con despachos de abogados en Beaverton y Salem, Oreg\u00f3n, atendemos a clientes en todo Oreg\u00f3n, en el estado de Washington y en todo el mundo. Para concertar una consulta inicial totalmente confidencial, no dudes en ponerte en contacto con nosotros hoy mismo.   <\/p> \t\t\t\t\t\t\t\t\t\t<h4 tabindex=\"0\">Por qu\u00e9 elegir a Vanderwall Immigration para tu caso de inmigraci\u00f3n<\/h4> \t\t\t\t\t<p>Enfrentarse a un problema de inmigraci\u00f3n puede ser todo un reto. Nuestro sistema de inmigraci\u00f3n es complejo, e incluso un error aparentemente peque\u00f1o podr\u00eda provocar el retraso o la denegaci\u00f3n de los beneficios de tu solicitud. En Vanderwall Immigration, estamos dispuestos a estar a tu lado en cada paso del camino. Nuestro bufete de abogados especializados en ciudadan\u00eda de Portland ofrece representaci\u00f3n personalizada, comunicaci\u00f3n abierta y costes razonables mediante honorarios fijos y planes de pago flexibles. Con un historial de testimonios de antiguos clientes y un equipo de experimentados profesionales de la inmigraci\u00f3n, puedes confiar en que nuestros abogados llevar\u00e1n tu caso de la forma correcta.    <\/p> \t\t\t\t\t\t\t\t\t\t<h4 tabindex=\"0\">Abogados de inmigraci\u00f3n de confianza<\/h4> \t\t\t\t\t<p><strong>Nuestra empresa se adhiere a estos principios b\u00e1sicos para ayudarnos a guiarnos hacia nuestra visi\u00f3n y completar nuestra misi\u00f3n:<\/strong><\/p> <ul> <li><strong>Integridad<\/strong><strong>Construyendo confianza a trav\u00e9s de nuestras acciones responsables y \u00e9ticas<\/strong><\/li> <li><strong>Compasi\u00f3n<\/strong><strong>Empoderar a nuestros clientes y a cada uno de nosotros con un sentido de pertenencia a trav\u00e9s de nuestra empat\u00eda y amabilidad.<\/strong><\/li> <li><strong>Defensa<\/strong><strong>impactando en las vidas de nuestros clientes, sus familias y nuestra comunidad a trav\u00e9s de nuestra creatividad, perseverancia y colaboraci\u00f3n<\/strong><\/li> <\/ul> <p><strong>Consulta confidencial con abogados de inmigraci\u00f3n de Portland<\/strong><\/p> <p>Vanderwall Immigration es tu conducto hacia la unidad familiar y el \u00e9xito en inmigraci\u00f3n. Tanto si buscas claridad sobre tus derechos como orientaci\u00f3n sobre tus opciones, estamos aqu\u00ed para ayudarte. Nuestras consultas sobre inmigraci\u00f3n ofrecen perspectivas para alcanzar tus sue\u00f1os. Con oficinas en Beaverton y Salem, extendemos nuestra     servicios de asistencia a la ciudadan\u00eda en Portland  \u00e1rea metropolitana, Oreg\u00f3n, Washington y en todo el mundo. Ponte en contacto con nosotros hoy mismo y deja que comience tu viaje de inmigraci\u00f3n. <\/p> \t<iframe src=\"https:\/\/api.surgebythrive.com\/widget\/booking\/gPUi9HBzu4I3yddv3Jk0\" scrolling=\"no\" id=\"gPUi9HBzu4I3yddv3Jk0_1773693057909\"><\/iframe><br \/> \t<h5> \t\t\t\tVanderwall Inmigraci\u00f3n \t\t\t<\/h5> \t\t\t<p>Servicios Jur\u00eddicos<\/p>\t \t<h5> \t\t\t\t<a href=\"https:\/\/www.vanderwallimmigration.com\/es\/servicios-legales\/tarjeta-verde-o-tarjeta-de-residencia\/\" title=\"Tarjeta Verde\" target=\"_self\"> \t\t\t\tTarjeta Verde \t\t\t\t<\/a> \t\t\t<\/h5> \t<h5> \t\t\t\t<a href=\"https:\/\/www.vanderwallimmigration.com\/es\/servicios-legales\/visa-de-prometidos\/\" title=\"Visados para prometidos\" target=\"_self\"> \t\t\t\tVisados para prometidos \t\t\t\t<\/a> \t\t\t<\/h5> \t<h5> \t\t\t\t<a href=\"https:\/\/www.vanderwallimmigration.com\/es\/servicios-legales\/ciudadania-estadounidense\/\" title=\"Ciudadan\u00eda estadounidense\" target=\"_self\"> \t\t\t\tCiudadan\u00eda estadounidense \t\t\t\t<\/a> \t\t\t<\/h5> \t<h5> \t\t\t\t<a href=\"https:\/\/www.vanderwallimmigration.com\/es\/servicios-legales\/permiso-de-trabajo\/\" title=\"Permisos de trabajo\" target=\"_self\"> \t\t\t\tPermisos de trabajo \t\t\t\t<\/a> \t\t\t<\/h5> <figure itemscope itemtype=\"https:\/\/schema.org\/ImageObject\"> \t\t\t\t<img decoding=\"async\" src=\"https:\/\/www.vanderwallimmigration.com\/wp-content\/uploads\/2026\/04\/75k-followers-trans.png\" alt=\"75k-followers-trans\" height=\"275\" width=\"513\" title=\"75k-followers-trans\" onerror=\"this.style.display='none'\" loading=\"lazy\" \/> \t<\/figure> <h3> \t\t\tSeguidores\t<\/h3> \t\t<link itemprop=\"url\" href=\"https:\/\/www.vanderwallimmigration.com\"\/> \t\t<a itemprop=\"sameAs\" href=\"https:\/\/www.facebook.com\/vanderwallimmigration\/\" target=\"_blank\" title=\"Facebook\" aria-label=\"Facebook\" role=\"button\" rel=\"noopener noreferrer external\"> \t\t\t\t\t<\/a> \t\t<link itemprop=\"url\" href=\"https:\/\/www.vanderwallimmigration.com\"\/> \t\t<a itemprop=\"sameAs\" href=\"https:\/\/www.instagram.com\/vanderwall_immigration\/?hl=en\" target=\"_blank\" title=\"Instagram\" aria-label=\"Instagram\" role=\"button\" rel=\"noopener noreferrer external\"> \t\t\t\t\t<\/a> \t\t<link itemprop=\"url\" href=\"https:\/\/www.vanderwallimmigration.com\"\/> \t\t<a itemprop=\"sameAs\" href=\"https:\/\/www.tiktok.com\/@vanderwall_immigration\" target=\"_blank\" title=\"TikTok\" aria-label=\"TikTok\" role=\"button\" rel=\"noopener noreferrer external\"> \t\t\t\t\t<\/a> \t\t<link itemprop=\"url\" href=\"https:\/\/www.vanderwallimmigration.com\"\/> \t\t<a itemprop=\"sameAs\" href=\"https:\/\/www.youtube.com\/channel\/UCY0pkcfQg1g2dzE9pX8WZxQ\" target=\"_blank\" title=\"YouTube\" aria-label=\"YouTube\" role=\"button\" rel=\"noopener noreferrer external\"> \t\t\t\t\t<\/a> <h3> \t\t\tLa libertad.\t<\/h3> \t<p><strong>Vanderwall Immigration<\/strong> es un bufete de abogados de inmigraci\u00f3n con oficinas en Beaverton y Salem, Oreg\u00f3n. Atendemos a clientes en todo Oreg\u00f3n, Washington y en todo el mundo. <\/p> \t\t\t<a href=\"https:\/\/www.facebook.com\/vanderwallimmigration\/\" title=\"S\u00edguenos ahora\" target=\"_blank\" rel=\"noopener\"  role=\"button\" aria-label=\"S\u00edguenos ahora\"> \t\t\t\t\t\t\tS\u00edguenos ahora \t\t<\/a> \t<h5> \t\t\t\tVanderwall Inmigraci\u00f3n \t\t\t<\/h5> \t\t\t<p>Testimonios de clientes<\/p>\t \t    <section class=\"home-videos\">         <div class=\"container\">             <div class=\"video-wrapper\">                               <div class=\"col-1\">                     <div class=\"video-big\">                                                     <div class=\"js-video video\" data-tag=\"tab-1\" onclick=\"playVideo('https:\/\/www.youtube.com\/embed\/52tCI7tJBMY')\">                                 <div class=\"preview-wrapper\">                                     <img loading=\"lazy\" decoding=\"async\" src=\"https:\/\/www.vanderwallimmigration.com\/wp-content\/uploads\/2024\/11\/vanderwall-vid-testimonial2.webp\" width=\"866\" height=\"544\" alt=\"Testimonial 4\">                                 <\/div>                                 <div class=\"button-wrapper\">                                     <svg xmlns=\"http:\/\/www.w3.org\/2000\/svg\" viewbox=\"0 0 512 512\"><path d=\"M0 256a256 256 0 1 1 512 0A256 256 0 1 1 0 256zM188.3 147.1c-7.6 4.2-12.3 12.3-12.3 20.9V344c0 8.7 4.7 16.7 12.3 20.9s16.8 4.1 24.3-.5l144-88c7.1-4.4 11.5-12.1 11.5-20.5s-4.4-16.1-11.5-20.5l-144-88c-7.4-4.5-16.7-4.7-24.3-.5z\"><\/path><\/svg>                                 <\/div>                             <\/div>                                                     <div class=\"js-video video is-active\" data-tag=\"tab-2\" onclick=\"playVideo('https:\/\/www.youtube.com\/embed\/MFtf7Q6B_14')\">                                 <div class=\"preview-wrapper\">                                     <img loading=\"lazy\" decoding=\"async\" src=\"https:\/\/www.vanderwallimmigration.com\/wp-content\/uploads\/2024\/11\/Client-Testimonial_Rafael-YouTube-thumb.webp\" width=\"866\" height=\"544\" alt=\"Testimonial 3\">                                 <\/div>                                 <div class=\"button-wrapper\">                                     <svg xmlns=\"http:\/\/www.w3.org\/2000\/svg\" viewbox=\"0 0 512 512\"><path d=\"M0 256a256 256 0 1 1 512 0A256 256 0 1 1 0 256zM188.3 147.1c-7.6 4.2-12.3 12.3-12.3 20.9V344c0 8.7 4.7 16.7 12.3 20.9s16.8 4.1 24.3-.5l144-88c7.1-4.4 11.5-12.1 11.5-20.5s-4.4-16.1-11.5-20.5l-144-88c-7.4-4.5-16.7-4.7-24.3-.5z\"><\/path><\/svg>                                 <\/div>                             <\/div>                                                     <div class=\"js-video video\" data-tag=\"tab-3\" onclick=\"playVideo('https:\/\/www.youtube.com\/embed\/EFp7XHF4aY0')\">                                 <div class=\"preview-wrapper\">                                     <img loading=\"lazy\" decoding=\"async\" src=\"https:\/\/www.vanderwallimmigration.com\/wp-content\/uploads\/2024\/11\/vanderwall-vid-testimonial1.webp\" width=\"866\" height=\"544\" alt=\"Testimonial 2\">                                 <\/div>                                 <div class=\"button-wrapper\">                                     <svg xmlns=\"http:\/\/www.w3.org\/2000\/svg\" viewbox=\"0 0 512 512\"><path d=\"M0 256a256 256 0 1 1 512 0A256 256 0 1 1 0 256zM188.3 147.1c-7.6 4.2-12.3 12.3-12.3 20.9V344c0 8.7 4.7 16.7 12.3 20.9s16.8 4.1 24.3-.5l144-88c7.1-4.4 11.5-12.1 11.5-20.5s-4.4-16.1-11.5-20.5l-144-88c-7.4-4.5-16.7-4.7-24.3-.5z\"><\/path><\/svg>                                 <\/div>                             <\/div>                                                     <div class=\"js-video video\" data-tag=\"tab-4\" onclick=\"playVideo('https:\/\/www.youtube.com\/embed\/rIWfxnsLcMI')\">                                 <div class=\"preview-wrapper\">                                     <img loading=\"lazy\" decoding=\"async\" src=\"https:\/\/www.vanderwallimmigration.com\/wp-content\/uploads\/2024\/11\/video-1-bg.jpg\" width=\"866\" height=\"544\" alt=\"Testimonial 1\">                                 <\/div>                                 <div class=\"button-wrapper\">                                     <svg xmlns=\"http:\/\/www.w3.org\/2000\/svg\" viewbox=\"0 0 512 512\"><path d=\"M0 256a256 256 0 1 1 512 0A256 256 0 1 1 0 256zM188.3 147.1c-7.6 4.2-12.3 12.3-12.3 20.9V344c0 8.7 4.7 16.7 12.3 20.9s16.8 4.1 24.3-.5l144-88c7.1-4.4 11.5-12.1 11.5-20.5s-4.4-16.1-11.5-20.5l-144-88c-7.4-4.5-16.7-4.7-24.3-.5z\"><\/path><\/svg>                                 <\/div>                             <\/div>                                             <\/div>                      <div class=\"mob-line\">                         <div class=\"video-preview\">                                                             <div class=\"js-preview tab-1 preview\">                                     <div class=\"small-poster\">                                         <img loading=\"lazy\" decoding=\"async\" src=\"https:\/\/www.vanderwallimmigration.com\/wp-content\/uploads\/2024\/11\/vanderwall-vid-testimonial2.webp\" width=\"866\" height=\"544\" alt=\"Testimonial 4\">                                     <\/div>                                     <div class=\"button-wrapper\">                                         <svg xmlns=\"http:\/\/www.w3.org\/2000\/svg\" viewbox=\"0 0 512 512\"><path d=\"M0 256a256 256 0 1 1 512 0A256 256 0 1 1 0 256zM188.3 147.1c-7.6 4.2-12.3 12.3-12.3 20.9V344c0 8.7 4.7 16.7 12.3 20.9s16.8 4.1 24.3-.5l144-88c7.1-4.4 11.5-12.1 11.5-20.5s-4.4-16.1-11.5-20.5l-144-88c-7.4-4.5-16.7-4.7-24.3-.5z\"><\/path><\/svg>                                     <\/div>                                 <\/div>                                                             <div class=\"js-preview tab-2 preview active-tab\">                                     <div class=\"small-poster\">                                         <img loading=\"lazy\" decoding=\"async\" src=\"https:\/\/www.vanderwallimmigration.com\/wp-content\/uploads\/2024\/11\/Client-Testimonial_Rafael-YouTube-thumb.webp\" width=\"866\" height=\"544\" alt=\"Testimonial 3\">                                     <\/div>                                     <div class=\"button-wrapper\">                                         <svg xmlns=\"http:\/\/www.w3.org\/2000\/svg\" viewbox=\"0 0 512 512\"><path d=\"M0 256a256 256 0 1 1 512 0A256 256 0 1 1 0 256zM188.3 147.1c-7.6 4.2-12.3 12.3-12.3 20.9V344c0 8.7 4.7 16.7 12.3 20.9s16.8 4.1 24.3-.5l144-88c7.1-4.4 11.5-12.1 11.5-20.5s-4.4-16.1-11.5-20.5l-144-88c-7.4-4.5-16.7-4.7-24.3-.5z\"><\/path><\/svg>                                     <\/div>                                 <\/div>                                                             <div class=\"js-preview tab-3 preview\">                                     <div class=\"small-poster\">                                         <img loading=\"lazy\" decoding=\"async\" src=\"https:\/\/www.vanderwallimmigration.com\/wp-content\/uploads\/2024\/11\/vanderwall-vid-testimonial1.webp\" width=\"866\" height=\"544\" alt=\"Testimonial 2\">                                     <\/div>                                     <div class=\"button-wrapper\">                                         <svg xmlns=\"http:\/\/www.w3.org\/2000\/svg\" viewbox=\"0 0 512 512\"><path d=\"M0 256a256 256 0 1 1 512 0A256 256 0 1 1 0 256zM188.3 147.1c-7.6 4.2-12.3 12.3-12.3 20.9V344c0 8.7 4.7 16.7 12.3 20.9s16.8 4.1 24.3-.5l144-88c7.1-4.4 11.5-12.1 11.5-20.5s-4.4-16.1-11.5-20.5l-144-88c-7.4-4.5-16.7-4.7-24.3-.5z\"><\/path><\/svg>                                     <\/div>                                 <\/div>                                                             <div class=\"js-preview tab-4 preview\">                                     <div class=\"small-poster\">                                         <img loading=\"lazy\" decoding=\"async\" src=\"https:\/\/www.vanderwallimmigration.com\/wp-content\/uploads\/2024\/11\/video-1-bg.jpg\" width=\"866\" height=\"544\" alt=\"Testimonial 1\">                                     <\/div>                                     <div class=\"button-wrapper\">                                         <svg xmlns=\"http:\/\/www.w3.org\/2000\/svg\" viewbox=\"0 0 512 512\"><path d=\"M0 256a256 256 0 1 1 512 0A256 256 0 1 1 0 256zM188.3 147.1c-7.6 4.2-12.3 12.3-12.3 20.9V344c0 8.7 4.7 16.7 12.3 20.9s16.8 4.1 24.3-.5l144-88c7.1-4.4 11.5-12.1 11.5-20.5s-4.4-16.1-11.5-20.5l-144-88c-7.4-4.5-16.7-4.7-24.3-.5z\"><\/path><\/svg>                                     <\/div>                                 <\/div>                                                     <\/div>                     <\/div> \t\t\t\t<\/div>                 <div class=\"col-2\">                     <div class=\"video-description\">                                                     <div class=\"js-description description\" data-tag=\"tab-1\">                                 <p>\u201cInmigraci\u00f3n Vanderwall, es la firma de abogados de confianza en inmigraci\u00f3n para la comunidad latina y esto es lo que dicen nuestros clientes en Google y Facebook.\u201d<\/p>                             <\/div>                                                     <div class=\"js-description description is-active\" data-tag=\"tab-2\">                                 <p>\u201cNo tengo mucho, as\u00ed que estaba buscando un abogado economico que me ayudara. Llegu\u00e9 a Vanderwall Immigration y el precio era correcto, as\u00ed que dije \"\u00a1Hag\u00e1moslo!\" \u00a1Su equipo es genial!\u201d<\/p>                             <\/div>                                                     <div class=\"js-description description\" data-tag=\"tab-3\">                                 <p>\u201cFue muy dif\u00edcil porque viv\u00eda bajo la sombra. Siempre tuve la esperanza de que alg\u00fan d\u00eda podr\u00eda hacerlo. Despu\u00e9s de 23 a\u00f1os, lleg\u00f3 el d\u00eda para m\u00ed. Gracias al abogado, gracias a su servicio.\u201d<\/p>                             <\/div>                                                     <div class=\"js-description description\" data-tag=\"tab-4\">                                 <p>\u201cLo primero que hice cuando sal\u00ed de la oficina de inmigraci\u00f3n de los Estados Unidos fue buscar al abogado que me recomendaron. Hice una cita y al d\u00eda siguiente est\u00e1bamos en la oficina del abogado. No era un precio alto, era un precio justo para arreglar su estatus legal. Fue un gran alivio y estamos agradecidos con esta oficina porque hicieron todo lo posible y pusieron todo su esfuerzo para ayudarnos. Te da mucha tranquilidad estar en buenas manos y poder decirte a ti mismo que \u201cs\u00ed se puede\u201d. S\u00f3lo tienes que ir a la persona correcta.\u201d<\/p>                             <\/div>                                             <\/div>                 <\/div>                                                      <\/div>         <\/div>     <\/section>      <!-- Video Popup Wrapper -->     <div class=\"vd-wrapper\">         <div class=\"video-wrapper\">             <span class=\"exit\" onclick=\"exitVideo()\"><\/span>             <iframe loading=\"lazy\" width=\"100%\" height=\"100%\" autoplay=\"1\" src=\"\" frameborder=\"0\" allow=\"accelerometer; autoplay; encrypted-media; gyroscope; picture-in-picture\" allowfullscreen id=\"video-popup\"><\/iframe>         <\/div>     <\/div>       \t<iframe src=\"https:\/\/reputationhub.site\/reputation\/widgets\/review_widget\/3EaSEnBu0qJioK4rp1nS?widgetId=691d1e08040519b7ac1ea15a\" frameborder=\"0\" scrolling=\"no\"><\/iframe> <figure itemscope itemtype=\"https:\/\/schema.org\/ImageObject\"> \t\t\t\t<img decoding=\"async\" src=\"https:\/\/www.vanderwallimmigration.com\/wp-content\/uploads\/2024\/10\/quotation-icon.png\" alt=\"quotation-icon\" height=\"170\" width=\"215\" title=\"quotation-icon\" onerror=\"this.style.display='none'\" loading=\"lazy\" \/> \t<\/figure> \t<p>Recomiendo encarecidamente Vanderwall inmigraci\u00f3n. Son muy profesionales y se preocupan por sus clientes. Se mantuvieron al tanto de todo para asegurarse de que mi caso se desarrollaba sin problemas. Siempre se comunicaron conmigo y me mantuvieron informada sobre mi caso. Estoy muy contenta con sus servicios.    <\/p> \t<p>Nevaeh Buen<\/p> \t<p>Tuve la mejor experiencia con Vanderwall immigration. Hoy soy ciudadana estadounidense y mi marido por fin est\u00e1 en casa y es residente legal. Todo fue perfecto, sin retrasos ni errores. Paula siempre se asegur\u00f3 de que todo se hiciera con exactitud y precisi\u00f3n y siempre hizo que este proceso fuera fluido y sin estr\u00e9s. Estamos muy contentos y agradecidos y recomendamos sus servicios a todo el mundo.    <\/p> \t<p>Karla<\/p> \t<p>Corre; no camines hacia este negocio. El propietario ha invertido un tiempo minucioso en crear un proceso legal c\u00e1lido y acogedor para los inmigrantes en los momentos en que m\u00e1s se necesita un proyecto de ciudadan\u00eda y otras cuestiones. Gracias Inmigraci\u00f3n Vanderwall por tu servicio a la comunidad y a nuestra naci\u00f3n.  <\/p> \t<p>Casa Artessia<\/p> \t<h5> \t\t\t\tvive tu mejor vida \t\t\t<\/h5> \t\t\t<p>Tu bufete de abogados de inmigraci\u00f3n<\/p>\t \t\t\t<a href=\"https:\/\/www.vanderwallimmigration.com\/es\/sobre-nosotros\/\" title=\"Conoce al equipo\" target=\"_self\"   role=\"button\" aria-label=\"Conoce al equipo\"> \t\t\t\t\t\t\tConoce al equipo \t\t<\/a> \t<h5> \t\t\t\tPrograma tu consulta de inmigraci\u00f3n con un abogado de inmigraci\u00f3n \t\t\t<\/h5> <figure itemscope itemtype=\"https:\/\/schema.org\/ImageObject\"> \t\t\t\t<img decoding=\"async\" src=\"https:\/\/www.vanderwallimmigration.com\/wp-content\/uploads\/2025\/09\/2025-footer-banner-awards-layout.png\" alt=\"2025-footer-banner-awards-layout\" height=\"420\" width=\"600\" title=\"2025-footer-banner-awards-layout\" onerror=\"this.style.display='none'\" loading=\"lazy\" \/> \t<\/figure> \t<h5> \t\t\t\tsalir de las sombras. \t\t\t<\/h5> \t<h5> \t\t\t\tLl\u00e1manos hoy al \t\t\t<\/h5> \t\t\t<p><a href=\"tel:+15032068414\">+1 503-206-8414<\/a><\/p>\t \t\t\t<a href=\"https:\/\/www.vanderwallimmigration.com\/es\/formulario-de-cita\/\" title=\"Programar Una Cita\" target=\"_self\"   role=\"button\" aria-label=\"Programar Una Cita\"> \t\t\t\t\t\t\tProgramar Una Cita \t\t<\/a>","protected":false},"excerpt":{"rendered":"<p>\u201cLo primero que hice cuando sal\u00ed de la oficina de inmigraci\u00f3n de los Estados Unidos fue buscar al abogado que me recomendaron. Hice una cita y al d\u00eda siguiente est\u00e1bamos en la oficina del abogado. No era un precio alto, era un precio justo para arreglar su estatus legal. Fue un gran alivio y estamos [&hellip;]<\/p>\n","protected":false},"author":4,"featured_media":0,"parent":0,"menu_order":0,"comment_status":"closed","ping_status":"open","template":"","meta":{"_acf_changed":false,"site-sidebar-layout":"no-sidebar","site-content-layout":"page-builder","ast-site-content-layout":"full-width-container","site-content-style":"unboxed","site-sidebar-style":"unboxed","ast-global-header-display":"","ast-banner-title-visibility":"","ast-main-header-display":"","ast-hfb-above-header-display":"","ast-hfb-below-header-display":"","ast-hfb-mobile-header-display":"","site-post-title":"disabled","ast-breadcrumbs-content":"","ast-featured-img":"disabled","footer-sml-layout":"","ast-disable-related-posts":"","theme-transparent-header-meta":"enabled","adv-header-id-meta":"","stick-header-meta":"","header-above-stick-meta":"","header-main-stick-meta":"","header-below-stick-meta":"","astra-migrate-meta-layouts":"default","ast-page-background-enabled":"default","ast-page-background-meta":{"desktop":{"background-color":"","background-image":"","background-repeat":"repeat","background-position":"center center","background-size":"auto","background-attachment":"scroll","background-type":"","background-media":"","overlay-type":"","overlay-color":"","overlay-opacity":"","overlay-gradient":""},"tablet":{"background-color":"","background-image":"","background-repeat":"repeat","background-position":"center center","background-size":"auto","background-attachment":"scroll","background-type":"","background-media":"","overlay-type":"","overlay-color":"","overlay-opacity":"","overlay-gradient":""},"mobile":{"background-color":"","background-image":"","background-repeat":"repeat","background-position":"center center","background-size":"auto","background-attachment":"scroll","background-type":"","background-media":"","overlay-type":"","overlay-color":"","overlay-opacity":"","overlay-gradient":""}},"ast-content-background-meta":{"desktop":{"background-color":"var(--ast-global-color-5)","background-image":"","background-repeat":"repeat","background-position":"center center","background-size":"auto","background-attachment":"scroll","background-type":"","background-media":"","overlay-type":"","overlay-color":"","overlay-opacity":"","overlay-gradient":""},"tablet":{"background-color":"var(--ast-global-color-5)","background-image":"","background-repeat":"repeat","background-position":"center center","background-size":"auto","background-attachment":"scroll","background-type":"","background-media":"","overlay-type":"","overlay-color":"","overlay-opacity":"","overlay-gradient":""},"mobile":{"background-color":"var(--ast-global-color-5)","background-image":"","background-repeat":"repeat","background-position":"center center","background-size":"auto","background-attachment":"scroll","background-type":"","background-media":"","overlay-type":"","overlay-color":"","overlay-opacity":"","overlay-gradient":""}},"footnotes":""},"class_list":["post-5432","page","type-page","status-publish","hentry"],"acf":[],"aioseo_notices":[],"_links":{"self":[{"href":"https:\/\/www.vanderwallimmigration.com\/es\/wp-json\/wp\/v2\/pages\/5432","targetHints":{"allow":["GET"]}}],"collection":[{"href":"https:\/\/www.vanderwallimmigration.com\/es\/wp-json\/wp\/v2\/pages"}],"about":[{"href":"https:\/\/www.vanderwallimmigration.com\/es\/wp-json\/wp\/v2\/types\/page"}],"author":[{"embeddable":true,"href":"https:\/\/www.vanderwallimmigration.com\/es\/wp-json\/wp\/v2\/users\/4"}],"replies":[{"embeddable":true,"href":"https:\/\/www.vanderwallimmigration.com\/es\/wp-json\/wp\/v2\/comments?post=5432"}],"version-history":[{"count":0,"href":"https:\/\/www.vanderwallimmigration.com\/es\/wp-json\/wp\/v2\/pages\/5432\/revisions"}],"wp:attachment":[{"href":"https:\/\/www.vanderwallimmigration.com\/es\/wp-json\/wp\/v2\/media?parent=5432"}],"curies":[{"name":"wp","href":"https:\/\/api.w.org\/{rel}","templated":true}]}}