{"id":5333,"date":"2025-12-18T23:40:36","date_gmt":"2025-12-18T23:40:36","guid":{"rendered":"https:\/\/www.vanderwallimmigration.com\/ultimas-noticias\/"},"modified":"2025-12-19T00:08:43","modified_gmt":"2025-12-19T00:08:43","slug":"latest-news","status":"publish","type":"page","link":"https:\/\/www.vanderwallimmigration.com\/es\/latest-news\/","title":{"rendered":"\u00daltimas noticias"},"content":{"rendered":"<h1>\u00daltimas noticias<\/h1> \t\t\t<a href=\"https:\/\/www.vanderwallimmigration.com\/es\/programar-una-cita\/\" title=\"Haz clic aqu\u00ed\" target=\"_self\"   role=\"button\" aria-label=\"Programar Una Cita\"> \t\t\t\t\t\t\tProgramar Una Cita \t\t<\/a> \t\t\t\t\t\t<h3> \t\t\t\t<a href=\"https:\/\/www.vanderwallimmigration.com\/es\/latest-news\/diciembre-2025-actualizaciones-clave-en-materia-de-inmigracion-que-pueden-afectar-a-tu-caso\/\" title=\"Diciembre 2025: Actualizaciones clave en materia de inmigraci\u00f3n que pueden afectar a tu caso\">Diciembre 2025: Actualizaciones clave en materia de inmigraci\u00f3n que pueden afectar a tu caso<\/a>\t\t\t<\/h3> \t\t\t\t\t\t\t<h5> \t\t\tdiciembre 18, 2025\t\t\t \t\t\t\t\t\t\t<\/h5> \t\t\t\t\t\t\t\t\tOficinas del USCIS, correo y citas Las citas para los controles biom\u00e9tricos en Portland han cambiado de ubicaci\u00f3n.Si tienes programadas &#8230; \t\t\t\t\t<a href=\"https:\/\/www.vanderwallimmigration.com\/es\/latest-news\/diciembre-2025-actualizaciones-clave-en-materia-de-inmigracion-que-pueden-afectar-a-tu-caso\/\" title=\"Leer m\u00e1s\" target=\"_self\">Sigue leyendo &#8594;<\/a>\t\t \t<h5> \t\t\t\tCONT\u00c1CTENOS \t\t\t<\/h5> \t\t\t<p>PARA SU CONSULTA MIGRATORIA<\/p>","protected":false},"excerpt":{"rendered":"<p>\u00daltimas noticias Programar Una Cita Diciembre 2025: Actualizaciones clave en materia de inmigraci\u00f3n que pueden afectar a tu caso diciembre 18, 2025 Oficinas del USCIS, correo y citas Las citas para los controles biom\u00e9tricos en Portland han cambiado de ubicaci\u00f3n.Si tienes programadas &#8230; Sigue leyendo &#8594; CONT\u00c1CTENOS PARA SU CONSULTA MIGRATORIA<\/p>\n","protected":false},"author":1,"featured_media":0,"parent":0,"menu_order":0,"comment_status":"closed","ping_status":"open","template":"","meta":{"_acf_changed":false,"site-sidebar-layout":"no-sidebar","site-content-layout":"page-builder","ast-site-content-layout":"full-width-container","site-content-style":"unboxed","site-sidebar-style":"unboxed","ast-global-header-display":"","ast-banner-title-visibility":"","ast-main-header-display":"","ast-hfb-above-header-display":"","ast-hfb-below-header-display":"","ast-hfb-mobile-header-display":"","site-post-title":"disabled","ast-breadcrumbs-content":"","ast-featured-img":"disabled","footer-sml-layout":"","ast-disable-related-posts":"","theme-transparent-header-meta":"enabled","adv-header-id-meta":"","stick-header-meta":"","header-above-stick-meta":"","header-main-stick-meta":"","header-below-stick-meta":"","astra-migrate-meta-layouts":"set","ast-page-background-enabled":"default","ast-page-background-meta":{"desktop":{"background-color":"","background-image":"","background-repeat":"repeat","background-position":"center center","background-size":"auto","background-attachment":"scroll","background-type":"","background-media":"","overlay-type":"","overlay-color":"","overlay-opacity":"","overlay-gradient":""},"tablet":{"background-color":"","background-image":"","background-repeat":"repeat","background-position":"center center","background-size":"auto","background-attachment":"scroll","background-type":"","background-media":"","overlay-type":"","overlay-color":"","overlay-opacity":"","overlay-gradient":""},"mobile":{"background-color":"","background-image":"","background-repeat":"repeat","background-position":"center center","background-size":"auto","background-attachment":"scroll","background-type":"","background-media":"","overlay-type":"","overlay-color":"","overlay-opacity":"","overlay-gradient":""}},"ast-content-background-meta":{"desktop":{"background-color":"var(--ast-global-color-5)","background-image":"","background-repeat":"repeat","background-position":"center center","background-size":"auto","background-attachment":"scroll","background-type":"","background-media":"","overlay-type":"","overlay-color":"","overlay-opacity":"","overlay-gradient":""},"tablet":{"background-color":"var(--ast-global-color-5)","background-image":"","background-repeat":"repeat","background-position":"center center","background-size":"auto","background-attachment":"scroll","background-type":"","background-media":"","overlay-type":"","overlay-color":"","overlay-opacity":"","overlay-gradient":""},"mobile":{"background-color":"var(--ast-global-color-5)","background-image":"","background-repeat":"repeat","background-position":"center center","background-size":"auto","background-attachment":"scroll","background-type":"","background-media":"","overlay-type":"","overlay-color":"","overlay-opacity":"","overlay-gradient":""}},"footnotes":""},"class_list":["post-5333","page","type-page","status-publish","hentry"],"acf":[],"aioseo_notices":[],"_links":{"self":[{"href":"https:\/\/www.vanderwallimmigration.com\/es\/wp-json\/wp\/v2\/pages\/5333","targetHints":{"allow":["GET"]}}],"collection":[{"href":"https:\/\/www.vanderwallimmigration.com\/es\/wp-json\/wp\/v2\/pages"}],"about":[{"href":"https:\/\/www.vanderwallimmigration.com\/es\/wp-json\/wp\/v2\/types\/page"}],"author":[{"embeddable":true,"href":"https:\/\/www.vanderwallimmigration.com\/es\/wp-json\/wp\/v2\/users\/1"}],"replies":[{"embeddable":true,"href":"https:\/\/www.vanderwallimmigration.com\/es\/wp-json\/wp\/v2\/comments?post=5333"}],"version-history":[{"count":0,"href":"https:\/\/www.vanderwallimmigration.com\/es\/wp-json\/wp\/v2\/pages\/5333\/revisions"}],"wp:attachment":[{"href":"https:\/\/www.vanderwallimmigration.com\/es\/wp-json\/wp\/v2\/media?parent=5333"}],"curies":[{"name":"wp","href":"https:\/\/api.w.org\/{rel}","templated":true}]}}