{"id":5079,"date":"2025-09-02T21:43:33","date_gmt":"2025-09-02T21:43:33","guid":{"rendered":"https:\/\/www.vanderwallimmigration.com\/servicios-legales\/plan-de-preparacion-familiar\/"},"modified":"2026-01-21T21:47:18","modified_gmt":"2026-01-21T21:47:18","slug":"plan-de-detencion-de-ice","status":"publish","type":"page","link":"https:\/\/www.vanderwallimmigration.com\/es\/servicios-legales\/plan-de-detencion-de-ice\/","title":{"rendered":"Plan de Detenci\u00f3n de ICE"},"content":{"rendered":"<h1>Plan de Detenci\u00f3n de ICE<\/h1> \t\t\t<a href=\"https:\/\/www.vanderwallimmigration.com\/es\/programar-una-cita\/\" title=\"Programar Una Cita\" target=\"_self\"   role=\"button\" aria-label=\"Programar Una Cita\"> \t\t\t\t\t\t\tProgramar Una Cita \t\t<\/a> \t\t\t<h2>Proteja a su familia con el Plan de Preparaci\u00f3n Familiar de Vanderwall<\/h2>\t\t\t \t<p>La vida es impredecible &#8211; y para las familias inmigrantes, eventos repentinos como un arresto por parte de ICE, una deportaci\u00f3n u otras emergencias pueden dejar a sus seres queridos vulnerables y sin preparaci\u00f3n.<\/p> <p>Por eso creamos el <strong>Plan de Preparaci\u00f3n Familiar de Vanderwall<\/strong> &#8211; una gu\u00eda completa y gratuita dise\u00f1ada para ayudarle a organizar informaci\u00f3n cr\u00edtica, designar tutores de confianza para sus hijos y mantener listos los documentos esenciales en caso de emergencia.<\/p> <h3> \t\t\tQu\u00e9 incluye el plan:\t<\/h3> \t<ul> <li>Instrucciones paso a paso para preparar a su familia en caso de separaci\u00f3n<\/li> <li>Formularios para designar a un cuidador para sus hijos<\/li> <li>Autorizaci\u00f3n para viajar con menores<\/li> <li>Hojas de informaci\u00f3n de contacto y m\u00e9dica para emergencias<\/li> <li>Una lista de verificaci\u00f3n de documentos vitales que debe guardar de forma segura y accesible<\/li> <\/ul> <h3> \t\t\tPor qu\u00e9 es importante\t<\/h3> \t<p>Tener un plan brinda tranquilidad para usted y seguridad para sus seres queridos. Incluso en las situaciones m\u00e1s dif\u00edciles, su familia sabr\u00e1 qu\u00e9 hacer, a qui\u00e9n llamar y d\u00f3nde encontrar los documentos importantes.<\/p> <h3> \t\t\tObtenga gratis su Plan de Preparaci\u00f3n Familiar\t<\/h3> \t<p>Complete el formulario a continuaci\u00f3n y le enviaremos el plan completo directamente a su correo electr\u00f3nico. Proteja a su familia hoy mismo &#8211; la preparaci\u00f3n marca la diferencia.<\/p> \t<!-- Start Lawmatics Embedded Snippet --> <!-- End Lawmatics Embedded Snippet --> \t<p>AVISO LEGAL: Este recurso tiene \u00fanicamente fines informativos. Le recomendamos consultar con un abogado de sucesiones o de derecho familiar para asegurarse de que sus documentos sean adecuados para su situaci\u00f3n espec\u00edfica. Vanderwall no puede garantizar que los formularios incluidos tengan validez legal.<\/p> \t<h5> \t\t\t\tPrograme su consulta de inmigraci\u00f3n con un abogado de inmigraci\u00f3n \t\t\t<\/h5> <figure itemscope itemtype=\"https:\/\/schema.org\/ImageObject\"> \t\t\t\t<img decoding=\"async\" src=\"https:\/\/www.vanderwallimmigration.com\/wp-content\/uploads\/2025\/09\/2025-footer-banner-awards-layout.png\" alt=\"2025-footer-banner-awards-layout\" height=\"420\" width=\"600\" title=\"2025-footer-banner-awards-layout\" onerror=\"this.style.display='none'\" loading=\"lazy\" \/> \t<\/figure> \t<h5> \t\t\t\tsalga de las sombras. \t\t\t<\/h5> \t<h5> \t\t\t\tLl\u00e1menos hoy al \t\t\t<\/h5> \t\t\t<p><a href=\"tel:+15032068414\">+1 503-206-8414<\/a><\/p>\t \t\t\t<a href=\"https:\/\/www.vanderwallimmigration.com\/es\/programar-una-cita\/\" title=\"Programar una cita\" target=\"_self\"   role=\"button\" aria-label=\"Programar una cita\"> \t\t\t\t\t\t\tProgramar una cita \t\t<\/a>","protected":false},"excerpt":{"rendered":"<p>Plan de Detenci\u00f3n de ICE Programar Una Cita Proteja a su familia con el Plan de Preparaci\u00f3n Familiar de Vanderwall La vida es impredecible &#8211; y para las familias inmigrantes, eventos repentinos como un arresto por parte de ICE, una deportaci\u00f3n u otras emergencias pueden dejar a sus seres queridos vulnerables y sin preparaci\u00f3n. Por [&hellip;]<\/p>\n","protected":false},"author":1,"featured_media":0,"parent":4047,"menu_order":0,"comment_status":"closed","ping_status":"open","template":"","meta":{"_acf_changed":false,"site-sidebar-layout":"no-sidebar","site-content-layout":"page-builder","ast-site-content-layout":"full-width-container","site-content-style":"unboxed","site-sidebar-style":"unboxed","ast-global-header-display":"","ast-banner-title-visibility":"","ast-main-header-display":"","ast-hfb-above-header-display":"","ast-hfb-below-header-display":"","ast-hfb-mobile-header-display":"","site-post-title":"disabled","ast-breadcrumbs-content":"","ast-featured-img":"disabled","footer-sml-layout":"","ast-disable-related-posts":"","theme-transparent-header-meta":"enabled","adv-header-id-meta":"","stick-header-meta":"","header-above-stick-meta":"","header-main-stick-meta":"","header-below-stick-meta":"","astra-migrate-meta-layouts":"set","ast-page-background-enabled":"default","ast-page-background-meta":{"desktop":{"background-color":"","background-image":"","background-repeat":"repeat","background-position":"center center","background-size":"auto","background-attachment":"scroll","background-type":"","background-media":"","overlay-type":"","overlay-color":"","overlay-opacity":"","overlay-gradient":""},"tablet":{"background-color":"","background-image":"","background-repeat":"repeat","background-position":"center center","background-size":"auto","background-attachment":"scroll","background-type":"","background-media":"","overlay-type":"","overlay-color":"","overlay-opacity":"","overlay-gradient":""},"mobile":{"background-color":"","background-image":"","background-repeat":"repeat","background-position":"center center","background-size":"auto","background-attachment":"scroll","background-type":"","background-media":"","overlay-type":"","overlay-color":"","overlay-opacity":"","overlay-gradient":""}},"ast-content-background-meta":{"desktop":{"background-color":"var(--ast-global-color-5)","background-image":"","background-repeat":"repeat","background-position":"center center","background-size":"auto","background-attachment":"scroll","background-type":"","background-media":"","overlay-type":"","overlay-color":"","overlay-opacity":"","overlay-gradient":""},"tablet":{"background-color":"var(--ast-global-color-5)","background-image":"","background-repeat":"repeat","background-position":"center center","background-size":"auto","background-attachment":"scroll","background-type":"","background-media":"","overlay-type":"","overlay-color":"","overlay-opacity":"","overlay-gradient":""},"mobile":{"background-color":"var(--ast-global-color-5)","background-image":"","background-repeat":"repeat","background-position":"center center","background-size":"auto","background-attachment":"scroll","background-type":"","background-media":"","overlay-type":"","overlay-color":"","overlay-opacity":"","overlay-gradient":""}},"footnotes":""},"class_list":["post-5079","page","type-page","status-publish","hentry"],"acf":[],"aioseo_notices":[],"_links":{"self":[{"href":"https:\/\/www.vanderwallimmigration.com\/es\/wp-json\/wp\/v2\/pages\/5079","targetHints":{"allow":["GET"]}}],"collection":[{"href":"https:\/\/www.vanderwallimmigration.com\/es\/wp-json\/wp\/v2\/pages"}],"about":[{"href":"https:\/\/www.vanderwallimmigration.com\/es\/wp-json\/wp\/v2\/types\/page"}],"author":[{"embeddable":true,"href":"https:\/\/www.vanderwallimmigration.com\/es\/wp-json\/wp\/v2\/users\/1"}],"replies":[{"embeddable":true,"href":"https:\/\/www.vanderwallimmigration.com\/es\/wp-json\/wp\/v2\/comments?post=5079"}],"version-history":[{"count":0,"href":"https:\/\/www.vanderwallimmigration.com\/es\/wp-json\/wp\/v2\/pages\/5079\/revisions"}],"up":[{"embeddable":true,"href":"https:\/\/www.vanderwallimmigration.com\/es\/wp-json\/wp\/v2\/pages\/4047"}],"wp:attachment":[{"href":"https:\/\/www.vanderwallimmigration.com\/es\/wp-json\/wp\/v2\/media?parent=5079"}],"curies":[{"name":"wp","href":"https:\/\/api.w.org\/{rel}","templated":true}]}}