{"id":5055,"date":"2025-08-13T07:04:27","date_gmt":"2025-08-13T07:04:27","guid":{"rendered":"https:\/\/www.vanderwallimmigration.com\/sobre-nosotros\/ana-lopez\/"},"modified":"2025-11-06T01:39:03","modified_gmt":"2025-11-06T01:39:03","slug":"ana-lopez","status":"publish","type":"page","link":"https:\/\/www.vanderwallimmigration.com\/es\/sobre-nosotros\/ana-lopez\/","title":{"rendered":"Ana L\u00f3pez"},"content":{"rendered":"<h1>Ana Lopez<\/h1> \t<h2>Sobre Nosotros<\/h2> \t\t\t<a href=\"https:\/\/www.vanderwallimmigration.com\/es\/programar-una-cita\/\" title=\"Haz clic aqu\u00ed\" target=\"_self\"   role=\"button\" aria-label=\"Programar Una Cita\"> \t\t\t\t\t\t\tProgramar Una Cita \t\t<\/a> \t\t\t<p>Asistente Administradora \/ Recepcionista<\/p> \t<h3> \t\t\t\tAna Lopez \t\t\t<\/h3> \t\t\t\t<img decoding=\"async\" src=\"https:\/\/www.vanderwallimmigration.com\/wp-content\/uploads\/2024\/10\/small-logo.jpg\" alt=\"small-logo\" itemprop=\"image\" height=\"124\" width=\"133\" title=\"small-logo\" onerror=\"this.style.display='none'\" loading=\"lazy\" \/> \t<p>Ana est\u00e1 profundamente comprometida con el servicio p\u00fablico, dedicando su carrera a apoyar a comunidades desatendidas, especialmente a la comunidad hispana. Tiene una licenciatura en Criminolog\u00eda y Justicia Penal, y una maestr\u00eda en Administraci\u00f3n de Justicia Penal, ambas otorgadas por la Universidad Chaminade de Honolulu.<\/p> <p>Con experiencia profesional en agencias federales como la Administraci\u00f3n del Seguro Social y la Administraci\u00f3n de Beneficios para Veteranos, Ana aporta una s\u00f3lida base en programas p\u00fablicos que realmente marcan la diferencia en la vida de las personas.<\/p> <p>La pasi\u00f3n de Ana por ayudar a los dem\u00e1s nace de su propia historia. A los cinco a\u00f1os, emigr\u00f3 a los Estados Unidos junto a sus padres, huyendo de la guerra civil en El Salvador. Su experiencia de vida le brinda una comprensi\u00f3n profunda de la oportunidad, la resiliencia y el valor del apoyo comunitario.<\/p> <p>Fuera del trabajo, Ana disfruta pasar tiempo con su pareja e hijo. Apasionada por el aprendizaje continuo, actualmente est\u00e1 explorando un nuevo camino en el campo legal-estudiando para convertirse en asistente legal (paralegal), con el objetivo de seguir sirviendo a su comunidad a trav\u00e9s de la defensa y el apoyo legal.<\/p> <p><strong>Idiomas: Espa\u00f1ol e Ingl\u00e9s<\/strong><\/p> \t<h5> \t\t\t\tPrograme su consulta de inmigraci\u00f3n con un abogado de inmigraci\u00f3n \t\t\t<\/h5> \t\t\t\t<img decoding=\"async\" src=\"https:\/\/www.vanderwallimmigration.com\/wp-content\/uploads\/2025\/09\/footer-banner-2025.png\" alt=\"footer-banner-2025\" itemprop=\"image\" height=\"243\" width=\"530\" title=\"footer-banner-2025\" onerror=\"this.style.display='none'\" loading=\"lazy\" \/> \t<h5> \t\t\t\tsalga de las sombras. \t\t\t<\/h5> \t<h5> \t\t\t\tLl\u00e1menos hoy al \t\t\t<\/h5> \t\t\t<p><a href=\"tel:+15032068414\">+1 503-206-8414<\/a><\/p>\t \t\t\t<a href=\"https:\/\/www.vanderwallimmigration.com\/es\/programar-una-cita\/\" title=\"Haz clic aqu\u00ed\" target=\"_self\"   role=\"button\" aria-label=\"Programar una cita\"> \t\t\t\t\t\t\tProgramar una cita \t\t<\/a>","protected":false},"excerpt":{"rendered":"<p>Ana Lopez Sobre Nosotros Programar Una Cita Asistente Administradora \/ Recepcionista Ana Lopez Ana est\u00e1 profundamente comprometida con el servicio p\u00fablico, dedicando su carrera a apoyar a comunidades desatendidas, especialmente a la comunidad hispana. Tiene una licenciatura en Criminolog\u00eda y Justicia Penal, y una maestr\u00eda en Administraci\u00f3n de Justicia Penal, ambas otorgadas por la Universidad [&hellip;]<\/p>\n","protected":false},"author":4,"featured_media":0,"parent":3979,"menu_order":0,"comment_status":"closed","ping_status":"open","template":"","meta":{"_acf_changed":false,"site-sidebar-layout":"no-sidebar","site-content-layout":"page-builder","ast-site-content-layout":"full-width-container","site-content-style":"unboxed","site-sidebar-style":"unboxed","ast-global-header-display":"","ast-banner-title-visibility":"","ast-main-header-display":"","ast-hfb-above-header-display":"","ast-hfb-below-header-display":"","ast-hfb-mobile-header-display":"","site-post-title":"disabled","ast-breadcrumbs-content":"","ast-featured-img":"disabled","footer-sml-layout":"","ast-disable-related-posts":"","theme-transparent-header-meta":"enabled","adv-header-id-meta":"","stick-header-meta":"","header-above-stick-meta":"","header-main-stick-meta":"","header-below-stick-meta":"","astra-migrate-meta-layouts":"set","ast-page-background-enabled":"default","ast-page-background-meta":{"desktop":{"background-color":"","background-image":"","background-repeat":"repeat","background-position":"center center","background-size":"auto","background-attachment":"scroll","background-type":"","background-media":"","overlay-type":"","overlay-color":"","overlay-opacity":"","overlay-gradient":""},"tablet":{"background-color":"","background-image":"","background-repeat":"repeat","background-position":"center center","background-size":"auto","background-attachment":"scroll","background-type":"","background-media":"","overlay-type":"","overlay-color":"","overlay-opacity":"","overlay-gradient":""},"mobile":{"background-color":"","background-image":"","background-repeat":"repeat","background-position":"center center","background-size":"auto","background-attachment":"scroll","background-type":"","background-media":"","overlay-type":"","overlay-color":"","overlay-opacity":"","overlay-gradient":""}},"ast-content-background-meta":{"desktop":{"background-color":"var(--ast-global-color-5)","background-image":"","background-repeat":"repeat","background-position":"center center","background-size":"auto","background-attachment":"scroll","background-type":"","background-media":"","overlay-type":"","overlay-color":"","overlay-opacity":"","overlay-gradient":""},"tablet":{"background-color":"var(--ast-global-color-5)","background-image":"","background-repeat":"repeat","background-position":"center center","background-size":"auto","background-attachment":"scroll","background-type":"","background-media":"","overlay-type":"","overlay-color":"","overlay-opacity":"","overlay-gradient":""},"mobile":{"background-color":"var(--ast-global-color-5)","background-image":"","background-repeat":"repeat","background-position":"center center","background-size":"auto","background-attachment":"scroll","background-type":"","background-media":"","overlay-type":"","overlay-color":"","overlay-opacity":"","overlay-gradient":""}},"footnotes":""},"class_list":["post-5055","page","type-page","status-publish","hentry"],"acf":[],"aioseo_notices":[],"_links":{"self":[{"href":"https:\/\/www.vanderwallimmigration.com\/es\/wp-json\/wp\/v2\/pages\/5055","targetHints":{"allow":["GET"]}}],"collection":[{"href":"https:\/\/www.vanderwallimmigration.com\/es\/wp-json\/wp\/v2\/pages"}],"about":[{"href":"https:\/\/www.vanderwallimmigration.com\/es\/wp-json\/wp\/v2\/types\/page"}],"author":[{"embeddable":true,"href":"https:\/\/www.vanderwallimmigration.com\/es\/wp-json\/wp\/v2\/users\/4"}],"replies":[{"embeddable":true,"href":"https:\/\/www.vanderwallimmigration.com\/es\/wp-json\/wp\/v2\/comments?post=5055"}],"version-history":[{"count":0,"href":"https:\/\/www.vanderwallimmigration.com\/es\/wp-json\/wp\/v2\/pages\/5055\/revisions"}],"up":[{"embeddable":true,"href":"https:\/\/www.vanderwallimmigration.com\/es\/wp-json\/wp\/v2\/pages\/3979"}],"wp:attachment":[{"href":"https:\/\/www.vanderwallimmigration.com\/es\/wp-json\/wp\/v2\/media?parent=5055"}],"curies":[{"name":"wp","href":"https:\/\/api.w.org\/{rel}","templated":true}]}}