{"id":4930,"date":"2025-06-02T20:10:17","date_gmt":"2025-06-02T20:10:17","guid":{"rendered":"https:\/\/www.vanderwallimmigration.com\/ubicaciones\/abogado-de-inmigracion-en-tacoma\/"},"modified":"2026-04-15T23:10:08","modified_gmt":"2026-04-15T23:10:08","slug":"abogado-de-inmigracion-en-tacoma","status":"publish","type":"page","link":"https:\/\/www.vanderwallimmigration.com\/es\/ubicaciones\/abogado-de-inmigracion-en-tacoma\/","title":{"rendered":"Abogado de Inmigraci\u00f3n en Tacoma"},"content":{"rendered":"<h1>Abogado de inmigraci\u00f3n de Tacoma<\/h1> \t\t\t<a href=\"https:\/\/www.vanderwallimmigration.com\/es\/programar-una-cita\/\" title=\"Programar Una Cita\" target=\"_self\"   role=\"button\" aria-label=\"Programar Una Cita\"> \t\t\t\t\t\t\tProgramar Una Cita \t\t<\/a> \t\t\t<h2>Nuestros abogados de inmigraci\u00f3n de Tacoma pueden ayudarte a ti y a tu familia a alcanzar el sue\u00f1o americano<\/h2>\t\t\t \t<p>Tacoma alberga una creciente comunidad inmigrante que contribuye a la vibrante cultura y econom\u00eda de la ciudad. La gente se traslada a Tacoma por oportunidades de trabajo, reunificaci\u00f3n familiar o en busca de seguridad y refugio. Como ciudad que se ha declarado \u00abCiudad Acogedora\u00bb, Tacoma apoya a los inmigrantes mediante pol\u00edticas locales e iniciativas comunitarias. Sin embargo, navegar por el sistema de inmigraci\u00f3n estadounidense sigue siendo un reto. Incluso quienes cumplen todos los requisitos legales se enfrentan a menudo a procesos complicados cuando solicitan visados, la residencia permanente o la ciudadan\u00eda. <\/p> <p><b>Vanderwall Inmigraci\u00f3n<\/b> es un equipo de abogados de inmigraci\u00f3n de Tacoma dedicados a ayudar a individuos y familias a navegar por las complejidades de la ley de inmigraci\u00f3n. Si necesitas ayuda para obtener la residencia legal permanente, solicitar la ciudadan\u00eda o abordar cuestiones relacionadas con la deportaci\u00f3n y la detenci\u00f3n, te ofrecemos apoyo jur\u00eddico experimentado. Con oficinas en Salem y Beaverton, atendemos con orgullo a clientes de todo Washington y Oreg\u00f3n. Llama a <b>(503) 894-5814<\/b> hoy mismo para concertar una consulta confidencial.<\/p> <h3> \t\t\t\u00bfC\u00f3mo pueden ayudarte nuestros abogados de inmigraci\u00f3n de Tacoma?\t<\/h3> \t<p>El sistema de inmigraci\u00f3n estadounidense est\u00e1 regulado a nivel federal, con <b>Servicios de Ciudadan\u00eda e Inmigraci\u00f3n de EE.UU. (USCIS)<\/b>  gestionar las solicitudes de visados, tarjetas de residencia y ciudadan\u00eda. La poblaci\u00f3n de Tacoma nacida en el extranjero incluye residentes de M\u00e9xico, Filipinas, Vietnam, Ucrania y Europa del Este, y tambi\u00e9n se asientan en la ciudad refugiados de zonas en conflicto. Alrededor del 12% de los habitantes de Tacoma son inmigrantes, y desempe\u00f1an un papel esencial en la asistencia sanitaria, la log\u00edstica, la construcci\u00f3n, la educaci\u00f3n y la peque\u00f1a empresa.  <\/p> <p>Uno de los retos m\u00e1s importantes a los que se enfrentan los inmigrantes en Tacoma es la presencia del <b>Centro de Procesamiento del ICE del Noroeste<\/b>com\u00fanmente conocido como centro de detenci\u00f3n de Tacoma. Este centro es el mayor centro de detenci\u00f3n de inmigrantes del noroeste del Pac\u00edfico, y detiene a inmigrantes de Washington, Oreg\u00f3n y Alaska. Las familias con seres queridos retenidos all\u00ed se enfrentan a menudo a cuestiones legales urgentes y necesitan una representaci\u00f3n legal compasiva y experimentada. Nuestro bufete trabaja con los clientes para ofrecerles soluciones personalizadas en materia de inmigraci\u00f3n y defender sus derechos.   <\/p> <h3> \t\t\tNuestros abogados de inmigraci\u00f3n de Tacoma ayudan con:\t<\/h3> \t<p><b>Ajuste de estatus<\/b>  &#8211; Los inmigrantes legales ya presentes en EE.UU. pueden optar a solicitar la tarjeta verde sin regresar a su pa\u00eds de origen. Este proceso les permite permanecer en Tacoma mientras se tramita su solicitud de residencia. <\/p> <p><b>Libertad Condicional Anticipada<\/b>  &#8211; Si tienes pendiente una solicitud de ajuste de estatus, puede que necesites una autorizaci\u00f3n de viaje del USCIS para salir y volver a entrar legalmente en el pa\u00eds. Sin la autorizaci\u00f3n previa, corres el riesgo de perder tu condici\u00f3n de inmigrante. <\/p> <p><b>Asilo<\/b>  &#8211; Tacoma ha acogido a refugiados de Ucrania, Afganist\u00e1n y otras zonas en conflicto. Quienes huyen de la persecuci\u00f3n por motivos de raza, religi\u00f3n, nacionalidad, opini\u00f3n pol\u00edtica o pertenencia a un grupo social pueden solicitar asilo y, posteriormente, solicitar la residencia permanente. <\/p> <p><b>DACA (Acci\u00f3n Diferida para los Llegados en la Infancia)<\/b>  &#8211; Los beneficiarios de DACA de Tacoma contribuyen a la mano de obra de la ciudad en educaci\u00f3n, sanidad y servicios comunitarios. Este programa protege de la deportaci\u00f3n a las personas que cumplen los requisitos y les permite vivir y trabajar legalmente. <\/p> <p><b>Defensa en casos de deportaci\u00f3n y representaci\u00f3n en casos de detenci\u00f3n<\/b> &#8211; La presencia del <b>Centro de Procesamiento del ICE del Noroeste<\/b>  significa que la defensa contra la deportaci\u00f3n es una necesidad cr\u00edtica en Tacoma. Representamos a clientes en procedimientos de expulsi\u00f3n, tanto si est\u00e1n detenidos en el centro como si se enfrentan a la deportaci\u00f3n en otro lugar. Ayudamos a explorar opciones de alivio como el asilo, las exenciones o la cancelaci\u00f3n de la expulsi\u00f3n.  <\/p> <p><b>Visados para prometidos<\/b>  &#8211; Los ciudadanos estadounidenses pueden solicitar un visado K-1 de prometido(a), que permite a su pareja entrar en el pa\u00eds. Tras la entrada, la pareja debe casarse en un plazo de 90 d\u00edas para obtener la residencia permanente. <\/p> <p><b>Tarjetas verdes<\/b>  &#8211; La econom\u00eda diversa de Tacoma y sus pol\u00edticas favorables a los inmigrantes atraen a los reci\u00e9n llegados que buscan la residencia permanente. Ayudamos a los clientes a solicitar la tarjeta verde por motivos familiares, laborales y humanitarios. <\/p> <p><b>Libertad condicional en vigor<\/b>  &#8211; Los familiares directos del personal militar estadounidense pueden optar a la libertad condicional en el lugar, lo que les permite permanecer en Estados Unidos legalmente. La importante presencia militar de Tacoma hace que esta opci\u00f3n sea importante para muchas familias locales. <\/p> <p><b>Estatuto de Inmigrante Juvenil Especial (SIJS)<\/b>  &#8211; Las organizaciones comunitarias y los recursos jur\u00eddicos de Tacoma ayudan a los j\u00f3venes inmigrantes. El SIJS proporciona una v\u00eda hacia la residencia permanente a los menores que han sufrido abusos, negligencia o abandono. <\/p> <p><b>Ciudadan\u00eda de Estados Unidos<\/b>  &#8211; Convertirse en ciudadano estadounidense naturalizado ofrece ventajas como el derecho de voto y la posibilidad de apadrinar a familiares. Guiamos a los residentes de Tacoma a trav\u00e9s del proceso de solicitud, entrevista y examen de ciudadan\u00eda. <\/p> <p><b>Visado U y VAWA<\/b>  &#8211; Los inmigrantes que han sido v\u00edctimas de delitos graves o de violencia dom\u00e9stica pueden acogerse a la protecci\u00f3n legal del programa de visados U o de la Ley de Violencia contra las Mujeres (VAWA). Estos programas permiten a las supervivientes obtener un estatus legal de forma independiente. <\/p> <p><b>Permisos de trabajo<\/b>  &#8211; La econom\u00eda y el mercado laboral de Tacoma ofrecen muchas oportunidades a los inmigrantes. Ayudamos a los clientes a solicitar y renovar permisos de trabajo para seguir trabajando legalmente mientras su caso de inmigraci\u00f3n est\u00e1 pendiente. <\/p> <h3> \t\t\tContacta hoy con nuestros abogados de inmigraci\u00f3n de Tacoma\t<\/h3> \t<p><b>Vanderwall Inmigraci\u00f3n<\/b>  se centra exclusivamente en la ley de inmigraci\u00f3n, proporcionando una representaci\u00f3n experimentada y personalizada. Los asuntos de inmigraci\u00f3n pueden ser estresantes y un reto econ\u00f3mico, especialmente para quienes tienen familiares en el   <b>Centro de detenci\u00f3n de Tacoma<\/b>. Por eso hacemos hincapi\u00e9 en una orientaci\u00f3n jur\u00eddica clara, precios transparentes y opciones de pago flexibles.<\/p> <p>Nuestra tarifa de consulta es de <b>$150<\/b>que se abonar\u00e1 a tu caso si contratas nuestros servicios en un plazo de 30 d\u00edas. Trabajamos con una estructura de honorarios fijos, lo que garantiza que conozcas los costes por adelantado, sin cargos ocultos. En caso necesario, ofrecemos planes de pago flexibles para hacer m\u00e1s accesible la asistencia jur\u00eddica.  <\/p> <p>Las pol\u00edticas de acogida de Tacoma y su fuerte comunidad inmigrante la convierten en un lugar prometedor para los inmigrantes que buscan nuevas oportunidades. Sin embargo, la presencia del Centro de Procesamiento del ICE del Noroeste pone de relieve lo urgentes y complejos que pueden ser los problemas de inmigraci\u00f3n.   <b>Si t\u00fa o un ser querido necesit\u00e1is ayuda de inmigraci\u00f3n en Tacoma -especialmente si os enfrent\u00e1is a la detenci\u00f3n o deportaci\u00f3n- no lo hag\u00e1is solos.<\/b> Ponte en contacto con <b>Vanderwall Inmigraci\u00f3n<\/b> hoy para programar una <i>consulta confidencial<\/i> con un abogado de <b>abogado de inmigraci\u00f3n de Tacoma<\/b>. Estamos orgullosos de servir a clientes de todo el mundo  <i>Washington y m\u00e1s all\u00e1<\/i>.<\/p> \t<h5> \t\t\t\tPrograma tu consulta de inmigraci\u00f3n con un abogado de inmigraci\u00f3n \t\t\t<\/h5> <figure itemscope itemtype=\"https:\/\/schema.org\/ImageObject\"> \t\t\t\t<img decoding=\"async\" src=\"https:\/\/vanderwallstg.wpenginepowered.com\/wp-content\/uploads\/2024\/10\/logo-duo-img.png\" alt=\"logo-duo-img\" title=\"logo-duo-img\" onerror=\"this.style.display='none'\" loading=\"lazy\" \/> \t<\/figure> \t<h5> \t\t\t\tsalir de las sombras. \t\t\t<\/h5> \t<h5> \t\t\t\tLl\u00e1manos hoy al \t\t\t<\/h5> \t\t\t<p><a href=\"tel:+15032068414\">+1 503-206-8414<\/a><\/p>\t \t\t\t<a href=\"https:\/\/www.vanderwallimmigration.com\/es\/programar-una-cita\/\" title=\"Programar Una Cita\" target=\"_self\"   role=\"button\" aria-label=\"Programar Una Cita\"> \t\t\t\t\t\t\tProgramar Una Cita \t\t<\/a>","protected":false},"excerpt":{"rendered":"<p>Abogado de inmigraci\u00f3n de Tacoma Programar Una Cita Nuestros abogados de inmigraci\u00f3n de Tacoma pueden ayudarte a ti y a tu familia a alcanzar el sue\u00f1o americano Tacoma alberga una creciente comunidad inmigrante que contribuye a la vibrante cultura y econom\u00eda de la ciudad. La gente se traslada a Tacoma por oportunidades de trabajo, reunificaci\u00f3n [&hellip;]<\/p>\n","protected":false},"author":1,"featured_media":0,"parent":3996,"menu_order":0,"comment_status":"closed","ping_status":"open","template":"","meta":{"_acf_changed":false,"site-sidebar-layout":"no-sidebar","site-content-layout":"page-builder","ast-site-content-layout":"full-width-container","site-content-style":"unboxed","site-sidebar-style":"unboxed","ast-global-header-display":"","ast-banner-title-visibility":"","ast-main-header-display":"","ast-hfb-above-header-display":"","ast-hfb-below-header-display":"","ast-hfb-mobile-header-display":"","site-post-title":"disabled","ast-breadcrumbs-content":"","ast-featured-img":"disabled","footer-sml-layout":"","ast-disable-related-posts":"","theme-transparent-header-meta":"enabled","adv-header-id-meta":"","stick-header-meta":"","header-above-stick-meta":"","header-main-stick-meta":"","header-below-stick-meta":"","astra-migrate-meta-layouts":"set","ast-page-background-enabled":"default","ast-page-background-meta":{"desktop":{"background-color":"","background-image":"","background-repeat":"repeat","background-position":"center center","background-size":"auto","background-attachment":"scroll","background-type":"","background-media":"","overlay-type":"","overlay-color":"","overlay-opacity":"","overlay-gradient":""},"tablet":{"background-color":"","background-image":"","background-repeat":"repeat","background-position":"center center","background-size":"auto","background-attachment":"scroll","background-type":"","background-media":"","overlay-type":"","overlay-color":"","overlay-opacity":"","overlay-gradient":""},"mobile":{"background-color":"","background-image":"","background-repeat":"repeat","background-position":"center center","background-size":"auto","background-attachment":"scroll","background-type":"","background-media":"","overlay-type":"","overlay-color":"","overlay-opacity":"","overlay-gradient":""}},"ast-content-background-meta":{"desktop":{"background-color":"var(--ast-global-color-5)","background-image":"","background-repeat":"repeat","background-position":"center center","background-size":"auto","background-attachment":"scroll","background-type":"","background-media":"","overlay-type":"","overlay-color":"","overlay-opacity":"","overlay-gradient":""},"tablet":{"background-color":"var(--ast-global-color-5)","background-image":"","background-repeat":"repeat","background-position":"center center","background-size":"auto","background-attachment":"scroll","background-type":"","background-media":"","overlay-type":"","overlay-color":"","overlay-opacity":"","overlay-gradient":""},"mobile":{"background-color":"var(--ast-global-color-5)","background-image":"","background-repeat":"repeat","background-position":"center center","background-size":"auto","background-attachment":"scroll","background-type":"","background-media":"","overlay-type":"","overlay-color":"","overlay-opacity":"","overlay-gradient":""}},"footnotes":""},"class_list":["post-4930","page","type-page","status-publish","hentry"],"acf":[],"aioseo_notices":[],"_links":{"self":[{"href":"https:\/\/www.vanderwallimmigration.com\/es\/wp-json\/wp\/v2\/pages\/4930","targetHints":{"allow":["GET"]}}],"collection":[{"href":"https:\/\/www.vanderwallimmigration.com\/es\/wp-json\/wp\/v2\/pages"}],"about":[{"href":"https:\/\/www.vanderwallimmigration.com\/es\/wp-json\/wp\/v2\/types\/page"}],"author":[{"embeddable":true,"href":"https:\/\/www.vanderwallimmigration.com\/es\/wp-json\/wp\/v2\/users\/1"}],"replies":[{"embeddable":true,"href":"https:\/\/www.vanderwallimmigration.com\/es\/wp-json\/wp\/v2\/comments?post=4930"}],"version-history":[{"count":0,"href":"https:\/\/www.vanderwallimmigration.com\/es\/wp-json\/wp\/v2\/pages\/4930\/revisions"}],"up":[{"embeddable":true,"href":"https:\/\/www.vanderwallimmigration.com\/es\/wp-json\/wp\/v2\/pages\/3996"}],"wp:attachment":[{"href":"https:\/\/www.vanderwallimmigration.com\/es\/wp-json\/wp\/v2\/media?parent=4930"}],"curies":[{"name":"wp","href":"https:\/\/api.w.org\/{rel}","templated":true}]}}