{"id":4878,"date":"2025-05-23T20:32:17","date_gmt":"2025-05-23T20:32:17","guid":{"rendered":"https:\/\/www.vanderwallimmigration.com\/sobre-nosotros\/maria-chanlatte\/"},"modified":"2025-12-18T02:07:31","modified_gmt":"2025-12-18T02:07:31","slug":"maria-chanlatte","status":"publish","type":"page","link":"https:\/\/www.vanderwallimmigration.com\/es\/sobre-nosotros\/maria-chanlatte\/","title":{"rendered":"Maria Chanlatte"},"content":{"rendered":"<h1>Maria Chanlatte<\/h1> \t<h2>Sobre Nosotros<\/h2> \t\t\t<a href=\"https:\/\/www.vanderwallimmigration.com\/es\/programar-una-cita\/\" title=\"Haz clic aqu\u00ed\" target=\"_self\"   role=\"button\" aria-label=\"Programar Una Cita\"> \t\t\t\t\t\t\tProgramar Una Cita \t\t<\/a> \t\t\t<p>Paralegal<\/p>\t \t<h3> \t\t\t\tMaria Chanlatte \t\t\t<\/h3> \t\t\t\t<img decoding=\"async\" src=\"https:\/\/www.vanderwallimmigration.com\/wp-content\/uploads\/2024\/10\/small-logo.jpg\" alt=\"small-logo\" itemprop=\"image\" height=\"124\" width=\"133\" title=\"small-logo\" onerror=\"this.style.display='none'\" loading=\"lazy\" \/> \t<p>Originaria de la Rep\u00fablica Dominicana, Mar\u00eda Chanlatte se mud\u00f3 a Estados Unidos en 2012. Al establecerse en la ciudad de Nueva York, se sinti\u00f3 r\u00e1pidamente atra\u00edda por los desaf\u00edos que enfrentan las comunidades inmigrantes, una pasi\u00f3n que se convertir\u00eda en la piedra angular de su carrera. Durante su estancia en Nueva York, Mar\u00eda se dedic\u00f3 al voluntariado en Catholic Charities, donde colabor\u00f3 \u200b\u200bcon los procesos de ciudadan\u00eda, ayudando a las personas a navegar las complejidades del proceso de naturalizaci\u00f3n. Adem\u00e1s, apoy\u00f3 a City Harvest proporcionando alimentos a familias necesitadas y trabaj\u00f3 para conseguir m\u00e1s donaciones de alimentos de establecimientos para apoyar as\u00ed a la comunidad. Defender a los necesitados siempre ha sido el centro de su misi\u00f3n.<\/p> <p>Su pasi\u00f3n por los asuntos globales y la justicia social comenz\u00f3 durante sus a\u00f1os de escuela secundaria en la Rep\u00fablica Dominicana, donde particip\u00f3 en los programas Modelo de las Naciones Unidas (ONU). Estas experiencias despertaron su inter\u00e9s por la econom\u00eda y la pol\u00edtica global, y la inspiraron a seguir una carrera que le permitiera tener un impacto tangible en la vida de las personas.<\/p> <p> Cuenta con una amplia experiencia trabajando con casos humanitarios, incluyendo peticiones VAWA, visas-U, tr\u00e1mites consulares y casos de exenciones que son particularmente significativos para ella. Ha trabajado en varios otros casos de inmigraci\u00f3n, desde peticiones familiares y casos de asilo hasta solicitudes de Visas de No Inmigrante (NIV), Ajustes de Estatus y la eliminaci\u00f3n de condiciones en la corte. Su experiencia en el manejo de las complejidades de la ley de inmigraci\u00f3n ha ayudado a innumerables personas y familias a asegurar un futuro mejor. Su enfoque emp\u00e1tico le permite establecer v\u00ednculos s\u00f3lidos con sus clientes, clave para lograr resultados exitosos.<\/p> <p>M\u00e1s adelante en su carrera, Mar\u00eda se mud\u00f3 a otro estado para ampliar sus horizontes y continuar su trabajo de defensa en una nueva comunidad, asegurando que su pasi\u00f3n por ayudar a los dem\u00e1s siguiera siendo su enfoque profesional.<\/p> <p>Fuera de su trabajo, es una \u00e1vida lectora y amante de la naturaleza, y a menudo disfruta de momentos tranquilos al aire libre, ya sea disfrutando del calor de un d\u00eda de primavera o viendo c\u00f3mo se desata una tormenta. Tambi\u00e9n disfruta del senderismo y los viajes, donde se sumerge en nuevas culturas, explora diversas gastronom\u00edas y aprende nuevos idiomas. <\/p> <p>Mar\u00eda habla espa\u00f1ol, ingl\u00e9s y franc\u00e9s con fluidez, ella siente que aporta una perspectiva global y un profundo aprecio por la diversidad del mundo. Motivada por el deseo de servir y marcar una diferencia significativa, se dedica a ayudar a sus clientes a navegar por procesos migratorios complejos, defender sus derechos y apoyarlos en cada etapa de su proceso.<\/p> <p>Idiomas: espa\u00f1ol e ingl\u00e9s<\/p> \t<h5> \t\t\t\tPrograme su consulta de inmigraci\u00f3n con un abogado de inmigraci\u00f3n \t\t\t<\/h5> \t\t\t\t<img decoding=\"async\" src=\"https:\/\/www.vanderwallimmigration.com\/wp-content\/uploads\/2025\/09\/2025-footer-banner-awards-layout.png\" alt=\"2025-footer-banner-awards-layout\" itemprop=\"image\" height=\"420\" width=\"600\" title=\"2025-footer-banner-awards-layout\" onerror=\"this.style.display='none'\" loading=\"lazy\" \/> \t<h5> \t\t\t\tsalga de las sombras. \t\t\t<\/h5> \t<h5> \t\t\t\tLl\u00e1menos hoy al \t\t\t<\/h5> \t\t\t<p><a href=\"tel:+15032068414\">+1 503-206-8414<\/a><\/p>\t \t\t\t<a href=\"https:\/\/www.vanderwallimmigration.com\/schedule-appointment\/\" title=\"Haz clic aqu\u00ed\" target=\"_self\"   role=\"button\" aria-label=\"Programar una cita\"> \t\t\t\t\t\t\tProgramar una cita \t\t<\/a>","protected":false},"excerpt":{"rendered":"<p>Maria Chanlatte Sobre Nosotros Programar Una Cita Paralegal Maria Chanlatte Originaria de la Rep\u00fablica Dominicana, Mar\u00eda Chanlatte se mud\u00f3 a Estados Unidos en 2012. Al establecerse en la ciudad de Nueva York, se sinti\u00f3 r\u00e1pidamente atra\u00edda por los desaf\u00edos que enfrentan las comunidades inmigrantes, una pasi\u00f3n que se convertir\u00eda en la piedra angular de su [&hellip;]<\/p>\n","protected":false},"author":4,"featured_media":0,"parent":3979,"menu_order":0,"comment_status":"closed","ping_status":"open","template":"","meta":{"_acf_changed":false,"site-sidebar-layout":"no-sidebar","site-content-layout":"page-builder","ast-site-content-layout":"full-width-container","site-content-style":"unboxed","site-sidebar-style":"unboxed","ast-global-header-display":"","ast-banner-title-visibility":"","ast-main-header-display":"","ast-hfb-above-header-display":"","ast-hfb-below-header-display":"","ast-hfb-mobile-header-display":"","site-post-title":"disabled","ast-breadcrumbs-content":"","ast-featured-img":"disabled","footer-sml-layout":"","ast-disable-related-posts":"","theme-transparent-header-meta":"enabled","adv-header-id-meta":"","stick-header-meta":"","header-above-stick-meta":"","header-main-stick-meta":"","header-below-stick-meta":"","astra-migrate-meta-layouts":"set","ast-page-background-enabled":"default","ast-page-background-meta":{"desktop":{"background-color":"","background-image":"","background-repeat":"repeat","background-position":"center center","background-size":"auto","background-attachment":"scroll","background-type":"","background-media":"","overlay-type":"","overlay-color":"","overlay-opacity":"","overlay-gradient":""},"tablet":{"background-color":"","background-image":"","background-repeat":"repeat","background-position":"center center","background-size":"auto","background-attachment":"scroll","background-type":"","background-media":"","overlay-type":"","overlay-color":"","overlay-opacity":"","overlay-gradient":""},"mobile":{"background-color":"","background-image":"","background-repeat":"repeat","background-position":"center center","background-size":"auto","background-attachment":"scroll","background-type":"","background-media":"","overlay-type":"","overlay-color":"","overlay-opacity":"","overlay-gradient":""}},"ast-content-background-meta":{"desktop":{"background-color":"var(--ast-global-color-5)","background-image":"","background-repeat":"repeat","background-position":"center center","background-size":"auto","background-attachment":"scroll","background-type":"","background-media":"","overlay-type":"","overlay-color":"","overlay-opacity":"","overlay-gradient":""},"tablet":{"background-color":"var(--ast-global-color-5)","background-image":"","background-repeat":"repeat","background-position":"center center","background-size":"auto","background-attachment":"scroll","background-type":"","background-media":"","overlay-type":"","overlay-color":"","overlay-opacity":"","overlay-gradient":""},"mobile":{"background-color":"var(--ast-global-color-5)","background-image":"","background-repeat":"repeat","background-position":"center center","background-size":"auto","background-attachment":"scroll","background-type":"","background-media":"","overlay-type":"","overlay-color":"","overlay-opacity":"","overlay-gradient":""}},"footnotes":""},"class_list":["post-4878","page","type-page","status-publish","hentry"],"acf":[],"aioseo_notices":[],"_links":{"self":[{"href":"https:\/\/www.vanderwallimmigration.com\/es\/wp-json\/wp\/v2\/pages\/4878","targetHints":{"allow":["GET"]}}],"collection":[{"href":"https:\/\/www.vanderwallimmigration.com\/es\/wp-json\/wp\/v2\/pages"}],"about":[{"href":"https:\/\/www.vanderwallimmigration.com\/es\/wp-json\/wp\/v2\/types\/page"}],"author":[{"embeddable":true,"href":"https:\/\/www.vanderwallimmigration.com\/es\/wp-json\/wp\/v2\/users\/4"}],"replies":[{"embeddable":true,"href":"https:\/\/www.vanderwallimmigration.com\/es\/wp-json\/wp\/v2\/comments?post=4878"}],"version-history":[{"count":0,"href":"https:\/\/www.vanderwallimmigration.com\/es\/wp-json\/wp\/v2\/pages\/4878\/revisions"}],"up":[{"embeddable":true,"href":"https:\/\/www.vanderwallimmigration.com\/es\/wp-json\/wp\/v2\/pages\/3979"}],"wp:attachment":[{"href":"https:\/\/www.vanderwallimmigration.com\/es\/wp-json\/wp\/v2\/media?parent=4878"}],"curies":[{"name":"wp","href":"https:\/\/api.w.org\/{rel}","templated":true}]}}