{"id":4832,"date":"2025-01-29T00:45:15","date_gmt":"2025-01-29T00:45:15","guid":{"rendered":"https:\/\/www.vanderwallimmigration.com\/servicios-legales\/visa-t\/"},"modified":"2026-04-15T22:57:37","modified_gmt":"2026-04-15T22:57:37","slug":"visa-t","status":"publish","type":"page","link":"https:\/\/www.vanderwallimmigration.com\/es\/servicios-legales\/visa-t\/","title":{"rendered":"Visa T"},"content":{"rendered":"<h1>Visado Portland T<\/h1> \t<h1>Abogados<\/h1> \t\t\t<a href=\"https:\/\/www.vanderwallimmigration.com\/es\/programar-una-cita\/\" title=\"Programar Una Cita\" target=\"_self\"   role=\"button\" aria-label=\"Programar Una Cita\"> \t\t\t\t\t\t\tProgramar Una Cita \t\t<\/a> \t\t\t<h2>Ayudamos a las v\u00edctimas de la trata de seres humanos a obtener protecci\u00f3n jur\u00eddica mediante el visado T &gt;.<\/h2>\t\t\t \t<p>En Vanderwall Immigration, entendemos que las personas vulnerables, especialmente las que son v\u00edctimas de la trata de seres humanos, a menudo se enfrentan a problemas de inmigraci\u00f3n complejos que requieren un apoyo legal compasivo y experimentado. Si t\u00fa o alguien que conoces hab\u00e9is sido v\u00edctimas del tr\u00e1fico de seres humanos, el visado T puede ofrecer un camino crucial hacia la seguridad, la estabilidad y la protecci\u00f3n legal en Estados Unidos. Nuestro bufete de abogados de inmigraci\u00f3n est\u00e1 aqu\u00ed para guiarte a lo largo del proceso y garantizar que recibas la ayuda y la protecci\u00f3n que mereces.  <\/p> <h3> \t\t\tComprender el visado T: Protecci\u00f3n para las V\u00edctimas de la Trata de Seres Humanos\t<\/h3> \t<p>Los retos a los que se enfrentan las v\u00edctimas de la trata de seres humanos son inmensos. Las v\u00edctimas suelen sufrir abusos f\u00edsicos, emocionales y psicol\u00f3gicos, al tiempo que se enfrentan al miedo a la deportaci\u00f3n o a las represalias. El trauma que experimentan puede crear una sensaci\u00f3n de aislamiento, que hace m\u00e1s dif\u00edcil buscar ayuda o incluso reconocer que pueden acogerse a la protecci\u00f3n de la ley estadounidense.  <\/p> <p>Afortunadamente, hay esperanza: El visado T ofrece una opci\u00f3n de inmigraci\u00f3n especializada para las v\u00edctimas de la trata de seres humanos que necesitan protecci\u00f3n. En Vanderwall Immigration, nos comprometemos a ayudar a los supervivientes de la trata a navegar por este complejo proceso con el m\u00e1ximo cuidado y dedicaci\u00f3n. <\/p> <h3> \t\t\t  \u00bfQu\u00e9 es el visado T?\t<\/h3> \t<p>El visado T es un visado de no inmigrante dise\u00f1ado espec\u00edficamente para las v\u00edctimas de la trata de seres humanos. Ofrece protecci\u00f3n temporal a las personas que han sido objeto de trata en Estados Unidos y han sufrido da\u00f1os graves. A cambio de esta protecci\u00f3n, los titulares del visado T deben cooperar con las fuerzas de seguridad en la investigaci\u00f3n y persecuci\u00f3n de sus traficantes.  <\/p> <p>El visado T ofrece varias ventajas fundamentales:<\/p> <ul> <li><strong>Protecci\u00f3n<\/strong>: Las v\u00edctimas de la trata de seres humanos pueden permanecer en Estados Unidos sin temor a ser deportadas.  <\/li> <li><strong>Autorizaci\u00f3n de trabajo<\/strong>: Los titulares de un visado T pueden trabajar legalmente en EE.UU. mientras su caso est\u00e9 pendiente.  <\/li> <li><strong>Camino hacia la residencia permanente<\/strong>: Tras mantener el visado T durante tres a\u00f1os, las v\u00edctimas pueden optar a solicitar la Tarjeta Verde (residencia permanente), siempre que cumplan determinados requisitos.<\/li> <\/ul> <h3> \t\t\tRequisitos para el visado T\t<\/h3> \t<p>Para obtener un visado T, los solicitantes deben cumplir varios requisitos espec\u00edficos, entre ellos  <\/p> <ul> <li><strong>V\u00edctima de trata de seres humanos<\/strong>: La persona debe ser v\u00edctima de formas graves de trata de seres humanos, incluido el tr\u00e1fico sexual o laboral.  <\/li> <li><strong>Presencia f\u00edsica en EE.UU<\/strong>: El solicitante debe estar f\u00edsicamente presente en Estados Unidos o en un puerto de entrada debido al tr\u00e1fico de personas.  <\/li> <li><strong>Cooperaci\u00f3n con las fuerzas de seguridad<\/strong>: El solicitante debe estar dispuesto a ayudar a las fuerzas de seguridad en la investigaci\u00f3n o persecuci\u00f3n del traficante o traficantes, a menos que sea menor de 18 a\u00f1os o no pueda cooperar debido a un trauma.  <\/li> <li><strong>Sufrimiento debido a la trata<\/strong>: El individuo debe demostrar que ha sufrido un da\u00f1o o explotaci\u00f3n sustancial como consecuencia de haber sido v\u00edctima de la trata.<\/li> <\/ul> <h3> \t\t\tEl proceso de solicitud del visado T\t<\/h3> \t<p>El proceso de solicitud del visado T puede ser complicado, pero con la orientaci\u00f3n jur\u00eddica adecuada, es posible recorrerlo con \u00e9xito. Aqu\u00ed tienes un resumen de lo que puedes esperar:   <\/p> <ul> <li><strong>Denunciar la Trata<\/strong>: Las v\u00edctimas de trata deben denunciar su caso a un organismo policial o a otra entidad gubernamental cualificada.  <\/li> <li><strong>Reunir documentaci\u00f3n<\/strong>: Los solicitantes deben aportar pruebas de su experiencia en la trata de seres humanos, incluido cualquier historial m\u00e9dico o policial, y declaraciones personales en las que describan el da\u00f1o que han sufrido.  <\/li> <li><strong>Presenta el Formulario I-914<\/strong>: La solicitud del visado T comienza con la presentaci\u00f3n del Formulario I-914, Petici\u00f3n de estatus de no inmigrante T, junto con los documentos acreditativos necesarios.  <\/li> <li><strong>Certificaci\u00f3n de las fuerzas de seguridad<\/strong>: Las v\u00edctimas pueden obtener una certificaci\u00f3n de las fuerzas de seguridad (Formulario I-914, Suplemento B) para demostrar que han sido o ser\u00e1n \u00fatiles en la investigaci\u00f3n o persecuci\u00f3n del traficante o traficantes.<\/li> <\/ul> <h3> \t\t\tVisado T: Preguntas frecuentes\t<\/h3> \t\t\t\t\t\t\t\t\t\t<h4 tabindex=\"0\">\u00bfQu\u00e9 es el visado T?<\/h4> \t\t\t\t\t<p>El visado T es un visado de no inmigrante para las v\u00edctimas de la trata de seres humanos. Ofrece protecci\u00f3n frente a la deportaci\u00f3n, autorizaci\u00f3n de trabajo y la posibilidad de solicitar la residencia permanente al cabo de tres a\u00f1os. <\/p> \t\t\t\t\t\t\t\t\t\t<h4 tabindex=\"0\">\u00bfC\u00f3mo solicito un visado T?<\/h4> <p>Para solicitar un visado T, debes presentar el formulario I-914, Petici\u00f3n de estatus de no inmigrante T, junto con documentos acreditativos, como pruebas de tr\u00e1fico y una certificaci\u00f3n de las fuerzas de seguridad.<\/p> \t\t\t\t\t\t\t\t\t\t<h4 tabindex=\"0\">\u00bfQu\u00e9 ventajas tiene el visado T?<\/h4> \t\t\t\t\t<p>El visado T permite a las v\u00edctimas permanecer en EE.UU. sin miedo a la deportaci\u00f3n, trabajar legalmente y, con el tiempo, solicitar la Tarjeta Verde.<\/p> \t\t\t\t\t\t\t\t\t\t<h4 tabindex=\"0\">\u00bfPuedo solicitar un visado T si soy menor de 18 a\u00f1os?<\/h4> \t\t\t\t\t<p>S\u00ed, los menores v\u00edctimas de la trata de seres humanos pueden optar al visado T, aunque no puedan cooperar con las fuerzas de seguridad debido a un trauma.<\/p> \t\t\t<h3>\u00bfQu\u00e9 puedes esperar durante el proceso del visado T?<\/h3>\t\t\t \t<p>En Vanderwall Immigration, nuestro experimentado equipo estar\u00e1 contigo en cada paso del camino. Proporcionamos asistencia compasiva y minuciosa durante todo el proceso de solicitud del visado T. Nuestros servicios incluyen:    <\/p> <ul> <li><strong>Revisi\u00f3n confidencial del caso<\/strong>: Escuchamos tu historia con sensibilidad y respeto, y respondemos a cualquier pregunta que puedas tener sobre el proceso del visado T.  <\/li> <li><strong>Recopilaci\u00f3n de documentos<\/strong>: Te ayudamos a reunir todos los documentos y pruebas necesarios para apoyar tu caso, asegur\u00e1ndonos de que tu solicitud sea lo m\u00e1s s\u00f3lida posible.  <\/li> <li><strong>Tramitaci\u00f3n y representaci\u00f3n<\/strong>: Nos encargamos de todo el papeleo y la presentaci\u00f3n de tu petici\u00f3n de visado T, quit\u00e1ndote la carga de los hombros durante este estresante momento.  <\/li> <li><strong>Apoyo posterior al visado<\/strong>: Una vez que recibas tu visado T, podemos ayudarte con la renovaci\u00f3n del visado, la solicitud de autorizaci\u00f3n de trabajo y la b\u00fasqueda de la residencia permanente cuando cumplas los requisitos.<\/li> <\/ul> <h3> \t\t\t  Contacta con Vanderwall Immigration para que te ayude con tu caso de visado T\t<\/h3> \t<p>En Vanderwall Immigration, nuestros abogados especializados en visados T tienen la experiencia y el compromiso necesarios para ayudar a los supervivientes de la trata a encontrar la protecci\u00f3n y la justicia que necesitan. Si t\u00fa o alguien que conoces sois v\u00edctimas de la trata de seres humanos, ponte en contacto con nosotros. Te ofrecemos una revisi\u00f3n confidencial de tu caso para hablar de tus opciones, responder a tus preguntas y guiarte en el proceso de solicitud del visado T.  <\/p> <p>Nuestro equipo legal comprende lo abrumador que puede ser enfrentarse a los retos de la inmigraci\u00f3n, especialmente para las v\u00edctimas de traumas. Deja que te ayudemos a dar el siguiente paso hacia la seguridad y la estabilidad. Ponte en contacto con nosotros hoy mismo para programar tu consulta con nuestros compasivos y experimentados abogados de inmigraci\u00f3n.  <\/p> \t<h5> \t\t\t\tPrograme su consulta de inmigraci\u00f3n con un abogado de inmigraci\u00f3n \t\t\t<\/h5> <figure itemscope itemtype=\"https:\/\/schema.org\/ImageObject\"> \t\t\t\t<img decoding=\"async\" src=\"https:\/\/www.vanderwallimmigration.com\/wp-content\/uploads\/2025\/09\/2025-footer-banner-awards-layout.png\" alt=\"2025-footer-banner-awards-layout\" height=\"420\" width=\"600\" title=\"2025-footer-banner-awards-layout\" onerror=\"this.style.display='none'\" loading=\"lazy\" \/> \t<\/figure> \t<h5> \t\t\t\tsalga de las sombras. \t\t\t<\/h5> \t<h5> \t\t\t\tLl\u00e1menos hoy al \t\t\t<\/h5> \t\t\t<p><a href=\"tel:+15032068414\">+1 503-206-8414<\/a><\/p>\t \t\t\t<a href=\"https:\/\/www.vanderwallimmigration.com\/schedule-appointment\/\" title=\"Programar una cita\" target=\"_self\"   role=\"button\" aria-label=\"Programar una cita\"> \t\t\t\t\t\t\tProgramar una cita \t\t<\/a>","protected":false},"excerpt":{"rendered":"<p>Visado Portland T Abogados Programar Una Cita Ayudamos a las v\u00edctimas de la trata de seres humanos a obtener protecci\u00f3n jur\u00eddica mediante el visado T &gt;. En Vanderwall Immigration, entendemos que las personas vulnerables, especialmente las que son v\u00edctimas de la trata de seres humanos, a menudo se enfrentan a problemas de inmigraci\u00f3n complejos que [&hellip;]<\/p>\n","protected":false},"author":1,"featured_media":0,"parent":4047,"menu_order":0,"comment_status":"closed","ping_status":"closed","template":"","meta":{"_acf_changed":false,"site-sidebar-layout":"no-sidebar","site-content-layout":"page-builder","ast-site-content-layout":"full-width-container","site-content-style":"unboxed","site-sidebar-style":"unboxed","ast-global-header-display":"","ast-banner-title-visibility":"","ast-main-header-display":"","ast-hfb-above-header-display":"","ast-hfb-below-header-display":"","ast-hfb-mobile-header-display":"","site-post-title":"disabled","ast-breadcrumbs-content":"","ast-featured-img":"disabled","footer-sml-layout":"","ast-disable-related-posts":"","theme-transparent-header-meta":"enabled","adv-header-id-meta":"","stick-header-meta":"","header-above-stick-meta":"","header-main-stick-meta":"","header-below-stick-meta":"","astra-migrate-meta-layouts":"set","ast-page-background-enabled":"default","ast-page-background-meta":{"desktop":{"background-color":"","background-image":"","background-repeat":"repeat","background-position":"center center","background-size":"auto","background-attachment":"scroll","background-type":"","background-media":"","overlay-type":"","overlay-color":"","overlay-opacity":"","overlay-gradient":""},"tablet":{"background-color":"","background-image":"","background-repeat":"repeat","background-position":"center center","background-size":"auto","background-attachment":"scroll","background-type":"","background-media":"","overlay-type":"","overlay-color":"","overlay-opacity":"","overlay-gradient":""},"mobile":{"background-color":"","background-image":"","background-repeat":"repeat","background-position":"center center","background-size":"auto","background-attachment":"scroll","background-type":"","background-media":"","overlay-type":"","overlay-color":"","overlay-opacity":"","overlay-gradient":""}},"ast-content-background-meta":{"desktop":{"background-color":"var(--ast-global-color-5)","background-image":"","background-repeat":"repeat","background-position":"center center","background-size":"auto","background-attachment":"scroll","background-type":"","background-media":"","overlay-type":"","overlay-color":"","overlay-opacity":"","overlay-gradient":""},"tablet":{"background-color":"var(--ast-global-color-5)","background-image":"","background-repeat":"repeat","background-position":"center center","background-size":"auto","background-attachment":"scroll","background-type":"","background-media":"","overlay-type":"","overlay-color":"","overlay-opacity":"","overlay-gradient":""},"mobile":{"background-color":"var(--ast-global-color-5)","background-image":"","background-repeat":"repeat","background-position":"center center","background-size":"auto","background-attachment":"scroll","background-type":"","background-media":"","overlay-type":"","overlay-color":"","overlay-opacity":"","overlay-gradient":""}},"footnotes":""},"class_list":["post-4832","page","type-page","status-publish","hentry"],"acf":[],"aioseo_notices":[],"_links":{"self":[{"href":"https:\/\/www.vanderwallimmigration.com\/es\/wp-json\/wp\/v2\/pages\/4832","targetHints":{"allow":["GET"]}}],"collection":[{"href":"https:\/\/www.vanderwallimmigration.com\/es\/wp-json\/wp\/v2\/pages"}],"about":[{"href":"https:\/\/www.vanderwallimmigration.com\/es\/wp-json\/wp\/v2\/types\/page"}],"author":[{"embeddable":true,"href":"https:\/\/www.vanderwallimmigration.com\/es\/wp-json\/wp\/v2\/users\/1"}],"replies":[{"embeddable":true,"href":"https:\/\/www.vanderwallimmigration.com\/es\/wp-json\/wp\/v2\/comments?post=4832"}],"version-history":[{"count":0,"href":"https:\/\/www.vanderwallimmigration.com\/es\/wp-json\/wp\/v2\/pages\/4832\/revisions"}],"up":[{"embeddable":true,"href":"https:\/\/www.vanderwallimmigration.com\/es\/wp-json\/wp\/v2\/pages\/4047"}],"wp:attachment":[{"href":"https:\/\/www.vanderwallimmigration.com\/es\/wp-json\/wp\/v2\/media?parent=4832"}],"curies":[{"name":"wp","href":"https:\/\/api.w.org\/{rel}","templated":true}]}}