{"id":4786,"date":"2025-05-15T21:55:27","date_gmt":"2025-05-15T21:55:27","guid":{"rendered":"https:\/\/www.vanderwallimmigration.com\/ubicaciones\/abogado-de-inmigracion-en-vancouver\/"},"modified":"2026-04-15T23:10:01","modified_gmt":"2026-04-15T23:10:01","slug":"abogado-de-inmigracion-en-vancouver","status":"publish","type":"page","link":"https:\/\/www.vanderwallimmigration.com\/es\/ubicaciones\/abogado-de-inmigracion-en-vancouver\/","title":{"rendered":"Abogado de Inmigraci\u00f3n en Vancouver"},"content":{"rendered":"<h1>Abogado de inmigraci\u00f3n de Vancouver<\/h1> \t\t\t<a href=\"\/es\/formulario-de-cita\/\" title=\"Programar Una Cita\" target=\"_self\"   role=\"button\" aria-label=\"Programar Una Cita\"> \t\t\t\t\t\t\tProgramar Una Cita \t\t<\/a> \t\t\t<h2>Nuestros abogados de inmigraci\u00f3n de Vancouver pueden ayudarte a ti y a tu familia a alcanzar el sue\u00f1o americano<\/h2>\t\t\t \t<p>Vancouver alberga una creciente y diversa poblaci\u00f3n inmigrante en el suroeste de Washington. Personas de todo el mundo vienen a Vancouver en busca de oportunidades profesionales, educaci\u00f3n o para reunirse con la familia. Como ciudad arraigada en la inclusi\u00f3n y respaldada por las pol\u00edticas de santuario del estado de Washington, Vancouver da la bienvenida a los inmigrantes, pero navegar por el sistema de inmigraci\u00f3n estadounidense puede seguir siendo un reto. Incluso para quienes siguen todos los pasos legales, los procesos de solicitud de visado, residencia permanente y ciudadan\u00eda pueden ser complejos.<\/p> <p><b>Vanderwall Immigration<\/b> es un equipo de abogados de inmigraci\u00f3n de Vancouver dedicados a ayudar a particulares y familias en cada paso del proceso de inmigraci\u00f3n. Tanto si necesitas ayuda para obtener la residencia permanente legal, solicitar la ciudadan\u00eda o abordar otro asunto de inmigraci\u00f3n, estamos aqu\u00ed para proporcionarte apoyo legal experto. Con oficinas en Salem y Beaverton, atendemos a clientes de todo Washington y Oreg\u00f3n. Llama hoy <b> al (503) 206-8414<\/b> para programar una consulta confidencial.<\/p> <h3> \t\t\t\u00bfC\u00f3mo pueden ayudarte nuestros abogados de inmigraci\u00f3n de Vancouver?\t<\/h3> \t<p>El sistema de inmigraci\u00f3n estadounidense est\u00e1 regulado a nivel federal, y <b>los Servicios de Ciudadan\u00eda e Inmigraci\u00f3n (USCIS)<\/b> supervisan las solicitudes de visados, tarjetas de residencia y naturalizaci\u00f3n. La poblaci\u00f3n de Vancouver nacida en el extranjero ha aumentado de forma constante en los \u00faltimos a\u00f1os, y ahora representa alrededor del 14% de los residentes de la ciudad. Muchos inmigrantes proceden de M\u00e9xico, Ucrania, Vietnam, Filipinas y Europa del Este, mientras que otros llegan como refugiados que huyen de la violencia o la persecuci\u00f3n. Vancouver tambi\u00e9n ha acogido a cientos de refugiados reci\u00e9n llegados, entre ellos afganos y ucranianos, a trav\u00e9s de iniciativas locales de reasentamiento.<\/p> <p>Los inmigrantes desempe\u00f1an un papel vital en la econom\u00eda de Vancouver, sobre todo en la asistencia sanitaria, la construcci\u00f3n, la educaci\u00f3n, la industria manufacturera y la hosteler\u00eda. Los inmigrantes contribuyen a sectores como la construcci\u00f3n de viviendas, el comercio minorista y la asistencia m\u00e9dica, y la diversa comunidad empresarial de Vancouver incluye muchas empresas propiedad de inmigrantes. Fourth Plain, uno de los corredores culturalmente m\u00e1s ricos de la ciudad, alberga decenas de empresas propiedad de minor\u00edas y de inmigrantes. Incluso en una ciudad que apoya a los inmigrantes, pueden surgir obst\u00e1culos legales. Nuestro bufete ofrece representaci\u00f3n estrat\u00e9gica en materia de inmigraci\u00f3n para ayudar a los clientes a alcanzar sus objetivos a largo plazo.<\/p> <p>Nuestros abogados de inmigraci\u00f3n <strong>en Vancouver<\/strong> ayudan con:<\/p> <ul> <li aria-level=\"1\"><b>Ajuste de estatus<\/b> &#8211; Los inmigrantes legales ya presentes en EE.UU. pueden optar a solicitar la tarjeta verde sin regresar a su pa\u00eds de origen. El ajuste de estatus les permite permanecer en Vancouver mientras se tramita su solicitud de residencia.<\/li> <li aria-level=\"1\"><b>Permiso anticipado<\/b> &#8211; Si tienes pendiente una solicitud de ajuste de estatus, puede que necesites una autorizaci\u00f3n de viaje del USCIS para salir del pa\u00eds y regresar legalmente. Sin la autorizaci\u00f3n previa, corres el riesgo de que te denieguen el reingreso y de perder tu condici\u00f3n de inmigrante.<\/li> <li aria-level=\"1\"><b>Asilo<\/b> &#8211; Vancouver ha desempe\u00f1ado un papel creciente en el reasentamiento de refugiados en todo Washington. Las personas que huyen de la persecuci\u00f3n por motivos de raza, religi\u00f3n, nacionalidad, opini\u00f3n pol\u00edtica o pertenencia a un grupo social pueden optar al asilo y, m\u00e1s adelante, a la residencia permanente.<\/li> <li aria-level=\"1\"><b>DACA (Acci\u00f3n Diferida para los Llegados en la Infancia)<\/b> &#8211; Vancouver tiene una notable comunidad de beneficiarios de DACA, muchos de los cuales trabajan en servicios p\u00fablicos, educaci\u00f3n o sanidad. Este programa protege de la deportaci\u00f3n a las personas que cumplen los requisitos, al tiempo que les permite trabajar y estudiar legalmente.<\/li> <li aria-level=\"1\"><b>Defensa contra la Deportaci\u00f3n<\/b> &#8211; Aunque Washington aplica leyes santuario en todo el estado, la deportaci\u00f3n sigue siendo una grave preocupaci\u00f3n para muchas personas. Nuestro bufete representa a clientes en procedimientos de expulsi\u00f3n, ayud\u00e1ndoles a explorar opciones de alivio como el asilo, las exenciones o la cancelaci\u00f3n de la expulsi\u00f3n.<\/li> <li aria-level=\"1\"><b>Visados de prometido(a)<\/b> &#8211; Los ciudadanos estadounidenses pueden solicitar un visado de prometido(a) K-1, que permite a su pareja extranjera entrar en el pa\u00eds. La pareja debe casarse en un plazo de 90 d\u00edas para que el c\u00f3nyuge inmigrante pueda solicitar la tarjeta verde.<\/li> <li aria-level=\"1\"><b>Tarjetas verdes<\/b> &#8211; La econom\u00eda en expansi\u00f3n de Vancouver atrae a inmigrantes que buscan la residencia permanente. Ayudamos a particulares y familias a solicitar la tarjeta verde por motivos familiares, laborales y humanitarios.<\/li> <li aria-level=\"1\"><b>Parole in Place<\/b> &#8211; Los familiares directos de militares estadounidenses pueden optar a la libertad condicional in place, que les permite permanecer en Estados Unidos legalmente sin salir del pa\u00eds. En Vancouver y el condado de Clark viven muchas familias de militares y veteranos.<\/li> <li aria-level=\"1\"><b>Estatus Especial de Inmigrante Juvenil (SIJS)<\/b> &#8211; Vancouver cuenta con s\u00f3lidos programas de apoyo a la juventud y servicios de asistencia jur\u00eddica para menores inmigrantes. El SIJS proporciona una v\u00eda hacia la residencia permanente a los menores que han sufrido malos tratos, negligencia o abandono.<\/li> <li aria-level=\"1\"><b>Ciudadan\u00eda de los Estados Unidos<\/b> &#8211; Convertirse en ciudadano naturalizado de los EE.UU. proporciona ventajas como el derecho de voto, la elegibilidad para el empleo federal y la posibilidad de patrocinar a familiares. Ayudamos a los clientes a completar el proceso de solicitud, entrevista y examen de ciudadan\u00eda.<\/li> <li aria-level=\"1\"><b>Visado U y VAWA<\/b> &#8211; Las inmigrantes que han sido v\u00edctimas de violencia dom\u00e9stica o de delitos graves pueden acogerse a la protecci\u00f3n legal del programa de Visado U o de la Ley de Violencia contra las Mujeres (VAWA). Estos programas permiten a las supervivientes obtener un estatus legal de forma independiente.<\/li> <li aria-level=\"1\"><b>Permisos de trabajo<\/b> &#8211; El fuerte mercado laboral de Vancouver ofrece muchas oportunidades de empleo a los inmigrantes. Ayudamos con las solicitudes y renovaciones de permisos de trabajo, garantizando que los clientes sigan trabajando legalmente mientras su caso de inmigraci\u00f3n est\u00e1 pendiente.<\/li> <\/ul> <h3>Contacta hoy con nuestros abogados de inmigraci\u00f3n en Vancouver<\/h3> <p><b>Vanderwall Immigration<\/b> se centra exclusivamente en la ley de inmigraci\u00f3n, garantizando que los clientes reciban una representaci\u00f3n dedicada y bien informada. Los asuntos de inmigraci\u00f3n pueden ser estresantes y exigentes econ\u00f3micamente, sobre todo en una ciudad de r\u00e1pido crecimiento como Vancouver. Por eso hacemos hincapi\u00e9 en la orientaci\u00f3n jur\u00eddica directa, los precios transparentes y las opciones de pago flexibles.<\/p> <p>Nuestra tarifa de consulta es de <b>150 d\u00f3lares<\/b>, que se abonar\u00e1n a tu caso si contratas nuestros servicios en un plazo de 30 d\u00edas. Trabajamos con una estructura de honorarios fijos, lo que garantiza que recibas una estimaci\u00f3n de costes por adelantado, sin cargos ocultos. En caso necesario, disponemos de planes de pago flexibles para hacer m\u00e1s accesibles unos servicios jur\u00eddicos de calidad.<\/p> Las pol\u00edticas de Vancouver favorables a la inmigraci\u00f3n, la expansi\u00f3n del mercado laboral y los s\u00f3lidos recursos locales la convierten en un lugar privilegiado para los inmigrantes que buscan labrarse un futuro. Sin embargo, incluso en un entorno favorable, el proceso de inmigraci\u00f3n sigue siendo dif\u00edcil sin la orientaci\u00f3n adecuada. Si t\u00fa o un ser querido necesit\u00e1is ayuda en inmigraci\u00f3n, no os enfrent\u00e9is solos. Ponte en contacto con <b>Vanderwall Immigration<\/b> hoy mismo para programar una consulta confidencial con un abogado experto en inmigraci\u00f3n de Vancouver. Estamos orgullosos de servir a clientes de todo Washington y m\u00e1s all\u00e1.<a title=\"Haz clic aqu\u00ed\" role=\"button\" href=\"https:\/\/www.vanderwallimmigration.com\/es\/programar-una-cita\/\" target=\"_self\" aria-label=\"Schedule Appointment\"><br \/> <\/a> \t<h5> \t\t\t\tPrograme su consulta de inmigraci\u00f3n con un abogado de inmigraci\u00f3n \t\t\t<\/h5> <figure itemscope itemtype=\"https:\/\/schema.org\/ImageObject\"> \t\t\t\t<img decoding=\"async\" src=\"https:\/\/www.vanderwallimmigration.com\/wp-content\/uploads\/2025\/09\/2025-footer-banner-awards-layout.png\" alt=\"2025-footer-banner-awards-layout\" height=\"420\" width=\"600\" title=\"2025-footer-banner-awards-layout\" onerror=\"this.style.display='none'\" loading=\"lazy\" \/> \t<\/figure> \t<h5> \t\t\t\tsalga de las sombras. \t\t\t<\/h5> \t<h5> \t\t\t\tLl\u00e1menos hoy al \t\t\t<\/h5> \t\t\t<p><a href=\"tel:+15032068414\">+1 503-206-8414<\/a><\/p>\t \t\t\t<a href=\"https:\/\/www.vanderwallimmigration.com\/schedule-appointment\/\" title=\"Programar una cita\" target=\"_self\"   role=\"button\" aria-label=\"Programar una cita\"> \t\t\t\t\t\t\tProgramar una cita \t\t<\/a>","protected":false},"excerpt":{"rendered":"<p>Abogado de inmigraci\u00f3n de Vancouver Programar Una Cita Nuestros abogados de inmigraci\u00f3n de Vancouver pueden ayudarte a ti y a tu familia a alcanzar el sue\u00f1o americano Vancouver alberga una creciente y diversa poblaci\u00f3n inmigrante en el suroeste de Washington. Personas de todo el mundo vienen a Vancouver en busca de oportunidades profesionales, educaci\u00f3n o [&hellip;]<\/p>\n","protected":false},"author":4,"featured_media":0,"parent":3996,"menu_order":0,"comment_status":"closed","ping_status":"open","template":"","meta":{"_acf_changed":false,"site-sidebar-layout":"no-sidebar","site-content-layout":"page-builder","ast-site-content-layout":"full-width-container","site-content-style":"unboxed","site-sidebar-style":"unboxed","ast-global-header-display":"","ast-banner-title-visibility":"","ast-main-header-display":"","ast-hfb-above-header-display":"","ast-hfb-below-header-display":"","ast-hfb-mobile-header-display":"","site-post-title":"disabled","ast-breadcrumbs-content":"","ast-featured-img":"disabled","footer-sml-layout":"","ast-disable-related-posts":"","theme-transparent-header-meta":"enabled","adv-header-id-meta":"","stick-header-meta":"","header-above-stick-meta":"","header-main-stick-meta":"","header-below-stick-meta":"","astra-migrate-meta-layouts":"set","ast-page-background-enabled":"default","ast-page-background-meta":{"desktop":{"background-color":"","background-image":"","background-repeat":"repeat","background-position":"center center","background-size":"auto","background-attachment":"scroll","background-type":"","background-media":"","overlay-type":"","overlay-color":"","overlay-opacity":"","overlay-gradient":""},"tablet":{"background-color":"","background-image":"","background-repeat":"repeat","background-position":"center center","background-size":"auto","background-attachment":"scroll","background-type":"","background-media":"","overlay-type":"","overlay-color":"","overlay-opacity":"","overlay-gradient":""},"mobile":{"background-color":"","background-image":"","background-repeat":"repeat","background-position":"center center","background-size":"auto","background-attachment":"scroll","background-type":"","background-media":"","overlay-type":"","overlay-color":"","overlay-opacity":"","overlay-gradient":""}},"ast-content-background-meta":{"desktop":{"background-color":"var(--ast-global-color-5)","background-image":"","background-repeat":"repeat","background-position":"center center","background-size":"auto","background-attachment":"scroll","background-type":"","background-media":"","overlay-type":"","overlay-color":"","overlay-opacity":"","overlay-gradient":""},"tablet":{"background-color":"var(--ast-global-color-5)","background-image":"","background-repeat":"repeat","background-position":"center center","background-size":"auto","background-attachment":"scroll","background-type":"","background-media":"","overlay-type":"","overlay-color":"","overlay-opacity":"","overlay-gradient":""},"mobile":{"background-color":"var(--ast-global-color-5)","background-image":"","background-repeat":"repeat","background-position":"center center","background-size":"auto","background-attachment":"scroll","background-type":"","background-media":"","overlay-type":"","overlay-color":"","overlay-opacity":"","overlay-gradient":""}},"footnotes":""},"class_list":["post-4786","page","type-page","status-publish","hentry"],"acf":[],"aioseo_notices":[],"_links":{"self":[{"href":"https:\/\/www.vanderwallimmigration.com\/es\/wp-json\/wp\/v2\/pages\/4786","targetHints":{"allow":["GET"]}}],"collection":[{"href":"https:\/\/www.vanderwallimmigration.com\/es\/wp-json\/wp\/v2\/pages"}],"about":[{"href":"https:\/\/www.vanderwallimmigration.com\/es\/wp-json\/wp\/v2\/types\/page"}],"author":[{"embeddable":true,"href":"https:\/\/www.vanderwallimmigration.com\/es\/wp-json\/wp\/v2\/users\/4"}],"replies":[{"embeddable":true,"href":"https:\/\/www.vanderwallimmigration.com\/es\/wp-json\/wp\/v2\/comments?post=4786"}],"version-history":[{"count":0,"href":"https:\/\/www.vanderwallimmigration.com\/es\/wp-json\/wp\/v2\/pages\/4786\/revisions"}],"up":[{"embeddable":true,"href":"https:\/\/www.vanderwallimmigration.com\/es\/wp-json\/wp\/v2\/pages\/3996"}],"wp:attachment":[{"href":"https:\/\/www.vanderwallimmigration.com\/es\/wp-json\/wp\/v2\/media?parent=4786"}],"curies":[{"name":"wp","href":"https:\/\/api.w.org\/{rel}","templated":true}]}}