{"id":4781,"date":"2025-05-15T21:53:34","date_gmt":"2025-05-15T21:53:34","guid":{"rendered":"https:\/\/www.vanderwallimmigration.com\/ubicaciones\/abogado-de-inmigracion-en-medford\/"},"modified":"2025-11-06T01:36:44","modified_gmt":"2025-11-06T01:36:44","slug":"abogado-de-inmigracion-en-medford","status":"publish","type":"page","link":"https:\/\/www.vanderwallimmigration.com\/es\/ubicaciones\/abogado-de-inmigracion-en-medford\/","title":{"rendered":"Abogado de Inmigraci\u00f3n en Medford"},"content":{"rendered":"<h1>Abogado de inmigraci\u00f3n de Medford<\/h1> \t\t\t<a href=\"https:\/\/www.vanderwallimmigration.com\/es\/programar-una-cita\/\" title=\"Haz clic aqu\u00ed\" target=\"_self\"   role=\"button\" aria-label=\"Programar Una Cita\"> \t\t\t\t\t\t\tProgramar Una Cita \t\t<\/a> \t\t\t<h2>Nuestros abogados de inmigraci\u00f3n de Medford pueden ayudarte a ti y a tu familia a alcanzar el sue\u00f1o americano<\/h2>\t\t\t \t<p>Medford, Oreg\u00f3n, alberga una poblaci\u00f3n inmigrante diversa y creciente. Muchos reci\u00e9n llegados llegan en busca de <b>oportunidades de trabajo en la agricultura, la sanidad y la producci\u00f3n de alimentos<\/b>, mientras que otros se instalan en Medford para reunirse con la familia o proseguir sus estudios. Tanto si buscas labrarte un futuro mejor, obtener la residencia legal o buscar protecci\u00f3n a trav\u00e9s de programas humanitarios, navegar por el sistema de inmigraci\u00f3n estadounidense puede resultar abrumador. Incluso para quienes siguen todos los pasos legales, las complejas normativas y las pol\u00edticas cambiantes pueden crear retos inesperados.<\/p> <p>Inmigraci\u00f3n Vanderwall es un equipo de abogados de inmigraci\u00f3n Medford dedicados comprometidos a ayudar a las personas y familias a asegurar su estatus legal en los EE.UU. Si usted est\u00e1 solicitando una tarjeta verde, la b\u00fasqueda de la ciudadan\u00eda, o frente a las preocupaciones de deportaci\u00f3n, proporcionamos orientaci\u00f3n legal de confianza. Con oficinas en Salem y Beaverton, estamos orgullosos de servir a clientes en todo el sur de Oreg\u00f3n y m\u00e1s all\u00e1. Llama a <a href=\"tel:+15032068414\"><b>(503) 206-8414<\/b><\/a> hoy mismo para programar una consulta confidencial.<\/p> <h3> \t\t\t\u00bfC\u00f3mo pueden ayudarte nuestros abogados de inmigraci\u00f3n de Medford?\t<\/h3> \t<p>La ley de inmigraci\u00f3n de EE.UU. est\u00e1 regulada a nivel federal, y <b>el Servicio de Ciudadan\u00eda e Inmigraci\u00f3n de EE.UU. (USCIS)<\/b> se encarga de las solicitudes de visado, residencia permanente y ciudadan\u00eda. Aunque Medford alberga <b>una comunidad inmigrante fuerte y resistente<\/b>, siguen surgiendo obst\u00e1culos legales, por lo que es esencial una representaci\u00f3n profesional.<\/p> <p>La poblaci\u00f3n inmigrante de Medford est\u00e1 creciendo: <b>los residentes latinos constituyen el grupo inmigrante m\u00e1s numeroso<\/b> y comunidades m\u00e1s peque\u00f1as de <b>Asia y Europa<\/b> tambi\u00e9n llaman hogar a la ciudad. Muchos inmigrantes contribuyen a la econom\u00eda de Medford en sectores clave como la <b>agricultura, la producci\u00f3n de alimentos, la construcci\u00f3n y la sanidad<\/b>. La ciudad tambi\u00e9n tiene una <b>larga historia de mano de obra agr\u00edcola inmigrante<\/b> y est\u00e1 experimentando <b>un aumento de llegadas de refugiados<\/b>, incluidos grupos recientes de <b>Ucrania y Afganist\u00e1n<\/b>. Si necesitas ayuda para obtener un visado, defenderte de la deportaci\u00f3n o conseguir una autorizaci\u00f3n de trabajo, nuestro bufete ofrece <b>soluciones jur\u00eddicas personalizadas<\/b> para atender tus necesidades.<\/p> <p>Nuestros abogados de inmigraci\u00f3n en Medford te pueden ayudar con:<\/p> <ul> <li aria-level=\"1\"><b>Ajuste de estatus<\/b>: si est\u00e1s legalmente en EE.UU., puedes optar a solicitar <b>la tarjeta verde sin salir del pa\u00eds.<\/b> Esto te permite permanecer en Medford mientras se tramita tu solicitud.<\/li> <li aria-level=\"1\">Permiso <b>anticipado<\/b> &#8211; Si tienes <b>pendiente una solicitud de ajuste de estatus<\/b>, puede que necesites una autorizaci\u00f3n de viaje del USCIS para salir del pa\u00eds. Sin la autorizaci\u00f3n previa, corres el riesgo de que <b>te denieguen la reentrada<\/b> y de que se complique tu caso de inmigraci\u00f3n.<\/li> <li aria-level=\"1\"><b>Asilo<\/b> &#8211; Medford ha acogido a <b>refugiados y solicitantes de asilo<\/b> de pa\u00edses afectados por conflictos. Si temes <b>ser perseguido por motivos de raza, religi\u00f3n, nacionalidad, opini\u00f3n pol\u00edtica o pertenencia a un grupo social<\/b>, puedes optar al asilo y a un futuro camino hacia la residencia permanente.<\/li> <li aria-level=\"1\"><b>DACA (Acci\u00f3n Diferida para los Llegados en la Infancia)<\/b> &#8211; Muchos beneficiarios de DACA en Medford trabajan en <b>educaci\u00f3n, sanidad y empresas locales.<\/b> Este programa ofrece protecci\u00f3n temporal contra la deportaci\u00f3n y permite a las personas que cumplen los requisitos vivir y trabajar legalmente en EE.UU.<\/li> <li aria-level=\"1\"><b>Defensa contra la deportaci\u00f3n<\/b> &#8211; Aunque Oreg\u00f3n tiene <b>pol\u00edticas de santuario<\/b>, la deportaci\u00f3n sigue siendo una preocupaci\u00f3n para muchos inmigrantes. Representamos a clientes en <b>procedimientos de expulsi\u00f3n<\/b>, explorando opciones de alivio como el <b>asilo, las exenciones y la cancelaci\u00f3n de la expulsi\u00f3n.<\/b><\/li> <li aria-level=\"1\"><b>Visados de prometido(a)<\/b> &#8211; Los ciudadanos estadounidenses pueden solicitar un <b>visado de prometido(a) K-1<\/b>, que permite a su pareja extranjera entrar en EE.UU. La pareja debe <b>casarse en un plazo de 90 d\u00edas<\/b> para que el c\u00f3nyuge inmigrante pueda solicitar la tarjeta verde.<\/li> <li aria-level=\"1\"><b>Tarjetas verdes<\/b> &#8211; Las <b>industrias agr\u00edcola, sanitaria y de servicios<\/b> de Medford dependen de trabajadores inmigrantes, muchos de los cuales solicitan la residencia permanente. Ayudamos a particulares y familias <b>a solicitar la tarjeta verde por motivos familiares, laborales y humanitarios.<\/b><\/li> <li aria-level=\"1\"><b>Parole<\/b> in Place &#8211; Los familiares directos del <b>personal militar estadounidense<\/b> pueden optar a la libertad condicional in place, que les permite permanecer legalmente en Estados Unidos. En Medford viven <b>muchos veteranos y familias de militares<\/b> que se benefician de esta pol\u00edtica.<\/li> <li aria-level=\"1\"><b>Estatus Especial de Inmigrante Juvenil (SIJS)<\/b> &#8211; Medford cuenta con <b>organizaciones locales dedicadas a apoyar a los j\u00f3venes inmigrantes.<\/b> El SIJS proporciona una <b>v\u00eda hacia la residencia permanente<\/b> a los menores que han sufrido <b>abusos, negligencia o abandono.<\/b><\/li> <li aria-level=\"1\"><b>Ciudadan\u00eda de los Estados Unidos<\/b> &#8211; Convertirse en <b>ciudadano naturalizado<\/b> de <b>los EE.UU<\/b>. proporciona ventajas como el <b>derecho de voto, un pasaporte estadounidense y la posibilidad de patrocinar a familiares.<\/b> Guiamos a los residentes de Medford en el <b>proceso de solicitud, examen y entrevista de ciudadan\u00eda.<\/b><\/li> <li aria-level=\"1\"><b>Visado<\/b> <b>U y VAWA<\/b> &#8211; Las inmigrantes que han <b>sido v\u00edctimas de delitos graves o violencia dom\u00e9stica<\/b> pueden optar a <b>protecci\u00f3n legal en virtud del programa de Visado U o de la Ley de Violencia contra las Mujeres (VAWA).<\/b> Estos programas permiten a las supervivientes <b>obtener un estatus legal independientemente de su agresor.<\/b><\/li> <li aria-level=\"1\"><b>Permisos de trabajo<\/b> &#8211; Los <b>pujantes sectores agr\u00edcola, manufacturero y sanitario<\/b> de Medford ofrecen muchas oportunidades de empleo a los inmigrantes. Ayudamos a los clientes con las <b>solicitudes y renovaciones de permisos de trabajo<\/b> para garantizar que puedan trabajar legalmente mientras su caso de inmigraci\u00f3n est\u00e1 pendiente.<\/li> <\/ul> <h3>Ponte en contacto hoy mismo con nuestros abogados de inmigraci\u00f3n de Medford<\/h3> <p>Vanderwall Inmigraci\u00f3n se centra <b>exclusivamente en la ley de inmigraci\u00f3n<\/b>, asegurando que los clientes reciban <b>una representaci\u00f3n experimentada y dedicada.<\/b> Los casos de inmigraci\u00f3n pueden ser <b>complejos y emocionalmente estresantes<\/b>, sobre todo para quienes se desenvuelven en la <b>creciente comunidad inmigrante del sur de Oreg\u00f3n<\/b>. Por eso hacemos hincapi\u00e9 en <b>una orientaci\u00f3n jur\u00eddica clara, precios por adelantado y planes de pago flexibles.<\/b><\/p> <p>Nuestra tarifa de consulta es de <b> 150 d\u00f3lares<\/b>, que se abonar\u00e1n a tu caso si contratas nuestros servicios en un plazo de <b>30 d\u00edas.<\/b> Trabajamos con una <b>estructura de honorarios fijos<\/b>, lo que garantiza que <b>no haya costes ocultos.<\/b> En caso necesario, tambi\u00e9n ofrecemos <b>opciones de pago flexibles<\/b> para que la asistencia jur\u00eddica sea m\u00e1s accesible.<\/p> Las <b>pol\u00edticas de<\/b> Medford <b>favorables a los inmigrantes, los s\u00f3lidos recursos locales y las oportunidades econ\u00f3micas<\/b> la convierten en un lugar prometedor para que se establezcan los inmigrantes. Sin embargo, incluso en una comunidad acogedora, el <b>proceso de inmigraci\u00f3n sigue siendo dif\u00edcil<\/b> sin el apoyo legal adecuado. <b>Si t\u00fa o un ser querido necesit\u00e1is ayuda en inmigraci\u00f3n, no navegu\u00e9is solos por el sistema.<\/b> Ponte en contacto con Vanderwall Immigration hoy mismo para programar una <b>consulta confidencial<\/b> con un abogado experto en inmigraci\u00f3n de Medford. Estamos orgullosos de servir a clientes de todo <b>Oreg\u00f3n y m\u00e1s all\u00e1.<\/b><a title=\"Haz clic aqu\u00ed\" role=\"button\" href=\"https:\/\/www.vanderwallimmigration.com\/es\/programar-una-cita\/\" target=\"_self\" aria-label=\"Schedule Appointment\"><br \/> <\/a> \t<h5> \t\t\t\tPrograme su consulta de inmigraci\u00f3n con un abogado de inmigraci\u00f3n \t\t\t<\/h5> \t\t\t\t<img decoding=\"async\" src=\"https:\/\/www.vanderwallimmigration.com\/wp-content\/uploads\/2024\/10\/logo-duo-img.png\" alt=\"logo-duo-img\" itemprop=\"image\" height=\"230\" width=\"530\" title=\"logo-duo-img\" onerror=\"this.style.display='none'\" loading='lazy' \/> \t<h5> \t\t\t\tsalga de las sombras. \t\t\t<\/h5> \t<h5> \t\t\t\tLl\u00e1menos hoy al \t\t\t<\/h5> \t\t\t<p><a href=\"tel:+15032068414\">+1 503-206-8414<\/a><\/p>\t \t\t\t<a href=\"https:\/\/www.vanderwallimmigration.com\/es\/programar-una-cita\/\" title=\"Haz clic aqu\u00ed\" target=\"_self\"   role=\"button\" aria-label=\"Programar una cita\"> \t\t\t\t\t\t\tProgramar una cita \t\t<\/a>","protected":false},"excerpt":{"rendered":"<p>Abogado de inmigraci\u00f3n de Medford Programar Una Cita Nuestros abogados de inmigraci\u00f3n de Medford pueden ayudarte a ti y a tu familia a alcanzar el sue\u00f1o americano Medford, Oreg\u00f3n, alberga una poblaci\u00f3n inmigrante diversa y creciente. Muchos reci\u00e9n llegados llegan en busca de oportunidades de trabajo en la agricultura, la sanidad y la producci\u00f3n de [&hellip;]<\/p>\n","protected":false},"author":1,"featured_media":0,"parent":3996,"menu_order":0,"comment_status":"closed","ping_status":"open","template":"","meta":{"_acf_changed":false,"site-sidebar-layout":"no-sidebar","site-content-layout":"page-builder","ast-site-content-layout":"full-width-container","site-content-style":"unboxed","site-sidebar-style":"unboxed","ast-global-header-display":"","ast-banner-title-visibility":"","ast-main-header-display":"","ast-hfb-above-header-display":"","ast-hfb-below-header-display":"","ast-hfb-mobile-header-display":"","site-post-title":"disabled","ast-breadcrumbs-content":"","ast-featured-img":"disabled","footer-sml-layout":"","ast-disable-related-posts":"","theme-transparent-header-meta":"enabled","adv-header-id-meta":"","stick-header-meta":"","header-above-stick-meta":"","header-main-stick-meta":"","header-below-stick-meta":"","astra-migrate-meta-layouts":"set","ast-page-background-enabled":"default","ast-page-background-meta":{"desktop":{"background-color":"","background-image":"","background-repeat":"repeat","background-position":"center center","background-size":"auto","background-attachment":"scroll","background-type":"","background-media":"","overlay-type":"","overlay-color":"","overlay-opacity":"","overlay-gradient":""},"tablet":{"background-color":"","background-image":"","background-repeat":"repeat","background-position":"center center","background-size":"auto","background-attachment":"scroll","background-type":"","background-media":"","overlay-type":"","overlay-color":"","overlay-opacity":"","overlay-gradient":""},"mobile":{"background-color":"","background-image":"","background-repeat":"repeat","background-position":"center center","background-size":"auto","background-attachment":"scroll","background-type":"","background-media":"","overlay-type":"","overlay-color":"","overlay-opacity":"","overlay-gradient":""}},"ast-content-background-meta":{"desktop":{"background-color":"var(--ast-global-color-5)","background-image":"","background-repeat":"repeat","background-position":"center center","background-size":"auto","background-attachment":"scroll","background-type":"","background-media":"","overlay-type":"","overlay-color":"","overlay-opacity":"","overlay-gradient":""},"tablet":{"background-color":"var(--ast-global-color-5)","background-image":"","background-repeat":"repeat","background-position":"center center","background-size":"auto","background-attachment":"scroll","background-type":"","background-media":"","overlay-type":"","overlay-color":"","overlay-opacity":"","overlay-gradient":""},"mobile":{"background-color":"var(--ast-global-color-5)","background-image":"","background-repeat":"repeat","background-position":"center center","background-size":"auto","background-attachment":"scroll","background-type":"","background-media":"","overlay-type":"","overlay-color":"","overlay-opacity":"","overlay-gradient":""}},"footnotes":""},"class_list":["post-4781","page","type-page","status-publish","hentry"],"acf":[],"aioseo_notices":[],"_links":{"self":[{"href":"https:\/\/www.vanderwallimmigration.com\/es\/wp-json\/wp\/v2\/pages\/4781","targetHints":{"allow":["GET"]}}],"collection":[{"href":"https:\/\/www.vanderwallimmigration.com\/es\/wp-json\/wp\/v2\/pages"}],"about":[{"href":"https:\/\/www.vanderwallimmigration.com\/es\/wp-json\/wp\/v2\/types\/page"}],"author":[{"embeddable":true,"href":"https:\/\/www.vanderwallimmigration.com\/es\/wp-json\/wp\/v2\/users\/1"}],"replies":[{"embeddable":true,"href":"https:\/\/www.vanderwallimmigration.com\/es\/wp-json\/wp\/v2\/comments?post=4781"}],"version-history":[{"count":0,"href":"https:\/\/www.vanderwallimmigration.com\/es\/wp-json\/wp\/v2\/pages\/4781\/revisions"}],"up":[{"embeddable":true,"href":"https:\/\/www.vanderwallimmigration.com\/es\/wp-json\/wp\/v2\/pages\/3996"}],"wp:attachment":[{"href":"https:\/\/www.vanderwallimmigration.com\/es\/wp-json\/wp\/v2\/media?parent=4781"}],"curies":[{"name":"wp","href":"https:\/\/api.w.org\/{rel}","templated":true}]}}