{"id":4780,"date":"2025-05-15T21:43:13","date_gmt":"2025-05-15T21:43:13","guid":{"rendered":"https:\/\/www.vanderwallimmigration.com\/ubicaciones\/abogado-de-inmigracion-de-seattle\/"},"modified":"2026-04-15T23:09:22","modified_gmt":"2026-04-15T23:09:22","slug":"abogado-de-inmigracion-de-seattle","status":"publish","type":"page","link":"https:\/\/www.vanderwallimmigration.com\/es\/ubicaciones\/abogado-de-inmigracion-de-seattle\/","title":{"rendered":"Abogado de Inmigraci\u00f3n de Seattle"},"content":{"rendered":"<h1>Abogado de inmigraci\u00f3n de Seattle<\/h1> \t\t\t<a href=\"\/es\/formulario-de-cita\/\" title=\"Programar Una Cita\" target=\"_self\"   role=\"button\" aria-label=\"Programar Una Cita\"> \t\t\t\t\t\t\tProgramar Una Cita \t\t<\/a> \t\t\t<h2>Nuestros abogados de inmigraci\u00f3n de Seattle pueden ayudarte a ti y a tu familia a alcanzar el sue\u00f1o americano<\/h2>\t\t\t \t<p>Seattle alberga una de las mayores y m\u00e1s diversas comunidades de inmigrantes del noroeste del Pac\u00edfico. Personas de todo el mundo vienen a Seattle en busca de oportunidades profesionales, educaci\u00f3n o para reunirse con la familia. Como <b>\u00abCiudad Acogedora<\/b>\u00ab, Seattle tiene pol\u00edticas de apoyo a los inmigrantes, pero navegar por el sistema de inmigraci\u00f3n estadounidense puede seguir siendo un reto. Incluso para quienes siguen todos los pasos legales, los procesos de solicitud de visado, residencia permanente y ciudadan\u00eda pueden ser complejos.<\/p> <p>Inmigraci\u00f3n Vanderwall es un equipo de abogados de inmigraci\u00f3n de Seattle dedicados a ayudar a las personas y familias a trav\u00e9s de cada paso del proceso de inmigraci\u00f3n. Tanto si necesitas ayuda para obtener la residencia legal permanente, solicitar la ciudadan\u00eda o abordar otro asunto de inmigraci\u00f3n, estamos aqu\u00ed para proporcionarte apoyo legal experto. Con oficinas en Salem y Beaverton, atendemos a clientes de todo Washington y Oreg\u00f3n. Llama a <a href=\"tel:+15032068414\"><b>(503) 206-8414<\/b><\/a> hoy mismo para concertar una consulta confidencial.<\/p> <h3> \t\t\t\u00bfC\u00f3mo pueden ayudarte nuestros abogados de inmigraci\u00f3n de Seattle?\t<\/h3> \t<p>El <b>sistema de inmigraci\u00f3n de EE.UU. est\u00e1 regulado a nivel federal<\/b>, y <b>los Servicios de Ciudadan\u00eda e Inmigraci\u00f3n de EE.UU. (USCIS)<\/b> supervisan las solicitudes de visados, tarjetas verdes y naturalizaci\u00f3n. La poblaci\u00f3n inmigrante de Seattle ha crecido considerablemente en los \u00faltimos a\u00f1os, y los residentes nacidos en el extranjero representan <b>casi el 19% de la poblaci\u00f3n de la ciudad<\/b>. Muchos inmigrantes proceden de <b>M\u00e9xico, India, China, Filipinas y Vietnam<\/b>, mientras que otros llegan como <b>refugiados de regiones afectadas por conflictos como Somalia, Afganist\u00e1n y Ucrania<\/b>. Seattle es tambi\u00e9n un importante centro de reasentamiento, con el <b>tercer mayor n\u00famero de refugiados de EE.UU.<\/b><\/p> <p>Los inmigrantes desempe\u00f1an un papel vital en la econom\u00eda de Seattle, sobre todo en <b>tecnolog\u00eda, sanidad, servicios profesionales y hosteler\u00eda.<\/b> M\u00e1s <b>del 30% de la mano de obra de Seattle<\/b> en sectores como <b>la tecnolog\u00eda, la asistencia sanitaria y el apoyo<\/b> administrativo es de origen extranjero, y los inmigrantes contribuyen significativamente a la <b>industria de los servicios y los oficios de la construcci\u00f3n<\/b>. Las <b>pol\u00edticas favorables a las empresas<\/b> de Seattle tambi\u00e9n animan a los empresarios inmigrantes a crear sus propias empresas, lo que impulsa a\u00fan m\u00e1s el \u00e9xito econ\u00f3mico de la ciudad. Sin embargo, incluso en una ciudad favorable a los inmigrantes, pueden surgir obst\u00e1culos legales. Nuestro bufete ofrece <b>representaci\u00f3n estrat\u00e9gica en materia de inmigraci\u00f3n<\/b> para ayudar a los clientes a alcanzar sus objetivos a largo plazo.<\/p> <p>Nuestros abogados de inmigraci\u00f3n de Seattle ayudan con:<\/p> <ul> <li aria-level=\"1\"><b>Ajuste de estatus<\/b> &#8211; Los inmigrantes legales ya presentes en EE.UU. pueden optar a solicitar la <b>tarjeta verde sin regresar a su pa\u00eds de origen<\/b>. El ajuste de estatus les permite permanecer en Seattle mientras se tramita su solicitud de residencia.<\/li> <li aria-level=\"1\"><b>Permiso anticipado<\/b> &#8211; Si tienes <b>pendiente una solicitud de ajuste de estatus<\/b>, puede que necesites <b>una autorizaci\u00f3n de viaje del USCIS<\/b> para salir del pa\u00eds y regresar legalmente. Sin la autorizaci\u00f3n previa, corres el riesgo de que <b>te denieguen el reingreso<\/b> y de perder tu condici\u00f3n de inmigrante.<\/li> <li aria-level=\"1\"><b>Asilo<\/b> &#8211; Seattle ha sido durante mucho tiempo una <b>ciudad l\u00edder en el reasentamiento de refugiados<\/b>. Las personas que huyen de <b>la persecuci\u00f3n por motivos de raza, religi\u00f3n, nacionalidad, opini\u00f3n pol\u00edtica o pertenencia a un grupo social<\/b> pueden optar al asilo y, m\u00e1s adelante, a la residencia permanente.<\/li> <li aria-level=\"1\"><b>DACA (Acci\u00f3n Diferida para los Llegados en la Infancia)<\/b> &#8211; Seattle cuenta con una importante <b>comunidad de beneficiarios de DACA<\/b>, muchos de los cuales trabajan en <b>los sectores de la tecnolog\u00eda, la sanidad y los servicios p\u00fablicos<\/b>. Este programa protege de la deportaci\u00f3n a las personas que cumplen los requisitos, al tiempo que les permite trabajar y estudiar legalmente.<\/li> <li aria-level=\"1\"><b>Defensa contra la Deportaci\u00f3n<\/b> &#8211; Aunque Seattle mantiene <b>pol\u00edticas favorables a los inmigrantes<\/b>, la deportaci\u00f3n sigue siendo una grave preocupaci\u00f3n para muchas personas. Nuestro bufete representa a clientes en <b>procedimientos de expulsi\u00f3n<\/b>, ayud\u00e1ndoles a explorar opciones de alivio como el asilo, las exenciones o la cancelaci\u00f3n de la expulsi\u00f3n.<\/li> <li aria-level=\"1\"><b>Visados de prometido(a)<\/b> &#8211; Los ciudadanos estadounidenses pueden solicitar un <b>visado de prometido(a) K-1<\/b>, que permite a su pareja extranjera entrar en el pa\u00eds. La pareja debe <b>casarse en un plazo de 90 d\u00edas<\/b> para que el c\u00f3nyuge inmigrante pueda solicitar la tarjeta verde.<\/li> <li aria-level=\"1\"><b>Tarjetas verdes<\/b> &#8211; Las <b>oportunidades econ\u00f3micas<\/b> de Seattle atraen a muchos inmigrantes que buscan la residencia permanente. Ayudamos a personas y familias <b>a solicitar la tarjeta verde por motivos familiares, laborales y humanitarios.<\/b><\/li> <li aria-level=\"1\"><b>Parole<\/b> in Place &#8211; Los familiares directos de <b>militares<\/b> estadounidenses pueden optar a la libertad condicional in place, que les permite permanecer legalmente en Estados Unidos sin salir del pa\u00eds. Esto es especialmente importante en <b>Seattle, donde viven muchos militares y veteranos.<\/b><\/li> <li aria-level=\"1\"><b>Estatus Especial de Inmigrante Juvenil (SIJS)<\/b> &#8211; Seattle cuenta con numerosas <b>organizaciones sin \u00e1nimo de lucro y grupos de apoyo legal<\/b> que ayudan a los j\u00f3venes inmigrantes. El SIJS proporciona una <b>v\u00eda hacia la residencia permanente<\/b> a los menores que han sufrido <b>abusos, negligencia o abandono.<\/b><\/li> <li aria-level=\"1\"><b>Ciudadan\u00eda de los Estados Unidos<\/b> &#8211; Convertirse en <b>ciudadano naturalizado<\/b> de <b>los EE.UU<\/b>. proporciona ventajas como el <b>derecho de voto, la elegibilidad para el empleo federal y la posibilidad de patrocinar a familiares.<\/b> Ayudamos a los clientes a completar el <b>proceso de solicitud, entrevista y examen de ciudadan\u00eda.<\/b><\/li> <li aria-level=\"1\"><b>Visado<\/b> <b>U y VAWA<\/b> &#8211; Las inmigrantes que han <b>sido v\u00edctimas de violencia dom\u00e9stica o de delitos graves<\/b> pueden acogerse a la <b>protecci\u00f3n legal del programa de Visado U o de la Ley de Violencia contra las Mujeres (VAWA).<\/b> Estos programas permiten a las supervivientes obtener un estatus legal de forma independiente.<\/li> <li aria-level=\"1\"><b>Permisos de trabajo<\/b> &#8211; El <b>floreciente mercado laboral<\/b> de Seattle ofrece muchas oportunidades de empleo a los inmigrantes. Ayudamos con las <b>solicitudes y renovaciones de permisos de trabajo<\/b>, garantizando que los clientes sigan trabajando legalmente mientras su caso de inmigraci\u00f3n est\u00e1 pendiente.<\/li> <\/ul> <h3> \t\t\tPonte en contacto hoy mismo con nuestros abogados de inmigraci\u00f3n de Seattle\t<\/h3> \t<p>Vanderwall Inmigraci\u00f3n se centra <b>exclusivamente en la ley de inmigraci\u00f3n<\/b>, asegurando que los clientes reciban <b>una representaci\u00f3n dedicada y bien informada.<\/b> Los asuntos de inmigraci\u00f3n pueden ser <b>estresantes y exigentes desde el punto de vista econ\u00f3mico<\/b>, sobre todo en una ciudad tan acelerada como Seattle. Por eso hacemos hincapi\u00e9 en <b>la orientaci\u00f3n jur\u00eddica directa, los precios transparentes y las opciones de pago flexibles.<\/b><\/p> <p>Nuestra tarifa de consulta es de <b> 150 d\u00f3lares<\/b>, que se abonar\u00e1n a tu caso si contratas nuestros servicios en un plazo de <b>30 d\u00edas.<\/b> Trabajamos con <b>una estructura de honorarios fijos<\/b>, lo que garantiza que recibas <b>una estimaci\u00f3n de costes por adelantado, sin cargos ocultos.<\/b> En caso necesario, disponemos de <b>planes de pago flexibles<\/b> para hacer m\u00e1s accesibles unos servicios jur\u00eddicos de calidad.<\/p> <p><b>Las pol\u00edticas de<\/b> Seattle <b>favorables a los inmigrantes, la expansi\u00f3n del mercado laboral y los s\u00f3lidos recursos locales<\/b> la convierten en un lugar privilegiado para los inmigrantes que buscan labrarse un futuro. Sin embargo, incluso en un entorno favorable, el <b>proceso de inmigraci\u00f3n sigue siendo dif\u00edcil<\/b> sin la orientaci\u00f3n adecuada. <b>Si t\u00fa o un ser querido necesit\u00e1is ayuda en inmigraci\u00f3n, no os enfrent\u00e9is solos.<\/b> Ponte en contacto con Vanderwall Immigration hoy mismo para programar una <b>consulta confidencial<\/b> con un abogado experto en inmigraci\u00f3n de Seattle. Estamos orgullosos de servir a clientes de todo <b>Washington y m\u00e1s all\u00e1.<\/b><\/p> \t<h5> \t\t\t\tPrograme su consulta de inmigraci\u00f3n con un abogado de inmigraci\u00f3n \t\t\t<\/h5> <figure itemscope itemtype=\"https:\/\/schema.org\/ImageObject\"> \t\t\t\t<img decoding=\"async\" src=\"https:\/\/www.vanderwallimmigration.com\/wp-content\/uploads\/2025\/09\/2025-footer-banner-awards-layout.png\" alt=\"2025-footer-banner-awards-layout\" height=\"420\" width=\"600\" title=\"2025-footer-banner-awards-layout\" onerror=\"this.style.display='none'\" loading=\"lazy\" \/> \t<\/figure> \t<h5> \t\t\t\tsalga de las sombras. \t\t\t<\/h5> \t<h5> \t\t\t\tLl\u00e1menos hoy al \t\t\t<\/h5> \t\t\t<p><a href=\"tel:+15032068414\">+1 503-206-8414<\/a><\/p>\t \t\t\t<a href=\"https:\/\/www.vanderwallimmigration.com\/schedule-appointment\/\" title=\"Programar una cita\" target=\"_self\"   role=\"button\" aria-label=\"Programar una cita\"> \t\t\t\t\t\t\tProgramar una cita \t\t<\/a>","protected":false},"excerpt":{"rendered":"<p>Abogado de inmigraci\u00f3n de Seattle Programar Una Cita Nuestros abogados de inmigraci\u00f3n de Seattle pueden ayudarte a ti y a tu familia a alcanzar el sue\u00f1o americano Seattle alberga una de las mayores y m\u00e1s diversas comunidades de inmigrantes del noroeste del Pac\u00edfico. Personas de todo el mundo vienen a Seattle en busca de oportunidades [&hellip;]<\/p>\n","protected":false},"author":1,"featured_media":0,"parent":3996,"menu_order":0,"comment_status":"closed","ping_status":"open","template":"","meta":{"_acf_changed":false,"site-sidebar-layout":"no-sidebar","site-content-layout":"page-builder","ast-site-content-layout":"full-width-container","site-content-style":"unboxed","site-sidebar-style":"unboxed","ast-global-header-display":"","ast-banner-title-visibility":"","ast-main-header-display":"","ast-hfb-above-header-display":"","ast-hfb-below-header-display":"","ast-hfb-mobile-header-display":"","site-post-title":"disabled","ast-breadcrumbs-content":"","ast-featured-img":"disabled","footer-sml-layout":"","ast-disable-related-posts":"","theme-transparent-header-meta":"enabled","adv-header-id-meta":"","stick-header-meta":"","header-above-stick-meta":"","header-main-stick-meta":"","header-below-stick-meta":"","astra-migrate-meta-layouts":"set","ast-page-background-enabled":"default","ast-page-background-meta":{"desktop":{"background-color":"","background-image":"","background-repeat":"repeat","background-position":"center center","background-size":"auto","background-attachment":"scroll","background-type":"","background-media":"","overlay-type":"","overlay-color":"","overlay-opacity":"","overlay-gradient":""},"tablet":{"background-color":"","background-image":"","background-repeat":"repeat","background-position":"center center","background-size":"auto","background-attachment":"scroll","background-type":"","background-media":"","overlay-type":"","overlay-color":"","overlay-opacity":"","overlay-gradient":""},"mobile":{"background-color":"","background-image":"","background-repeat":"repeat","background-position":"center center","background-size":"auto","background-attachment":"scroll","background-type":"","background-media":"","overlay-type":"","overlay-color":"","overlay-opacity":"","overlay-gradient":""}},"ast-content-background-meta":{"desktop":{"background-color":"var(--ast-global-color-5)","background-image":"","background-repeat":"repeat","background-position":"center center","background-size":"auto","background-attachment":"scroll","background-type":"","background-media":"","overlay-type":"","overlay-color":"","overlay-opacity":"","overlay-gradient":""},"tablet":{"background-color":"var(--ast-global-color-5)","background-image":"","background-repeat":"repeat","background-position":"center center","background-size":"auto","background-attachment":"scroll","background-type":"","background-media":"","overlay-type":"","overlay-color":"","overlay-opacity":"","overlay-gradient":""},"mobile":{"background-color":"var(--ast-global-color-5)","background-image":"","background-repeat":"repeat","background-position":"center center","background-size":"auto","background-attachment":"scroll","background-type":"","background-media":"","overlay-type":"","overlay-color":"","overlay-opacity":"","overlay-gradient":""}},"footnotes":""},"class_list":["post-4780","page","type-page","status-publish","hentry"],"acf":[],"aioseo_notices":[],"_links":{"self":[{"href":"https:\/\/www.vanderwallimmigration.com\/es\/wp-json\/wp\/v2\/pages\/4780","targetHints":{"allow":["GET"]}}],"collection":[{"href":"https:\/\/www.vanderwallimmigration.com\/es\/wp-json\/wp\/v2\/pages"}],"about":[{"href":"https:\/\/www.vanderwallimmigration.com\/es\/wp-json\/wp\/v2\/types\/page"}],"author":[{"embeddable":true,"href":"https:\/\/www.vanderwallimmigration.com\/es\/wp-json\/wp\/v2\/users\/1"}],"replies":[{"embeddable":true,"href":"https:\/\/www.vanderwallimmigration.com\/es\/wp-json\/wp\/v2\/comments?post=4780"}],"version-history":[{"count":0,"href":"https:\/\/www.vanderwallimmigration.com\/es\/wp-json\/wp\/v2\/pages\/4780\/revisions"}],"up":[{"embeddable":true,"href":"https:\/\/www.vanderwallimmigration.com\/es\/wp-json\/wp\/v2\/pages\/3996"}],"wp:attachment":[{"href":"https:\/\/www.vanderwallimmigration.com\/es\/wp-json\/wp\/v2\/media?parent=4780"}],"curies":[{"name":"wp","href":"https:\/\/api.w.org\/{rel}","templated":true}]}}