{"id":4779,"date":"2025-05-15T21:44:41","date_gmt":"2025-05-15T21:44:41","guid":{"rendered":"https:\/\/www.vanderwallimmigration.com\/ubicaciones\/abogado-de-inmigracion-en-spokane\/"},"modified":"2026-04-15T23:09:27","modified_gmt":"2026-04-15T23:09:27","slug":"abogado-de-inmigracion-en-spokane","status":"publish","type":"page","link":"https:\/\/www.vanderwallimmigration.com\/es\/ubicaciones\/abogado-de-inmigracion-en-spokane\/","title":{"rendered":"Abogado de Inmigraci\u00f3n en Spokane"},"content":{"rendered":"\n\n\t<h1>Abogado de inmigraci\u00f3n de Spokane<\/h1>\n\t\t\t<a href=\"\/es\/formulario-de-cita\/\" title=\"Programar Una Cita\" target=\"_self\"   role=\"button\" aria-label=\"Programar Una Cita\">\n\t\t\t\t\t\t\tProgramar Una Cita\n\t\t<\/a>\n\t\t\t<h2>Nuestros abogados de inmigraci\u00f3n de Spokane pueden ayudarte a ti y a tu familia a alcanzar el sue\u00f1o americano<\/h2>\t\t\t\n\t<p>Personas de todo el mundo deciden establecerse en Estados Unidos, y la zona de Spokane, Washington, se ha convertido en un destino cada vez m\u00e1s importante. Ya sea buscando nuevas oportunidades de trabajo, reuni\u00e9ndose con la familia o escapando de condiciones inseguras, muchos comparten el mismo objetivo: establecer un futuro estable y seguro. Sin embargo, el sistema de inmigraci\u00f3n estadounidense puede resultar abrumador, incluso para quienes siguen todos los requisitos legales. Navegar por las solicitudes de visado, residencia permanente o ciudadan\u00eda suele requerir apoyo legal experimentado.<\/p>\n<p>Inmigraci\u00f3n Vanderwall es un equipo de abogados de inmigraci\u00f3n Spokane dedicados comprometidos a ayudar a individuos y familias a superar los obst\u00e1culos de inmigraci\u00f3n. Si necesitas ayuda para obtener la residencia permanente legal, conseguir un visado o luchar contra la deportaci\u00f3n, nuestro equipo est\u00e1 aqu\u00ed para ayudarte. Llama a <a href=\"tel:+15032068414\"><b>(503) 206-8414<\/b><\/a> hoy mismo para concertar una consulta confidencial.<\/p>\n<h3>\n\t\t\t\u00bfC\u00f3mo pueden ayudarte nuestros abogados de inmigraci\u00f3n de Spokane?\t<\/h3>\n\t\n<p>El sistema de inmigraci\u00f3n estadounidense est\u00e1 regulado a nivel federal, y <b>el Servicio de Ciudadan\u00eda e Inmigraci\u00f3n (USCIS)<\/b> supervisa las solicitudes de visados, tarjetas de residencia y ciudadan\u00eda. Spokane alberga <b>una creciente poblaci\u00f3n de inmigrantes y refugiados<\/b>, muchos de los cuales llegan de <b>M\u00e9xico, Canad\u00e1, Ucrania, Vietnam y Rusia.<\/b> Adem\u00e1s, la comunidad de refugiados de Spokane incluye a personas procedentes de <b>Afganist\u00e1n, Somalia, Myanmar y otras regiones afectadas por conflictos<\/b>, muchas de las cuales se han reasentado a trav\u00e9s de programas apoyados por el gobierno federal.<\/p>\n<p>Los inmigrantes contribuyen significativamente a la mano de obra de Spokane, sobre todo en la <b>industria manufacturera, la sanidad, la educaci\u00f3n y la hosteler\u00eda.<\/b> Muchos trabajadores nacidos en el extranjero desempe\u00f1an funciones esenciales en <b>los sectores de la construcci\u00f3n, la restauraci\u00f3n y la agricultura<\/b> de Spokane, contribuyendo a sostener la econom\u00eda local. Aunque Spokane ofrece <b>apoyo comunitario y programas locales para ayudar a los inmigrantes<\/b>, siguen existiendo obst\u00e1culos legales, por lo que es fundamental una representaci\u00f3n legal cualificada.<\/p>\n<p>Nuestros abogados de inmigraci\u00f3n en Spokane te pueden ayudar con:<\/p>\n<ul>\n<li aria-level=\"1\"><b>Ajuste de estatus<\/b>: los inmigrantes legales que ya se encuentran en EE.UU. pueden solicitar <b>la tarjeta verde sin salir del pa\u00eds.<\/b> Este proceso les permite permanecer en Spokane mientras esperan la aprobaci\u00f3n de la residencia.<\/li>\n<li aria-level=\"1\">Libertad Condicional <b>Anticipada<\/b> &#8211; Las personas con solicitudes de ajuste de estatus pendientes pueden necesitar <b>una autorizaci\u00f3n de viaje del USCIS<\/b> para salir de EE.UU. Sin la libertad condicional anticipada, podr\u00eda denegarse la reentrada, lo que interrumpir\u00eda un caso de inmigraci\u00f3n.<\/li>\n<li aria-level=\"1\"><b>Asilo<\/b> &#8211; Spokane tiene una larga historia de acogida de <b>solicitantes de asilo y refugiados.<\/b> Quienes huyen de <b>la persecuci\u00f3n por motivos de raza, religi\u00f3n, nacionalidad, opini\u00f3n pol\u00edtica o pertenencia a un grupo social<\/b> pueden optar a la protecci\u00f3n del asilo, que puede conducir a la residencia permanente.<\/li>\n<li aria-level=\"1\"><b>DACA (Acci\u00f3n Diferida para los Llegados en la Infancia)<\/b> &#8211; Muchos beneficiarios de DACA en Spokane trabajan en <b>educaci\u00f3n, sanidad y servicios comunitarios.<\/b> Este programa protege a determinadas personas que llegaron a Estados Unidos siendo ni\u00f1os, permiti\u00e9ndoles vivir y trabajar legalmente.<\/li>\n<li aria-level=\"1\"><b>Defensa contra la deportaci\u00f3n<\/b> &#8211; Aunque el estado de Washington sigue <b>pol\u00edticas favorables a los inmigrantes<\/b>, la deportaci\u00f3n sigue siendo un riesgo para muchos residentes de Spokane. Defendemos a personas en <b>procedimientos de expulsi\u00f3n<\/b>, ayud\u00e1ndoles a buscar opciones de alivio como el asilo, la cancelaci\u00f3n de la expulsi\u00f3n o las exenciones.<\/li>\n<li aria-level=\"1\"><b>Visados de prometido(a)<\/b> &#8211; Si eres ciudadano estadounidense y piensas casarte con un ciudadano extranjero, un <b>visado de prometido(a) K-1<\/b> permite a tu pareja entrar en EE.UU. El matrimonio debe celebrarse en un plazo de <b>90 d\u00edas<\/b> para poder solicitar la tarjeta verde.<\/li>\n<li aria-level=\"1\"><b>Tarjetas verdes<\/b> &#8211; Muchos inmigrantes de Spokane <b>buscan la residencia permanente<\/b> para establecer carreras a largo plazo y estabilidad familiar. Ayudamos a solicitar la tarjeta verde <b>por motivos familiares, laborales y humanitarios<\/b>.<\/li>\n<li aria-level=\"1\"><b>Parole<\/b> <b>in Place<\/b>&#8211; Los familiares directos del <b>personal militar estadounidense<\/b> pueden optar a <b>la libertad condicional in situ<\/b>, lo que les permite permanecer legalmente en Estados Unidos. Spokane tiene una fuerte <b>comunidad militar y de veteranos<\/b>, lo que hace que \u00e9sta sea una opci\u00f3n vital para las familias locales.<\/li>\n<li aria-level=\"1\"><b>Estatus Especial de Inmigrante Juvenil (SIJS<\/b> ) &#8211; Las <b>organizaciones de ayuda jur\u00eddica y sin \u00e1nimo de lucro<\/b> de Spokane prestan asistencia a los j\u00f3venes inmigrantes. El SIJS ayuda a los menores que han <b>sufrido abusos, negligencia o<\/b> abandono a obtener la residencia legal en EEUU.<\/li>\n<li aria-level=\"1\"><b>Ciudadan\u00eda de los Estados Unidos<\/b> &#8211; Convertirse en <b>ciudadano naturalizado de los EE.UU<\/b>. otorga la capacidad de votar, obtener un <b>pasaporte estadounidense<\/b> y patrocinar a familiares. Ayudamos a los residentes de Spokane a navegar por el proceso de solicitud, examen y entrevista de ciudadan\u00eda.<\/li>\n<li aria-level=\"1\">Visado <b>U y VAWA<\/b> &#8211; Las v\u00edctimas de <b>violencia dom\u00e9stica o de delitos graves<\/b> pueden acogerse a la protecci\u00f3n legal del <b>programa de Visado U o de la Ley de Violencia contra las Mujeres (VAWA).<\/b> Estos programas permiten a las supervivientes obtener un estatus legal de inmigraci\u00f3n de forma independiente.<\/li>\n<li><b>Permisos de trabajo<\/b> &#8211; Las <b>diversas industrias<\/b> de Spokane <b>, como la sanitaria y la tecnol\u00f3gica,<\/b> emplean a muchos inmigrantes. Ayudamos a los clientes con las <b>solicitudes y renovaciones de permisos de trabajo<\/b> para garantizar que puedan seguir trabajando legalmente mientras su caso de inmigraci\u00f3n est\u00e1 pendiente.<\/li>\n<\/ul>\n<h3>Contacta hoy con nuestros abogados de inmigraci\u00f3n en Spokane<\/h3>\n<p>Vanderwall Immigration se centra <b>exclusivamente en la ley de inmigraci\u00f3n<\/b>, asegurando que los clientes reciban <b>una representaci\u00f3n experimentada y dedicada.<\/b> Los asuntos de inmigraci\u00f3n pueden ser <b>estresantes y legalmente complejos<\/b>, especialmente para la creciente poblaci\u00f3n de refugiados e inmigrantes de Spokane. Por eso damos prioridad a <b>una orientaci\u00f3n jur\u00eddica clara, precios transparentes y opciones de pago flexibles.<\/b><\/p>\n<p>Nuestra tarifa de consulta es de <b> 150 d\u00f3lares<\/b>, que se abonar\u00e1n a tu caso si contratas nuestros servicios en un plazo de <b>30 d\u00edas.<\/b> Trabajamos con una <b>estructura de honorarios fijos<\/b>, lo que significa que recibir\u00e1s <b>un presupuesto por adelantado sin cargos ocultos.<\/b> En caso necesario, tambi\u00e9n ofrecemos <b>planes de pago flexibles<\/b> para hacer m\u00e1s accesibles unos servicios jur\u00eddicos de calidad.<\/p>\nLas <b>pol\u00edticas de<\/b> Spokane <b>favorables a los inmigrantes, su mercado laboral en expansi\u00f3n y sus s\u00f3lidos recursos comunitarios<\/b> la convierten en un lugar prometedor para que los inmigrantes se labren un futuro. Sin embargo, incluso en un entorno favorable, el <b>proceso legal de inmigraci\u00f3n sigue siendo dif\u00edcil<\/b> sin la ayuda adecuada. <b>Si t\u00fa o un ser querido necesit\u00e1is ayuda en inmigraci\u00f3n, no pas\u00e9is por ello solos.<\/b> Ponte en contacto con Vanderwall Immigration hoy mismo para programar una <b>consulta confidencial<\/b> con un abogado experto en inmigraci\u00f3n de Spokane. Estamos orgullosos de servir a clientes de todo <b>Washington y m\u00e1s all\u00e1.<\/b><a title=\"Haz clic aqu\u00ed\" role=\"button\" href=\"https:\/\/www.vanderwallimmigration.com\/es\/programar-una-cita\/\" target=\"_self\" aria-label=\"Schedule Appointment\"><br \/>\n<\/a>\n\t<h5>\n\t\t\t\tPrograme su consulta de inmigraci\u00f3n con un abogado de inmigraci\u00f3n\n\t\t\t<\/h5>\n<figure itemscope itemtype=\"https:\/\/schema.org\/ImageObject\">\n\t\t\t\t<img decoding=\"async\" src=\"https:\/\/www.vanderwallimmigration.com\/wp-content\/uploads\/2025\/09\/2025-footer-banner-awards-layout.png\" alt=\"2025-footer-banner-awards-layout\" height=\"420\" width=\"600\" title=\"2025-footer-banner-awards-layout\" onerror=\"this.style.display='none'\" loading=\"lazy\" \/>\n\t<\/figure>\n\t<h5>\n\t\t\t\tsalga de las sombras.\n\t\t\t<\/h5>\n\t<h5>\n\t\t\t\tLl\u00e1menos hoy al\n\t\t\t<\/h5>\n\t\t\t<p><a href=\"tel:+15032068414\">+1 503-206-8414<\/a><\/p>\t\n\t\t\t<a href=\"https:\/\/www.vanderwallimmigration.com\/schedule-appointment\/\" title=\"Programar una cita\" target=\"_self\"   role=\"button\" aria-label=\"Programar una cita\">\n\t\t\t\t\t\t\tProgramar una cita\n\t\t<\/a>\n\n","protected":false},"excerpt":{"rendered":"<p>Abogado de inmigraci\u00f3n de Spokane Programar Una Cita Nuestros abogados de inmigraci\u00f3n de Spokane pueden ayudarte a ti y a tu familia a alcanzar el sue\u00f1o americano Personas de todo el mundo deciden establecerse en Estados Unidos, y la zona de Spokane, Washington, se ha convertido en un destino cada vez m\u00e1s importante. Ya sea [&hellip;]<\/p>\n","protected":false},"author":4,"featured_media":0,"parent":3996,"menu_order":0,"comment_status":"closed","ping_status":"open","template":"","meta":{"_acf_changed":false,"site-sidebar-layout":"no-sidebar","site-content-layout":"page-builder","ast-site-content-layout":"full-width-container","site-content-style":"unboxed","site-sidebar-style":"unboxed","ast-global-header-display":"","ast-banner-title-visibility":"","ast-main-header-display":"","ast-hfb-above-header-display":"","ast-hfb-below-header-display":"","ast-hfb-mobile-header-display":"","site-post-title":"disabled","ast-breadcrumbs-content":"","ast-featured-img":"disabled","footer-sml-layout":"","ast-disable-related-posts":"","theme-transparent-header-meta":"enabled","adv-header-id-meta":"","stick-header-meta":"","header-above-stick-meta":"","header-main-stick-meta":"","header-below-stick-meta":"","astra-migrate-meta-layouts":"set","ast-page-background-enabled":"default","ast-page-background-meta":{"desktop":{"background-color":"","background-image":"","background-repeat":"repeat","background-position":"center center","background-size":"auto","background-attachment":"scroll","background-type":"","background-media":"","overlay-type":"","overlay-color":"","overlay-opacity":"","overlay-gradient":""},"tablet":{"background-color":"","background-image":"","background-repeat":"repeat","background-position":"center center","background-size":"auto","background-attachment":"scroll","background-type":"","background-media":"","overlay-type":"","overlay-color":"","overlay-opacity":"","overlay-gradient":""},"mobile":{"background-color":"","background-image":"","background-repeat":"repeat","background-position":"center center","background-size":"auto","background-attachment":"scroll","background-type":"","background-media":"","overlay-type":"","overlay-color":"","overlay-opacity":"","overlay-gradient":""}},"ast-content-background-meta":{"desktop":{"background-color":"var(--ast-global-color-5)","background-image":"","background-repeat":"repeat","background-position":"center center","background-size":"auto","background-attachment":"scroll","background-type":"","background-media":"","overlay-type":"","overlay-color":"","overlay-opacity":"","overlay-gradient":""},"tablet":{"background-color":"var(--ast-global-color-5)","background-image":"","background-repeat":"repeat","background-position":"center center","background-size":"auto","background-attachment":"scroll","background-type":"","background-media":"","overlay-type":"","overlay-color":"","overlay-opacity":"","overlay-gradient":""},"mobile":{"background-color":"var(--ast-global-color-5)","background-image":"","background-repeat":"repeat","background-position":"center center","background-size":"auto","background-attachment":"scroll","background-type":"","background-media":"","overlay-type":"","overlay-color":"","overlay-opacity":"","overlay-gradient":""}},"footnotes":""},"class_list":["post-4779","page","type-page","status-publish","hentry"],"acf":[],"aioseo_notices":[],"_links":{"self":[{"href":"https:\/\/www.vanderwallimmigration.com\/es\/wp-json\/wp\/v2\/pages\/4779","targetHints":{"allow":["GET"]}}],"collection":[{"href":"https:\/\/www.vanderwallimmigration.com\/es\/wp-json\/wp\/v2\/pages"}],"about":[{"href":"https:\/\/www.vanderwallimmigration.com\/es\/wp-json\/wp\/v2\/types\/page"}],"author":[{"embeddable":true,"href":"https:\/\/www.vanderwallimmigration.com\/es\/wp-json\/wp\/v2\/users\/4"}],"replies":[{"embeddable":true,"href":"https:\/\/www.vanderwallimmigration.com\/es\/wp-json\/wp\/v2\/comments?post=4779"}],"version-history":[{"count":0,"href":"https:\/\/www.vanderwallimmigration.com\/es\/wp-json\/wp\/v2\/pages\/4779\/revisions"}],"up":[{"embeddable":true,"href":"https:\/\/www.vanderwallimmigration.com\/es\/wp-json\/wp\/v2\/pages\/3996"}],"wp:attachment":[{"href":"https:\/\/www.vanderwallimmigration.com\/es\/wp-json\/wp\/v2\/media?parent=4779"}],"curies":[{"name":"wp","href":"https:\/\/api.w.org\/{rel}","templated":true}]}}