{"id":4778,"date":"2025-05-15T21:46:14","date_gmt":"2025-05-15T21:46:14","guid":{"rendered":"https:\/\/www.vanderwallimmigration.com\/ubicaciones\/abogado-de-inmigracion-en-boise\/"},"modified":"2026-04-15T23:09:34","modified_gmt":"2026-04-15T23:09:34","slug":"abogado-de-inmigracion-en-boise","status":"publish","type":"page","link":"https:\/\/www.vanderwallimmigration.com\/es\/ubicaciones\/abogado-de-inmigracion-en-boise\/","title":{"rendered":"Abogado de Inmigraci\u00f3n en Boise"},"content":{"rendered":"\n\n\t<h1>Abogado de inmigraci\u00f3n de Boise<\/h1>\n\t\t\t<a href=\"\/es\/formulario-de-cita\/\" title=\"Programar Una Cita\" target=\"_self\"   role=\"button\" aria-label=\"Programar Una Cita\">\n\t\t\t\t\t\t\tProgramar Una Cita\n\t\t<\/a>\n\t\t\t<h2>Nuestros abogados de inmigraci\u00f3n de Boise pueden ayudarte a ti y a tu familia a alcanzar el sue\u00f1o americano<\/h2>\t\t\t\n\t<p>Boise es desde hace tiempo un lugar acogedor para los inmigrantes, que ofrece oportunidades de trabajo, educaci\u00f3n y una mejor calidad de vida. Como <b>\u00abCiudad Acogedora<\/b> \u00bb y uno de los centros de reasentamiento de refugiados m\u00e1s activos del pa\u00eds, Boise ofrece una s\u00f3lida red de apoyo a los reci\u00e9n llegados. Cada a\u00f1o, cientos de inmigrantes y refugiados llegan a Boise: algunos para reunirse con la familia, otros para trabajar en las pr\u00f3speras <b>industrias tecnol\u00f3gica, manufacturera y agr\u00edcola<\/b> de la ciudad, y muchos en busca de seguridad y estabilidad. Sin embargo, el sistema de inmigraci\u00f3n estadounidense puede ser complejo, e incluso quienes siguen cuidadosamente el proceso legal pueden encontrarse con dificultades.<\/p>\n<p>Inmigraci\u00f3n Vanderwall es un equipo de abogados de inmigraci\u00f3n Boise dedicados comprometidos a ayudar a las personas y familias a navegar su viaje de inmigraci\u00f3n. Si necesitas ayuda para obtener la residencia permanente legal, solicitar la ciudadan\u00eda o defenderte de la deportaci\u00f3n, estamos aqu\u00ed para proporcionarte apoyo legal experimentado. Nuestro bufete atiende a clientes de todo Idaho y m\u00e1s all\u00e1, asegur\u00e1ndose de que reciben la orientaci\u00f3n jur\u00eddica necesaria para alcanzar sus objetivos de inmigraci\u00f3n. Llama a <a href=\"tel:+15032068414\"><b>(503) 206-8414<\/b><\/a> hoy mismo para concertar una consulta confidencial.<\/p>\n<h3>\n\t\t\t\u00bfC\u00f3mo pueden ayudarte nuestros abogados de inmigraci\u00f3n de Boise?\t<\/h3>\n\t\n<p>El sistema de inmigraci\u00f3n de EE.UU. est\u00e1 regulado a nivel federal, y el Servicio de Ciudadan\u00eda e Inmigraci\u00f3n de EE.UU. (USCIS) supervisa las solicitudes de visado, tarjetas de residencia y peticiones de ciudadan\u00eda. Aunque Boise ofrece una comunidad fuerte y recursos locales para los inmigrantes, siguen surgiendo obst\u00e1culos legales, por lo que es esencial una representaci\u00f3n legal profesional.<\/p>\n<p>Prestamos servicios integrales de inmigraci\u00f3n, centr\u00e1ndonos en la <b>representaci\u00f3n personalizada, la comunicaci\u00f3n clara y las soluciones pr\u00e1cticas.<\/b> La poblaci\u00f3n inmigrante de Boise ha crecido significativamente en las \u00faltimas d\u00e9cadas, con grandes comunidades procedentes de <b>M\u00e9xico, Canad\u00e1, China, India y Bosnia<\/b>. La ciudad alberga tambi\u00e9n una fuerte poblaci\u00f3n de refugiados de pa\u00edses como <b>Irak, la Rep\u00fablica Democr\u00e1tica del Congo, Myanmar y Siria<\/b>. Muchos inmigrantes trabajan en la <b>agricultura, la industria manufacturera, la tecnolog\u00eda y la hosteler\u00eda<\/b>, contribuyendo a impulsar la econom\u00eda de Boise. Sean cuales sean tus necesidades de inmigraci\u00f3n, nuestro bufete est\u00e1 aqu\u00ed para ayudarte.<\/p>\n<p>Nuestros abogados de inmigraci\u00f3n de Boise ayudan con:<\/p>\n<ul>\n<li aria-level=\"1\"><b>Ajuste de estatus<\/b>: las personas que ya se encuentran legalmente en EE.UU. pueden solicitar la tarjeta verde sin salir del pa\u00eds. Este proceso permite a los inmigrantes que cumplen los requisitos permanecer en EE.UU. mientras esperan la residencia permanente. La creciente mano de obra inmigrante de Boise y los patrocinios familiares hacen que el ajuste de estatus sea un proceso cr\u00edtico para muchos.<\/li>\n<li aria-level=\"1\">Permiso <b>anticipado<\/b> &#8211; Si tienes pendiente una solicitud de ajuste de estatus, puede que necesites permiso del USCIS para viajar al extranjero. Sin el permiso anticipado, salir de EE.UU. podr\u00eda dar lugar a la denegaci\u00f3n del reingreso, por lo que se trata de un tr\u00e1mite esencial para muchos inmigrantes de Boise, especialmente los que tienen lazos familiares internacionales.<\/li>\n<li aria-level=\"1\"><b>Asilo<\/b> &#8211; Boise ha sido una ciudad clave para el reasentamiento de refugiados durante d\u00e9cadas. Las personas que huyen de la persecuci\u00f3n por motivos de <b>raza, religi\u00f3n, nacionalidad, opini\u00f3n pol\u00edtica o pertenencia a un grupo social<\/b> pueden optar al asilo, que ofrece una v\u00eda hacia la residencia permanente. Los programas de refugiados de la ciudad ayudan a muchos solicitantes a establecer nuevas vidas.<\/li>\n<li aria-level=\"1\"><b>DACA (Acci\u00f3n Diferida para los Llegados en la Infancia)<\/b> &#8211; Muchos beneficiarios de DACA en Boise contribuyen en sectores como <b>la educaci\u00f3n, la sanidad y el trabajo de servicios<\/b>. Este programa permite a quienes llegaron a EE.UU. siendo ni\u00f1os vivir, trabajar y estudiar sin miedo a la deportaci\u00f3n, aunque no proporciona la residencia permanente.<\/li>\n<li aria-level=\"1\"><b>Defensa contra la deportaci\u00f3n<\/b> &#8211; Aunque Boise es conocida por sus <b>pol\u00edticas favorables a los inmigrantes<\/b>, la deportaci\u00f3n sigue siendo un riesgo importante para muchos. Nuestro bufete representa a personas en procedimientos de expulsi\u00f3n, ayud\u00e1ndoles a explorar todas las defensas legales, incluidas las solicitudes de asilo y los ajustes de estatus.<\/li>\n<li aria-level=\"1\"><b>Visados de prometido(a)<\/b> &#8211; Los ciudadanos estadounidenses pueden solicitar un <b>visado de prometido(a) K-1<\/b>, que permite a su pareja extranjera entrar en EE.UU. y casarse legalmente en un plazo de 90 d\u00edas. El ambiente acogedor de Boise y su coste de vida asequible la convierten en un destino popular para las parejas que inician su futuro juntos.<\/li>\n<li aria-level=\"1\"><b>Tarjetas verdes<\/b> &#8211; Muchos inmigrantes de Boise buscan la residencia permanente para asegurarse la estabilidad laboral y familiar. Ayudamos con las solicitudes de permiso de residencia por motivos familiares, laborales y humanitarios, garantizando un proceso fluido.<\/li>\n<li aria-level=\"1\"><b>Parole<\/b> in Place &#8211; Los familiares directos del personal militar estadounidense pueden optar a la libertad condicional in place, que les permite <b>permanecer legalmente en Estados Unidos<\/b>. Boise tiene una fuerte presencia militar, por lo que es una opci\u00f3n importante para las familias en servicio.<\/li>\n<li aria-level=\"1\"><b>Estatus Especial de Inmigrante Juvenil (SIJS)<\/b> &#8211; En Boise hay organizaciones que apoyan a los j\u00f3venes inmigrantes, incluidos los que han sido abandonados, desatendidos o maltratados por uno de sus padres. El SIJS proporciona una v\u00eda legal hacia la residencia permanente a los menores en estas circunstancias.<\/li>\n<li aria-level=\"1\"><b>Ciudadan\u00eda estadounidense<\/b> &#8211; Boise tiene una poblaci\u00f3n creciente de ciudadanos naturalizados. Convertirse en ciudadano estadounidense proporciona ventajas como el <b>derecho de voto, la posibilidad de optar a empleos federales y oportunidades de patrocinio familiar<\/b>. Nuestro bufete ayuda a los clientes en el proceso de naturalizaci\u00f3n, desde la solicitud hasta la prueba de ciudadan\u00eda.<\/li>\n<li aria-level=\"1\">Visado <b>U y VAWA<\/b> &#8211; Las v\u00edctimas de <b>delitos o violencia dom\u00e9stica<\/b> pueden optar a una ayuda de inmigraci\u00f3n en virtud del programa de Visado U o de la Ley sobre Violencia contra las Mujeres (VAWA). Boise ofrece apoyo comunitario a las supervivientes, y nuestro equipo jur\u00eddico se asegura de que reciban la protecci\u00f3n y el estatus que merecen.<\/li>\n<li aria-level=\"1\"><b>Permisos de trabajo<\/b> &#8211; Muchos inmigrantes de Boise trabajan en sectores esenciales como <b>la agricultura, la hosteler\u00eda y la industria manufacturera<\/b>. Ayudamos a los clientes a solicitar o renovar permisos de trabajo para que puedan seguir trabajando legalmente mientras sus casos de inmigraci\u00f3n est\u00e1n pendientes.<\/li>\n<\/ul>\n<h3>Contacta hoy con nuestros abogados de inmigraci\u00f3n en Boise<\/h3>\n<p>Vanderwall Inmigraci\u00f3n se centra exclusivamente en la ley de inmigraci\u00f3n, proporcionando representaci\u00f3n legal con experiencia a individuos y familias en todo Idaho. Entendemos que los casos de inmigraci\u00f3n pueden ser <b>estresantes, complejos y financieramente exigentes<\/b>, por lo que damos prioridad a <b>la transparencia, la comunicaci\u00f3n clara y la defensa del cliente.<\/b><\/p>\n<p>Cobramos una <b> tarifa de consulta de 150 $<\/b>, que se aplicar\u00e1 a tu caso si contratas nuestros servicios en un plazo de <b>30 d\u00edas<\/b>. Todos los servicios jur\u00eddicos se prestan a <b>precios fijos<\/b>, para que conozcas los costes de antemano, sin cargos ocultos. En caso necesario, ofrecemos <b>planes de pago flexibles<\/b> para hacer m\u00e1s accesible la representaci\u00f3n legal.<\/p>\n<p>La s\u00f3lida comunidad de Boise y sus recursos locales la convierten en un lugar excelente para que se establezcan inmigrantes y refugiados. Sin embargo, navegar por el sistema legal puede ser un reto sin el apoyo adecuado. <b>Si t\u00fa o un ser querido necesit\u00e1is ayuda en materia de inmigraci\u00f3n, no os enfrent\u00e9is solos al proceso.<\/b> Ponte en contacto con Vanderwall Immigration hoy mismo para programar una consulta confidencial con un abogado de inmigraci\u00f3n de Boise. Estamos orgullosos de servir a clientes en todo <b>Idaho y m\u00e1s all\u00e1.<\/b><\/p>\n\t<h5>\n\t\t\t\tPrograme su consulta de inmigraci\u00f3n con un abogado de inmigraci\u00f3n\n\t\t\t<\/h5>\n<figure itemscope itemtype=\"https:\/\/schema.org\/ImageObject\">\n\t\t\t\t<img decoding=\"async\" src=\"https:\/\/www.vanderwallimmigration.com\/wp-content\/uploads\/2025\/09\/2025-footer-banner-awards-layout.png\" alt=\"2025-footer-banner-awards-layout\" height=\"420\" width=\"600\" title=\"2025-footer-banner-awards-layout\" onerror=\"this.style.display='none'\" loading=\"lazy\" \/>\n\t<\/figure>\n\t<h5>\n\t\t\t\tsalga de las sombras.\n\t\t\t<\/h5>\n\t<h5>\n\t\t\t\tLl\u00e1menos hoy al\n\t\t\t<\/h5>\n\t\t\t<p><a href=\"tel:+15032068414\">+1 503-206-8414<\/a><\/p>\t\n\t\t\t<a href=\"https:\/\/www.vanderwallimmigration.com\/schedule-appointment\/\" title=\"Programar una cita\" target=\"_self\"   role=\"button\" aria-label=\"Programar una cita\">\n\t\t\t\t\t\t\tProgramar una cita\n\t\t<\/a>\n\n","protected":false},"excerpt":{"rendered":"<p>Abogado de inmigraci\u00f3n de Boise Programar Una Cita Nuestros abogados de inmigraci\u00f3n de Boise pueden ayudarte a ti y a tu familia a alcanzar el sue\u00f1o americano Boise es desde hace tiempo un lugar acogedor para los inmigrantes, que ofrece oportunidades de trabajo, educaci\u00f3n y una mejor calidad de vida. Como \u00abCiudad Acogedora \u00bb y [&hellip;]<\/p>\n","protected":false},"author":4,"featured_media":0,"parent":3996,"menu_order":0,"comment_status":"closed","ping_status":"open","template":"","meta":{"_acf_changed":false,"site-sidebar-layout":"no-sidebar","site-content-layout":"page-builder","ast-site-content-layout":"full-width-container","site-content-style":"unboxed","site-sidebar-style":"unboxed","ast-global-header-display":"","ast-banner-title-visibility":"","ast-main-header-display":"","ast-hfb-above-header-display":"","ast-hfb-below-header-display":"","ast-hfb-mobile-header-display":"","site-post-title":"disabled","ast-breadcrumbs-content":"","ast-featured-img":"disabled","footer-sml-layout":"","ast-disable-related-posts":"","theme-transparent-header-meta":"enabled","adv-header-id-meta":"","stick-header-meta":"","header-above-stick-meta":"","header-main-stick-meta":"","header-below-stick-meta":"","astra-migrate-meta-layouts":"set","ast-page-background-enabled":"default","ast-page-background-meta":{"desktop":{"background-color":"","background-image":"","background-repeat":"repeat","background-position":"center center","background-size":"auto","background-attachment":"scroll","background-type":"","background-media":"","overlay-type":"","overlay-color":"","overlay-opacity":"","overlay-gradient":""},"tablet":{"background-color":"","background-image":"","background-repeat":"repeat","background-position":"center center","background-size":"auto","background-attachment":"scroll","background-type":"","background-media":"","overlay-type":"","overlay-color":"","overlay-opacity":"","overlay-gradient":""},"mobile":{"background-color":"","background-image":"","background-repeat":"repeat","background-position":"center center","background-size":"auto","background-attachment":"scroll","background-type":"","background-media":"","overlay-type":"","overlay-color":"","overlay-opacity":"","overlay-gradient":""}},"ast-content-background-meta":{"desktop":{"background-color":"var(--ast-global-color-5)","background-image":"","background-repeat":"repeat","background-position":"center center","background-size":"auto","background-attachment":"scroll","background-type":"","background-media":"","overlay-type":"","overlay-color":"","overlay-opacity":"","overlay-gradient":""},"tablet":{"background-color":"var(--ast-global-color-5)","background-image":"","background-repeat":"repeat","background-position":"center center","background-size":"auto","background-attachment":"scroll","background-type":"","background-media":"","overlay-type":"","overlay-color":"","overlay-opacity":"","overlay-gradient":""},"mobile":{"background-color":"var(--ast-global-color-5)","background-image":"","background-repeat":"repeat","background-position":"center center","background-size":"auto","background-attachment":"scroll","background-type":"","background-media":"","overlay-type":"","overlay-color":"","overlay-opacity":"","overlay-gradient":""}},"footnotes":""},"class_list":["post-4778","page","type-page","status-publish","hentry"],"acf":[],"aioseo_notices":[],"_links":{"self":[{"href":"https:\/\/www.vanderwallimmigration.com\/es\/wp-json\/wp\/v2\/pages\/4778","targetHints":{"allow":["GET"]}}],"collection":[{"href":"https:\/\/www.vanderwallimmigration.com\/es\/wp-json\/wp\/v2\/pages"}],"about":[{"href":"https:\/\/www.vanderwallimmigration.com\/es\/wp-json\/wp\/v2\/types\/page"}],"author":[{"embeddable":true,"href":"https:\/\/www.vanderwallimmigration.com\/es\/wp-json\/wp\/v2\/users\/4"}],"replies":[{"embeddable":true,"href":"https:\/\/www.vanderwallimmigration.com\/es\/wp-json\/wp\/v2\/comments?post=4778"}],"version-history":[{"count":0,"href":"https:\/\/www.vanderwallimmigration.com\/es\/wp-json\/wp\/v2\/pages\/4778\/revisions"}],"up":[{"embeddable":true,"href":"https:\/\/www.vanderwallimmigration.com\/es\/wp-json\/wp\/v2\/pages\/3996"}],"wp:attachment":[{"href":"https:\/\/www.vanderwallimmigration.com\/es\/wp-json\/wp\/v2\/media?parent=4778"}],"curies":[{"name":"wp","href":"https:\/\/api.w.org\/{rel}","templated":true}]}}