{"id":4777,"date":"2025-05-15T21:51:30","date_gmt":"2025-05-15T21:51:30","guid":{"rendered":"https:\/\/www.vanderwallimmigration.com\/ubicaciones\/abogado-de-inmigracion-en-bend\/"},"modified":"2026-04-15T23:09:34","modified_gmt":"2026-04-15T23:09:34","slug":"abogado-de-inmigracion-en-bend","status":"publish","type":"page","link":"https:\/\/www.vanderwallimmigration.com\/es\/ubicaciones\/abogado-de-inmigracion-en-bend\/","title":{"rendered":"Abogado de Inmigraci\u00f3n en Bend"},"content":{"rendered":"<h1>Abogado de inmigraci\u00f3n de Bend<\/h1> \t\t\t<a href=\"\/es\/formulario-de-cita\/\" title=\"Programar Una Cita\" target=\"_self\"   role=\"button\" aria-label=\"Programar Una Cita\"> \t\t\t\t\t\t\tProgramar Una Cita \t\t<\/a> \t\t\t<h2>Nuestros abogados de inmigraci\u00f3n de Bend pueden ayudarte a ti y a tu familia a alcanzar el sue\u00f1o americano<\/h2>\t\t\t \t<p>Bend, Oreg\u00f3n, se est\u00e1 convirtiendo en una comunidad diversa y acogedora para personas de todo el mundo. Muchos inmigrantes eligen establecerse en Bend por sus oportunidades de trabajo, alta calidad de vida y fuerte sentido de comunidad. Tanto si llegan para reunirse con la familia, trabajar en <b>los sectores tur\u00edstico, sanitario o de la construcci\u00f3n<\/b> de la regi\u00f3n, como si buscan seguridad a trav\u00e9s de programas humanitarios, los reci\u00e9n llegados comparten el mismo objetivo: labrarse un futuro seguro en EE.UU. Sin embargo, navegar por el complejo sistema de inmigraci\u00f3n del pa\u00eds puede resultar abrumador, incluso para quienes siguen todos los requisitos legales.<\/p> <p>Vanderwall Immigration es un equipo de abogados expertos en inmigraci\u00f3n de Bend, dedicados a ayudar a particulares y familias a alcanzar sus objetivos en materia de inmigraci\u00f3n. Tanto si est\u00e1s solicitando la tarjeta verde, como si buscas la ciudadan\u00eda o necesitas protecci\u00f3n legal, estamos aqu\u00ed para proporcionarte orientaci\u00f3n jur\u00eddica de confianza. Con oficinas en Salem y Beaverton, servimos con orgullo a clientes de todo Oreg\u00f3n y m\u00e1s all\u00e1. Llama a <a href=\"tel:+15032068414\"><b>(503) 206-8414<\/b><\/a> hoy mismo para programar una consulta confidencial.<\/p> <h3> \t\t\t\u00bfC\u00f3mo pueden ayudarte nuestros abogados de inmigraci\u00f3n de Bend?\t<\/h3> \t<p>La ley de inmigraci\u00f3n se rige a nivel federal, y <b>el Servicio de Ciudadan\u00eda e Inmigraci\u00f3n de EE.UU. (USCIS)<\/b> supervisa las solicitudes de visado, residencia permanente y ciudadan\u00eda. Aunque Bend ofrece una <b>comunidad de inmigrantes solidaria y en crecimiento<\/b>, navegar por el sistema legal puede seguir siendo un reto sin orientaci\u00f3n profesional.<\/p> <p>La poblaci\u00f3n inmigrante de Bend es menor que la de las grandes ciudades, pero est\u00e1 en expansi\u00f3n, y <b>los latinos constituyen el mayor grupo de inmigrantes<\/b>, seguidos de los residentes de <b>Asia, \u00c1frica y Canad\u00e1<\/b>. La ciudad tambi\u00e9n est\u00e1 experimentando un aumento de los <b>esfuerzos de reasentamiento de refugiados patrocinados por la comunidad<\/b>, as\u00ed como de los reci\u00e9n llegados que trabajan en <b>los sectores de la construcci\u00f3n, la hosteler\u00eda, la sanidad y las actividades recreativas al aire libre<\/b>. Tanto si necesitas ayuda para conseguir una autorizaci\u00f3n de trabajo, proteger tu situaci\u00f3n legal o traer a un ser querido a EE.UU., te ofrecemos <b>soluciones jur\u00eddicas personalizadas<\/b> para satisfacer tus necesidades.<\/p> <p>Nuestros abogados de inmigraci\u00f3n de Bend ayudan con:<\/p> <ul> <li aria-level=\"1\"><b>Ajuste de estatus<\/b>: si est\u00e1s legalmente en EE.UU., puedes optar a solicitar la <b>tarjeta verde sin salir del pa\u00eds.<\/b> Esto te permite permanecer en Bend mientras se tramita tu solicitud de residencia.<\/li> <li aria-level=\"1\">Permiso <b>anticipado<\/b> &#8211; Las personas con <b>solicitudes de ajuste de estatus pendientes<\/b> pueden necesitar una autorizaci\u00f3n especial de viaje del USCIS. Sin la autorizaci\u00f3n anticipada, salir de EE.UU. podr\u00eda dar lugar a la <b>denegaci\u00f3n del reingreso<\/b> y a la interrupci\u00f3n de tu caso de inmigraci\u00f3n.<\/li> <li aria-level=\"1\"><b>Asilo<\/b> &#8211; Bend ha pasado a formar parte de los <b>esfuerzos comunitarios de reasentamiento de refugiados.<\/b> Las personas que temen <b>ser perseguidas por motivos de raza, religi\u00f3n, nacionalidad, opini\u00f3n pol\u00edtica o pertenencia a un grupo social<\/b> pueden optar al asilo y posteriormente solicitar la residencia permanente.<\/li> <li aria-level=\"1\"><b>DACA (Acci\u00f3n Diferida para los Llegados en la Infancia)<\/b> &#8211; Muchos beneficiarios de DACA en Bend contribuyen a <b>los sectores de la educaci\u00f3n, la construcci\u00f3n y la sanidad.<\/b> Este programa protege de la deportaci\u00f3n a las personas que cumplen los requisitos, al tiempo que les permite vivir y trabajar legalmente.<\/li> <li aria-level=\"1\"><b>Defensa contra la deportaci\u00f3n<\/b> &#8211; Aunque Bend participa en <b>las pol\u00edticas proinmigraci\u00f3n de Oreg\u00f3n<\/b>, la deportaci\u00f3n sigue siendo motivo de preocupaci\u00f3n para muchos. Representamos a personas en <b>procedimientos de expulsi\u00f3n<\/b>, explorando opciones de ayuda como el <b>asilo, la cancelaci\u00f3n de la expulsi\u00f3n y las exenciones.<\/b><\/li> <li aria-level=\"1\"><b>Visados de prometido(a)<\/b> &#8211; Si eres ciudadano estadounidense y piensas casarte con un ciudadano extranjero, un <b>visado de prometido(a) K-1<\/b> permite a tu pareja entrar en el pa\u00eds. La pareja debe <b>casarse en un plazo de 90 d\u00edas<\/b> para que el c\u00f3nyuge inmigrante pueda solicitar la tarjeta verde.<\/li> <li aria-level=\"1\"><b>Tarjetas verdes<\/b> &#8211; Los inmigrantes de Bend contribuyen a la <b>econom\u00eda y la mano de obra locales.<\/b> Ayudamos a personas y familias <b>a solicitar la tarjeta verde por motivos familiares, laborales y humanitarios.<\/b><\/li> <li aria-level=\"1\"><b>Parole<\/b> <b>in Place<\/b>&#8211; Los familiares directos del <b>personal militar estadounidense<\/b> pueden optar a <b>la libertad condicional in situ<\/b>, que les permite permanecer legalmente en Estados Unidos. Bend alberga a muchos <b>veteranos y familias de militares<\/b> que se benefician de este programa.<\/li> <li aria-level=\"1\"><b>Estatus Especial de Inmigrante Juvenil (SIJS)<\/b> &#8211; Bend tiene <b>grupos locales de defensa que ayudan a los j\u00f3venes inmigrantes.<\/b> El SIJS proporciona una <b>v\u00eda hacia la residencia permanente<\/b> a los menores que han sufrido <b>abusos, negligencia o abandono.<\/b><\/li> <li aria-level=\"1\"><b>Ciudadan\u00eda de los Estados Unidos<\/b> &#8211; Convertirse en <b>ciudadano naturalizado<\/b> de <b>los EE.UU<\/b>. proporciona ventajas como el <b>derecho de voto, un pasaporte estadounidense y la posibilidad de patrocinar a familiares.<\/b> Ayudamos a los residentes de Bend en el <b>proceso de solicitud, examen y entrevista de ciudadan\u00eda.<\/b><\/li> <li aria-level=\"1\"><b>Visado<\/b> <b>U y VAWA<\/b> &#8211; Las inmigrantes que han <b>sido v\u00edctimas de delitos graves o violencia dom\u00e9stica<\/b> pueden optar a <b>protecci\u00f3n legal en virtud del programa de Visado U o de la Ley de Violencia contra las Mujeres (VAWA).<\/b> Estos programas permiten a las supervivientes <b>obtener un estatus legal independientemente de su agresor.<\/b><\/li> <li><b>Permisos de trabajo<\/b> &#8211; Los <b>pujantes sectores de la construcci\u00f3n, la hosteler\u00eda y la sanidad<\/b> de Bend ofrecen muchas oportunidades de trabajo a los inmigrantes. Ayudamos con las <b>solicitudes y renovaciones de permisos de trabajo<\/b> para garantizar que los clientes sigan trabajando legalmente mientras su caso de inmigraci\u00f3n est\u00e1 pendiente.<\/li> <\/ul> <h3>Ponte en contacto hoy mismo con nuestros abogados de inmigraci\u00f3n de Bend<\/h3> <p>Vanderwall Immigration se centra <b>exclusivamente en la ley de inmigraci\u00f3n<\/b>, garantizando que los clientes reciban <b>una representaci\u00f3n dedicada y bien informada.<\/b> Los casos de inmigraci\u00f3n pueden ser <b>jur\u00eddicamente complejos y econ\u00f3micamente estresantes<\/b>, especialmente para quienes pertenecen a una <b>comunidad inmigrante en crecimiento pero a\u00fan en desarrollo<\/b> como la de Bend. Por eso hacemos hincapi\u00e9 en <b>una orientaci\u00f3n jur\u00eddica clara, precios transparentes y opciones de pago flexibles.<\/b><\/p> <p>Nuestra tarifa de consulta es de <b> 150 d\u00f3lares<\/b>, que se abonar\u00e1n a tu caso si contratas nuestros servicios en un plazo de <b>30 d\u00edas.<\/b> Trabajamos con una <b>estructura de honorarios fijos<\/b>, lo que significa que recibir\u00e1s <b>un presupuesto por adelantado sin cargos ocultos.<\/b> En caso necesario, disponemos de <b>planes de pago flexibles<\/b> para que los servicios jur\u00eddicos sean m\u00e1s accesibles.<\/p> <b>Las pol\u00edticas favorables a los inmigrantes, el s\u00f3lido mercado laboral y los crecientes recursos comunitarios<\/b> de Bend la convierten en un lugar prometedor para los inmigrantes que buscan labrarse un futuro. Sin embargo, incluso en una ciudad acogedora, el <b>proceso de inmigraci\u00f3n sigue siendo dif\u00edcil<\/b> sin el apoyo legal adecuado. <b>Si t\u00fa o un ser querido necesit\u00e1is ayuda en inmigraci\u00f3n, no pas\u00e9is por ello solos.<\/b> Ponte en contacto con Vanderwall Immigration hoy mismo para programar una <b>consulta confidencial<\/b> con un abogado experto en inmigraci\u00f3n de Bend. Estamos orgullosos de servir a clientes de todo <b>Oreg\u00f3n y m\u00e1s all\u00e1.<\/b><a title=\"Haz clic aqu\u00ed\" role=\"button\" href=\"https:\/\/www.vanderwallimmigration.com\/es\/programar-una-cita\/\" target=\"_self\" aria-label=\"Schedule Appointment\"><br \/> <\/a> \t<h5> \t\t\t\tPrograme su consulta de inmigraci\u00f3n con un abogado de inmigraci\u00f3n \t\t\t<\/h5> <figure itemscope itemtype=\"https:\/\/schema.org\/ImageObject\"> \t\t\t\t<img decoding=\"async\" src=\"https:\/\/www.vanderwallimmigration.com\/wp-content\/uploads\/2025\/09\/2025-footer-banner-awards-layout.png\" alt=\"2025-footer-banner-awards-layout\" height=\"420\" width=\"600\" title=\"2025-footer-banner-awards-layout\" onerror=\"this.style.display='none'\" loading=\"lazy\" \/> \t<\/figure> \t<h5> \t\t\t\tsalga de las sombras. \t\t\t<\/h5> \t<h5> \t\t\t\tLl\u00e1menos hoy al \t\t\t<\/h5> \t\t\t<p><a href=\"tel:+15032068414\">+1 503-206-8414<\/a><\/p>\t \t\t\t<a href=\"https:\/\/www.vanderwallimmigration.com\/schedule-appointment\/\" title=\"Programar una cita\" target=\"_self\"   role=\"button\" aria-label=\"Programar una cita\"> \t\t\t\t\t\t\tProgramar una cita \t\t<\/a>","protected":false},"excerpt":{"rendered":"<p>Abogado de inmigraci\u00f3n de Bend Programar Una Cita Nuestros abogados de inmigraci\u00f3n de Bend pueden ayudarte a ti y a tu familia a alcanzar el sue\u00f1o americano Bend, Oreg\u00f3n, se est\u00e1 convirtiendo en una comunidad diversa y acogedora para personas de todo el mundo. Muchos inmigrantes eligen establecerse en Bend por sus oportunidades de trabajo, [&hellip;]<\/p>\n","protected":false},"author":1,"featured_media":0,"parent":3996,"menu_order":0,"comment_status":"closed","ping_status":"open","template":"","meta":{"_acf_changed":false,"site-sidebar-layout":"no-sidebar","site-content-layout":"page-builder","ast-site-content-layout":"full-width-container","site-content-style":"unboxed","site-sidebar-style":"unboxed","ast-global-header-display":"","ast-banner-title-visibility":"","ast-main-header-display":"","ast-hfb-above-header-display":"","ast-hfb-below-header-display":"","ast-hfb-mobile-header-display":"","site-post-title":"disabled","ast-breadcrumbs-content":"","ast-featured-img":"disabled","footer-sml-layout":"","ast-disable-related-posts":"","theme-transparent-header-meta":"enabled","adv-header-id-meta":"","stick-header-meta":"","header-above-stick-meta":"","header-main-stick-meta":"","header-below-stick-meta":"","astra-migrate-meta-layouts":"set","ast-page-background-enabled":"default","ast-page-background-meta":{"desktop":{"background-color":"","background-image":"","background-repeat":"repeat","background-position":"center center","background-size":"auto","background-attachment":"scroll","background-type":"","background-media":"","overlay-type":"","overlay-color":"","overlay-opacity":"","overlay-gradient":""},"tablet":{"background-color":"","background-image":"","background-repeat":"repeat","background-position":"center center","background-size":"auto","background-attachment":"scroll","background-type":"","background-media":"","overlay-type":"","overlay-color":"","overlay-opacity":"","overlay-gradient":""},"mobile":{"background-color":"","background-image":"","background-repeat":"repeat","background-position":"center center","background-size":"auto","background-attachment":"scroll","background-type":"","background-media":"","overlay-type":"","overlay-color":"","overlay-opacity":"","overlay-gradient":""}},"ast-content-background-meta":{"desktop":{"background-color":"var(--ast-global-color-5)","background-image":"","background-repeat":"repeat","background-position":"center center","background-size":"auto","background-attachment":"scroll","background-type":"","background-media":"","overlay-type":"","overlay-color":"","overlay-opacity":"","overlay-gradient":""},"tablet":{"background-color":"var(--ast-global-color-5)","background-image":"","background-repeat":"repeat","background-position":"center center","background-size":"auto","background-attachment":"scroll","background-type":"","background-media":"","overlay-type":"","overlay-color":"","overlay-opacity":"","overlay-gradient":""},"mobile":{"background-color":"var(--ast-global-color-5)","background-image":"","background-repeat":"repeat","background-position":"center center","background-size":"auto","background-attachment":"scroll","background-type":"","background-media":"","overlay-type":"","overlay-color":"","overlay-opacity":"","overlay-gradient":""}},"footnotes":""},"class_list":["post-4777","page","type-page","status-publish","hentry"],"acf":[],"aioseo_notices":[],"_links":{"self":[{"href":"https:\/\/www.vanderwallimmigration.com\/es\/wp-json\/wp\/v2\/pages\/4777","targetHints":{"allow":["GET"]}}],"collection":[{"href":"https:\/\/www.vanderwallimmigration.com\/es\/wp-json\/wp\/v2\/pages"}],"about":[{"href":"https:\/\/www.vanderwallimmigration.com\/es\/wp-json\/wp\/v2\/types\/page"}],"author":[{"embeddable":true,"href":"https:\/\/www.vanderwallimmigration.com\/es\/wp-json\/wp\/v2\/users\/1"}],"replies":[{"embeddable":true,"href":"https:\/\/www.vanderwallimmigration.com\/es\/wp-json\/wp\/v2\/comments?post=4777"}],"version-history":[{"count":0,"href":"https:\/\/www.vanderwallimmigration.com\/es\/wp-json\/wp\/v2\/pages\/4777\/revisions"}],"up":[{"embeddable":true,"href":"https:\/\/www.vanderwallimmigration.com\/es\/wp-json\/wp\/v2\/pages\/3996"}],"wp:attachment":[{"href":"https:\/\/www.vanderwallimmigration.com\/es\/wp-json\/wp\/v2\/media?parent=4777"}],"curies":[{"name":"wp","href":"https:\/\/api.w.org\/{rel}","templated":true}]}}