{"id":4539,"date":"2024-12-06T22:43:40","date_gmt":"2024-12-06T22:43:40","guid":{"rendered":"https:\/\/www.vanderwallimmigration.com\/contactenos\/terms-conditions\/"},"modified":"2025-11-06T01:31:50","modified_gmt":"2025-11-06T01:31:50","slug":"terminos-y-condiciones","status":"publish","type":"page","link":"https:\/\/www.vanderwallimmigration.com\/es\/contactenos\/terminos-y-condiciones\/","title":{"rendered":"T\u00e9rminos y Condiciones"},"content":{"rendered":"<h1>T\u00e9rminos y Condiciones<\/h1> \t\t\t<a href=\"https:\/\/www.vanderwallimmigration.com\/es\/programar-una-cita\/\" title=\"Click Here\" target=\"_self\" role=\"button\" aria-label=\"Schedule Appointment\" rel=\"noopener\"> \t\t\t\t\t\t\tSchedule Appointment \t\t<\/a> \t<strong>Aceptaci\u00f3n del uso de los T\u00e9rminos y Condiciones de Inmigraci\u00f3n de Vanderwall<\/strong><br \/> Su acceso y uso de Vanderwall Immigration est\u00e1 sujeto exclusivamente a estos T\u00e9rminos y Condiciones. No utilizar\u00e1 el sitio web para ning\u00fan fin que sea ilegal o prohibido por estos T\u00e9rminos y condiciones. Al usar el sitio web, usted acepta completamente los t\u00e9rminos, condiciones y descargos de responsabilidad contenidos en este aviso. Si no acepta estos T\u00e9rminos y condiciones, debe dejar de usar el sitio web inmediatamente. <strong>Detalles de la tarjeta de cr\u00e9dito<\/strong><br \/> Vanderwall Immigration nunca le pedir\u00e1 detalles de su Tarjeta de Cr\u00e9dito y le solicitar\u00e1 que no la ingrese en ninguno de los formularios de Vanderwall Immigration. <strong>Consejo<\/strong><br \/> El contenido del sitio web de Vanderwall Immigration no constituye un consejo y no se debe confiar en que tome o se abstenga de tomar una decisi\u00f3n. <strong>Cambio de uso<\/strong><br \/> Vanderwall Immigration se reserva el derecho de:<br \/> 4.1 cambiar o eliminar (temporal o permanentemente) el sitio web o cualquier parte del mismo sin previo aviso y usted confirma que Vanderwall Immigration no ser\u00e1 responsable ante usted por dicho cambio o eliminaci\u00f3n y.<br \/> 4.2 cambiar estos T\u00e9rminos y condiciones en cualquier momento, y su uso continuado del sitio web despu\u00e9s de cualquier cambio se considerar\u00e1 como su aceptaci\u00f3n de dicho cambio. <strong>Enlaces a sitios web de terceros<\/strong><br \/> El sitio web de Vanderwall Immigration puede incluir enlaces a sitios web de terceros que son controlados y mantenidos por otros. Cualquier enlace a otros sitios web no es un endoso de dichos sitios web y usted reconoce y acepta que no somos responsables del contenido o la disponibilidad de dichos sitios. <strong>Derechos de autor<\/strong><br \/> Todos los derechos de autor, marcas registradas y todos los dem\u00e1s derechos de propiedad intelectual en el sitio web y su contenido (incluyendo, entre otros, el dise\u00f1o del sitio web, texto, gr\u00e1ficos y todo el software y c\u00f3digos fuente conectados con el sitio web) son propiedad de Vanderwall Immigration o por Vanderwall Immigration seg\u00fan lo permita la ley.<br \/> 6.2 Al acceder al sitio web, usted acepta acceder al contenido \u00fanicamente para su uso personal y no comercial. Ninguno de los contenidos puede descargarse, copiarse, reproducirse, transmitirse, almacenarse, venderse o distribuirse sin el previo consentimiento por escrito del titular de los derechos de autor. Esto excluye la descarga, copia y \/ o impresi\u00f3n de p\u00e1ginas del sitio web para uso dom\u00e9stico personal y no comercial. <strong>Exenci\u00f3n de responsabilidad y limitaci\u00f3n de responsabilidad<\/strong><br \/> 7.1 El sitio web se proporciona TAL COMO EST\u00c1 y SEG\u00daN DISPONIBILIDAD sin ninguna representaci\u00f3n o endoso ni garant\u00eda de ning\u00fan tipo, ya sea expresa o impl\u00edcita, incluidas, entre otras, las garant\u00edas impl\u00edcitas de calidad satisfactoria, idoneidad para un fin determinado, no infracci\u00f3n, compatibilidad, seguridad y precisi\u00f3n.<br \/> 7.2 En la medida permitida por la ley, Vanderwall Immigration no ser\u00e1 responsable de ninguna p\u00e9rdida o da\u00f1o indirecto o consecuente (incluyendo, entre otros, p\u00e9rdida de negocios, oportunidad, datos, ganancias) que surja de o en conexi\u00f3n con el uso del sitio web.<br \/> 7.3 Vanderwall Immigration no garantiza que la funcionalidad del sitio web ser\u00e1 ininterrumpida o libre de errores, que los defectos ser\u00e1n corregidos o que el sitio web o el servidor que lo pone a disposici\u00f3n est\u00e1n libres de virus o cualquier otra cosa que pueda ser da\u00f1ina o destructiva.<br \/> 7.4 Nada en estos T\u00e9rminos y Condiciones se interpretar\u00e1 de manera que excluya o limite la responsabilidad de Vanderwall Immigration por muerte o lesiones personales como resultado de la negligencia de Vanderwall Immigration o la de sus empleados o agentes. <strong>Indemnidad<\/strong><br \/> Usted acepta indemnizar y eximir a Vanderwall Immigration y sus empleados y agentes de todas las responsabilidades, honorarios legales, da\u00f1os, p\u00e9rdidas, costos y otros gastos en relaci\u00f3n con cualquier reclamo o acci\u00f3n entablada contra Vanderwall Immigration que surja de cualquier incumplimiento suyo. estos T\u00e9rminos y condiciones u otras responsabilidades derivadas de su uso de este sitio web. <strong>Ruptura<\/strong><br \/> Si cualquiera de estos T\u00e9rminos y condiciones se determinara como inv\u00e1lida, ilegal o no exigible por cualquier raz\u00f3n por cualquier tribunal de jurisdicci\u00f3n competente, entonces dicho T\u00e9rmino o Condici\u00f3n se romper\u00e1 y los T\u00e9rminos y Condiciones restantes seguir\u00e1n vigentes y permanecer\u00e1n en pleno vigor y efecto. seguir siendo vinculante y exigible. <strong>Ley que rige<\/strong><br \/> Estos T\u00e9rminos y condiciones se regir\u00e1n e interpretar\u00e1n de conformidad con la legislaci\u00f3n de EE. UU. Y usted se somete a la jurisdicci\u00f3n exclusiva de los tribunales de EE. UU. <strong>Ninguna relaci\u00f3n abogado-cliente creada por el uso de este sitio web.<\/strong><br \/> Ni el recibo de informaci\u00f3n de este sitio web, ni el uso de este sitio web para contactarse con Vanderwall Immigration (Firm) o uno de sus abogados crea una relaci\u00f3n abogado-cliente entre usted y la Firma. Usted se convertir\u00e1 en un cliente de la Firma solo si firma un contrato de compromiso y establece el alcance del compromiso de la Firma, el acuerdo de honorarios y otros asuntos relevantes. Como cuesti\u00f3n de pol\u00edtica, la Firma no acepta un nuevo cliente sin primero investigar posibles conflictos de intereses y obtener una carta de compromiso firmada. <strong>Sin Confidencialidad<\/strong><br \/> No puede usar este sitio web para proporcionar informaci\u00f3n confidencial sobre un asunto legal suyo a la Firma. Su uso de este sitio web no lo convierte en un cliente de la empresa o incluso un posible cliente de la Firma. Si tiene informaci\u00f3n confidencial que le gustar\u00eda dar a la Firma, comun\u00edquese con el personal de la Firma en persona o por tel\u00e9fono, no rellenando ning\u00fan formulario en este sitio web o enviando un correo electr\u00f3nico no solicitado a la Firma o cualquiera de sus empleados. . <strong>Sin asesoramiento legal previsto.<\/strong><br \/> Este sitio web incluye informaci\u00f3n general sobre asuntos legales y desarrollos en la ley. Dichos materiales son solo informativos y pueden no reflejar los desarrollos legales m\u00e1s recientes. Estos materiales informativos no est\u00e1n destinados, y no deben tomarse, como asesoramiento legal sobre ning\u00fan conjunto particular de hechos o circunstancias. Debe comunicarse con un abogado con licencia en su jurisdicci\u00f3n para obtener asesoramiento sobre problemas legales espec\u00edficos. <p>Para cualquier otra informaci\u00f3n,\u00a0<a href=\"https:\/\/www.vanderwallimmigration.com\/es\/contactenos\/\">haga clic aqu\u00ed para contactarnos<\/a>.<\/p>","protected":false},"excerpt":{"rendered":"<p>T\u00e9rminos y Condiciones Schedule Appointment Aceptaci\u00f3n del uso de los T\u00e9rminos y Condiciones de Inmigraci\u00f3n de Vanderwall Su acceso y uso de Vanderwall Immigration est\u00e1 sujeto exclusivamente a estos T\u00e9rminos y Condiciones. No utilizar\u00e1 el sitio web para ning\u00fan fin que sea ilegal o prohibido por estos T\u00e9rminos y condiciones. Al usar el sitio web, [&hellip;]<\/p>\n","protected":false},"author":1,"featured_media":0,"parent":3976,"menu_order":0,"comment_status":"closed","ping_status":"open","template":"","meta":{"_acf_changed":false,"site-sidebar-layout":"no-sidebar","site-content-layout":"page-builder","ast-site-content-layout":"full-width-container","site-content-style":"unboxed","site-sidebar-style":"unboxed","ast-global-header-display":"","ast-banner-title-visibility":"","ast-main-header-display":"","ast-hfb-above-header-display":"","ast-hfb-below-header-display":"","ast-hfb-mobile-header-display":"","site-post-title":"disabled","ast-breadcrumbs-content":"","ast-featured-img":"disabled","footer-sml-layout":"","ast-disable-related-posts":"","theme-transparent-header-meta":"enabled","adv-header-id-meta":"","stick-header-meta":"","header-above-stick-meta":"","header-main-stick-meta":"","header-below-stick-meta":"","astra-migrate-meta-layouts":"set","ast-page-background-enabled":"default","ast-page-background-meta":{"desktop":{"background-color":"","background-image":"","background-repeat":"repeat","background-position":"center center","background-size":"auto","background-attachment":"scroll","background-type":"","background-media":"","overlay-type":"","overlay-color":"","overlay-opacity":"","overlay-gradient":""},"tablet":{"background-color":"","background-image":"","background-repeat":"repeat","background-position":"center center","background-size":"auto","background-attachment":"scroll","background-type":"","background-media":"","overlay-type":"","overlay-color":"","overlay-opacity":"","overlay-gradient":""},"mobile":{"background-color":"","background-image":"","background-repeat":"repeat","background-position":"center center","background-size":"auto","background-attachment":"scroll","background-type":"","background-media":"","overlay-type":"","overlay-color":"","overlay-opacity":"","overlay-gradient":""}},"ast-content-background-meta":{"desktop":{"background-color":"var(--ast-global-color-5)","background-image":"","background-repeat":"repeat","background-position":"center center","background-size":"auto","background-attachment":"scroll","background-type":"","background-media":"","overlay-type":"","overlay-color":"","overlay-opacity":"","overlay-gradient":""},"tablet":{"background-color":"var(--ast-global-color-5)","background-image":"","background-repeat":"repeat","background-position":"center center","background-size":"auto","background-attachment":"scroll","background-type":"","background-media":"","overlay-type":"","overlay-color":"","overlay-opacity":"","overlay-gradient":""},"mobile":{"background-color":"var(--ast-global-color-5)","background-image":"","background-repeat":"repeat","background-position":"center center","background-size":"auto","background-attachment":"scroll","background-type":"","background-media":"","overlay-type":"","overlay-color":"","overlay-opacity":"","overlay-gradient":""}},"footnotes":""},"class_list":["post-4539","page","type-page","status-publish","hentry"],"acf":[],"aioseo_notices":[],"_links":{"self":[{"href":"https:\/\/www.vanderwallimmigration.com\/es\/wp-json\/wp\/v2\/pages\/4539","targetHints":{"allow":["GET"]}}],"collection":[{"href":"https:\/\/www.vanderwallimmigration.com\/es\/wp-json\/wp\/v2\/pages"}],"about":[{"href":"https:\/\/www.vanderwallimmigration.com\/es\/wp-json\/wp\/v2\/types\/page"}],"author":[{"embeddable":true,"href":"https:\/\/www.vanderwallimmigration.com\/es\/wp-json\/wp\/v2\/users\/1"}],"replies":[{"embeddable":true,"href":"https:\/\/www.vanderwallimmigration.com\/es\/wp-json\/wp\/v2\/comments?post=4539"}],"version-history":[{"count":0,"href":"https:\/\/www.vanderwallimmigration.com\/es\/wp-json\/wp\/v2\/pages\/4539\/revisions"}],"up":[{"embeddable":true,"href":"https:\/\/www.vanderwallimmigration.com\/es\/wp-json\/wp\/v2\/pages\/3976"}],"wp:attachment":[{"href":"https:\/\/www.vanderwallimmigration.com\/es\/wp-json\/wp\/v2\/media?parent=4539"}],"curies":[{"name":"wp","href":"https:\/\/api.w.org\/{rel}","templated":true}]}}