{"id":4187,"date":"2024-10-25T22:23:08","date_gmt":"2024-10-25T22:23:08","guid":{"rendered":"https:\/\/www.vanderwallimmigration.com\/about-us\/adriana-garcia-espinoza-2\/"},"modified":"2026-01-12T04:06:49","modified_gmt":"2026-01-12T04:06:49","slug":"adriana-garcia-espinoza","status":"publish","type":"page","link":"https:\/\/www.vanderwallimmigration.com\/es\/sobre-nosotros\/adriana-garcia-espinoza\/","title":{"rendered":"Adriana Garcia Espinoza"},"content":{"rendered":"<h1>Adriana Garcia Espinoza<\/h1> \t<h2>Sobre Nosotros<\/h2> \t\t\t<a href=\"#contact-us\" title=\"Haz clic aqu\u00ed\" target=\"_self\"   role=\"button\" aria-label=\"Programar Una Cita\"> \t\t\t\t\t\t\tProgramar Una Cita \t\t<\/a> \t\t\t<p>Paralegal<\/p> \t<h3> \t\t\t\tAdriana Garcia Espinoza \t\t\t<\/h3> \t\t\t\t<img decoding=\"async\" src=\"https:\/\/www.vanderwallimmigration.com\/wp-content\/uploads\/2024\/10\/small-logo.jpg\" alt=\"small-logo\" itemprop=\"image\" height=\"124\" width=\"133\" title=\"small-logo\" onerror=\"this.style.display='none'\" loading=\"lazy\" \/> \t<p>Adriana naci\u00f3 y creci\u00f3 en Oreg\u00f3n. Se gradu\u00f3 de la Universidad Estatal de Portland con especializaci\u00f3n en Justicia Penal y Criminolog\u00eda y especializaci\u00f3n en Antropolog\u00eda. Adriana es mexicana-estadounidense e ind\u00edgena de primera generaci\u00f3n criada por sus padres inmigrantes. Recuerda siempre haber interpretado para sus padres cuando era joven y en la actualidad. Su primer idioma es el espa\u00f1ol y actualmente est\u00e1 aprendiendo su idioma nativo, el triqui.<\/p> <p>Antes de trabajar en Vanderwall Immigration, Adriana trabaj\u00f3 como asistente legal y defensora de mujeres latinas en casos de violencia dom\u00e9stica\/sexual y de tr\u00e1fico de mujeres. Adriana entendi\u00f3 la importancia de defender a quienes no pueden hablar por s\u00ed mismos y explicar sistemas complejos. Adriana decidi\u00f3 ser asistente legal despu\u00e9s de ver a su familia luchar con el proceso de inmigraci\u00f3n y las barreras del idioma. Quiere continuar su educaci\u00f3n y asistir a la facultad de derecho para seguir ayudando a su comunidad.<\/p> <p>En su tiempo libre le encanta pasar tiempo con sus animales. Tiene tres perros, un conejo y muchas gallinas. Le encanta pintar y dibujar, pasar tiempo con su familia y caminar. Le gusta leer, arreglar flores y correr.<\/p> <p><em>Idiomas: Ingles, Espa\u00f1ol<\/em><\/p> \t<h5> \t\t\t\tPrograme su consulta de inmigraci\u00f3n con un abogado de inmigraci\u00f3n \t\t\t<\/h5> \t\t\t\t<img decoding=\"async\" src=\"https:\/\/www.vanderwallimmigration.com\/wp-content\/uploads\/2025\/09\/2025-footer-banner-awards-layout.png\" alt=\"2025-footer-banner-awards-layout\" itemprop=\"image\" height=\"420\" width=\"600\" title=\"2025-footer-banner-awards-layout\" onerror=\"this.style.display='none'\" loading=\"lazy\" \/> \t<h5> \t\t\t\tsalga de las sombras. \t\t\t<\/h5> \t<h5> \t\t\t\tLl\u00e1menos hoy al \t\t\t<\/h5> \t\t\t<p><a href=\"tel:+15032068414\">+1 503-206-8414<\/a><\/p>\t \t\t\t<a href=\"https:\/\/www.vanderwallimmigration.com\/schedule-appointment\/\" title=\"Haz clic aqu\u00ed\" target=\"_self\"   role=\"button\" aria-label=\"Programar una cita\"> \t\t\t\t\t\t\tProgramar una cita \t\t<\/a>","protected":false},"excerpt":{"rendered":"<p>Adriana Garcia Espinoza Sobre Nosotros Programar Una Cita Paralegal Adriana Garcia Espinoza Adriana naci\u00f3 y creci\u00f3 en Oreg\u00f3n. Se gradu\u00f3 de la Universidad Estatal de Portland con especializaci\u00f3n en Justicia Penal y Criminolog\u00eda y especializaci\u00f3n en Antropolog\u00eda. Adriana es mexicana-estadounidense e ind\u00edgena de primera generaci\u00f3n criada por sus padres inmigrantes. Recuerda siempre haber interpretado para [&hellip;]<\/p>\n","protected":false},"author":1,"featured_media":0,"parent":3979,"menu_order":0,"comment_status":"closed","ping_status":"open","template":"","meta":{"_acf_changed":false,"site-sidebar-layout":"no-sidebar","site-content-layout":"page-builder","ast-site-content-layout":"full-width-container","site-content-style":"unboxed","site-sidebar-style":"unboxed","ast-global-header-display":"","ast-banner-title-visibility":"","ast-main-header-display":"","ast-hfb-above-header-display":"","ast-hfb-below-header-display":"","ast-hfb-mobile-header-display":"","site-post-title":"disabled","ast-breadcrumbs-content":"","ast-featured-img":"disabled","footer-sml-layout":"","ast-disable-related-posts":"","theme-transparent-header-meta":"enabled","adv-header-id-meta":"","stick-header-meta":"","header-above-stick-meta":"","header-main-stick-meta":"","header-below-stick-meta":"","astra-migrate-meta-layouts":"set","ast-page-background-enabled":"default","ast-page-background-meta":{"desktop":{"background-color":"","background-image":"","background-repeat":"repeat","background-position":"center center","background-size":"auto","background-attachment":"scroll","background-type":"","background-media":"","overlay-type":"","overlay-color":"","overlay-opacity":"","overlay-gradient":""},"tablet":{"background-color":"","background-image":"","background-repeat":"repeat","background-position":"center center","background-size":"auto","background-attachment":"scroll","background-type":"","background-media":"","overlay-type":"","overlay-color":"","overlay-opacity":"","overlay-gradient":""},"mobile":{"background-color":"","background-image":"","background-repeat":"repeat","background-position":"center center","background-size":"auto","background-attachment":"scroll","background-type":"","background-media":"","overlay-type":"","overlay-color":"","overlay-opacity":"","overlay-gradient":""}},"ast-content-background-meta":{"desktop":{"background-color":"var(--ast-global-color-5)","background-image":"","background-repeat":"repeat","background-position":"center center","background-size":"auto","background-attachment":"scroll","background-type":"","background-media":"","overlay-type":"","overlay-color":"","overlay-opacity":"","overlay-gradient":""},"tablet":{"background-color":"var(--ast-global-color-5)","background-image":"","background-repeat":"repeat","background-position":"center center","background-size":"auto","background-attachment":"scroll","background-type":"","background-media":"","overlay-type":"","overlay-color":"","overlay-opacity":"","overlay-gradient":""},"mobile":{"background-color":"var(--ast-global-color-5)","background-image":"","background-repeat":"repeat","background-position":"center center","background-size":"auto","background-attachment":"scroll","background-type":"","background-media":"","overlay-type":"","overlay-color":"","overlay-opacity":"","overlay-gradient":""}},"footnotes":""},"class_list":["post-4187","page","type-page","status-publish","hentry"],"acf":[],"aioseo_notices":[],"_links":{"self":[{"href":"https:\/\/www.vanderwallimmigration.com\/es\/wp-json\/wp\/v2\/pages\/4187","targetHints":{"allow":["GET"]}}],"collection":[{"href":"https:\/\/www.vanderwallimmigration.com\/es\/wp-json\/wp\/v2\/pages"}],"about":[{"href":"https:\/\/www.vanderwallimmigration.com\/es\/wp-json\/wp\/v2\/types\/page"}],"author":[{"embeddable":true,"href":"https:\/\/www.vanderwallimmigration.com\/es\/wp-json\/wp\/v2\/users\/1"}],"replies":[{"embeddable":true,"href":"https:\/\/www.vanderwallimmigration.com\/es\/wp-json\/wp\/v2\/comments?post=4187"}],"version-history":[{"count":0,"href":"https:\/\/www.vanderwallimmigration.com\/es\/wp-json\/wp\/v2\/pages\/4187\/revisions"}],"up":[{"embeddable":true,"href":"https:\/\/www.vanderwallimmigration.com\/es\/wp-json\/wp\/v2\/pages\/3979"}],"wp:attachment":[{"href":"https:\/\/www.vanderwallimmigration.com\/es\/wp-json\/wp\/v2\/media?parent=4187"}],"curies":[{"name":"wp","href":"https:\/\/api.w.org\/{rel}","templated":true}]}}