{"id":4184,"date":"2024-10-25T21:49:22","date_gmt":"2024-10-25T21:49:22","guid":{"rendered":"https:\/\/www.vanderwallimmigration.com\/about-us\/candace-vanderwall-2\/"},"modified":"2026-01-12T04:06:31","modified_gmt":"2026-01-12T04:06:31","slug":"candace-vanderwall","status":"publish","type":"page","link":"https:\/\/www.vanderwallimmigration.com\/es\/sobre-nosotros\/candace-vanderwall\/","title":{"rendered":"Candace Vanderwall"},"content":{"rendered":"<h1>Candace Vanderwall<\/h1> \t<h2>Sobre Nosotros<\/h2> \t\t\t<a href=\"#contact-us\" title=\"Haz clic aqu\u00ed\" target=\"_self\"   role=\"button\" aria-label=\"Programar Una Cita\"> \t\t\t\t\t\t\tProgramar Una Cita \t\t<\/a> \t\t\t<p>CEO\/ Abogada Fundadora<\/p> \t<h3> \t\t\t\tCandace Vanderwall \t\t\t<\/h3> \t\t\t\t<img decoding=\"async\" src=\"https:\/\/www.vanderwallimmigration.com\/wp-content\/uploads\/2024\/10\/small-logo.jpg\" alt=\"small-logo\" itemprop=\"image\" height=\"124\" width=\"133\" title=\"small-logo\" onerror=\"this.style.display='none'\" loading=\"lazy\" \/> \t<p>Candace naci\u00f3 en el extranjero y su padre es un ciudadano estadounidense naturalizado. Ella recuerda con afecto verlo hacer el juramento de ciudadan\u00eda mientras ondeaba su bandera de los Estados Unidos. \u00c9l inspira en ella su amor por la inmigraci\u00f3n.<\/p> <p>Se mud\u00f3 al hermoso estado de Oregon cuando era joven y creci\u00f3 entre Corvallis y Salem. Ya adulta, vivi\u00f3 y trabaj\u00f3 un a\u00f1o en Francia, a donde espera regresar alg\u00fan d\u00eda. Le encanta viajar y conocer personas nuevas de alrededor del mundo. Est\u00e1 casada con su mejor amigo y juntos tienen tres hijos peque\u00f1os.<\/p> <p>Candace obtuvo su t\u00edtulo en administraci\u00f3n de empresas en la universidad de Oregon, de donde se gradu\u00f3 con honores departamentales. Trabaj\u00f3 como paralegal por dos a\u00f1os antes de ir a la facultad de derecho de la universidad de Willamette. En octubre de 2013, se convirti\u00f3 en abogada licenciada de la barra del estado de Oregon, e ingres\u00f3 a la asociaci\u00f3n americana de abogados de inmigraci\u00f3n (AILA por sus siglas en ingl\u00e9s).<\/p> <p>Despu\u00e9s de graduarse de la escuela de derecho, Candace inaugur\u00f3 la oficina de Beaverton de Affordable immigration services. En enero de 2016, decidi\u00f3 emprender por su cuenta y cre\u00f3 Vanderwall immigration. De su mano Vanderwall Immigration ha crecido considerablemente, que pas\u00f3 de estar conformada por una abogada y dos asistentes administrativos a ser la firma exitosa que es hoy en d\u00eda. En marzo de 2020, Vanderwall Immigration abri\u00f3 una segunda sede en Salem, Oregon, para atender m\u00e1s clientes a lo largo de este estado.<\/p> <p>Candace se enorgullece de que Vanderwall Immigration sea una firma llena de defensores decididos que representan a nuestra comunidad inmigrante con creatividad, integridad y compasi\u00f3n.<\/p> \t<h5> \t\t\t\tPrograme su consulta de inmigraci\u00f3n con un abogado de inmigraci\u00f3n \t\t\t<\/h5> \t\t\t\t<img decoding=\"async\" src=\"https:\/\/www.vanderwallimmigration.com\/wp-content\/uploads\/2025\/09\/2025-footer-banner-awards-layout.png\" alt=\"2025-footer-banner-awards-layout\" itemprop=\"image\" height=\"420\" width=\"600\" title=\"2025-footer-banner-awards-layout\" onerror=\"this.style.display='none'\" loading=\"lazy\" \/> \t<h5> \t\t\t\tsalga de las sombras. \t\t\t<\/h5> \t<h5> \t\t\t\tLl\u00e1menos hoy al \t\t\t<\/h5> \t\t\t<p><a href=\"tel:+15032068414\">+1 503-206-8414<\/a><\/p>\t \t\t\t<a href=\"https:\/\/www.vanderwallimmigration.com\/schedule-appointment\/\" title=\"Haz clic aqu\u00ed\" target=\"_self\"   role=\"button\" aria-label=\"Programar una cita\"> \t\t\t\t\t\t\tProgramar una cita \t\t<\/a>","protected":false},"excerpt":{"rendered":"<p>Candace Vanderwall Sobre Nosotros Programar Una Cita CEO\/ Abogada Fundadora Candace Vanderwall Candace naci\u00f3 en el extranjero y su padre es un ciudadano estadounidense naturalizado. Ella recuerda con afecto verlo hacer el juramento de ciudadan\u00eda mientras ondeaba su bandera de los Estados Unidos. \u00c9l inspira en ella su amor por la inmigraci\u00f3n. Se mud\u00f3 al [&hellip;]<\/p>\n","protected":false},"author":4,"featured_media":0,"parent":3979,"menu_order":0,"comment_status":"closed","ping_status":"open","template":"","meta":{"_acf_changed":false,"site-sidebar-layout":"no-sidebar","site-content-layout":"page-builder","ast-site-content-layout":"full-width-container","site-content-style":"unboxed","site-sidebar-style":"unboxed","ast-global-header-display":"","ast-banner-title-visibility":"","ast-main-header-display":"","ast-hfb-above-header-display":"","ast-hfb-below-header-display":"","ast-hfb-mobile-header-display":"","site-post-title":"disabled","ast-breadcrumbs-content":"","ast-featured-img":"disabled","footer-sml-layout":"","ast-disable-related-posts":"","theme-transparent-header-meta":"enabled","adv-header-id-meta":"","stick-header-meta":"","header-above-stick-meta":"","header-main-stick-meta":"","header-below-stick-meta":"","astra-migrate-meta-layouts":"set","ast-page-background-enabled":"default","ast-page-background-meta":{"desktop":{"background-color":"","background-image":"","background-repeat":"repeat","background-position":"center center","background-size":"auto","background-attachment":"scroll","background-type":"","background-media":"","overlay-type":"","overlay-color":"","overlay-opacity":"","overlay-gradient":""},"tablet":{"background-color":"","background-image":"","background-repeat":"repeat","background-position":"center center","background-size":"auto","background-attachment":"scroll","background-type":"","background-media":"","overlay-type":"","overlay-color":"","overlay-opacity":"","overlay-gradient":""},"mobile":{"background-color":"","background-image":"","background-repeat":"repeat","background-position":"center center","background-size":"auto","background-attachment":"scroll","background-type":"","background-media":"","overlay-type":"","overlay-color":"","overlay-opacity":"","overlay-gradient":""}},"ast-content-background-meta":{"desktop":{"background-color":"var(--ast-global-color-5)","background-image":"","background-repeat":"repeat","background-position":"center center","background-size":"auto","background-attachment":"scroll","background-type":"","background-media":"","overlay-type":"","overlay-color":"","overlay-opacity":"","overlay-gradient":""},"tablet":{"background-color":"var(--ast-global-color-5)","background-image":"","background-repeat":"repeat","background-position":"center center","background-size":"auto","background-attachment":"scroll","background-type":"","background-media":"","overlay-type":"","overlay-color":"","overlay-opacity":"","overlay-gradient":""},"mobile":{"background-color":"var(--ast-global-color-5)","background-image":"","background-repeat":"repeat","background-position":"center center","background-size":"auto","background-attachment":"scroll","background-type":"","background-media":"","overlay-type":"","overlay-color":"","overlay-opacity":"","overlay-gradient":""}},"footnotes":""},"class_list":["post-4184","page","type-page","status-publish","hentry"],"acf":[],"aioseo_notices":[],"_links":{"self":[{"href":"https:\/\/www.vanderwallimmigration.com\/es\/wp-json\/wp\/v2\/pages\/4184","targetHints":{"allow":["GET"]}}],"collection":[{"href":"https:\/\/www.vanderwallimmigration.com\/es\/wp-json\/wp\/v2\/pages"}],"about":[{"href":"https:\/\/www.vanderwallimmigration.com\/es\/wp-json\/wp\/v2\/types\/page"}],"author":[{"embeddable":true,"href":"https:\/\/www.vanderwallimmigration.com\/es\/wp-json\/wp\/v2\/users\/4"}],"replies":[{"embeddable":true,"href":"https:\/\/www.vanderwallimmigration.com\/es\/wp-json\/wp\/v2\/comments?post=4184"}],"version-history":[{"count":0,"href":"https:\/\/www.vanderwallimmigration.com\/es\/wp-json\/wp\/v2\/pages\/4184\/revisions"}],"up":[{"embeddable":true,"href":"https:\/\/www.vanderwallimmigration.com\/es\/wp-json\/wp\/v2\/pages\/3979"}],"wp:attachment":[{"href":"https:\/\/www.vanderwallimmigration.com\/es\/wp-json\/wp\/v2\/media?parent=4184"}],"curies":[{"name":"wp","href":"https:\/\/api.w.org\/{rel}","templated":true}]}}