{"id":4180,"date":"2024-10-25T22:19:33","date_gmt":"2024-10-25T22:19:33","guid":{"rendered":"https:\/\/www.vanderwallimmigration.com\/about-us\/erika-rodriguez-2\/"},"modified":"2026-01-12T04:06:40","modified_gmt":"2026-01-12T04:06:40","slug":"erika-rodriguez","status":"publish","type":"page","link":"https:\/\/www.vanderwallimmigration.com\/es\/sobre-nosotros\/erika-rodriguez\/","title":{"rendered":"Erika Rodriguez"},"content":{"rendered":"<h1>Erika Rodriguez<\/h1> \t<h2>Sobre Nosotros<\/h2> \t\t\t<a href=\"#contact-us\" title=\"Haz clic aqu\u00ed\" target=\"_self\"   role=\"button\" aria-label=\"Programar Una Cita\"> \t\t\t\t\t\t\tProgramar Una Cita \t\t<\/a> \t\t\t<p>Director de Asistentes Legales y Administrativos<\/p> \t<h3> \t\t\t\tErika Rodriguez \t\t\t<\/h3> \t\t\t\t<img decoding=\"async\" src=\"https:\/\/www.vanderwallimmigration.com\/wp-content\/uploads\/2024\/10\/small-logo.jpg\" alt=\"small-logo\" itemprop=\"image\" height=\"124\" width=\"133\" title=\"small-logo\" onerror=\"this.style.display='none'\" loading=\"lazy\" \/> \t<p>Erika naci\u00f3 y creci\u00f3 en Oregon. Sus padres son ambos de M\u00e9xico y aunque naci\u00f3 aqu\u00ed, el espa\u00f1ol fue su primer idioma. Durante sus a\u00f1os de escuela primaria, Erika trabajo duro en perfeccionar su ingl\u00e9s, debido a sus esfuerzos, logro graduarse de su clase de ESL antes de tempo. Uno de los logros m\u00e1s grandes de Erika. El vivir en Oreg\u00f3n toda su vida le ha ense\u00f1ado a apreciar la lluvia y para ella no hay mejor clima que el de Oreg\u00f3n.<\/p> <p>A Erika le apasiona ayudar a los dem\u00e1s y cree que es importante ayudar al pr\u00f3jimo durante los buenos y malos momentos ya que todos necesitamos ayuda en alg\u00fan momento de nuestras vidas.<\/p> <p>A Erika le encanta pasar tiempo con su familia y amigos. Su familia es<\/p> <p>Su mayor motivaci\u00f3n. Erika tambi\u00e9n disfruta de hacer re\u00edr a la gente, hacer nuevos amigos y le gusta explorar nuevos lugares en Oreg\u00f3n. Erika cree que cada lucha y cada desaf\u00edo que enfrentamos en la vida tiene una recompensa, solo hay que tener paciencia, hacer sacrificios y estar dispuesto a superar los obst\u00e1culos que se presenten para llegar a la meta.<\/p> <p><em>Idiomas: Ingl\u00e9s, Espa\u00f1ol<\/em><\/p> \t<h5> \t\t\t\tPrograme su consulta de inmigraci\u00f3n con un abogado de inmigraci\u00f3n \t\t\t<\/h5> \t\t\t\t<img decoding=\"async\" src=\"https:\/\/www.vanderwallimmigration.com\/wp-content\/uploads\/2025\/09\/2025-footer-banner-awards-layout.png\" alt=\"2025-footer-banner-awards-layout\" itemprop=\"image\" height=\"420\" width=\"600\" title=\"2025-footer-banner-awards-layout\" onerror=\"this.style.display='none'\" loading=\"lazy\" \/> \t<h5> \t\t\t\tsalga de las sombras. \t\t\t<\/h5> \t<h5> \t\t\t\tLl\u00e1menos hoy al \t\t\t<\/h5> \t\t\t<p><a href=\"tel:+15032068414\">+1 503-206-8414<\/a><\/p>\t \t\t\t<a href=\"https:\/\/www.vanderwallimmigration.com\/schedule-appointment\/\" title=\"Haz clic aqu\u00ed\" target=\"_self\"   role=\"button\" aria-label=\"Programar una cita\"> \t\t\t\t\t\t\tProgramar una cita \t\t<\/a>","protected":false},"excerpt":{"rendered":"<p>Erika Rodriguez Sobre Nosotros Programar Una Cita Director de Asistentes Legales y Administrativos Erika Rodriguez Erika naci\u00f3 y creci\u00f3 en Oregon. Sus padres son ambos de M\u00e9xico y aunque naci\u00f3 aqu\u00ed, el espa\u00f1ol fue su primer idioma. Durante sus a\u00f1os de escuela primaria, Erika trabajo duro en perfeccionar su ingl\u00e9s, debido a sus esfuerzos, logro [&hellip;]<\/p>\n","protected":false},"author":4,"featured_media":0,"parent":3979,"menu_order":0,"comment_status":"closed","ping_status":"open","template":"","meta":{"_acf_changed":false,"site-sidebar-layout":"no-sidebar","site-content-layout":"page-builder","ast-site-content-layout":"full-width-container","site-content-style":"unboxed","site-sidebar-style":"unboxed","ast-global-header-display":"","ast-banner-title-visibility":"","ast-main-header-display":"","ast-hfb-above-header-display":"","ast-hfb-below-header-display":"","ast-hfb-mobile-header-display":"","site-post-title":"disabled","ast-breadcrumbs-content":"","ast-featured-img":"disabled","footer-sml-layout":"","ast-disable-related-posts":"","theme-transparent-header-meta":"enabled","adv-header-id-meta":"","stick-header-meta":"","header-above-stick-meta":"","header-main-stick-meta":"","header-below-stick-meta":"","astra-migrate-meta-layouts":"set","ast-page-background-enabled":"default","ast-page-background-meta":{"desktop":{"background-color":"","background-image":"","background-repeat":"repeat","background-position":"center center","background-size":"auto","background-attachment":"scroll","background-type":"","background-media":"","overlay-type":"","overlay-color":"","overlay-opacity":"","overlay-gradient":""},"tablet":{"background-color":"","background-image":"","background-repeat":"repeat","background-position":"center center","background-size":"auto","background-attachment":"scroll","background-type":"","background-media":"","overlay-type":"","overlay-color":"","overlay-opacity":"","overlay-gradient":""},"mobile":{"background-color":"","background-image":"","background-repeat":"repeat","background-position":"center center","background-size":"auto","background-attachment":"scroll","background-type":"","background-media":"","overlay-type":"","overlay-color":"","overlay-opacity":"","overlay-gradient":""}},"ast-content-background-meta":{"desktop":{"background-color":"var(--ast-global-color-5)","background-image":"","background-repeat":"repeat","background-position":"center center","background-size":"auto","background-attachment":"scroll","background-type":"","background-media":"","overlay-type":"","overlay-color":"","overlay-opacity":"","overlay-gradient":""},"tablet":{"background-color":"var(--ast-global-color-5)","background-image":"","background-repeat":"repeat","background-position":"center center","background-size":"auto","background-attachment":"scroll","background-type":"","background-media":"","overlay-type":"","overlay-color":"","overlay-opacity":"","overlay-gradient":""},"mobile":{"background-color":"var(--ast-global-color-5)","background-image":"","background-repeat":"repeat","background-position":"center center","background-size":"auto","background-attachment":"scroll","background-type":"","background-media":"","overlay-type":"","overlay-color":"","overlay-opacity":"","overlay-gradient":""}},"footnotes":""},"class_list":["post-4180","page","type-page","status-publish","hentry"],"acf":[],"aioseo_notices":[],"_links":{"self":[{"href":"https:\/\/www.vanderwallimmigration.com\/es\/wp-json\/wp\/v2\/pages\/4180","targetHints":{"allow":["GET"]}}],"collection":[{"href":"https:\/\/www.vanderwallimmigration.com\/es\/wp-json\/wp\/v2\/pages"}],"about":[{"href":"https:\/\/www.vanderwallimmigration.com\/es\/wp-json\/wp\/v2\/types\/page"}],"author":[{"embeddable":true,"href":"https:\/\/www.vanderwallimmigration.com\/es\/wp-json\/wp\/v2\/users\/4"}],"replies":[{"embeddable":true,"href":"https:\/\/www.vanderwallimmigration.com\/es\/wp-json\/wp\/v2\/comments?post=4180"}],"version-history":[{"count":0,"href":"https:\/\/www.vanderwallimmigration.com\/es\/wp-json\/wp\/v2\/pages\/4180\/revisions"}],"up":[{"embeddable":true,"href":"https:\/\/www.vanderwallimmigration.com\/es\/wp-json\/wp\/v2\/pages\/3979"}],"wp:attachment":[{"href":"https:\/\/www.vanderwallimmigration.com\/es\/wp-json\/wp\/v2\/media?parent=4180"}],"curies":[{"name":"wp","href":"https:\/\/api.w.org\/{rel}","templated":true}]}}