{"id":4176,"date":"2024-10-25T22:24:59","date_gmt":"2024-10-25T22:24:59","guid":{"rendered":"https:\/\/www.vanderwallimmigration.com\/about-us\/jericka-diaz-2\/"},"modified":"2026-02-02T20:45:41","modified_gmt":"2026-02-02T20:45:41","slug":"jericka-diaz","status":"publish","type":"page","link":"https:\/\/www.vanderwallimmigration.com\/es\/sobre-nosotros\/jericka-diaz\/","title":{"rendered":"Jericka Diaz"},"content":{"rendered":"<h1>Jericka Diaz<\/h1> \t<h2>Sobre Nosotros<\/h2> \t\t\t<a href=\"\/es\/formulario-de-cita\/\" title=\"Programar Una Cita\" target=\"_self\"   role=\"button\" aria-label=\"Programar Una Cita\"> \t\t\t\t\t\t\tProgramar Una Cita \t\t<\/a> \t\t\t<p>Paralegal Principal<\/p>\t \t<h3> \t\t\t\tJericka Diaz \t\t\t<\/h3> <figure itemscope itemtype=\"https:\/\/schema.org\/ImageObject\"> \t\t\t\t<img decoding=\"async\" src=\"https:\/\/www.vanderwallimmigration.com\/wp-content\/uploads\/2024\/10\/small-logo.jpg\" alt=\"small-logo\" height=\"124\" width=\"133\" title=\"small-logo\" onerror=\"this.style.display='none'\" loading=\"lazy\" \/> \t<\/figure> \t<p>Jericka D\u00edaz, nacida en la Rep\u00fablica Dominicana, emprendi\u00f3 un viaje transformador hacia los Estados Unidos a la edad de 6 a\u00f1os, junto a su madre, siguiendo la petici\u00f3n de su padre. Navegar por las complejidades de una nueva cultura y un nuevo idioma result\u00f3 ser un desaf\u00edo formidable, moldeando la resiliencia de Jericka desde temprana edad.<\/p> <p>En sus a\u00f1os formativos, el compromiso de Jericka con su nueva patria culmin\u00f3 cuando obtuvo su ciudadan\u00eda estadounidense durante el principio de sus veinte a\u00f1os, marcando un logro significativo en su trayectoria de vida.<\/p> <p>Mientras Jericka persegu\u00eda una educaci\u00f3n superior, encontr\u00f3 su vocaci\u00f3n en ayudar a personas que navegan por las complejidades de los procesos de inmigraci\u00f3n. Comenz\u00f3 a trabajar como preparadora de formularios de inmigraci\u00f3n en el vibrante ambiente de la ciudad de Nueva York. Refin\u00f3 sus habilidades durante siete a\u00f1os, motivada por un profundo deseo de ayudar a aquellos que luchan con barreras idiom\u00e1ticas.<\/p> <p>Impulsada por una doble pasi\u00f3n por la justicia criminal y asuntos de inmigraci\u00f3n, Jericka emprendi\u00f3 una b\u00fasqueda de conocimiento, obteniendo su licenciatura en justicia criminal en la universidad Monroe. Posteriormente, se desempe\u00f1\u00f3 en un cargo en el cumplimiento de la ley durante algunos a\u00f1os.<\/p> <p>Al trasladarse a Oreg\u00f3n con su familia en 2019, Jericka aprovech\u00f3 la oportunidad para integrar su diverso conjunto de habilidades, fusionando su experiencia en el cumplimiento de la ley con su experiencia en asuntos de inmigraci\u00f3n. Acogiendo su papel como paralegal de inmigraci\u00f3n en Portland, contin\u00faa abogando por los derechos de los inmigrantes, aprovechando su combinaci\u00f3n distintiva de experiencia y empat\u00eda.<\/p> <p>M\u00e1s all\u00e1 de sus esfuerzos profesionales, Jericka encuentra consuelo en la compa\u00f1\u00eda de sus seres queridos, atesorando los momentos pasados con la familia. Tambi\u00e9n valora los momentos de soledad, encontrando relajaci\u00f3n en la contemplaci\u00f3n tranquila. Adem\u00e1s, disfruta de la m\u00fasica como una fuente de disfrute personal.<\/p> <p><em>Idiomas: Espa\u00f1ol e Ingl\u00e9s<\/em><\/p> \t<h5> \t\t\t\tPrograme su consulta de inmigraci\u00f3n con un abogado de inmigraci\u00f3n \t\t\t<\/h5> <figure itemscope itemtype=\"https:\/\/schema.org\/ImageObject\"> \t\t\t\t<img decoding=\"async\" src=\"https:\/\/www.vanderwallimmigration.com\/wp-content\/uploads\/2025\/09\/2025-footer-banner-awards-layout.png\" alt=\"2025-footer-banner-awards-layout\" height=\"420\" width=\"600\" title=\"2025-footer-banner-awards-layout\" onerror=\"this.style.display='none'\" loading=\"lazy\" \/> \t<\/figure> \t<h5> \t\t\t\tsalga de las sombras. \t\t\t<\/h5> \t<h5> \t\t\t\tLl\u00e1menos hoy al \t\t\t<\/h5> \t\t\t<p><a href=\"tel:+15032068414\">+1 503-206-8414<\/a><\/p>\t \t\t\t<a href=\"https:\/\/www.vanderwallimmigration.com\/schedule-appointment\/\" title=\"Programar una cita\" target=\"_self\"   role=\"button\" aria-label=\"Programar una cita\"> \t\t\t\t\t\t\tProgramar una cita \t\t<\/a>","protected":false},"excerpt":{"rendered":"<p>Jericka Diaz Sobre Nosotros Programar Una Cita Paralegal Principal Jericka Diaz Jericka D\u00edaz, nacida en la Rep\u00fablica Dominicana, emprendi\u00f3 un viaje transformador hacia los Estados Unidos a la edad de 6 a\u00f1os, junto a su madre, siguiendo la petici\u00f3n de su padre. Navegar por las complejidades de una nueva cultura y un nuevo idioma result\u00f3 [&hellip;]<\/p>\n","protected":false},"author":4,"featured_media":0,"parent":3979,"menu_order":0,"comment_status":"closed","ping_status":"open","template":"","meta":{"_acf_changed":false,"site-sidebar-layout":"no-sidebar","site-content-layout":"page-builder","ast-site-content-layout":"full-width-container","site-content-style":"unboxed","site-sidebar-style":"unboxed","ast-global-header-display":"","ast-banner-title-visibility":"","ast-main-header-display":"","ast-hfb-above-header-display":"","ast-hfb-below-header-display":"","ast-hfb-mobile-header-display":"","site-post-title":"disabled","ast-breadcrumbs-content":"","ast-featured-img":"disabled","footer-sml-layout":"","ast-disable-related-posts":"","theme-transparent-header-meta":"enabled","adv-header-id-meta":"","stick-header-meta":"","header-above-stick-meta":"","header-main-stick-meta":"","header-below-stick-meta":"","astra-migrate-meta-layouts":"set","ast-page-background-enabled":"default","ast-page-background-meta":{"desktop":{"background-color":"","background-image":"","background-repeat":"repeat","background-position":"center center","background-size":"auto","background-attachment":"scroll","background-type":"","background-media":"","overlay-type":"","overlay-color":"","overlay-opacity":"","overlay-gradient":""},"tablet":{"background-color":"","background-image":"","background-repeat":"repeat","background-position":"center center","background-size":"auto","background-attachment":"scroll","background-type":"","background-media":"","overlay-type":"","overlay-color":"","overlay-opacity":"","overlay-gradient":""},"mobile":{"background-color":"","background-image":"","background-repeat":"repeat","background-position":"center center","background-size":"auto","background-attachment":"scroll","background-type":"","background-media":"","overlay-type":"","overlay-color":"","overlay-opacity":"","overlay-gradient":""}},"ast-content-background-meta":{"desktop":{"background-color":"var(--ast-global-color-5)","background-image":"","background-repeat":"repeat","background-position":"center center","background-size":"auto","background-attachment":"scroll","background-type":"","background-media":"","overlay-type":"","overlay-color":"","overlay-opacity":"","overlay-gradient":""},"tablet":{"background-color":"var(--ast-global-color-5)","background-image":"","background-repeat":"repeat","background-position":"center center","background-size":"auto","background-attachment":"scroll","background-type":"","background-media":"","overlay-type":"","overlay-color":"","overlay-opacity":"","overlay-gradient":""},"mobile":{"background-color":"var(--ast-global-color-5)","background-image":"","background-repeat":"repeat","background-position":"center center","background-size":"auto","background-attachment":"scroll","background-type":"","background-media":"","overlay-type":"","overlay-color":"","overlay-opacity":"","overlay-gradient":""}},"footnotes":""},"class_list":["post-4176","page","type-page","status-publish","hentry"],"acf":[],"aioseo_notices":[],"_links":{"self":[{"href":"https:\/\/www.vanderwallimmigration.com\/es\/wp-json\/wp\/v2\/pages\/4176","targetHints":{"allow":["GET"]}}],"collection":[{"href":"https:\/\/www.vanderwallimmigration.com\/es\/wp-json\/wp\/v2\/pages"}],"about":[{"href":"https:\/\/www.vanderwallimmigration.com\/es\/wp-json\/wp\/v2\/types\/page"}],"author":[{"embeddable":true,"href":"https:\/\/www.vanderwallimmigration.com\/es\/wp-json\/wp\/v2\/users\/4"}],"replies":[{"embeddable":true,"href":"https:\/\/www.vanderwallimmigration.com\/es\/wp-json\/wp\/v2\/comments?post=4176"}],"version-history":[{"count":0,"href":"https:\/\/www.vanderwallimmigration.com\/es\/wp-json\/wp\/v2\/pages\/4176\/revisions"}],"up":[{"embeddable":true,"href":"https:\/\/www.vanderwallimmigration.com\/es\/wp-json\/wp\/v2\/pages\/3979"}],"wp:attachment":[{"href":"https:\/\/www.vanderwallimmigration.com\/es\/wp-json\/wp\/v2\/media?parent=4176"}],"curies":[{"name":"wp","href":"https:\/\/api.w.org\/{rel}","templated":true}]}}