{"id":4175,"date":"2024-10-25T22:22:08","date_gmt":"2024-10-25T22:22:08","guid":{"rendered":"https:\/\/www.vanderwallimmigration.com\/about-us\/jessica-martinez-2\/"},"modified":"2025-11-06T01:39:40","modified_gmt":"2025-11-06T01:39:40","slug":"jessica-martinez","status":"publish","type":"page","link":"https:\/\/www.vanderwallimmigration.com\/es\/sobre-nosotros\/jessica-martinez\/","title":{"rendered":"Jessica Martinez"},"content":{"rendered":"<h1>Jessica Martinez<\/h1> \t<h2>Sobre Nosotros<\/h2> \t\t\t<a href=\"https:\/\/www.vanderwallimmigration.com\/es\/programar-una-cita\/\" title=\"Haz clic aqu\u00ed\" target=\"_self\"   role=\"button\" aria-label=\"Programar Una Cita\"> \t\t\t\t\t\t\tProgramar Una Cita \t\t<\/a> \t\t\t<p>Asistente Legal<\/p> \t<h3> \t\t\t\tJessica Martinez \t\t\t<\/h3> \t\t\t\t<img decoding=\"async\" src=\"https:\/\/www.vanderwallimmigration.com\/wp-content\/uploads\/2024\/10\/small-logo.jpg\" alt=\"small-logo\" itemprop=\"image\" height=\"124\" width=\"133\" title=\"small-logo\" onerror=\"this.style.display='none'\" loading=\"lazy\" \/> \t<p>Jessica tiene muchos a\u00f1os de experiencia en hoteler\u00eda, lo que le ha brindado una base s\u00f3lida en un excelente servicio al cliente. Naci\u00f3 y creci\u00f3 en California. Tambi\u00e9n ha vivido en los biomas des\u00e9rticos secos del sur de Utah, en el centro de Texas cubierto de gorros azules y, finalmente, ha hecho del lado brumoso de Oreg\u00f3n su nuevo hogar. Jessica es salvadore\u00f1a-estadounidense de primera generaci\u00f3n. Sus padres y su hermana mayor emigraron de El Salvador para escapar de los trastornos pol\u00edticos de la guerra civil de su pa\u00eds y cultivar un medio de vida m\u00e1s estable. Esto le da a Jessica una ventaja en la ley de inmigraci\u00f3n debido a su educaci\u00f3n.<\/p> <p>En su tiempo libre, a Jessica le gusta explorar los bosques empapados de lluvia del noroeste del Pac\u00edfico con su hermana y su sobrina. Tambi\u00e9n le gusta andar en bicicleta, acampar, la m\u00fasica en vivo y la cocina internacional.<\/p> <p><em>Idiomas: Espa\u00f1ol, Ingl\u00e9s<\/em><\/p> \t<h5> \t\t\t\tPrograme su consulta de inmigraci\u00f3n con un abogado de inmigraci\u00f3n \t\t\t<\/h5> \t\t\t\t<img decoding=\"async\" src=\"https:\/\/www.vanderwallimmigration.com\/wp-content\/uploads\/2025\/09\/footer-banner-2025.png\" alt=\"footer-banner-2025\" itemprop=\"image\" height=\"243\" width=\"530\" title=\"footer-banner-2025\" onerror=\"this.style.display='none'\" loading=\"lazy\" \/> \t<h5> \t\t\t\tsalga de las sombras. \t\t\t<\/h5> \t<h5> \t\t\t\tLl\u00e1menos hoy al \t\t\t<\/h5> \t\t\t<p><a href=\"tel:+15032068414\">+1 503-206-8414<\/a><\/p>\t \t\t\t<a href=\"https:\/\/www.vanderwallimmigration.com\/es\/programar-una-cita\/\" title=\"Haz clic aqu\u00ed\" target=\"_self\"   role=\"button\" aria-label=\"Programar una cita\"> \t\t\t\t\t\t\tProgramar una cita \t\t<\/a>","protected":false},"excerpt":{"rendered":"<p>Jessica Martinez Sobre Nosotros Programar Una Cita Asistente Legal Jessica Martinez Jessica tiene muchos a\u00f1os de experiencia en hoteler\u00eda, lo que le ha brindado una base s\u00f3lida en un excelente servicio al cliente. Naci\u00f3 y creci\u00f3 en California. Tambi\u00e9n ha vivido en los biomas des\u00e9rticos secos del sur de Utah, en el centro de Texas [&hellip;]<\/p>\n","protected":false},"author":4,"featured_media":0,"parent":3979,"menu_order":0,"comment_status":"closed","ping_status":"open","template":"","meta":{"_acf_changed":false,"site-sidebar-layout":"no-sidebar","site-content-layout":"page-builder","ast-site-content-layout":"full-width-container","site-content-style":"unboxed","site-sidebar-style":"unboxed","ast-global-header-display":"","ast-banner-title-visibility":"","ast-main-header-display":"","ast-hfb-above-header-display":"","ast-hfb-below-header-display":"","ast-hfb-mobile-header-display":"","site-post-title":"disabled","ast-breadcrumbs-content":"","ast-featured-img":"disabled","footer-sml-layout":"","ast-disable-related-posts":"","theme-transparent-header-meta":"enabled","adv-header-id-meta":"","stick-header-meta":"","header-above-stick-meta":"","header-main-stick-meta":"","header-below-stick-meta":"","astra-migrate-meta-layouts":"set","ast-page-background-enabled":"default","ast-page-background-meta":{"desktop":{"background-color":"","background-image":"","background-repeat":"repeat","background-position":"center center","background-size":"auto","background-attachment":"scroll","background-type":"","background-media":"","overlay-type":"","overlay-color":"","overlay-opacity":"","overlay-gradient":""},"tablet":{"background-color":"","background-image":"","background-repeat":"repeat","background-position":"center center","background-size":"auto","background-attachment":"scroll","background-type":"","background-media":"","overlay-type":"","overlay-color":"","overlay-opacity":"","overlay-gradient":""},"mobile":{"background-color":"","background-image":"","background-repeat":"repeat","background-position":"center center","background-size":"auto","background-attachment":"scroll","background-type":"","background-media":"","overlay-type":"","overlay-color":"","overlay-opacity":"","overlay-gradient":""}},"ast-content-background-meta":{"desktop":{"background-color":"var(--ast-global-color-5)","background-image":"","background-repeat":"repeat","background-position":"center center","background-size":"auto","background-attachment":"scroll","background-type":"","background-media":"","overlay-type":"","overlay-color":"","overlay-opacity":"","overlay-gradient":""},"tablet":{"background-color":"var(--ast-global-color-5)","background-image":"","background-repeat":"repeat","background-position":"center center","background-size":"auto","background-attachment":"scroll","background-type":"","background-media":"","overlay-type":"","overlay-color":"","overlay-opacity":"","overlay-gradient":""},"mobile":{"background-color":"var(--ast-global-color-5)","background-image":"","background-repeat":"repeat","background-position":"center center","background-size":"auto","background-attachment":"scroll","background-type":"","background-media":"","overlay-type":"","overlay-color":"","overlay-opacity":"","overlay-gradient":""}},"footnotes":""},"class_list":["post-4175","page","type-page","status-publish","hentry"],"acf":[],"aioseo_notices":[],"_links":{"self":[{"href":"https:\/\/www.vanderwallimmigration.com\/es\/wp-json\/wp\/v2\/pages\/4175","targetHints":{"allow":["GET"]}}],"collection":[{"href":"https:\/\/www.vanderwallimmigration.com\/es\/wp-json\/wp\/v2\/pages"}],"about":[{"href":"https:\/\/www.vanderwallimmigration.com\/es\/wp-json\/wp\/v2\/types\/page"}],"author":[{"embeddable":true,"href":"https:\/\/www.vanderwallimmigration.com\/es\/wp-json\/wp\/v2\/users\/4"}],"replies":[{"embeddable":true,"href":"https:\/\/www.vanderwallimmigration.com\/es\/wp-json\/wp\/v2\/comments?post=4175"}],"version-history":[{"count":0,"href":"https:\/\/www.vanderwallimmigration.com\/es\/wp-json\/wp\/v2\/pages\/4175\/revisions"}],"up":[{"embeddable":true,"href":"https:\/\/www.vanderwallimmigration.com\/es\/wp-json\/wp\/v2\/pages\/3979"}],"wp:attachment":[{"href":"https:\/\/www.vanderwallimmigration.com\/es\/wp-json\/wp\/v2\/media?parent=4175"}],"curies":[{"name":"wp","href":"https:\/\/api.w.org\/{rel}","templated":true}]}}