{"id":4174,"date":"2024-10-25T22:37:34","date_gmt":"2024-10-25T22:37:34","guid":{"rendered":"https:\/\/www.vanderwallimmigration.com\/about-us\/jocelyn-vera-2\/"},"modified":"2026-02-02T22:40:43","modified_gmt":"2026-02-02T22:40:43","slug":"jocelyn-ramirez","status":"publish","type":"page","link":"https:\/\/www.vanderwallimmigration.com\/es\/sobre-nosotros\/jocelyn-ramirez\/","title":{"rendered":"Jocelyn Ramirez"},"content":{"rendered":"<h1>Jocelyn Ramirez<\/h1> \t<h2>Sobre Nosotros<\/h2> \t\t\t<a href=\"\/es\/formulario-de-cita\/\" title=\"Programar Una Cita\" target=\"_self\"   role=\"button\" aria-label=\"Programar Una Cita\"> \t\t\t\t\t\t\tProgramar Una Cita \t\t<\/a> \t\t\t<p>Asistente Legal<\/p>\t \t<h3> \t\t\t\tJocelyn Ramirez \t\t\t<\/h3> <figure itemscope itemtype=\"https:\/\/schema.org\/ImageObject\"> \t\t\t\t<img decoding=\"async\" src=\"https:\/\/www.vanderwallimmigration.com\/wp-content\/uploads\/2024\/10\/small-logo.jpg\" alt=\"small-logo\" height=\"124\" width=\"133\" title=\"small-logo\" onerror=\"this.style.display='none'\" loading=\"lazy\" \/> \t<\/figure> \t<p>Las ra\u00edces de Jocelyn son profundas en el valle de Willamette en Oregon, donde creci\u00f3\u00a0en medio de vastos paisajes que moldearon tanto su esp\u00edritu como su empuje. Cuando era ni\u00f1a, siempre estaba en movimiento, una atleta natural que canaliza\u00a0su energ\u00eda en cada deporte que practicaba. Su racha competitiva s\u00f3lo fue igualada por su calidez genuina que r\u00e1pidamente se posicion\u00f3 como un modelo a seguir. No solo predic\u00f3 con el ejemplo &#8211; encarna el tipo de fuerza silenciosa que atrae\u00a0a los dem\u00e1s. El enfoque de Jocelyn ante la vida siempre se ha centrado m\u00e1s en las victorias personales; se trata de animar a los dem\u00e1s, de demostrar\u00a0que el \u00e9xito no se trata solo de ganar. Sino tambi\u00e9n\u00a0de inspirar a quienes te rodean a ascender.<\/p> <p>En su tiempo personal, Jocelyn est\u00e1 profundamente conectada con el mundo que la rodea y encuentra el equilibrio entre las aventuras al aire libre y el tranquilo\u00a0consuelo de hogar. Se siente m\u00e1s viva en el oto\u00f1o, cuando la estaci\u00f3n refleja su amor por el cambio y la reflexi\u00f3n. Con la esperanza de encontrar la paz en el aire fresco, Jocelyn disfruta de largas caminatas\u00a0bajo el dosel de oto\u00f1o y se sumerge en libros que desaf\u00edan\u00a0su mente y coraz\u00f3n. La familia y los amigos son fundamentales para\u00a0su estilo de vida, ya que la conectan con el mundo que cambia continuamente\u00a0y le recuerdan que la compasi\u00f3n est\u00e1 en el coraz\u00f3n de todas las cosas.<\/p> <p>Idiomas: espa\u00f1ol e Ingl\u00e9s<\/p> \t<h5> \t\t\t\tPrograme su consulta de inmigraci\u00f3n con un abogado de inmigraci\u00f3n \t\t\t<\/h5> <figure itemscope itemtype=\"https:\/\/schema.org\/ImageObject\"> \t\t\t\t<img decoding=\"async\" src=\"https:\/\/www.vanderwallimmigration.com\/wp-content\/uploads\/2025\/09\/2025-footer-banner-awards-layout.png\" alt=\"2025-footer-banner-awards-layout\" height=\"420\" width=\"600\" title=\"2025-footer-banner-awards-layout\" onerror=\"this.style.display='none'\" loading=\"lazy\" \/> \t<\/figure> \t<h5> \t\t\t\tsalga de las sombras. \t\t\t<\/h5> \t<h5> \t\t\t\tLl\u00e1menos hoy al \t\t\t<\/h5> \t\t\t<p><a href=\"tel:+15032068414\">+1 503-206-8414<\/a><\/p>\t \t\t\t<a href=\"https:\/\/www.vanderwallimmigration.com\/schedule-appointment\/\" title=\"Programar una cita\" target=\"_self\"   role=\"button\" aria-label=\"Programar una cita\"> \t\t\t\t\t\t\tProgramar una cita \t\t<\/a>","protected":false},"excerpt":{"rendered":"<p>Jocelyn Ramirez Sobre Nosotros Programar Una Cita Asistente Legal Jocelyn Ramirez Las ra\u00edces de Jocelyn son profundas en el valle de Willamette en Oregon, donde creci\u00f3\u00a0en medio de vastos paisajes que moldearon tanto su esp\u00edritu como su empuje. Cuando era ni\u00f1a, siempre estaba en movimiento, una atleta natural que canaliza\u00a0su energ\u00eda en cada deporte que [&hellip;]<\/p>\n","protected":false},"author":1,"featured_media":0,"parent":3979,"menu_order":0,"comment_status":"closed","ping_status":"open","template":"","meta":{"_acf_changed":false,"site-sidebar-layout":"no-sidebar","site-content-layout":"page-builder","ast-site-content-layout":"full-width-container","site-content-style":"unboxed","site-sidebar-style":"unboxed","ast-global-header-display":"","ast-banner-title-visibility":"","ast-main-header-display":"","ast-hfb-above-header-display":"","ast-hfb-below-header-display":"","ast-hfb-mobile-header-display":"","site-post-title":"disabled","ast-breadcrumbs-content":"","ast-featured-img":"disabled","footer-sml-layout":"","ast-disable-related-posts":"","theme-transparent-header-meta":"enabled","adv-header-id-meta":"","stick-header-meta":"","header-above-stick-meta":"","header-main-stick-meta":"","header-below-stick-meta":"","astra-migrate-meta-layouts":"set","ast-page-background-enabled":"default","ast-page-background-meta":{"desktop":{"background-color":"","background-image":"","background-repeat":"repeat","background-position":"center center","background-size":"auto","background-attachment":"scroll","background-type":"","background-media":"","overlay-type":"","overlay-color":"","overlay-opacity":"","overlay-gradient":""},"tablet":{"background-color":"","background-image":"","background-repeat":"repeat","background-position":"center center","background-size":"auto","background-attachment":"scroll","background-type":"","background-media":"","overlay-type":"","overlay-color":"","overlay-opacity":"","overlay-gradient":""},"mobile":{"background-color":"","background-image":"","background-repeat":"repeat","background-position":"center center","background-size":"auto","background-attachment":"scroll","background-type":"","background-media":"","overlay-type":"","overlay-color":"","overlay-opacity":"","overlay-gradient":""}},"ast-content-background-meta":{"desktop":{"background-color":"var(--ast-global-color-5)","background-image":"","background-repeat":"repeat","background-position":"center center","background-size":"auto","background-attachment":"scroll","background-type":"","background-media":"","overlay-type":"","overlay-color":"","overlay-opacity":"","overlay-gradient":""},"tablet":{"background-color":"var(--ast-global-color-5)","background-image":"","background-repeat":"repeat","background-position":"center center","background-size":"auto","background-attachment":"scroll","background-type":"","background-media":"","overlay-type":"","overlay-color":"","overlay-opacity":"","overlay-gradient":""},"mobile":{"background-color":"var(--ast-global-color-5)","background-image":"","background-repeat":"repeat","background-position":"center center","background-size":"auto","background-attachment":"scroll","background-type":"","background-media":"","overlay-type":"","overlay-color":"","overlay-opacity":"","overlay-gradient":""}},"footnotes":""},"class_list":["post-4174","page","type-page","status-publish","hentry"],"acf":[],"aioseo_notices":[],"_links":{"self":[{"href":"https:\/\/www.vanderwallimmigration.com\/es\/wp-json\/wp\/v2\/pages\/4174","targetHints":{"allow":["GET"]}}],"collection":[{"href":"https:\/\/www.vanderwallimmigration.com\/es\/wp-json\/wp\/v2\/pages"}],"about":[{"href":"https:\/\/www.vanderwallimmigration.com\/es\/wp-json\/wp\/v2\/types\/page"}],"author":[{"embeddable":true,"href":"https:\/\/www.vanderwallimmigration.com\/es\/wp-json\/wp\/v2\/users\/1"}],"replies":[{"embeddable":true,"href":"https:\/\/www.vanderwallimmigration.com\/es\/wp-json\/wp\/v2\/comments?post=4174"}],"version-history":[{"count":0,"href":"https:\/\/www.vanderwallimmigration.com\/es\/wp-json\/wp\/v2\/pages\/4174\/revisions"}],"up":[{"embeddable":true,"href":"https:\/\/www.vanderwallimmigration.com\/es\/wp-json\/wp\/v2\/pages\/3979"}],"wp:attachment":[{"href":"https:\/\/www.vanderwallimmigration.com\/es\/wp-json\/wp\/v2\/media?parent=4174"}],"curies":[{"name":"wp","href":"https:\/\/api.w.org\/{rel}","templated":true}]}}