{"id":4167,"date":"2024-10-25T22:28:13","date_gmt":"2024-10-25T22:28:13","guid":{"rendered":"https:\/\/www.vanderwallimmigration.com\/about-us\/michelle-tapia-hurtado-2\/"},"modified":"2026-01-12T04:06:58","modified_gmt":"2026-01-12T04:06:58","slug":"michelle-tapia-hurtado","status":"publish","type":"page","link":"https:\/\/www.vanderwallimmigration.com\/es\/sobre-nosotros\/michelle-tapia-hurtado\/","title":{"rendered":"Michelle Tapia Hurtado"},"content":{"rendered":"<h1>Michelle Tapia Hurtado<\/h1> \t<h2>Sobre Nosotros<\/h2> \t\t\t<a href=\"#contact-us\" title=\"Haz clic aqu\u00ed\" target=\"_self\"   role=\"button\" aria-label=\"Programar Una Cita\"> \t\t\t\t\t\t\tProgramar Una Cita \t\t<\/a> \t\t\t<p>Paralegal<\/p>\t \t<h3> \t\t\t\tMichelle Tapia Hurtado \t\t\t<\/h3> \t\t\t\t<img decoding=\"async\" src=\"https:\/\/www.vanderwallimmigration.com\/wp-content\/uploads\/2024\/10\/small-logo.jpg\" alt=\"small-logo\" itemprop=\"image\" height=\"124\" width=\"133\" title=\"small-logo\" onerror=\"this.style.display='none'\" loading=\"lazy\" \/> \t<p>Michelle naci\u00f3 en Portland, Oregon. Ella es hija de inmigrantes Mexicanos, originarios de Zacatecas, M\u00e9xico. Michelle tiene su licenciatura de la universidad de Oregon donde obtuvo su t\u00edtulo de ciencias pol\u00edticas con especialidad en derechos y filosof\u00eda. Su plan es seguir estudiando en la escuela de derechos en el futuro. Michelle tiene m\u00e1s de tres a\u00f1os de experiencia trabajando con la comunidad de inmigrantes en el estado de Oregon. Poder ayudar a la comunidad inmigrante la motiva d\u00eda a d\u00eda.<\/p> <p>En su tiempo libre le gusta pasar tiempo con su familia, ir a la librer\u00eda en busca de libros de ficci\u00f3n para leer, ir a nuevos shops de caf\u00e9 con sus amigas en el Noroeste Pacifico, o ir a sus clases de pilates los fines de semanas. Si Michelle no est\u00e1 en la oficina, es probable que est\u00e9 visitando a su familia en M\u00e9xico.<\/p> <p><em>Idiomas: Espa\u00f1ol e Ingl\u00e9s<\/em><\/p> \t<h5> \t\t\t\tPrograme su consulta de inmigraci\u00f3n con un abogado de inmigraci\u00f3n \t\t\t<\/h5> \t\t\t\t<img decoding=\"async\" src=\"https:\/\/www.vanderwallimmigration.com\/wp-content\/uploads\/2025\/09\/2025-footer-banner-awards-layout.png\" alt=\"2025-footer-banner-awards-layout\" itemprop=\"image\" height=\"420\" width=\"600\" title=\"2025-footer-banner-awards-layout\" onerror=\"this.style.display='none'\" loading=\"lazy\" \/> \t<h5> \t\t\t\tsalga de las sombras. \t\t\t<\/h5> \t<h5> \t\t\t\tLl\u00e1menos hoy al \t\t\t<\/h5> \t\t\t<p><a href=\"tel:+15032068414\">+1 503-206-8414<\/a><\/p>\t \t\t\t<a href=\"https:\/\/www.vanderwallimmigration.com\/schedule-appointment\/\" title=\"Haz clic aqu\u00ed\" target=\"_self\"   role=\"button\" aria-label=\"Programar una cita\"> \t\t\t\t\t\t\tProgramar una cita \t\t<\/a>","protected":false},"excerpt":{"rendered":"<p>Michelle Tapia Hurtado Sobre Nosotros Programar Una Cita Paralegal Michelle Tapia Hurtado Michelle naci\u00f3 en Portland, Oregon. Ella es hija de inmigrantes Mexicanos, originarios de Zacatecas, M\u00e9xico. Michelle tiene su licenciatura de la universidad de Oregon donde obtuvo su t\u00edtulo de ciencias pol\u00edticas con especialidad en derechos y filosof\u00eda. Su plan es seguir estudiando en [&hellip;]<\/p>\n","protected":false},"author":1,"featured_media":0,"parent":3979,"menu_order":0,"comment_status":"closed","ping_status":"open","template":"","meta":{"_acf_changed":false,"site-sidebar-layout":"no-sidebar","site-content-layout":"page-builder","ast-site-content-layout":"full-width-container","site-content-style":"unboxed","site-sidebar-style":"unboxed","ast-global-header-display":"","ast-banner-title-visibility":"","ast-main-header-display":"","ast-hfb-above-header-display":"","ast-hfb-below-header-display":"","ast-hfb-mobile-header-display":"","site-post-title":"disabled","ast-breadcrumbs-content":"","ast-featured-img":"disabled","footer-sml-layout":"","ast-disable-related-posts":"","theme-transparent-header-meta":"enabled","adv-header-id-meta":"","stick-header-meta":"","header-above-stick-meta":"","header-main-stick-meta":"","header-below-stick-meta":"","astra-migrate-meta-layouts":"set","ast-page-background-enabled":"default","ast-page-background-meta":{"desktop":{"background-color":"","background-image":"","background-repeat":"repeat","background-position":"center center","background-size":"auto","background-attachment":"scroll","background-type":"","background-media":"","overlay-type":"","overlay-color":"","overlay-opacity":"","overlay-gradient":""},"tablet":{"background-color":"","background-image":"","background-repeat":"repeat","background-position":"center center","background-size":"auto","background-attachment":"scroll","background-type":"","background-media":"","overlay-type":"","overlay-color":"","overlay-opacity":"","overlay-gradient":""},"mobile":{"background-color":"","background-image":"","background-repeat":"repeat","background-position":"center center","background-size":"auto","background-attachment":"scroll","background-type":"","background-media":"","overlay-type":"","overlay-color":"","overlay-opacity":"","overlay-gradient":""}},"ast-content-background-meta":{"desktop":{"background-color":"var(--ast-global-color-5)","background-image":"","background-repeat":"repeat","background-position":"center center","background-size":"auto","background-attachment":"scroll","background-type":"","background-media":"","overlay-type":"","overlay-color":"","overlay-opacity":"","overlay-gradient":""},"tablet":{"background-color":"var(--ast-global-color-5)","background-image":"","background-repeat":"repeat","background-position":"center center","background-size":"auto","background-attachment":"scroll","background-type":"","background-media":"","overlay-type":"","overlay-color":"","overlay-opacity":"","overlay-gradient":""},"mobile":{"background-color":"var(--ast-global-color-5)","background-image":"","background-repeat":"repeat","background-position":"center center","background-size":"auto","background-attachment":"scroll","background-type":"","background-media":"","overlay-type":"","overlay-color":"","overlay-opacity":"","overlay-gradient":""}},"footnotes":""},"class_list":["post-4167","page","type-page","status-publish","hentry"],"acf":[],"aioseo_notices":[],"_links":{"self":[{"href":"https:\/\/www.vanderwallimmigration.com\/es\/wp-json\/wp\/v2\/pages\/4167","targetHints":{"allow":["GET"]}}],"collection":[{"href":"https:\/\/www.vanderwallimmigration.com\/es\/wp-json\/wp\/v2\/pages"}],"about":[{"href":"https:\/\/www.vanderwallimmigration.com\/es\/wp-json\/wp\/v2\/types\/page"}],"author":[{"embeddable":true,"href":"https:\/\/www.vanderwallimmigration.com\/es\/wp-json\/wp\/v2\/users\/1"}],"replies":[{"embeddable":true,"href":"https:\/\/www.vanderwallimmigration.com\/es\/wp-json\/wp\/v2\/comments?post=4167"}],"version-history":[{"count":0,"href":"https:\/\/www.vanderwallimmigration.com\/es\/wp-json\/wp\/v2\/pages\/4167\/revisions"}],"up":[{"embeddable":true,"href":"https:\/\/www.vanderwallimmigration.com\/es\/wp-json\/wp\/v2\/pages\/3979"}],"wp:attachment":[{"href":"https:\/\/www.vanderwallimmigration.com\/es\/wp-json\/wp\/v2\/media?parent=4167"}],"curies":[{"name":"wp","href":"https:\/\/api.w.org\/{rel}","templated":true}]}}