{"id":4166,"date":"2024-10-25T22:12:12","date_gmt":"2024-10-25T22:12:12","guid":{"rendered":"https:\/\/www.vanderwallimmigration.com\/about-us\/paula-smith-2\/"},"modified":"2026-01-12T04:06:32","modified_gmt":"2026-01-12T04:06:32","slug":"paula-smith","status":"publish","type":"page","link":"https:\/\/www.vanderwallimmigration.com\/es\/sobre-nosotros\/paula-smith\/","title":{"rendered":"Paula Smith"},"content":{"rendered":"<h1>Paula Smith<\/h1> \t<h2>Sobre Nosotros<\/h2> \t\t\t<a href=\"#contact-us\" title=\"Haz clic aqu\u00ed\" target=\"_self\"   role=\"button\" aria-label=\"Programar Una Cita\"> \t\t\t\t\t\t\tProgramar Una Cita \t\t<\/a> \t\t\t<p>COO<\/p>\t \t<h3> \t\t\t\tPaula Smith \t\t\t<\/h3> \t\t\t\t<img decoding=\"async\" src=\"https:\/\/www.vanderwallimmigration.com\/wp-content\/uploads\/2024\/10\/small-logo.jpg\" alt=\"small-logo\" itemprop=\"image\" height=\"124\" width=\"133\" title=\"small-logo\" onerror=\"this.style.display='none'\" loading=\"lazy\" \/> \t<p>Originaria de Argentina, Paula fue tra\u00edda a los Estados Unidos por sus padres en el 1999. S\u00f3lo dos semanas m\u00e1s tarde comenz\u00f3 la escuela secundaria en California sin hablar una palabra de ingl\u00e9s. Ella recuerda lo dif\u00edcil que era comunicarse con sus profesores, pero tambi\u00e9n recuerda lo paciente y servicial que fueron con ella. En el 2000, Paula y su familia se mudaron a Oreg\u00f3n, donde se gradu\u00f3 de Wilsonville High School en el 2003 e inmediatamente despu\u00e9s asisti\u00f3 a Clackamas Community College por un a\u00f1o para estudios generales.<\/p> <p>Paula tuvo muchos diferentes trabajos al salir de la escuela secundaria, en busca de la carrera que le apasionaba. Siendo ella misma indocumentada, sufri\u00f3 muchos maltratos y muchas decepciones a lo largo de su b\u00fasqueda. Antes de trabajar en Vanderwall Inmigraci\u00f3n, Paula estaba familiarizada con algunas aplicaciones de inmigraci\u00f3n y ayud\u00f3 a miembros de su familia a obtener sus residencias. Fue entonces cuando Paula se dio cuenta que el ayudar a otras personas y cambiar sus vidas a trav\u00e9s de la inmigraci\u00f3n le dio mucha satisfacci\u00f3n.<\/p> <p>En el 2009, Paula se cas\u00f3 con su alma gemela rodeada por su familia y amigos Ella se convirti\u00f3 en ciudadana de los Estados Unidos en el 2012 y madre de un hermoso ni\u00f1o en el 2013. A Paula le gusta pasar tiempo con su familia y viajar. Le encanta reunirse con sus padres para comer un \u00abasado\u00bb tradicional argentino todas las semanas en el que s\u00f3lo hablan espa\u00f1ol, para que su hijo siga aprendiendo nuestro hermoso idioma.<\/p> <p>Idiomas: Ingl\u00e9s, Espa\u00f1ol<\/p> \t<h5> \t\t\t\tPrograme su consulta de inmigraci\u00f3n con un abogado de inmigraci\u00f3n \t\t\t<\/h5> \t\t\t\t<img decoding=\"async\" src=\"https:\/\/www.vanderwallimmigration.com\/wp-content\/uploads\/2025\/09\/2025-footer-banner-awards-layout.png\" alt=\"2025-footer-banner-awards-layout\" itemprop=\"image\" height=\"420\" width=\"600\" title=\"2025-footer-banner-awards-layout\" onerror=\"this.style.display='none'\" loading=\"lazy\" \/> \t<h5> \t\t\t\tsalga de las sombras. \t\t\t<\/h5> \t<h5> \t\t\t\tLl\u00e1menos hoy al \t\t\t<\/h5> \t\t\t<p><a href=\"tel:+15032068414\">+1 503-206-8414<\/a><\/p>\t \t\t\t<a href=\"https:\/\/www.vanderwallimmigration.com\/schedule-appointment\/\" title=\"Haz clic aqu\u00ed\" target=\"_self\"   role=\"button\" aria-label=\"Programar una cita\"> \t\t\t\t\t\t\tProgramar una cita \t\t<\/a>","protected":false},"excerpt":{"rendered":"<p>Paula Smith Sobre Nosotros Programar Una Cita COO Paula Smith Originaria de Argentina, Paula fue tra\u00edda a los Estados Unidos por sus padres en el 1999. S\u00f3lo dos semanas m\u00e1s tarde comenz\u00f3 la escuela secundaria en California sin hablar una palabra de ingl\u00e9s. Ella recuerda lo dif\u00edcil que era comunicarse con sus profesores, pero tambi\u00e9n [&hellip;]<\/p>\n","protected":false},"author":1,"featured_media":0,"parent":3979,"menu_order":0,"comment_status":"closed","ping_status":"open","template":"","meta":{"_acf_changed":false,"site-sidebar-layout":"no-sidebar","site-content-layout":"page-builder","ast-site-content-layout":"full-width-container","site-content-style":"unboxed","site-sidebar-style":"unboxed","ast-global-header-display":"","ast-banner-title-visibility":"","ast-main-header-display":"","ast-hfb-above-header-display":"","ast-hfb-below-header-display":"","ast-hfb-mobile-header-display":"","site-post-title":"disabled","ast-breadcrumbs-content":"","ast-featured-img":"disabled","footer-sml-layout":"","ast-disable-related-posts":"","theme-transparent-header-meta":"enabled","adv-header-id-meta":"","stick-header-meta":"","header-above-stick-meta":"","header-main-stick-meta":"","header-below-stick-meta":"","astra-migrate-meta-layouts":"set","ast-page-background-enabled":"default","ast-page-background-meta":{"desktop":{"background-color":"","background-image":"","background-repeat":"repeat","background-position":"center center","background-size":"auto","background-attachment":"scroll","background-type":"","background-media":"","overlay-type":"","overlay-color":"","overlay-opacity":"","overlay-gradient":""},"tablet":{"background-color":"","background-image":"","background-repeat":"repeat","background-position":"center center","background-size":"auto","background-attachment":"scroll","background-type":"","background-media":"","overlay-type":"","overlay-color":"","overlay-opacity":"","overlay-gradient":""},"mobile":{"background-color":"","background-image":"","background-repeat":"repeat","background-position":"center center","background-size":"auto","background-attachment":"scroll","background-type":"","background-media":"","overlay-type":"","overlay-color":"","overlay-opacity":"","overlay-gradient":""}},"ast-content-background-meta":{"desktop":{"background-color":"var(--ast-global-color-5)","background-image":"","background-repeat":"repeat","background-position":"center center","background-size":"auto","background-attachment":"scroll","background-type":"","background-media":"","overlay-type":"","overlay-color":"","overlay-opacity":"","overlay-gradient":""},"tablet":{"background-color":"var(--ast-global-color-5)","background-image":"","background-repeat":"repeat","background-position":"center center","background-size":"auto","background-attachment":"scroll","background-type":"","background-media":"","overlay-type":"","overlay-color":"","overlay-opacity":"","overlay-gradient":""},"mobile":{"background-color":"var(--ast-global-color-5)","background-image":"","background-repeat":"repeat","background-position":"center center","background-size":"auto","background-attachment":"scroll","background-type":"","background-media":"","overlay-type":"","overlay-color":"","overlay-opacity":"","overlay-gradient":""}},"footnotes":""},"class_list":["post-4166","page","type-page","status-publish","hentry"],"acf":[],"aioseo_notices":[],"_links":{"self":[{"href":"https:\/\/www.vanderwallimmigration.com\/es\/wp-json\/wp\/v2\/pages\/4166","targetHints":{"allow":["GET"]}}],"collection":[{"href":"https:\/\/www.vanderwallimmigration.com\/es\/wp-json\/wp\/v2\/pages"}],"about":[{"href":"https:\/\/www.vanderwallimmigration.com\/es\/wp-json\/wp\/v2\/types\/page"}],"author":[{"embeddable":true,"href":"https:\/\/www.vanderwallimmigration.com\/es\/wp-json\/wp\/v2\/users\/1"}],"replies":[{"embeddable":true,"href":"https:\/\/www.vanderwallimmigration.com\/es\/wp-json\/wp\/v2\/comments?post=4166"}],"version-history":[{"count":0,"href":"https:\/\/www.vanderwallimmigration.com\/es\/wp-json\/wp\/v2\/pages\/4166\/revisions"}],"up":[{"embeddable":true,"href":"https:\/\/www.vanderwallimmigration.com\/es\/wp-json\/wp\/v2\/pages\/3979"}],"wp:attachment":[{"href":"https:\/\/www.vanderwallimmigration.com\/es\/wp-json\/wp\/v2\/media?parent=4166"}],"curies":[{"name":"wp","href":"https:\/\/api.w.org\/{rel}","templated":true}]}}