{"id":4004,"date":"2024-10-23T10:22:48","date_gmt":"2024-10-23T10:22:48","guid":{"rendered":"https:\/\/www.vanderwallimmigration.com\/daca\/"},"modified":"2026-04-15T23:05:13","modified_gmt":"2026-04-15T23:05:13","slug":"accion-diferida-para-jovenes-daca","status":"publish","type":"page","link":"https:\/\/www.vanderwallimmigration.com\/es\/servicios-legales\/accion-diferida-para-jovenes-daca\/","title":{"rendered":"DACA: Accion diferida para j\u00f3venes"},"content":{"rendered":"<h1>Abogados de Portland Daca<\/h1> \t\t\t<a href=\"\/es\/formulario-de-cita\/\" title=\"Programar Una Cita\" target=\"_self\"   role=\"button\" aria-label=\"Programar Una Cita\"> \t\t\t\t\t\t\tProgramar Una Cita \t\t<\/a> \t\t\t<h2>Programe una consulta confidencial con los destacado abogados de DACA en Portland<\/h2>\t\t\t \t<p>En Inmigraci\u00f3n Vanderwall, nuestro abogado dedicado a DACA en Portland est\u00e1 comprometido a mantener a las familias unidas a trav\u00e9s de una representaci\u00f3n efectiva de la ley de inmigraci\u00f3n. Brindamos orientaci\u00f3n y soporte compasivos, confiables y centrados en soluciones. Con el amplio conocimiento y experiencia de nuestro equipo, incluso los casos de DACA m\u00e1s complejos se manejan con sumo cuidado. Si tiene alguna pregunta o inquietud espec\u00edfica sobre DACA, estamos m\u00e1s que listos para ayudarlo. Para programar una consulta confidencial y sin compromiso con uno de los mejores abogados de inmigraci\u00f3n de Oreg\u00f3n, cont\u00e1ctenos hoy.<\/p> <h3> \t\t\tUna descripci\u00f3n general de la Acci\u00f3n Diferida para los Llegados en la Infancia (DACA)\t<\/h3> \t<p>La Acci\u00f3n Diferida para los Llegados en la Infancia (DACA) es una pol\u00edtica de inmigraci\u00f3n de los Estados Unidos que se estableci\u00f3 hace m\u00e1s de una d\u00e9cada durante la Administraci\u00f3n Obama. Aunque ha enfrentado desaf\u00edos en el camino, el programa DACA est\u00e1 actualmente vigente a partir de la primavera de 2023. Su objetivo principal es proteger de la deportaci\u00f3n a los inmigrantes indocumentados elegibles. Estos son los beneficios clave de DACA:<\/p> <ol start=\"1\" type=\"1\"> <li>Protecci\u00f3n contra la deportaci\u00f3n para personas que llegaron a los Estados Unidos cuando eran ni\u00f1os.<\/li> <li>Provisi\u00f3n de alivio migratorio temporal a los destinatarios.<\/li> <li>Otorgar a los beneficiarios la oportunidad de vivir, trabajar y estudiar legalmente en el pa\u00eds.<\/li> <\/ol> <p>A los beneficiarios de DACA, com\u00fanmente conocidos como \u00abSo\u00f1adores\u00bb, se les concede un per\u00edodo renovable de dos a\u00f1os de acci\u00f3n diferida, lo que les permite obtener permisos de trabajo y acceder a diversos beneficios.<\/p> <h3> \t\t\tComprender la elegibilidad para DACA\t<\/h3> \t<p>Es importante se\u00f1alar que no todos los inmigrantes indocumentados en los Estados Unidos son elegibles para recibir ayuda migratoria a trav\u00e9s del programa de Acci\u00f3n Diferida para los Llegados en la Infancia (DACA). Para calificar para DACA, los solicitantes deben cumplir con requisitos espec\u00edficos establecidos por el Servicio de Ciudadan\u00eda e Inmigraci\u00f3n de los Estados Unidos (USCIS). Aqu\u00ed hay una descripci\u00f3n general completa de los criterios de elegibilidad de DACA:<\/p> <ul> <li><strong>Edad de llegada:\u00a0<\/strong>Los solicitantes deben haber llegado a los Estados Unidos antes de cumplir 16 a\u00f1os. Las personas que llegaron a una edad mayor no son elegibles para las protecciones de DACA.<\/li> <li><strong>Residencia Continua:\u00a0<\/strong>Para calificar para los beneficios de DACA, un solicitante debe haber residido continuamente en los EE.UU. desde el 15 de junio de 2007, hasta el presente.<\/li> <li><strong>Presencia F\u00edsica:\u00a0<\/strong>Los solicitantes deben haber estado f\u00edsicamente presentes en los EE.UU. el 15 de junio de 2012 y al momento de presentar su solicitud DACA.<\/li> <li><strong>Educaci\u00f3n:\u00a0<\/strong>Los solicitantes deben estar matriculados actualmente en la escuela, poseer un diploma de escuela secundaria o un certificado GED, o ser veteranos dados de baja honorablemente de las Fuerzas Armadas o la Guardia Costera de los EE. UU.<\/li> <li><strong>Falta de antecedentes penales:\u00a0<\/strong>los solicitantes elegibles no deber\u00edan haber sido condenados por un delito grave, un delito menor grave o m\u00faltiples delitos menores. Adem\u00e1s, no deben representar una amenaza a la seguridad nacional o p\u00fablica, ya que tener antecedentes penales puede hacer que una persona no sea elegible para las protecciones de DACA.<\/li> <li><strong>Informaci\u00f3n biogr\u00e1fica y biom\u00e9trica:\u00a0<\/strong>los solicitantes deben proporcionar su informaci\u00f3n biogr\u00e1fica, enviar datos biom\u00e9tricos (incluidas huellas dactilares) y someterse a una verificaci\u00f3n de antecedentes.<\/li> <\/ul> <h3> \t\t\tDACA ha sido objeto de un extenso litigio (regla final de octubre de 2022)\t<\/h3> \t<p>Desde su creaci\u00f3n en 2012, el programa de Acci\u00f3n Diferida para los Llegados en la Infancia (DACA) ha sido objeto de extensos litigios en los Estados Unidos. DACA permite a las personas indocumentadas que llegaron a los EE. UU. cuando eran ni\u00f1os recibir protecci\u00f3n contra la deportaci\u00f3n y autorizaci\u00f3n de trabajo por per\u00edodos renovables de dos a\u00f1os. El programa ha enfrentado desaf\u00edos legales por parte de opositores que argumentan que excede el alcance de la autoridad ejecutiva y es inconstitucional. En consecuencia, DACA ha estado involucrado en varias batallas legales en tribunales federales, siendo la m\u00e1s reciente un fallo de la Corte Suprema de 2020 que confirm\u00f3 la validez del programa. En octubre de 2022, el Departamento de Seguridad Nacional (DHS) emiti\u00f3 una \u00abRegla final\u00bb para proteger y fortalecer DACA.<\/p> <h3> \t\t\tLo que debe saber sobre las renovaciones de DACA\t<\/h3> \t<p>Si es beneficiario de Acci\u00f3n Diferida para los Llegados en la Infancia (DACA) y desea mantener su estatus y beneficios, es fundamental renovar su DACA. El programa DACA no otorga estatus legal permanente; m\u00e1s bien, proporciona alivio temporal de la deportaci\u00f3n y autorizaci\u00f3n de trabajo por un per\u00edodo espec\u00edfico, generalmente dos a\u00f1os. Para continuar recibiendo estas protecciones y autorizaci\u00f3n de trabajo, los beneficiarios de DACA deben pasar por el proceso de renovaci\u00f3n antes de que expire su estado actual de DACA. Es imprescindible presentar su solicitud de renovaci\u00f3n dentro del plazo designado. Como regla general, un destinatario debe presentar su renovaci\u00f3n de DACA entre 120 y 145 d\u00edas antes de que expiren sus derechos DACA actuales.<\/p> <h3> \t\t\tDACA: Preguntas frecuentes (FAQ)\t<\/h3> \t\t\t\t\t\t\t\t\t\t<h4 tabindex=\"0\">\u00bfQu\u00e9 es DACA?<\/h4> <p>DACA, oficialmente conocido como Acci\u00f3n Diferida para los Llegados en la Infancia, es un programa federal establecido por la Administraci\u00f3n Obama en 2012. Proporciona alivio temporal de la deportaci\u00f3n y autorizaci\u00f3n de trabajo a personas elegibles que fueron tra\u00eddas a los Estados Unidos cuando eran ni\u00f1os sin la documentaci\u00f3n adecuada. Si bien DACA no otorga estatus legal ni un camino hacia la ciudadan\u00eda, permite a los beneficiarios vivir y trabajar en los EE. UU. sin temor a la deportaci\u00f3n por per\u00edodos renovables de dos a\u00f1os. El programa fue dise\u00f1ado como una soluci\u00f3n pol\u00edtica temporal, pero los legisladores estadounidenses a\u00fan no han abordado plenamente la cuesti\u00f3n subyacente.<\/p> \u00a0 \t\t\t\t\t\t\t\t\t\t<h4 tabindex=\"0\">\u00bfC\u00f3mo solicito protecci\u00f3n legal a trav\u00e9s de DACA?<\/h4> <p>Para solicitar DACA, debe enviar los formularios, la documentaci\u00f3n y las tarifas requeridas al Servicio de Ciudadan\u00eda e Inmigraci\u00f3n de los Estados Unidos (USCIS). Los formularios necesarios incluyen el Formulario I-821D (Consideraci\u00f3n de Acci\u00f3n Diferida para los Llegados en la Infancia), el Formulario I-765 (Solicitud de Autorizaci\u00f3n de Empleo) y el Formulario I-765WS (Hoja de trabajo del Formulario I-765). Tambi\u00e9n deber\u00e1 proporcionar pruebas que respalden su elegibilidad, como prueba de identidad, edad, presencia en los EE. UU. y estado educativo o militar. Es fundamental consultar con un abogado de inmigraci\u00f3n de Portland con experiencia en casos de DACA para asegurarse de presentar una solicitud completa y precisa.<\/p> \u00a0 \t\t\t\t\t\t\t\t\t\t<h4 tabindex=\"0\">\u00bfPueden los destinatarios de DACA viajar al extranjero?<\/h4> <p>S\u00ed, pero existe un proceso especializado. Los beneficiarios de DACA pueden viajar fuera de los EE. UU. s\u00f3lo si obtienen un permiso anticipado, un permiso especial otorgado por USCIS con fines humanitarios, educativos o laborales. Para solicitar el permiso anticipado, los beneficiarios de DACA deben presentar el Formulario I-131 (Solicitud de Documento de Viaje) junto con la documentaci\u00f3n y las tarifas requeridas.<\/p> \u00a0 \t\t\t\t\t\t\t\t\t\t<h4 tabindex=\"0\">\u00bfQu\u00e9 pasar\u00e1 si mi DACA se cancela o no se renueva?<\/h4> <p>Es importante enfatizar que DACA brinda protecci\u00f3n legal temporal. En otras palabras, los beneficiarios perder\u00e1n su protecci\u00f3n contra la deportaci\u00f3n y su autorizaci\u00f3n de trabajo si DACA se cancela o no se renueva. Si tiene preguntas o inquietudes espec\u00edficas sobre su situaci\u00f3n, un abogado con experiencia en DACA en Portland puede brindarle orientaci\u00f3n.<\/p> \t\t\t<h3>Puede confiar en los abogados de inmigraci\u00f3n de Portland o DACA de Inmigraci\u00f3n Vanderwall<\/h3>\t\t\t \t<p>La Acci\u00f3n Diferida para los Llegados en la Infancia (DACA) es un \u00e1rea compleja de la ley de inmigraci\u00f3n. En los \u00faltimos a\u00f1os, las reglas y regulaciones que rodean a DACA han sufrido cambios, lo que ha generado incertidumbre y confusi\u00f3n. Es natural tener muchas preguntas sobre c\u00f3mo funciona el programa, incluidos los requisitos de elegibilidad y el proceso de solicitud. En Inmigraci\u00f3n Vanderwall, tenemos un conocimiento profundo de DACA y estamos dedicados a ayudarlo a superar los desaf\u00edos. Cuando consulte con nuestro equipo de leyes de inmigraci\u00f3n, tendr\u00e1 la oportunidad de:<\/p> <ul> <li>Comparta su historia y obtenga respuestas a sus preguntas legales sobre DACA.<\/li> <li>Recibir orientaci\u00f3n para recopilar y preparar toda la informaci\u00f3n general relevante.<\/li> <li>Ser guiado a trav\u00e9s de los tr\u00e1mites de inmigraci\u00f3n de DACA.<\/li> <li>Desarrollar una estrategia personalizada enfocada en lograr el mejor resultado para su caso.<\/li> <\/ul> <h3> \t\t\tObtenga ayuda de nuestros abogados de DACA o Portland hoy\t<\/h3> \t<p>En Inmigraci\u00f3n Vanderwall, nuestros abogados de inmigraci\u00f3n DACA de Oreg\u00f3n son defensores capacitados, experimentados y apasionados de sus clientes. Si tiene alguna pregunta espec\u00edfica sobre el proceso de DACA o necesita ayuda, estamos listos para ayudarlo.\u00a0<a href=\"\/es\/contactenos\/\">Cont\u00e1ctanos<\/a>\u00a0de inmediato para una revisi\u00f3n totalmente confidencial de su caso, sin ninguna obligaci\u00f3n. Desde nuestras oficinas legales en Beaverton y Salem, brindamos representaci\u00f3n de DACA en Portland y en toda el \u00e1rea, incluidos los condados de Multnomah, Washington y Marion. Le informaremos sobre su elegibilidad para\u00a0<strong>DACA<\/strong>\u00a0y prepararemos todos los formularios para su paquete de solicitud. Tambi\u00e9n le asesoraremos sobre los documentos y pruebas necesarios que el gobierno necesita para aprobar su solicitud.<\/p> \t<h5> \t\t\t\tPrograme su consulta de inmigraci\u00f3n con un abogado de inmigraci\u00f3n \t\t\t<\/h5> <figure itemscope itemtype=\"https:\/\/schema.org\/ImageObject\"> \t\t\t\t<img decoding=\"async\" src=\"https:\/\/www.vanderwallimmigration.com\/wp-content\/uploads\/2025\/09\/2025-footer-banner-awards-layout.png\" alt=\"2025-footer-banner-awards-layout\" height=\"420\" width=\"600\" title=\"2025-footer-banner-awards-layout\" onerror=\"this.style.display='none'\" loading=\"lazy\" \/> \t<\/figure> \t<h5> \t\t\t\tsalga de las sombras. \t\t\t<\/h5> \t<h5> \t\t\t\tLl\u00e1menos hoy al \t\t\t<\/h5> \t\t\t<p><a href=\"tel:+15032068414\">+1 503-206-8414<\/a><\/p>\t \t\t\t<a href=\"https:\/\/www.vanderwallimmigration.com\/schedule-appointment\/\" title=\"Programar una cita\" target=\"_self\"   role=\"button\" aria-label=\"Programar una cita\"> \t\t\t\t\t\t\tProgramar una cita \t\t<\/a>","protected":false},"excerpt":{"rendered":"<p>Abogados de Portland Daca Programar Una Cita Programe una consulta confidencial con los destacado abogados de DACA en Portland En Inmigraci\u00f3n Vanderwall, nuestro abogado dedicado a DACA en Portland est\u00e1 comprometido a mantener a las familias unidas a trav\u00e9s de una representaci\u00f3n efectiva de la ley de inmigraci\u00f3n. Brindamos orientaci\u00f3n y soporte compasivos, confiables y [&hellip;]<\/p>\n","protected":false},"author":4,"featured_media":0,"parent":4047,"menu_order":0,"comment_status":"closed","ping_status":"closed","template":"","meta":{"_acf_changed":false,"site-sidebar-layout":"no-sidebar","site-content-layout":"page-builder","ast-site-content-layout":"full-width-container","site-content-style":"unboxed","site-sidebar-style":"unboxed","ast-global-header-display":"","ast-banner-title-visibility":"","ast-main-header-display":"","ast-hfb-above-header-display":"","ast-hfb-below-header-display":"","ast-hfb-mobile-header-display":"","site-post-title":"disabled","ast-breadcrumbs-content":"","ast-featured-img":"disabled","footer-sml-layout":"","ast-disable-related-posts":"","theme-transparent-header-meta":"enabled","adv-header-id-meta":"","stick-header-meta":"","header-above-stick-meta":"","header-main-stick-meta":"","header-below-stick-meta":"","astra-migrate-meta-layouts":"set","ast-page-background-enabled":"default","ast-page-background-meta":{"desktop":{"background-color":"","background-image":"","background-repeat":"repeat","background-position":"center center","background-size":"auto","background-attachment":"scroll","background-type":"","background-media":"","overlay-type":"","overlay-color":"","overlay-opacity":"","overlay-gradient":""},"tablet":{"background-color":"","background-image":"","background-repeat":"repeat","background-position":"center center","background-size":"auto","background-attachment":"scroll","background-type":"","background-media":"","overlay-type":"","overlay-color":"","overlay-opacity":"","overlay-gradient":""},"mobile":{"background-color":"","background-image":"","background-repeat":"repeat","background-position":"center center","background-size":"auto","background-attachment":"scroll","background-type":"","background-media":"","overlay-type":"","overlay-color":"","overlay-opacity":"","overlay-gradient":""}},"ast-content-background-meta":{"desktop":{"background-color":"var(--ast-global-color-5)","background-image":"","background-repeat":"repeat","background-position":"center center","background-size":"auto","background-attachment":"scroll","background-type":"","background-media":"","overlay-type":"","overlay-color":"","overlay-opacity":"","overlay-gradient":""},"tablet":{"background-color":"var(--ast-global-color-5)","background-image":"","background-repeat":"repeat","background-position":"center center","background-size":"auto","background-attachment":"scroll","background-type":"","background-media":"","overlay-type":"","overlay-color":"","overlay-opacity":"","overlay-gradient":""},"mobile":{"background-color":"var(--ast-global-color-5)","background-image":"","background-repeat":"repeat","background-position":"center center","background-size":"auto","background-attachment":"scroll","background-type":"","background-media":"","overlay-type":"","overlay-color":"","overlay-opacity":"","overlay-gradient":""}},"footnotes":""},"class_list":["post-4004","page","type-page","status-publish","hentry"],"acf":[],"aioseo_notices":[],"_links":{"self":[{"href":"https:\/\/www.vanderwallimmigration.com\/es\/wp-json\/wp\/v2\/pages\/4004","targetHints":{"allow":["GET"]}}],"collection":[{"href":"https:\/\/www.vanderwallimmigration.com\/es\/wp-json\/wp\/v2\/pages"}],"about":[{"href":"https:\/\/www.vanderwallimmigration.com\/es\/wp-json\/wp\/v2\/types\/page"}],"author":[{"embeddable":true,"href":"https:\/\/www.vanderwallimmigration.com\/es\/wp-json\/wp\/v2\/users\/4"}],"replies":[{"embeddable":true,"href":"https:\/\/www.vanderwallimmigration.com\/es\/wp-json\/wp\/v2\/comments?post=4004"}],"version-history":[{"count":0,"href":"https:\/\/www.vanderwallimmigration.com\/es\/wp-json\/wp\/v2\/pages\/4004\/revisions"}],"up":[{"embeddable":true,"href":"https:\/\/www.vanderwallimmigration.com\/es\/wp-json\/wp\/v2\/pages\/4047"}],"wp:attachment":[{"href":"https:\/\/www.vanderwallimmigration.com\/es\/wp-json\/wp\/v2\/media?parent=4004"}],"curies":[{"name":"wp","href":"https:\/\/api.w.org\/{rel}","templated":true}]}}