{"id":4003,"date":"2024-10-23T10:28:01","date_gmt":"2024-10-23T10:28:01","guid":{"rendered":"https:\/\/www.vanderwallimmigration.com\/deportation-defense\/"},"modified":"2026-04-15T22:57:25","modified_gmt":"2026-04-15T22:57:25","slug":"deportacion-defensa","status":"publish","type":"page","link":"https:\/\/www.vanderwallimmigration.com\/es\/servicios-legales\/deportacion-defensa\/","title":{"rendered":"Deportacion Defensa"},"content":{"rendered":"<h1>Portland Deportacion<\/h1> \t<p>Defensa<\/p> \t\t\t<a href=\"\/es\/formulario-de-cita\/\" title=\"Programar Una Cita\" target=\"_self\"   role=\"button\" aria-label=\"Programar Una Cita\"> \t\t\t\t\t\t\tProgramar Una Cita \t\t<\/a> \t\t\t<h2>Proporcionar representaci\u00f3n estrat\u00e9gica para la defensa de la deportaci\u00f3n en Portland<\/h2>\t\t\t \t<p>En Inmigraci\u00f3n Vanderwall, nuestro dedicado abogado defensor de deportaci\u00f3n en Portland es un defensor incansable de los derechos de nuestros clientes. Lidiar con la posibilidad de deportaci\u00f3n es una situaci\u00f3n incre\u00edblemente estresante, pero es importante recordar que usted tiene derecho a montar una defensa integral. Adoptar un enfoque proactivo es crucial en materia de deportaci\u00f3n. Si usted o su ser querido enfrenta la deportaci\u00f3n, estamos aqu\u00ed para proteger sus derechos. Cont\u00e1ctenos hoy para una consulta estrictamente confidencial y sin compromiso con un abogado de inmigraci\u00f3n de primer nivel en Portland.<\/p> <h3> \t\t\tLa deportaci\u00f3n afecta a muchas personas cada a\u00f1o\t<\/h3> \t<p>La deportaci\u00f3n puede tener un\u00a0impacto profundo\u00a0en las vidas de las personas y sus familias. Es una situaci\u00f3n dif\u00edcil de afrontar y, lamentablemente, es relativamente com\u00fan. Solo en 2022, los datos del Servicio de Control de Inmigraci\u00f3n y Aduanas de EE. UU. (ICE) mostraron que m\u00e1s de 70.000 personas fueron deportadas del pa\u00eds. El gobierno de Estados Unidos lleva a cabo continuamente procedimientos de deportaci\u00f3n contra personas, por lo que es esencial comprender que las autoridades de inmigraci\u00f3n no tienen el derecho unilateral de tomar la decisi\u00f3n final en los casos de deportaci\u00f3n. Toda persona que enfrenta la expulsi\u00f3n de los Estados Unidos tiene la oportunidad de presentar una defensa s\u00f3lida. El tiempo es esencial, por lo que tomar medidas proactivas es vital.<\/p> <h3> \t\t\tQu\u00e9 hacer si recibe un aviso de comparecencia (NTA)\t<\/h3> \t<p>Un Aviso de comparecencia (NTA), seg\u00fan lo descrito por los Servicios de Inmigraci\u00f3n y Ciudadan\u00eda de los Estados Unidos (USCIS), es un documento que indica a una persona que comparezca ante un juez de inmigraci\u00f3n. Sirve como el paso oficial inicial en el proceso de deportaci\u00f3n. Recibir una NTA puede ser una experiencia abrumadora, especialmente para quienes no est\u00e1n familiarizados con las leyes de inmigraci\u00f3n de los Estados Unidos. Si recibe una NTA, la acci\u00f3n inmediata es crucial. Estos son asuntos legales urgentes y aqu\u00ed hay pasos clave a seguir cuando se enfrenta una posible deportaci\u00f3n:<\/p> <ul> <li><strong>Mantenga la calma y revise cuidadosamente el aviso:\u00a0<\/strong>La NTA describe las acusaciones en su contra y los motivos para iniciar el proceso de deportaci\u00f3n. Lea el documento completo para asegurarse de comprender a fondo los cargos y la fecha y hora de su audiencia.<\/li> <li><strong>Consulte con un abogado de inmigraci\u00f3n de Portland:\u00a0<\/strong>recuerde, no est\u00e1 solo. Busque la ayuda de un abogado de inmigraci\u00f3n con experiencia en Portland que pueda defender a sus clientes contra la deportaci\u00f3n. Su abogado le brindar\u00e1 orientaci\u00f3n y le ayudar\u00e1 a navegar por el complejo sistema legal, explorando todas las posibles defensas contra la deportaci\u00f3n.<\/li> <li><strong>Responder con prontitud:\u00a0<\/strong>No cumplir con la fecha l\u00edmite para responder a la NTA o no presentarse a su audiencia puede resultar en que se emita una orden de deportaci\u00f3n en su ausencia.<\/li> <li><strong>Re\u00fana la documentaci\u00f3n necesaria:\u00a0<\/strong>prepare todos los documentos relevantes que ayudar\u00e1n a construir una defensa s\u00f3lida contra las acusaciones en la NTA. Esto puede incluir prueba de estatus migratorio, registros m\u00e9dicos, historial laboral o referencias de car\u00e1cter.<\/li> <li><strong>Prep\u00e1rese para su audiencia:\u00a0<\/strong>colabore estrechamente con su abogado para desarrollar una estrategia integral para su caso. Es posible que deba presentar pruebas que contradigan las acusaciones de la NTA, demostrar su elegibilidad para obtener alivio de la deportaci\u00f3n y explorar todas las opciones legales disponibles.<\/li> <\/ul> <h3> \t\t\tUna descripci\u00f3n general de las defensas contra la deportaci\u00f3n\t<\/h3> \t<p>Defenderse contra la deportaci\u00f3n requiere m\u00e1s que simplemente manifestar el deseo de permanecer en el pa\u00eds. Es crucial plantear una defensa espec\u00edfica y bien sustentada. Estas son algunas de las diferentes defensas contra la deportaci\u00f3n en Portland:<\/p> <ol start=\"1\"> <li><strong>Ajuste de estatus:<\/strong>\u00a0Este proceso permite a las personas que ya est\u00e1n presentes en los Estados Unidos solicitar el estatus de residente permanente legal (una Residencia Permanente) sin salir del pa\u00eds. La elegibilidad para el ajuste de estatus generalmente depende de factores como las relaciones familiares, el empleo o la condici\u00f3n de refugiado.<\/li> <li><strong>Solicitud de asilo<\/strong>: El asilo es una forma de protecci\u00f3n otorgada a personas que han sido perseguidas o temen ser perseguidas en su pa\u00eds de origen debido a su raza, religi\u00f3n, nacionalidad, pertenencia a un grupo social particular u opini\u00f3n pol\u00edtica. Demostrar un temor fundado a la persecuci\u00f3n puede hacerlo elegible para solicitar asilo en los Estados Unidos.<\/li> <li><strong>Cancelaci\u00f3n de expulsi\u00f3n<\/strong>: Ciertos no ciudadanos que enfrentan la deportaci\u00f3n pueden calificar para la cancelaci\u00f3n de expulsi\u00f3n, que es una forma de alivio. Para ser elegible, se deben cumplir criterios espec\u00edficos, incluida la presencia f\u00edsica continua en los EE. UU. durante una cierta cantidad de a\u00f1os, buen car\u00e1cter moral y demostrar que la deportaci\u00f3n causar\u00eda dificultades extremas a un ciudadano estadounidense calificado o a un familiar residente permanente legal.<\/li> <li><strong>Exenciones de deportaci\u00f3n<\/strong>: Los no ciudadanos que puedan demostrar que su expulsi\u00f3n resultar\u00eda en dificultades extremas para ellos mismos o para ciudadanos estadounidenses calificados o familiares residentes permanentes legales pueden ser elegibles para exenciones de deportaci\u00f3n. Hay varios tipos de exenciones disponibles, como la exenci\u00f3n I-601 por presencia ilegal, la exenci\u00f3n I-212 para expulsiones anteriores y la exenci\u00f3n provisional I-601A por inadmisibilidad.<\/li> <\/ol> <h3> \t\t\tDefensa contra la deportaci\u00f3n: Preguntas frecuentes (FAQ)\t<\/h3> \t\t\t\t\t\t\t\t\t\t<h4 tabindex=\"0\">\u00bfQu\u00e9 es la defensa contra la deportaci\u00f3n?<\/h4> \t\t\t\t\t<p>La defensa contra la deportaci\u00f3n se refiere en t\u00e9rminos generales al proceso de proteger a un individuo de ser expulsado de los Estados Unidos por una supuesta violaci\u00f3n de la ley de inmigraci\u00f3n. Un abogado defensor de deportaci\u00f3n en Portland, Oreg\u00f3n, puede ayudar a los clientes a comprender sus derechos, navegar por el complejo proceso legal y representarlos en los procedimientos judiciales de inmigraci\u00f3n. El objetivo principal es evitar la deportaci\u00f3n.<\/p> \t\t\t\t\t\t\t\t\t\t<h4 tabindex=\"0\">\u00bfSe puede deportar a una persona incluso si tiene una Residencia Permanente?<\/h4> \t\t\t\t\t<p>Si bien una visa de residencia otorga el estatus de residente permanente legal en los Estados Unidos, ciertas circunstancias pueden llevar a la deportaci\u00f3n de los titulares de la visa de residencia. Cometer ciertos delitos o violar su estatus de otras maneras puede poner en riesgo a los titulares de la Residencia Permanente. Si bien la ciudadan\u00eda estadounidense brinda protecci\u00f3n contra la deportaci\u00f3n, los residentes permanentes legales siempre deben consultar a un abogado de inmigraci\u00f3n si enfrentan cargos penales o corren riesgo de deportaci\u00f3n.<\/p> \t\t\t\t\t\t\t\t\t\t<h4 tabindex=\"0\">\u00bfQu\u00e9 sucede si ignora los documentos de deportaci\u00f3n?<\/h4> \t\t\t\t\t<p>Ignorar los documentos de deportaci\u00f3n, conocidos como Aviso de Comparecencia (NTA), es uno de los mayores errores que uno puede cometer. No responder o asistir a la audiencia programada en el tribunal de inmigraci\u00f3n puede resultar en una orden in absentia, donde el juez de inmigraci\u00f3n decide el caso sin su presencia. Esto a menudo conduce a una orden de expulsi\u00f3n autom\u00e1tica y posterior deportaci\u00f3n. Ignorar la NTA significa perder la oportunidad de presentar una defensa contra la deportaci\u00f3n.<\/p> \t\t\t<h3>Puede confiar en Inmigraci\u00f3n Vanderwall para la defensa contra la deportaci\u00f3n en Portland, Oreg\u00f3n<\/h3>\t\t\t \t<p>Enfrentar la deportaci\u00f3n es una situaci\u00f3n muy estresante, confusa y complicada. Es natural sentirse inseguro acerca de ad\u00f3nde acudir o qu\u00e9 pasos tomar. Recuerde que usted y su familia no tienen que afrontar este proceso legal solos. En Inmigraci\u00f3n Vanderwall, somos una firma de abogados compuesta por inmigrantes y familias de inmigrantes. Con nuestro compromiso con la representaci\u00f3n legal personalizada, nuestro equipo va m\u00e1s all\u00e1 para garantizar que cada cliente reciba orientaci\u00f3n y apoyo atentos y centrados en soluciones. Adoptamos un enfoque proactivo y nuestro abogado defensor de deportaci\u00f3n en Portland est\u00e1 preparado para:<\/p> <ul> <li>Escuche su historia y explique sus opciones.<\/li> <li>Identificar todas las defensas posibles contra la deportaci\u00f3n.<\/li> <li>Ayudarle a reunir todos los documentos, registros y pruebas necesarios.<\/li> <li>Tomar medidas para proteger sus derechos y su futuro.<\/li> <\/ul> <h3> \t\t\tP\u00f3ngase en contacto con nuestro abogado defensor de deportaci\u00f3n en Portland, Oreg\u00f3n, hoy\t<\/h3> \t<p>En Inmigraci\u00f3n Vanderwall, nuestro abogado defensor de deportaci\u00f3n de Oreg\u00f3n compasivo, experimentado e impulsado por soluciones est\u00e1 listo para ayudar. Programe una consulta estrictamente confidencial llam\u00e1ndonos o conect\u00e1ndose con nosotros directamente en l\u00ednea. Nuestras oficinas legales en Beaverton y Salem brindan representaci\u00f3n de defensa contra la deportaci\u00f3n en Portland y la regi\u00f3n circundante, incluidos Tigard, Hillsboro, Oreg\u00f3n City, Wilsonville, Gresham y McMinnville.<\/p> \t<h5> \t\t\t\tPrograme su consulta de inmigraci\u00f3n con un abogado de inmigraci\u00f3n \t\t\t<\/h5> <figure itemscope itemtype=\"https:\/\/schema.org\/ImageObject\"> \t\t\t\t<img decoding=\"async\" src=\"https:\/\/www.vanderwallimmigration.com\/wp-content\/uploads\/2025\/09\/2025-footer-banner-awards-layout.png\" alt=\"2025-footer-banner-awards-layout\" height=\"420\" width=\"600\" title=\"2025-footer-banner-awards-layout\" onerror=\"this.style.display='none'\" loading=\"lazy\" \/> \t<\/figure> \t<h5> \t\t\t\tsalga de las sombras. \t\t\t<\/h5> \t<h5> \t\t\t\tLl\u00e1menos hoy al \t\t\t<\/h5> \t\t\t<p><a href=\"tel:+15032068414\">+1 503-206-8414<\/a><\/p>\t \t\t\t<a href=\"https:\/\/www.vanderwallimmigration.com\/schedule-appointment\/\" title=\"Programar una cita\" target=\"_self\"   role=\"button\" aria-label=\"Programar una cita\"> \t\t\t\t\t\t\tProgramar una cita \t\t<\/a>","protected":false},"excerpt":{"rendered":"<p>Portland Deportacion Defensa Programar Una Cita Proporcionar representaci\u00f3n estrat\u00e9gica para la defensa de la deportaci\u00f3n en Portland En Inmigraci\u00f3n Vanderwall, nuestro dedicado abogado defensor de deportaci\u00f3n en Portland es un defensor incansable de los derechos de nuestros clientes. Lidiar con la posibilidad de deportaci\u00f3n es una situaci\u00f3n incre\u00edblemente estresante, pero es importante recordar que usted [&hellip;]<\/p>\n","protected":false},"author":4,"featured_media":0,"parent":4047,"menu_order":0,"comment_status":"closed","ping_status":"open","template":"","meta":{"_acf_changed":false,"site-sidebar-layout":"no-sidebar","site-content-layout":"page-builder","ast-site-content-layout":"full-width-container","site-content-style":"unboxed","site-sidebar-style":"unboxed","ast-global-header-display":"","ast-banner-title-visibility":"","ast-main-header-display":"","ast-hfb-above-header-display":"","ast-hfb-below-header-display":"","ast-hfb-mobile-header-display":"","site-post-title":"disabled","ast-breadcrumbs-content":"","ast-featured-img":"disabled","footer-sml-layout":"","ast-disable-related-posts":"","theme-transparent-header-meta":"enabled","adv-header-id-meta":"","stick-header-meta":"","header-above-stick-meta":"","header-main-stick-meta":"","header-below-stick-meta":"","astra-migrate-meta-layouts":"set","ast-page-background-enabled":"default","ast-page-background-meta":{"desktop":{"background-color":"","background-image":"","background-repeat":"repeat","background-position":"center center","background-size":"auto","background-attachment":"scroll","background-type":"","background-media":"","overlay-type":"","overlay-color":"","overlay-opacity":"","overlay-gradient":""},"tablet":{"background-color":"","background-image":"","background-repeat":"repeat","background-position":"center center","background-size":"auto","background-attachment":"scroll","background-type":"","background-media":"","overlay-type":"","overlay-color":"","overlay-opacity":"","overlay-gradient":""},"mobile":{"background-color":"","background-image":"","background-repeat":"repeat","background-position":"center center","background-size":"auto","background-attachment":"scroll","background-type":"","background-media":"","overlay-type":"","overlay-color":"","overlay-opacity":"","overlay-gradient":""}},"ast-content-background-meta":{"desktop":{"background-color":"var(--ast-global-color-5)","background-image":"","background-repeat":"repeat","background-position":"center center","background-size":"auto","background-attachment":"scroll","background-type":"","background-media":"","overlay-type":"","overlay-color":"","overlay-opacity":"","overlay-gradient":""},"tablet":{"background-color":"var(--ast-global-color-5)","background-image":"","background-repeat":"repeat","background-position":"center center","background-size":"auto","background-attachment":"scroll","background-type":"","background-media":"","overlay-type":"","overlay-color":"","overlay-opacity":"","overlay-gradient":""},"mobile":{"background-color":"var(--ast-global-color-5)","background-image":"","background-repeat":"repeat","background-position":"center center","background-size":"auto","background-attachment":"scroll","background-type":"","background-media":"","overlay-type":"","overlay-color":"","overlay-opacity":"","overlay-gradient":""}},"footnotes":""},"class_list":["post-4003","page","type-page","status-publish","hentry"],"acf":[],"aioseo_notices":[],"_links":{"self":[{"href":"https:\/\/www.vanderwallimmigration.com\/es\/wp-json\/wp\/v2\/pages\/4003","targetHints":{"allow":["GET"]}}],"collection":[{"href":"https:\/\/www.vanderwallimmigration.com\/es\/wp-json\/wp\/v2\/pages"}],"about":[{"href":"https:\/\/www.vanderwallimmigration.com\/es\/wp-json\/wp\/v2\/types\/page"}],"author":[{"embeddable":true,"href":"https:\/\/www.vanderwallimmigration.com\/es\/wp-json\/wp\/v2\/users\/4"}],"replies":[{"embeddable":true,"href":"https:\/\/www.vanderwallimmigration.com\/es\/wp-json\/wp\/v2\/comments?post=4003"}],"version-history":[{"count":0,"href":"https:\/\/www.vanderwallimmigration.com\/es\/wp-json\/wp\/v2\/pages\/4003\/revisions"}],"up":[{"embeddable":true,"href":"https:\/\/www.vanderwallimmigration.com\/es\/wp-json\/wp\/v2\/pages\/4047"}],"wp:attachment":[{"href":"https:\/\/www.vanderwallimmigration.com\/es\/wp-json\/wp\/v2\/media?parent=4003"}],"curies":[{"name":"wp","href":"https:\/\/api.w.org\/{rel}","templated":true}]}}