{"id":4002,"date":"2024-10-23T10:34:01","date_gmt":"2024-10-23T10:34:01","guid":{"rendered":"https:\/\/www.vanderwallimmigration.com\/fiance-visas\/"},"modified":"2026-04-15T22:57:24","modified_gmt":"2026-04-15T22:57:24","slug":"visa-de-prometidos","status":"publish","type":"page","link":"https:\/\/www.vanderwallimmigration.com\/es\/servicios-legales\/visa-de-prometidos\/","title":{"rendered":"Visa de Prometidos"},"content":{"rendered":"<h1>Portland Visa de<\/h1> \t<p>Prometidos<\/p> \t\t\t<a href=\"\/es\/formulario-de-cita\/\" title=\"Programar Una Cita\" target=\"_self\"   role=\"button\" aria-label=\"Programar Una Cita\"> \t\t\t\t\t\t\tProgramar Una Cita \t\t<\/a> \t\t\t<h2>\u00bfSolicitando una visa de prometido? Nuestro abogado de inmigraci\u00f3n de Portland est\u00e1 aqu\u00ed para ayudar<\/h2>\t\t\t \t<p>En Inmigraci\u00f3n Vanderwall, nuestros abogados de visas para prometidos de Portland est\u00e1n comprometidos con la misi\u00f3n de unir familias a trav\u00e9s de la ley de inmigraci\u00f3n de los Estados Unidos. A trav\u00e9s de una visa de prometido, el futuro c\u00f3nyuge de un ciudadano estadounidense puede calificar para una visa permanente. Si tiene alguna pregunta o inquietud espec\u00edfica sobre c\u00f3mo solicitar un prometido, estamos aqu\u00ed como un recurso legal. Cont\u00e1ctenos hoy para programar su consulta totalmente confidencial con un abogado de inmigraci\u00f3n de primer nivel.<\/p> <h3> \t\t\tUna descripci\u00f3n general de los requisitos para una visa de prometido (visa K-1)\t<\/h3> \t<p>Una visa K-1 est\u00e1 reservada para el prometido extranjero de un ciudadano estadounidense. A trav\u00e9s de esta visa, los ciudadanos estadounidenses pueden solicitar traer a su prometido a los Estados Unidos para casarse all\u00ed y obtener su residencia permanente legal. Es una pr\u00e1ctica relativamente com\u00fan y no existe un l\u00edmite legal en la cantidad de visas K-1 que el gobierno federal puede emitir cada a\u00f1o. Como referencia, anualmente se otorgan un promedio de casi 40,000 visas K-1 en todo el pa\u00eds. Para solicitar con \u00e9xito una visa K-1, una pareja debe cumplir con ciertos requisitos de la ley de inmigraci\u00f3n. Si desea traer a su prometido a los Estados Unidos, debe mostrar:<\/p> <ul> <li>Usted (el peticionario) es ciudadano estadounidense.<\/li> <li>Tiene la intenci\u00f3n de casarse dentro de los 90 d\u00edas posteriores a la entrada de su prometido a los Estados Unidos.<\/li> <li>Tanto usted como su prometido son libres de casarse y cualquier matrimonio anterior debe haber sido terminado legalmente por divorcio, muerte o anulaci\u00f3n.<\/li> <li>Se conocieron en persona al menos una vez dentro de los 2 a\u00f1os posteriores a la presentaci\u00f3n de su petici\u00f3n.<\/li> <\/ul> <p><strong>Nota:\u00a0<\/strong>Hay dos excepciones a la regla de que las partes deben haberse reunido personalmente dentro de los dos a\u00f1os anteriores. Ambas excepciones requieren una exenci\u00f3n:<\/p> <ol start=\"1\"> <li>Si el requisito de cumplir violar\u00eda costumbres estrictas y establecidas desde hace mucho tiempo de la cultura o pr\u00e1ctica social extranjera suya o de su prometido.<\/li> <li>Si demuestra que el requisito a cumplir le ocasionar\u00eda dificultades extremas.<\/li> <\/ol> <h3> \t\t\tLa aprobaci\u00f3n no es autom\u00e1tica: por qu\u00e9 se niegan las solicitudes de visa de prometido (y c\u00f3mo prepararse)\t<\/h3> \t<p>Como no existen l\u00edmites legales establecidos en la cantidad de visas K-1 que se pueden emitir, una visa de prometido es una herramienta invaluable para muchas parejas que buscan unirse en los Estados Unidos. Es uno de los caminos de inmigraci\u00f3n familiar m\u00e1s sencillos. Si bien el proceso puede parecer bastante simple, la aprobaci\u00f3n no est\u00e1 garantizada. Hay muchas solicitudes de visa K-1 que se niegan cada a\u00f1o. Comprender las razones detr\u00e1s de estas denegaciones puede ayudarlo a evitar posibles obst\u00e1culos y aumentar sus posibilidades de tener una solicitud exitosa. Aqu\u00ed hay cuatro razones comunes por las que se rechazan las solicitudes de visa de prometido:<\/p> <ul> <li><strong>Documentaci\u00f3n inadecuada:<\/strong>\u00a0una raz\u00f3n principal para la denegaci\u00f3n es no presentar documentaci\u00f3n completa y precisa. USCIS requiere evidencia sustancial para establecer la naturaleza genuina de la relaci\u00f3n y la elegibilidad de ambas partes. Las parejas deben presentar pruebas de que se han conocido en persona en los \u00faltimos dos a\u00f1os, tienen una intenci\u00f3n genuina de casarse y son legalmente libres de hacerlo. La informaci\u00f3n incompleta o inconsistente puede generar se\u00f1ales de alerta para los funcionarios de inmigraci\u00f3n, por lo que es crucial verificar todos los formularios y documentos antes de enviarlos. Sea proactivo: un abogado de inmigraci\u00f3n con experiencia en Portland, Oreg\u00f3n, puede ayudarlo a usted y a su pareja a preparar una solicitud de visa K-1 s\u00f3lida y bien respaldada.<\/li> <li><strong>Antecedentes penales o antecedentes de violaciones de inmigraci\u00f3n:\u00a0<\/strong>incluso si el matrimonio propuesto se considera leg\u00edtimo y v\u00e1lido, a un prometido extranjero espec\u00edfico se le puede negar la entrada a los Estados Unidos. En la mayor\u00eda de los casos, el motivo de dicha denegaci\u00f3n es un presunto historial criminal o violaciones de inmigraci\u00f3n pasadas. Podr\u00edan ser delitos de vileza moral, m\u00faltiples condenas penales, fraude migratorio previo o estancias vencidas en las visas. En algunos casos, puede haber una exenci\u00f3n disponible para superar ciertos desaf\u00edos. Nuestro abogado de visas K-1 de Portland puede ayudarlo.<\/li> <li><strong>Apoyo financiero insuficiente:\u00a0<\/strong>Aqu\u00ed hay un requisito esencial: el patrocinador ciudadano estadounidense debe demostrar su capacidad para apoyar financieramente a su prometido extranjero. En la mayor\u00eda de los casos, deber\u00e1n demostrar que tienen ingresos o activos que alcanzan o superan el 125 por ciento de las pautas federales de pobreza cuando se ajustan al tama\u00f1o de su hogar. En particular, si el patrocinador no cumple con el requisito de ingresos, puede utilizar un patrocinador conjunto que cumpla con los criterios o presentar evidencia adicional de activos.<\/li> <li><strong>Tergiversaci\u00f3n o fraude (presunto matrimonio falso):<\/strong>\u00a0USCIS siempre est\u00e1 atento al fraude matrimonial. Una relaci\u00f3n debe considerarse leg\u00edtima para que se emita una visa K-1. Cualquier forma de tergiversaci\u00f3n o fraude en el proceso de solicitud puede provocar una denegaci\u00f3n y consecuencias graves, incluida incluso la prohibici\u00f3n de por vida de ingresar a los Estados Unidos.<\/li> <\/ul> <h3> \t\t\tUna visa de prometido puede eventualmente conducir a la ciudadan\u00eda estadounidense\t<\/h3> \t<p>Si bien no es un camino inmediato hacia la ciudadan\u00eda estadounidense, una visa de prometido puede ser el primer paso en un viaje de varias etapas. Al casarse con su c\u00f3nyuge ciudadano estadounidense dentro del per\u00edodo requerido de 90 d\u00edas, el c\u00f3nyuge extranjero se vuelve elegible para solicitar un ajuste de estatus para obtener una visa permanente (residencia permanente). Una vez que haya mantenido su estatus de visa permanente durante al menos tres a\u00f1os y haya cumplido otros requisitos de elegibilidad, el c\u00f3nyuge extranjero puede solicitar la naturalizaci\u00f3n para convertirse en ciudadano estadounidense. A lo largo de este proceso, es crucial mantener una relaci\u00f3n genuina y de buena fe y cumplir con todos los requisitos de inmigraci\u00f3n. Si tiene alguna pregunta o inquietud especial sobre c\u00f3mo solicitar la ciudadan\u00eda estadounidense como titular de una visa K-1, nuestros abogados de inmigraci\u00f3n de Portland pueden ayudarlo.<\/p> <h3> \t\t\tVisas de prometido: Preguntas Frecuentes (FAQ)\t<\/h3> \t\t\t\t\t\t\t\t\t\t<h4 tabindex=\"0\">\u00bfQu\u00e9 es una visa de prometido?<\/h4> \t\t\t\t\t<p>Una visa de prometido, tambi\u00e9n conocida simplemente como visa K-1, es una visa de no inmigrante que permite a ciudadanos extranjeros ingresar a los Estados Unidos para casarse con su prometido(a) ciudadano estadounidense dentro de los 90 d\u00edas posteriores a su llegada.<\/p> \t\t\t\t\t\t\t\t\t\t<h4 tabindex=\"0\">\u00bfQui\u00e9n es elegible para solicitar una visa de prometido K-1?<\/h4> \t\t\t\t\t<p>Para ser elegible para una visa de prometido K-1, una persona debe casarse con un c\u00f3nyuge estadounidense. Ambas partes deben ser legalmente libres para casarse, deben haberse conocido en persona en los \u00faltimos dos a\u00f1os (aunque se aplica un peque\u00f1o n\u00famero de excepciones limitadas) y deben tener una intenci\u00f3n genuina de casarse dentro del plazo de 90 d\u00edas.<\/p> \t\t\t\t\t\t\t\t\t\t<h4 tabindex=\"0\">\u00bfCu\u00e1l es el cronograma? \u00bfCu\u00e1nto tiempo lleva obtener una visa K-1?<\/h4> \t\t\t\t\t<p>El cronograma depende de algunos factores, incluidos aspectos como el n\u00famero de casos pendientes actuales en USCIS. Dicho esto, es relativamente habitual que una solicitud de visa de prometido demore entre 6 y 9 meses de principio a fin. Por supuesto, puede llevar m\u00e1s tiempo. Un abogado de inmigraci\u00f3n de Portland con experiencia en visas K-1 puede ayudarlo a navegar el proceso de la manera m\u00e1s eficiente posible.<\/p> \t\t\t\t\t\t\t\t\t\t<h4 tabindex=\"0\">\u00bfPuede un titular de una visa de prometido (K-1) trabajar en los Estados Unidos?<\/h4> \t\t\t\t\t<p>S\u00ed, pero es m\u00e1s complicado que eso; hay algunas cosas clave que debes saber. Una vez que una persona con una visa K-1 se encuentra dentro de los Estados Unidos, tiene derecho a solicitar un Documento de autorizaci\u00f3n de empleo (EAD). No pueden trabajar legalmente sin un EAD. En la mayor\u00eda de los casos, pasar\u00e1n varios meses despu\u00e9s de la llegada del prometido a los Estados Unidos para que se le apruebe un EAD.<\/p> \t\t\t\t\t\t\t\t\t\t<h4 tabindex=\"0\">Una pareja no se casa dentro de los 90 d\u00edas. \u00bfQu\u00e9 pasa ahora?<\/h4> \t\t\t\t\t<p>Si la pareja no se casa dentro del per\u00edodo de 90 d\u00edas, la visa K-1 caducar\u00e1 y el prometido(a) extranjero deber\u00e1 abandonar los Estados Unidos. Una visa K-1 es una visa emitida con la condici\u00f3n de un matrimonio pendiente. Si ese matrimonio no se produce, el K-1 ya no es v\u00e1lido. No salir puede resultar en la deportaci\u00f3n y en el futuro no ser elegible para otras visas estadounidenses.<\/p> \t\t\t<h3>C\u00f3mo nuestros abogados de inmigraci\u00f3n de Portland pueden ayudarle con su caso de visa de prometido<\/h3>\t\t\t \t<p>La ley de inmigraci\u00f3n es complicada; las solicitudes de visa de prometido no son una excepci\u00f3n. En Inmigraci\u00f3n Vanderwall, podemos ayudarlo durante todo el proceso de petici\u00f3n de prometido. Una vez que su prometido est\u00e9 en los Estados Unidos, podemos ayudarlo a solicitar la residencia permanente legal (visa permanente) de su prometido. Nuestro equipo de derecho de inmigraci\u00f3n es proactivo y est\u00e1 impulsado por soluciones. Cuando se comunique con nuestra oficina, tendr\u00e1 la oportunidad de consultar con un abogado de prometidos de Portland que est\u00e9 preparado para:<\/p> <ul> <li>Escuche su historia, responda preguntas sobre inmigraci\u00f3n y explique sus opciones.<\/li> <li>Re\u00fana todos los documentos, registros e informaci\u00f3n que necesita para solicitar una visa.<\/li> <li>Ayuda para guiarlo a trav\u00e9s de todos los tr\u00e1mites para la visa de prometido.<\/li> <li>Emprende acciones legales para ayudarte a ti y a tu futuro c\u00f3nyuge a superar los obst\u00e1culos que puedan surgir.<\/li> <\/ul> <h3> \t\t\tP\u00f3ngase en contacto con nuestros abogados de visas de prometido de Portland hoy\t<\/h3> \t<p>En Inmigraci\u00f3n Vanderwall, nuestros abogados de inmigraci\u00f3n de Portland tienen las habilidades y la experiencia para manejar todo tipo de asuntos de visas de prometido. Trabajamos duro para brindar la m\u00e1s alta calidad de orientaci\u00f3n y soporte personalizados a nuestros clientes. Ll\u00e1manos ahora o\u00a0<a href=\"\/es\/contactenos\/\">cont\u00e1ctenos en l\u00ednea<\/a> para una cita inicial completamente confidencial y sin compromiso. Desde nuestras oficinas legales en Salem y Beaverton, ayudamos a clientes con visas de prometido en Portland y en toda la regi\u00f3n de Oreg\u00f3n y Washington.<\/p> \t<h5> \t\t\t\tPrograme su consulta de inmigraci\u00f3n con un abogado de inmigraci\u00f3n \t\t\t<\/h5> <figure itemscope itemtype=\"https:\/\/schema.org\/ImageObject\"> \t\t\t\t<img decoding=\"async\" src=\"https:\/\/www.vanderwallimmigration.com\/wp-content\/uploads\/2025\/09\/2025-footer-banner-awards-layout.png\" alt=\"2025-footer-banner-awards-layout\" height=\"420\" width=\"600\" title=\"2025-footer-banner-awards-layout\" onerror=\"this.style.display='none'\" loading=\"lazy\" \/> \t<\/figure> \t<h5> \t\t\t\tsalga de las sombras. \t\t\t<\/h5> \t<h5> \t\t\t\tLl\u00e1menos hoy al \t\t\t<\/h5> \t\t\t<p><a href=\"tel:+15032068414\">+1 503-206-8414<\/a><\/p>\t \t\t\t<a href=\"https:\/\/www.vanderwallimmigration.com\/schedule-appointment\/\" title=\"Programar una cita\" target=\"_self\"   role=\"button\" aria-label=\"Programar una cita\"> \t\t\t\t\t\t\tProgramar una cita \t\t<\/a>","protected":false},"excerpt":{"rendered":"<p>Portland Visa de Prometidos Programar Una Cita \u00bfSolicitando una visa de prometido? Nuestro abogado de inmigraci\u00f3n de Portland est\u00e1 aqu\u00ed para ayudar En Inmigraci\u00f3n Vanderwall, nuestros abogados de visas para prometidos de Portland est\u00e1n comprometidos con la misi\u00f3n de unir familias a trav\u00e9s de la ley de inmigraci\u00f3n de los Estados Unidos. A trav\u00e9s de [&hellip;]<\/p>\n","protected":false},"author":1,"featured_media":0,"parent":4047,"menu_order":0,"comment_status":"closed","ping_status":"open","template":"","meta":{"_acf_changed":false,"site-sidebar-layout":"no-sidebar","site-content-layout":"page-builder","ast-site-content-layout":"full-width-container","site-content-style":"unboxed","site-sidebar-style":"unboxed","ast-global-header-display":"","ast-banner-title-visibility":"","ast-main-header-display":"","ast-hfb-above-header-display":"","ast-hfb-below-header-display":"","ast-hfb-mobile-header-display":"","site-post-title":"disabled","ast-breadcrumbs-content":"","ast-featured-img":"disabled","footer-sml-layout":"","ast-disable-related-posts":"","theme-transparent-header-meta":"enabled","adv-header-id-meta":"","stick-header-meta":"","header-above-stick-meta":"","header-main-stick-meta":"","header-below-stick-meta":"","astra-migrate-meta-layouts":"set","ast-page-background-enabled":"default","ast-page-background-meta":{"desktop":{"background-color":"","background-image":"","background-repeat":"repeat","background-position":"center center","background-size":"auto","background-attachment":"scroll","background-type":"","background-media":"","overlay-type":"","overlay-color":"","overlay-opacity":"","overlay-gradient":""},"tablet":{"background-color":"","background-image":"","background-repeat":"repeat","background-position":"center center","background-size":"auto","background-attachment":"scroll","background-type":"","background-media":"","overlay-type":"","overlay-color":"","overlay-opacity":"","overlay-gradient":""},"mobile":{"background-color":"","background-image":"","background-repeat":"repeat","background-position":"center center","background-size":"auto","background-attachment":"scroll","background-type":"","background-media":"","overlay-type":"","overlay-color":"","overlay-opacity":"","overlay-gradient":""}},"ast-content-background-meta":{"desktop":{"background-color":"var(--ast-global-color-5)","background-image":"","background-repeat":"repeat","background-position":"center center","background-size":"auto","background-attachment":"scroll","background-type":"","background-media":"","overlay-type":"","overlay-color":"","overlay-opacity":"","overlay-gradient":""},"tablet":{"background-color":"var(--ast-global-color-5)","background-image":"","background-repeat":"repeat","background-position":"center center","background-size":"auto","background-attachment":"scroll","background-type":"","background-media":"","overlay-type":"","overlay-color":"","overlay-opacity":"","overlay-gradient":""},"mobile":{"background-color":"var(--ast-global-color-5)","background-image":"","background-repeat":"repeat","background-position":"center center","background-size":"auto","background-attachment":"scroll","background-type":"","background-media":"","overlay-type":"","overlay-color":"","overlay-opacity":"","overlay-gradient":""}},"footnotes":""},"class_list":["post-4002","page","type-page","status-publish","hentry"],"acf":[],"aioseo_notices":[],"_links":{"self":[{"href":"https:\/\/www.vanderwallimmigration.com\/es\/wp-json\/wp\/v2\/pages\/4002","targetHints":{"allow":["GET"]}}],"collection":[{"href":"https:\/\/www.vanderwallimmigration.com\/es\/wp-json\/wp\/v2\/pages"}],"about":[{"href":"https:\/\/www.vanderwallimmigration.com\/es\/wp-json\/wp\/v2\/types\/page"}],"author":[{"embeddable":true,"href":"https:\/\/www.vanderwallimmigration.com\/es\/wp-json\/wp\/v2\/users\/1"}],"replies":[{"embeddable":true,"href":"https:\/\/www.vanderwallimmigration.com\/es\/wp-json\/wp\/v2\/comments?post=4002"}],"version-history":[{"count":0,"href":"https:\/\/www.vanderwallimmigration.com\/es\/wp-json\/wp\/v2\/pages\/4002\/revisions"}],"up":[{"embeddable":true,"href":"https:\/\/www.vanderwallimmigration.com\/es\/wp-json\/wp\/v2\/pages\/4047"}],"wp:attachment":[{"href":"https:\/\/www.vanderwallimmigration.com\/es\/wp-json\/wp\/v2\/media?parent=4002"}],"curies":[{"name":"wp","href":"https:\/\/api.w.org\/{rel}","templated":true}]}}