{"id":4001,"date":"2024-10-23T10:39:47","date_gmt":"2024-10-23T10:39:47","guid":{"rendered":"https:\/\/www.vanderwallimmigration.com\/green-card\/"},"modified":"2026-04-15T23:05:20","modified_gmt":"2026-04-15T23:05:20","slug":"tarjeta-verde-o-tarjeta-de-residencia","status":"publish","type":"page","link":"https:\/\/www.vanderwallimmigration.com\/es\/servicios-legales\/tarjeta-verde-o-tarjeta-de-residencia\/","title":{"rendered":"Tarjeta Verde O Tarjeta de Residencia"},"content":{"rendered":"<h1>Portland Tarjeta Verde<\/h1> \t<h1>O Tarjeta de Residencia<\/h1> \t\t\t<a href=\"\/es\/formulario-de-cita\/\" title=\"Programar Una Cita\" target=\"_self\"   role=\"button\" aria-label=\"Programar Una Cita\"> \t\t\t\t\t\t\tProgramar Una Cita \t\t<\/a> \t\t\t<h2>\u00bfSolicita una Visa Permanente basada en la familia? Nuestro abogado de inmigraci\u00f3n de Portland est\u00e1 aqu\u00ed para ayudar<\/h2>\t\t\t \t<p>En Inmigraci\u00f3n Vanderwall, nuestros abogados familiares de Visa Permanente de Portland son defensores capacitados, experimentados y orientados a resultados para nuestros clientes. Como firma de abogados compuesta por personas de familias inmigrantes, tenemos un compromiso profundo y apasionado de unir familias a trav\u00e9s de la ley de inmigraci\u00f3n. Si tiene alguna pregunta o inquietud sobre un asunto de Visa Permanente familiar, podemos ayudarlo. Para una consulta totalmente confidencial con un abogado de inmigraci\u00f3n de primer nivel, no dude en contactarnos hoy.<\/p> <h3> \t\t\tVisa Familiar Permanente: Lo que Necesita Saber\t<\/h3> \t<p>Una \u00abVisa Permanente\u00bb es un t\u00e9rmino informal para una Tarjeta de Residente Permanente de los Estados Unidos, que otorga a un ciudadano extranjero el derecho a vivir y trabajar permanentemente en los Estados Unidos. A los titulares de Visa Permanente tambi\u00e9n se les conoce como residentes permanentes legales (LPR). Las Visas Familiares Permanentes sirven como puerta de entrada a la residencia permanente en los Estados Unidos para muchas personas. De hecho, la inmigraci\u00f3n familiar es la columna vertebral del sistema de inmigraci\u00f3n de nuestro pa\u00eds.<\/p> <p>Dicho esto, no todos los extranjeros que est\u00e9n relacionados con alguien en los Estados Unidos pueden calificar para una Visa Permanente basada en la familia. En cambio, obtener uno requiere el patrocinio de un miembro de la familia calificado. La elegibilidad depende de la categor\u00eda de la relaci\u00f3n, como pariente inmediato o categor\u00eda de preferencia. Navegar por el proceso implica completar y enviar varios formularios de inmigraci\u00f3n junto con los documentos y registros de respaldo requeridos.<\/p> <p>En particular, tanto los ciudadanos estadounidenses como los residentes permanentes legales y los ciudadanos estadounidenses pueden solicitar ayudar a sus familiares a convertirse en residentes permanentes legales y obtener una \u00abVisa Permanente\u00bb.<\/p> <h3> \t\t\tUn ciudadano estadounidense puede solicitar por su:\t<\/h3> \t<ul> <li>Esposos<\/li> <li>Ni\u00f1os del matrimonio<\/li> <li>Ni\u00f1os fuera del matrimonio<\/li> <li>Parientes (Si el ciudadano tiene 21 a\u00f1os o m\u00e1s)<\/li> <li>Hermanos<\/li> <\/ul> <h3> \t\t\tUn residente permanente legal puede solicitar su:\t<\/h3> \t<ul> <li>Esposos<\/li> <li>Ni\u00f1os fuera el matrimonio<\/li> <\/ul> <h3> \t\t\tManejamos toda la gama de asuntos de inmigraci\u00f3n familiar\t<\/h3> \t<p>La inmigraci\u00f3n familiar es un \u00e1rea jur\u00eddica compleja y sensible que requiere conocimiento experto y comprensi\u00f3n de sus muchas complejidades. En Inmigraci\u00f3n Vanderwall, nos enorgullecemos de nuestro trabajo para unir familias. Como equipo legal formado por profesionales que provienen de familias inmigrantes, sabemos lo importante que es esto. Nuestros abogados de inmigraci\u00f3n de Portland est\u00e1n bien equipados para brindarle asistencia legal integral en una amplia gama de asuntos de inmigraci\u00f3n familiar. Junto con otros tipos de Visa Permanentes familiares, nuestros abogados de Portland ayudan a los clientes con:<\/p> <ol> <li><strong>Relaci\u00f3n conyugal (matrimonio):\u00a0<\/strong>Nuestro equipo de abogados de inmigraci\u00f3n de Portland es experto en navegar las complejidades de la inmigraci\u00f3n basada en el matrimonio, ya sea usted un ciudadano estadounidense que patrocina a su c\u00f3nyuge extranjero o un residente permanente que solicita a su pareja. Lo guiaremos a trav\u00e9s del proceso, incluida la preparaci\u00f3n y presentaci\u00f3n de los formularios necesarios, la recopilaci\u00f3n de documentaci\u00f3n y la resoluci\u00f3n de cualquier problema legal que pueda surgir.<\/li> <li><strong>Visa de prometido (Visa K-1):\u00a0<\/strong>Si usted es un ciudadano estadounidense comprometido para casarse con un ciudadano extranjero, podemos ayudarlo a obtener una visa de prometido K-1 para traer a su pareja a los Estados Unidos. Nuestros abogados se asegurar\u00e1n de que su solicitud sea completa y precisa, lo que aumentar\u00e1 la probabilidad de un resultado exitoso. Tambi\u00e9n brindaremos orientaci\u00f3n sobre el posterior proceso de ajuste de estatus, asegurando una transici\u00f3n sin problemas a la residencia permanente.<\/li> <li><strong>Visas K-3 y Visas K-4:\u00a0<\/strong>Para aquellos que ya est\u00e1n casados con un ciudadano extranjero, pero esperan la aprobaci\u00f3n de una visa de inmigrante, una visa K-3 puede ser una soluci\u00f3n. Una visa K-4 es una herramienta correspondiente para los hijos solteros de un c\u00f3nyuge menores de 21 a\u00f1os. Las visas K-3 y las visas K-4 permiten que una familia est\u00e9 unida mientras una petici\u00f3n de inmigraci\u00f3n a\u00fan est\u00e1 pendiente.<\/li> <li><strong>Inmigraci\u00f3n de preferencia familiar:<\/strong>\u00a0Nuestro equipo comprende la importancia de reunir familias y tiene experiencia en el manejo de casos de inmigraci\u00f3n de preferencia familiar. Si usted es ciudadano estadounidense o residente permanente, podemos ayudarlo a solicitar que los miembros de su familia, como padres, hermanos o hijos adultos, se re\u00fanan con usted en los Estados Unidos. Lo guiaremos a trav\u00e9s del complejo sistema de categor\u00edas de preferencia y fechas de prioridad para maximizar las posibilidades de un resultado favorable para sus seres queridos. Cabe se\u00f1alar que existen l\u00edmites legales en la cantidad de visas de preferencia familiar que se pueden emitir cada a\u00f1o.<\/li> <\/ol> <h3> \t\t\tComprensi\u00f3n del formulario de inmigraci\u00f3n de visa familiar permanente: I-130, Petici\u00f3n de familiar extranjero\t<\/h3> \t<p>La I-130, Petici\u00f3n de Familiar Extranjero, es un formulario crucial para los ciudadanos estadounidenses y residentes permanentes legales (LPR) que desean patrocinar a sus familiares para Visa Permanentes, otorg\u00e1ndoles residencia permanente legal en los Estados Unidos. Al presentar el Formulario I-130, el peticionario establece su relaci\u00f3n con el pariente extranjero e inicia el proceso de inmigraci\u00f3n basado en la familia.<\/p> <p>Antes de presentar el Formulario I-130, es esencial determinar la elegibilidad tanto del peticionario como del beneficiario. El peticionario debe ser ciudadano estadounidense o LPR, mientras que el beneficiario debe ser un pariente inmediato (c\u00f3nyuge, hijos solteros menores de 21 a\u00f1os o padre) o un pariente preferencial (adultos casados\/hijos solteros, hermanos o categor\u00edas espec\u00edficas basadas en el empleo).<\/p> <p>Despu\u00e9s de presentar el I-130, el Servicio de Ciudadan\u00eda e Inmigraci\u00f3n de los Estados Unidos (USCIS) revisar\u00e1 la solicitud y notificar\u00e1 al peticionario su decisi\u00f3n. Si se aprueba, el beneficiario puede proceder con el procesamiento consular o el ajuste de estatus, dependiendo de su ubicaci\u00f3n actual y su estatus migratorio.<\/p> <h3> \t\t\tVisa Permanente basada en la familia: Preguntas frecuentes (FAQ)\t<\/h3> \t\t\t\t\t\t\t\t\t\t<h4 tabindex=\"0\">\u00bfQui\u00e9n es elegible para una Visa Permanente basada en la familia?<\/h4> \t\t\t\t\t<p>La elegibilidad para una Visa Permanente familiar depende de la relaci\u00f3n del solicitante con un ciudadano estadounidense o residente permanente (LPR) que patrocina la petici\u00f3n. Los familiares inmediatos (como c\u00f3nyuges, hijos solteros menores de 21 a\u00f1os y padres) de ciudadanos estadounidenses no tienen l\u00edmite num\u00e9rico en la cantidad de visas emitidas anualmente. Otros parientes caen bajo las categor\u00edas de preferencia familiar, que tienen l\u00edmites num\u00e9ricos anuales.<\/p> \t\t\t\t\t\t\t\t\t\t<h4 tabindex=\"0\">\u00bfCu\u00e1nto tiempo lleva obtener una visa permanente basada en familia?<\/h4> \t\t\t\t\t<p>El tiempo de procesamiento para una Visa Permanente familiar depende de una serie de factores, incluidos aspectos como el<\/p> <p>categor\u00eda del solicitante y su pa\u00eds de origen. Los familiares inmediatos de ciudadanos estadounidenses generalmente tienen un per\u00edodo de espera m\u00e1s corto en comparaci\u00f3n con las categor\u00edas de preferencia familiar. Como descripci\u00f3n general, el procesamiento de una Visa Permanente familiar puede llevar de varios meses a varios a\u00f1os. Nuestros abogados de inmigraci\u00f3n de Portland trabajan arduamente para que el proceso de Visa Permanente familiar sea lo m\u00e1s sencillo, f\u00e1cil y eficiente posible para nuestros clientes.<\/p> \t\t\t\t\t\t\t\t\t\t<h4 tabindex=\"0\">\u00bfPuede un titular de una visa permanente basada en familia solicitar la ciudadan\u00eda estadounidense?<\/h4> \t\t\t\t\t<p>S\u00ed, o al menos una Visa Permanente basada en la familia puede, eventualmente, conducir a un camino hacia la ciudadan\u00eda estadounidense. El solicitante tambi\u00e9n debe cumplir con los requisitos de elegibilidad antes de presentar la solicitud. En la mayor\u00eda de los casos, los residentes permanentes deben tener su Visa Permanente durante al menos cinco a\u00f1os, demostrar residencia continua en los EE. UU. y aprobar un examen de ciudadan\u00eda, que incluye conocimiento de la historia y el gobierno de los EE. UU., as\u00ed como dominio del idioma ingl\u00e9s. Cabe se\u00f1alar que el c\u00f3nyuge de un ciudadano estadounidense generalmente puede solicitar la ciudadan\u00eda despu\u00e9s de s\u00f3lo tres a\u00f1os de residencia en los Estados Unidos.<\/p> \t\t\t<h3>C\u00f3mo pueden ayudar nuestros abogados de inmigraci\u00f3n de Portland con una visa permanente basada en la familia<\/h3>\t\t\t \t<p>Si bien la inmigraci\u00f3n basada en la familia constituye gran parte de la base del sistema de inmigraci\u00f3n estadounidense, navegar el proceso puede ser complicado. Es normal tener toneladas de preguntas sobre sus derechos y opciones. En Inmigraci\u00f3n Vanderwall, lo ayudaremos durante todo el proceso de obtenci\u00f3n de una Visa Permanente, desde la petici\u00f3n hasta el patrocinio financiero, la exenci\u00f3n por dificultades econ\u00f3micas (si corresponde) y la entrevista consular. Somos proactivos. Entre otras cosas, nuestros abogados de inmigraci\u00f3n familiares de Portland est\u00e1n listos para:<\/p> <ul> <li>Lleve a cabo una revisi\u00f3n y evaluaci\u00f3n integral y confidencial de su caso.<\/li> <li>Responda las preguntas que tenga sobre el proceso de inmigraci\u00f3n familiar.<\/li> <li>Re\u00fana documentos, registros y otra informaci\u00f3n relevante.<\/li> <li>Enc\u00e1rgate de los tr\u00e1mites de solicitud de inmigraci\u00f3n familiar.<\/li> <li>Desarrolle una estrategia legal para ayudarlo a usted y a su familia a superar los obst\u00e1culos.<\/li> <\/ul> <h3> \t\t\tP\u00f3ngase en contacto con nuestros abogados de visas familiares permanentes en Portland hoy\t<\/h3> \t<p>En Inmigraci\u00f3n Vanderwall, nuestros abogados de Visa Permanente de Portland tienen amplia experiencia en el manejo de asuntos de inmigraci\u00f3n familiar. Si tiene alguna pregunta sobre un problema de Visa Permanente familiar, estamos m\u00e1s que listos para ayudarlo a encontrar la soluci\u00f3n. Ll\u00e1manos ahora o\u00a0<a href=\"\/es\/contactenos\/\">con\u00e9ctese con nosotros en l\u00ednea directamente<\/a> para una revisi\u00f3n del caso totalmente confidencial y sin compromiso. Con oficinas en Beaverton y Salem, manejamos asuntos familiares de Visa Permanente en Portland y en toda la regi\u00f3n de Oreg\u00f3n.<\/p> \t<h5> \t\t\t\tPrograme su consulta de inmigraci\u00f3n con un abogado de inmigraci\u00f3n \t\t\t<\/h5> <figure itemscope itemtype=\"https:\/\/schema.org\/ImageObject\"> \t\t\t\t<img decoding=\"async\" src=\"https:\/\/www.vanderwallimmigration.com\/wp-content\/uploads\/2025\/09\/2025-footer-banner-awards-layout.png\" alt=\"2025-footer-banner-awards-layout\" height=\"420\" width=\"600\" title=\"2025-footer-banner-awards-layout\" onerror=\"this.style.display='none'\" loading=\"lazy\" \/> \t<\/figure> \t<h5> \t\t\t\tsalga de las sombras. \t\t\t<\/h5> \t<h5> \t\t\t\tLl\u00e1menos hoy al \t\t\t<\/h5> \t\t\t<p><a href=\"tel:+15032068414\">+1 503-206-8414<\/a><\/p>\t \t\t\t<a href=\"https:\/\/www.vanderwallimmigration.com\/schedule-appointment\/\" title=\"Programar una cita\" target=\"_self\"   role=\"button\" aria-label=\"Programar una cita\"> \t\t\t\t\t\t\tProgramar una cita \t\t<\/a>","protected":false},"excerpt":{"rendered":"<p>Portland Tarjeta Verde O Tarjeta de Residencia Programar Una Cita \u00bfSolicita una Visa Permanente basada en la familia? Nuestro abogado de inmigraci\u00f3n de Portland est\u00e1 aqu\u00ed para ayudar En Inmigraci\u00f3n Vanderwall, nuestros abogados familiares de Visa Permanente de Portland son defensores capacitados, experimentados y orientados a resultados para nuestros clientes. Como firma de abogados compuesta [&hellip;]<\/p>\n","protected":false},"author":4,"featured_media":0,"parent":4047,"menu_order":0,"comment_status":"closed","ping_status":"open","template":"","meta":{"_acf_changed":false,"site-sidebar-layout":"no-sidebar","site-content-layout":"page-builder","ast-site-content-layout":"full-width-container","site-content-style":"unboxed","site-sidebar-style":"unboxed","ast-global-header-display":"","ast-banner-title-visibility":"","ast-main-header-display":"","ast-hfb-above-header-display":"","ast-hfb-below-header-display":"","ast-hfb-mobile-header-display":"","site-post-title":"disabled","ast-breadcrumbs-content":"","ast-featured-img":"disabled","footer-sml-layout":"","ast-disable-related-posts":"","theme-transparent-header-meta":"enabled","adv-header-id-meta":"","stick-header-meta":"","header-above-stick-meta":"","header-main-stick-meta":"","header-below-stick-meta":"","astra-migrate-meta-layouts":"set","ast-page-background-enabled":"default","ast-page-background-meta":{"desktop":{"background-color":"","background-image":"","background-repeat":"repeat","background-position":"center center","background-size":"auto","background-attachment":"scroll","background-type":"","background-media":"","overlay-type":"","overlay-color":"","overlay-opacity":"","overlay-gradient":""},"tablet":{"background-color":"","background-image":"","background-repeat":"repeat","background-position":"center center","background-size":"auto","background-attachment":"scroll","background-type":"","background-media":"","overlay-type":"","overlay-color":"","overlay-opacity":"","overlay-gradient":""},"mobile":{"background-color":"","background-image":"","background-repeat":"repeat","background-position":"center center","background-size":"auto","background-attachment":"scroll","background-type":"","background-media":"","overlay-type":"","overlay-color":"","overlay-opacity":"","overlay-gradient":""}},"ast-content-background-meta":{"desktop":{"background-color":"var(--ast-global-color-5)","background-image":"","background-repeat":"repeat","background-position":"center center","background-size":"auto","background-attachment":"scroll","background-type":"","background-media":"","overlay-type":"","overlay-color":"","overlay-opacity":"","overlay-gradient":""},"tablet":{"background-color":"var(--ast-global-color-5)","background-image":"","background-repeat":"repeat","background-position":"center center","background-size":"auto","background-attachment":"scroll","background-type":"","background-media":"","overlay-type":"","overlay-color":"","overlay-opacity":"","overlay-gradient":""},"mobile":{"background-color":"var(--ast-global-color-5)","background-image":"","background-repeat":"repeat","background-position":"center center","background-size":"auto","background-attachment":"scroll","background-type":"","background-media":"","overlay-type":"","overlay-color":"","overlay-opacity":"","overlay-gradient":""}},"footnotes":""},"class_list":["post-4001","page","type-page","status-publish","hentry"],"acf":[],"aioseo_notices":[],"_links":{"self":[{"href":"https:\/\/www.vanderwallimmigration.com\/es\/wp-json\/wp\/v2\/pages\/4001","targetHints":{"allow":["GET"]}}],"collection":[{"href":"https:\/\/www.vanderwallimmigration.com\/es\/wp-json\/wp\/v2\/pages"}],"about":[{"href":"https:\/\/www.vanderwallimmigration.com\/es\/wp-json\/wp\/v2\/types\/page"}],"author":[{"embeddable":true,"href":"https:\/\/www.vanderwallimmigration.com\/es\/wp-json\/wp\/v2\/users\/4"}],"replies":[{"embeddable":true,"href":"https:\/\/www.vanderwallimmigration.com\/es\/wp-json\/wp\/v2\/comments?post=4001"}],"version-history":[{"count":0,"href":"https:\/\/www.vanderwallimmigration.com\/es\/wp-json\/wp\/v2\/pages\/4001\/revisions"}],"up":[{"embeddable":true,"href":"https:\/\/www.vanderwallimmigration.com\/es\/wp-json\/wp\/v2\/pages\/4047"}],"wp:attachment":[{"href":"https:\/\/www.vanderwallimmigration.com\/es\/wp-json\/wp\/v2\/media?parent=4001"}],"curies":[{"name":"wp","href":"https:\/\/api.w.org\/{rel}","templated":true}]}}