{"id":3996,"date":"2024-10-23T11:27:53","date_gmt":"2024-10-23T11:27:53","guid":{"rendered":"https:\/\/www.vanderwallimmigration.com\/locations\/"},"modified":"2026-01-27T07:08:11","modified_gmt":"2026-01-27T07:08:11","slug":"ubicaciones","status":"publish","type":"page","link":"https:\/\/www.vanderwallimmigration.com\/es\/ubicaciones\/","title":{"rendered":"Ubicaci\u00f3nes"},"content":{"rendered":"<h1>Ubicaci\u00f3nes<\/h1> \t\t\t<a href=\"\/es\/formulario-de-cita\/\" title=\"Programar Una Cita\" target=\"_self\"   role=\"button\" aria-label=\"Programar Una Cita\"> \t\t\t\t\t\t\tProgramar Una Cita \t\t<\/a> \t<h5> \t\t\t\t<a href=\"\/es\/ubicaciones\/abogado-de-inmigracion-de-salem\/\" title=\"Salem\" target=\"_self\"  aria-label=\"Ir a \/es\/ubicaciones\/abogado-de-inmigracion-de-salem\/\"> \t\t\t\tSalem \t\t\t\t<\/a> \t\t\t<\/h5> \t\t\t<a href=\"\/es\/ubicaciones\/abogado-de-inmigracion-de-salem\/\" title=\"Aprender M\u00e1s\" target=\"_self\"   role=\"button\" aria-label=\"Aprender M\u00e1s\"> \t\t\t\t\t\t\tAprender M\u00e1s \t\t<\/a> \t<h5> \t\t\t\t<a href=\"\/es\/ubicaciones\/abogado-de-inmigracion-de-beaverton\/\" title=\"Beaverton\" target=\"_self\"  aria-label=\"Ir a \/es\/ubicaciones\/abogado-de-inmigracion-de-beaverton\/\"> \t\t\t\tBeaverton \t\t\t\t<\/a> \t\t\t<\/h5> \t\t\t<a href=\"\/es\/ubicaciones\/abogado-de-inmigracion-de-beaverton\/\" title=\"Aprender M\u00e1s\" target=\"_self\"   role=\"button\" aria-label=\"Aprender M\u00e1s\"> \t\t\t\t\t\t\tAprender M\u00e1s \t\t<\/a> \t<h5> \t\t\t\t<a href=\"\/es\/ubicaciones\/abogado-de-inmigracion-en-portland\/\" title=\"Portland\" target=\"_self\"  aria-label=\"Ir a \/es\/ubicaciones\/abogado-de-inmigracion-en-portland\/\"> \t\t\t\tPortland \t\t\t\t<\/a> \t\t\t<\/h5> \t\t\t<a href=\"\/es\/ubicaciones\/abogado-de-inmigracion-en-portland\/\" title=\"Aprender M\u00e1s\" target=\"_self\"   role=\"button\" aria-label=\"Aprender M\u00e1s\"> \t\t\t\t\t\t\tAprender M\u00e1s \t\t<\/a> \t<h5> \t\t\t\t<a href=\"\/es\/ubicaciones\/abogado-de-inmigracion-de-seattle\/\" title=\"Seattle\" target=\"_self\"  aria-label=\"Ir a \/es\/ubicaciones\/abogado-de-inmigracion-de-seattle\/\"> \t\t\t\tSeattle \t\t\t\t<\/a> \t\t\t<\/h5> \t\t\t<a href=\"\/es\/ubicaciones\/abogado-de-inmigracion-de-seattle\/\" title=\"Aprender M\u00e1s\" target=\"_self\"   role=\"button\" aria-label=\"Aprender M\u00e1s\"> \t\t\t\t\t\t\tAprender M\u00e1s \t\t<\/a> \t<h5> \t\t\t\t<a href=\"\/es\/ubicaciones\/abogado-de-inmigracion-en-spokane\/\" title=\"Spokane\" target=\"_self\"  aria-label=\"Ir a \/es\/ubicaciones\/abogado-de-inmigracion-en-spokane\/\"> \t\t\t\tSpokane \t\t\t\t<\/a> \t\t\t<\/h5> \t\t\t<a href=\"\/es\/ubicaciones\/abogado-de-inmigracion-en-spokane\/\" title=\"Aprender M\u00e1s\" target=\"_self\"   role=\"button\" aria-label=\"Aprender M\u00e1s\"> \t\t\t\t\t\t\tAprender M\u00e1s \t\t<\/a> \t<h5> \t\t\t\t<a href=\"\/es\/ubicaciones\/abogado-de-inmigracion-en-boise\/\" title=\"Boise\" target=\"_self\"  aria-label=\"Ir a \/es\/ubicaciones\/abogado-de-inmigracion-en-boise\/\"> \t\t\t\tBoise \t\t\t\t<\/a> \t\t\t<\/h5> \t\t\t<a href=\"\/es\/ubicaciones\/abogado-de-inmigracion-en-boise\/\" title=\"Aprender M\u00e1s\" target=\"_self\"   role=\"button\" aria-label=\"Aprender M\u00e1s\"> \t\t\t\t\t\t\tAprender M\u00e1s \t\t<\/a> \t<h5> \t\t\t\t<a href=\"\/es\/ubicaciones\/abogado-de-inmigracion-en-bend\/\" title=\"Bend\" target=\"_self\"  aria-label=\"Ir a \/es\/ubicaciones\/abogado-de-inmigracion-en-bend\/\"> \t\t\t\tBend \t\t\t\t<\/a> \t\t\t<\/h5> \t\t\t<a href=\"\/es\/ubicaciones\/abogado-de-inmigracion-en-bend\/\" title=\"Aprender M\u00e1s\" target=\"_self\"   role=\"button\" aria-label=\"Aprender M\u00e1s\"> \t\t\t\t\t\t\tAprender M\u00e1s \t\t<\/a> \t<h5> \t\t\t\t<a href=\"\/es\/ubicaciones\/abogado-de-inmigracion-en-eugene\/\" title=\"Eugene\" target=\"_self\"  aria-label=\"Ir a \/es\/ubicaciones\/abogado-de-inmigracion-en-eugene\/\"> \t\t\t\tEugene \t\t\t\t<\/a> \t\t\t<\/h5> \t\t\t<a href=\"\/es\/ubicaciones\/abogado-de-inmigracion-en-eugene\/\" title=\"Aprender M\u00e1s\" target=\"_self\"   role=\"button\" aria-label=\"Aprender M\u00e1s\"> \t\t\t\t\t\t\tAprender M\u00e1s \t\t<\/a> \t<h5> \t\t\t\t<a href=\"\/es\/ubicaciones\/abogado-de-inmigracion-en-medford\/\" title=\"Medford\" target=\"_self\"  aria-label=\"Ir a \/es\/ubicaciones\/abogado-de-inmigracion-en-medford\/\"> \t\t\t\tMedford \t\t\t\t<\/a> \t\t\t<\/h5> \t\t\t<a href=\"\/es\/ubicaciones\/abogado-de-inmigracion-en-medford\/\" title=\"Aprender M\u00e1s\" target=\"_self\"   role=\"button\" aria-label=\"Aprender M\u00e1s\"> \t\t\t\t\t\t\tAprender M\u00e1s \t\t<\/a> \t<h5> \t\t\t\t<a href=\"\/es\/ubicaciones\/abogado-de-inmigracion-de-chico\/\" title=\"Chico\" target=\"_self\"  aria-label=\"Ir a \/es\/ubicaciones\/abogado-de-inmigracion-de-chico\/\"> \t\t\t\tChico \t\t\t\t<\/a> \t\t\t<\/h5> \t\t\t<a href=\"\/es\/ubicaciones\/abogado-de-inmigracion-de-chico\/\" title=\"Aprender M\u00e1s\" target=\"_self\"   role=\"button\" aria-label=\"Aprender M\u00e1s\"> \t\t\t\t\t\t\tAprender M\u00e1s \t\t<\/a> \t<h5> \t\t\t\t<a href=\"\/es\/ubicaciones\/abogado-de-inmigracion-en-sacramento\/\" title=\"Sacramento\" target=\"_self\"  aria-label=\"Ir a \/es\/ubicaciones\/abogado-de-inmigracion-en-sacramento\/\"> \t\t\t\tSacramento \t\t\t\t<\/a> \t\t\t<\/h5> \t\t\t<a href=\"\/es\/ubicaciones\/abogado-de-inmigracion-en-sacramento\/\" title=\"Aprender M\u00e1s\" target=\"_self\"   role=\"button\" aria-label=\"Aprender M\u00e1s\"> \t\t\t\t\t\t\tAprender M\u00e1s \t\t<\/a> \t<h5> \t\t\t\t<a href=\"\/es\/ubicaciones\/abogado-de-inmigracion-en-santa-rosa\/\" title=\"Santa Rosa\" target=\"_self\"  aria-label=\"Ir a \/es\/ubicaciones\/abogado-de-inmigracion-en-santa-rosa\/\"> \t\t\t\tSanta Rosa \t\t\t\t<\/a> \t\t\t<\/h5> \t\t\t<a href=\"\/es\/ubicaciones\/abogado-de-inmigracion-en-santa-rosa\/\" title=\"Aprender M\u00e1s\" target=\"_self\"   role=\"button\" aria-label=\"Aprender M\u00e1s\"> \t\t\t\t\t\t\tAprender M\u00e1s \t\t<\/a> \t<h5> \t\t\t\t<a href=\"\/es\/ubicaciones\/abogado-de-inmigracion-en-reno\/\" title=\"Reno\" target=\"_self\"  aria-label=\"Ir a \/es\/ubicaciones\/abogado-de-inmigracion-en-reno\/\"> \t\t\t\tReno \t\t\t\t<\/a> \t\t\t<\/h5> \t\t\t<a href=\"\/es\/ubicaciones\/abogado-de-inmigracion-en-reno\/\" title=\"Aprender M\u00e1s\" target=\"_self\"   role=\"button\" aria-label=\"Aprender M\u00e1s\"> \t\t\t\t\t\t\tAprender M\u00e1s \t\t<\/a> \t<h5> \t\t\t\t<a href=\"\/es\/ubicaciones\/abogado-de-inmigracion-en-vancouver\/\" title=\"Vancouver\" target=\"_self\"  aria-label=\"Ir a \/es\/ubicaciones\/abogado-de-inmigracion-en-vancouver\/\"> \t\t\t\tVancouver \t\t\t\t<\/a> \t\t\t<\/h5> \t\t\t<a href=\"\/es\/ubicaciones\/abogado-de-inmigracion-en-vancouver\/\" title=\"Aprender M\u00e1s\" target=\"_self\"   role=\"button\" aria-label=\"Aprender M\u00e1s\"> \t\t\t\t\t\t\tAprender M\u00e1s \t\t<\/a> \t<h5> \t\t\t\t<a href=\"\/es\/ubicaciones\/abogado-de-inmigracion-en-tacoma\/\" title=\"Tacoma\" target=\"_self\"  aria-label=\"Ir a \/es\/ubicaciones\/abogado-de-inmigracion-en-tacoma\/\"> \t\t\t\tTacoma \t\t\t\t<\/a> \t\t\t<\/h5> \t\t\t<a href=\"\/es\/ubicaciones\/abogado-de-inmigracion-en-tacoma\/\" title=\"Aprender M\u00e1s\" target=\"_self\"   role=\"button\" aria-label=\"Aprender M\u00e1s\"> \t\t\t\t\t\t\tAprender M\u00e1s \t\t<\/a>","protected":false},"excerpt":{"rendered":"<p>Ubicaci\u00f3nes Programar Una Cita Salem Aprender M\u00e1s Beaverton Aprender M\u00e1s Portland Aprender M\u00e1s Seattle Aprender M\u00e1s Spokane Aprender M\u00e1s Boise Aprender M\u00e1s Bend Aprender M\u00e1s Eugene Aprender M\u00e1s Medford Aprender M\u00e1s Chico Aprender M\u00e1s Sacramento Aprender M\u00e1s Santa Rosa Aprender M\u00e1s Reno Aprender M\u00e1s Vancouver Aprender M\u00e1s Tacoma Aprender M\u00e1s<\/p>\n","protected":false},"author":4,"featured_media":0,"parent":0,"menu_order":0,"comment_status":"closed","ping_status":"open","template":"","meta":{"_acf_changed":false,"site-sidebar-layout":"no-sidebar","site-content-layout":"page-builder","ast-site-content-layout":"full-width-container","site-content-style":"unboxed","site-sidebar-style":"unboxed","ast-global-header-display":"","ast-banner-title-visibility":"","ast-main-header-display":"","ast-hfb-above-header-display":"","ast-hfb-below-header-display":"","ast-hfb-mobile-header-display":"","site-post-title":"disabled","ast-breadcrumbs-content":"","ast-featured-img":"disabled","footer-sml-layout":"","ast-disable-related-posts":"","theme-transparent-header-meta":"enabled","adv-header-id-meta":"","stick-header-meta":"","header-above-stick-meta":"","header-main-stick-meta":"","header-below-stick-meta":"","astra-migrate-meta-layouts":"set","ast-page-background-enabled":"default","ast-page-background-meta":{"desktop":{"background-color":"","background-image":"","background-repeat":"repeat","background-position":"center center","background-size":"auto","background-attachment":"scroll","background-type":"","background-media":"","overlay-type":"","overlay-color":"","overlay-opacity":"","overlay-gradient":""},"tablet":{"background-color":"","background-image":"","background-repeat":"repeat","background-position":"center center","background-size":"auto","background-attachment":"scroll","background-type":"","background-media":"","overlay-type":"","overlay-color":"","overlay-opacity":"","overlay-gradient":""},"mobile":{"background-color":"","background-image":"","background-repeat":"repeat","background-position":"center center","background-size":"auto","background-attachment":"scroll","background-type":"","background-media":"","overlay-type":"","overlay-color":"","overlay-opacity":"","overlay-gradient":""}},"ast-content-background-meta":{"desktop":{"background-color":"var(--ast-global-color-5)","background-image":"","background-repeat":"repeat","background-position":"center center","background-size":"auto","background-attachment":"scroll","background-type":"","background-media":"","overlay-type":"","overlay-color":"","overlay-opacity":"","overlay-gradient":""},"tablet":{"background-color":"var(--ast-global-color-5)","background-image":"","background-repeat":"repeat","background-position":"center center","background-size":"auto","background-attachment":"scroll","background-type":"","background-media":"","overlay-type":"","overlay-color":"","overlay-opacity":"","overlay-gradient":""},"mobile":{"background-color":"var(--ast-global-color-5)","background-image":"","background-repeat":"repeat","background-position":"center center","background-size":"auto","background-attachment":"scroll","background-type":"","background-media":"","overlay-type":"","overlay-color":"","overlay-opacity":"","overlay-gradient":""}},"footnotes":""},"class_list":["post-3996","page","type-page","status-publish","hentry"],"acf":[],"aioseo_notices":[],"_links":{"self":[{"href":"https:\/\/www.vanderwallimmigration.com\/es\/wp-json\/wp\/v2\/pages\/3996","targetHints":{"allow":["GET"]}}],"collection":[{"href":"https:\/\/www.vanderwallimmigration.com\/es\/wp-json\/wp\/v2\/pages"}],"about":[{"href":"https:\/\/www.vanderwallimmigration.com\/es\/wp-json\/wp\/v2\/types\/page"}],"author":[{"embeddable":true,"href":"https:\/\/www.vanderwallimmigration.com\/es\/wp-json\/wp\/v2\/users\/4"}],"replies":[{"embeddable":true,"href":"https:\/\/www.vanderwallimmigration.com\/es\/wp-json\/wp\/v2\/comments?post=3996"}],"version-history":[{"count":0,"href":"https:\/\/www.vanderwallimmigration.com\/es\/wp-json\/wp\/v2\/pages\/3996\/revisions"}],"wp:attachment":[{"href":"https:\/\/www.vanderwallimmigration.com\/es\/wp-json\/wp\/v2\/media?parent=3996"}],"curies":[{"name":"wp","href":"https:\/\/api.w.org\/{rel}","templated":true}]}}