{"id":3994,"date":"2024-10-23T11:41:25","date_gmt":"2024-10-23T11:41:25","guid":{"rendered":"https:\/\/www.vanderwallimmigration.com\/beaverton-immigration-attorney\/"},"modified":"2026-04-15T23:04:42","modified_gmt":"2026-04-15T23:04:42","slug":"abogado-de-inmigracion-de-beaverton","status":"publish","type":"page","link":"https:\/\/www.vanderwallimmigration.com\/es\/ubicaciones\/abogado-de-inmigracion-de-beaverton\/","title":{"rendered":"Abogado de Inmigraci\u00f3n en Beaverton"},"content":{"rendered":"<h1>Abogado de inmigraci\u00f3n de Beaverton<\/h1> \t\t\t<a href=\"\/es\/formulario-de-cita\/\" title=\"Programar Una Cita\" target=\"_self\"   role=\"button\" aria-label=\"Programar Una Cita\"> \t\t\t\t\t\t\tProgramar Una Cita \t\t<\/a> <h2> \t\t\tVanderwall Inmigraci\u00f3n &#8211; Beaverton\t<\/h2> \t<strong>Direcci\u00f3n:<\/strong><br \/> 8625 SW Cascade Ave Ste 450<br \/> Beaverton, OR 97008 <p><a href=\"https:\/\/goo.gl\/maps\/csi47tjh1YvAm3pG7\">C\u00f3mo llegar<\/a><\/p> <strong>Tel\u00e9fono:<\/strong> <a href=\"tel:+15032068414\">+1 503-206-8414<\/a><br \/> <a href=\"mailto:info@vanderwallimmigration.com\">info@vanderwallimmigration.com<\/a> \t\t\t<h2>Nuestros abogados de inmigraci\u00f3n en Beaverton pueden ayudarlo a usted y a su familia a lograr su sue\u00f1o americano<\/h2>\t\t\t \t<p>El proceso de inmigraci\u00f3n de los Estados Unidos es complejo y, a menudo, abrumador para las personas que a\u00fan son relativamente nuevas en el pa\u00eds y su sistema legal. Vanderwall Inmigraci\u00f3n es un equipo de abogados de inmigraci\u00f3n dedicados a Beaverton que ayudan a las familias en todo Oregon a cumplir sus sue\u00f1os de ciudadan\u00eda, residencia permanente y cualquier otra necesidad relacionada con la inmigraci\u00f3n que puedan tener. Entendemos que la representaci\u00f3n personal, la comunicaci\u00f3n abierta y los costos razonables son la clave para una relaci\u00f3n exitosa entre abogado de inmigraci\u00f3n y cliente. Si desea programar una consulta para que podamos aprender m\u00e1s sobre las necesidades de inmigraci\u00f3n de su propia familia, no dude en llamarnos hoy al <a href=\"tel:+15032068414\">+1 503-206-8414<\/a> para programar una consulta confidencial inicial.<\/p> <h3> \t\t\tOfrecemos una gama completa de servicios legales de inmigraci\u00f3n a los residentes de Beaverton\t<\/h3> \t<p>Los abogados de inmigraci\u00f3n ayudan a las personas a interpretar y comprender las leyes de inmigraci\u00f3n de los Estados Unidos. En Vanderwall Inmigraci\u00f3n, nuestro enfoque es proporcionar una gama completa de servicios legales de inmigraci\u00f3n a clientes en Beaverton. Estos son solo algunos de los asuntos de inmigraci\u00f3n con los que nuestros abogados pueden ayudarlo::<\/p> <ul> <li><strong><a href=\"\/es\/servicios-legales\/tarjeta-verde-o-tarjeta-de-residencia\/\">Tarjetas Verdes<\/a>:<\/strong> Un ciudadano extranjero que desee vivir y trabajar permanentemente en este pa\u00eds debe obtener una Tarjeta de Residente Permanente de los Estados Unidos, a menudo conocida como \u00abtarjeta verde\u00bb. Las tarjetas verdes se usan com\u00fanmente para ayudar a los familiares de ciudadanos actuales de los Estados Unidos y residentes permanentes legales a establecer su propia residencia permanente. Un ciudadano puede solicitar una tarjeta verde en nombre de su c\u00f3nyuge, hijo casado, hijo soltero, padres o hermanos. Los residentes permanentes legales pueden solicitar una tarjeta verde en nombre de un c\u00f3nyuge o hijo soltero.<\/li> <li><strong><a href=\"\/es\/servicios-legales\/visa-de-prometidos\/\">Visas de Prometido:<\/a><\/strong> Un ciudadano de los Estados Unidos puede solicitar una visa K-1 o de prometido en nombre de un prometido que es extranjero. Sin embargo, para calificar para una visa de prometido, debe cumplir con ciertos requisitos. Con algunas excepciones, debe reunirse con su prometido en persona al menos una vez dentro de los 2 a\u00f1os anteriores a su solicitud K-1. Tambi\u00e9n debe tener la intenci\u00f3n de casarse legalmente con su prometido dentro de los 90 d\u00edas posteriores a su entrada a los States.It es importante tener en cuenta que la aprobaci\u00f3n de una visa de prometido no es autom\u00e1tica. A un prometido no nacional se le puede negar la entrada a los Estados Unidos si tiene un historial previo de violaciones penales o de inmigraci\u00f3n. El prometido ciudadano tambi\u00e9n debe demostrar que puede apoyar financieramente a su futuro c\u00f3nyuge extranjero, lo que generalmente significa que tiene ingresos o activos que superan el 125 por ciento de las pautas federales del nivel de pobreza para el tama\u00f1o de su hogar.<\/li> <\/ul> <p>&nbsp;<\/p> <ul> <li><strong><a href=\"\/es\/servicios-legales\/ciudadania-estadounidense\/\">Ciudadan\u00eda de los Estados Unidos<\/a>:<\/strong> Tanto las tarjetas verdes como las visas de prometido se pueden utilizar como pasos para solicitar la ciudadan\u00eda de los Estados Unidos. Por lo general, debe ser un residente permanente legal de los Estados Unidos durante un cierto per\u00edodo de tiempo antes de solicitar la ciudadan\u00eda. Adem\u00e1s de la residencia, tambi\u00e9n debe cumplir con una serie de otros criterios, como demostrar un conocimiento b\u00e1sico de la historia y la educaci\u00f3n c\u00edvica de los Estados Unidos; puede leer, escribir y hablar en ingl\u00e9s; y se le considera una persona de \u00abbuen car\u00e1cter moral\u00bb. Este \u00faltimo requisito a menudo representa una barrera para los inmigrantes que tienen antecedentes penales, particularmente para delitos considerados delitos graves agravados o delitos de \u00abvileza moral\u00bb.<\/li> <\/ul> <p>&nbsp;<\/p> <ul> <li><strong>Visas U y casos de VAWA:<\/strong> Muchos inmigrantes en los Estados Unidos son considerados individuos \u00abvulnerables\u00bb, como v\u00edctimas de delitos. Los Estados Unidos proporcionan una categor\u00eda especial de visa de no inmigrante conocida como Visa U, que est\u00e1 expresamente reservada para \u00abv\u00edctimas de ciertos delitos que han sufrido abuso mental o f\u00edsico y son \u00fatiles para las fuerzas del orden o los funcionarios gubernamentales en la investigaci\u00f3n o enjuiciamiento de actividades delictivas\u00bb. Estas visas permiten a un inmigrante calificado residir y trabajar en los Estados Unidos hasta por 4 a\u00f1os, con la posibilidad de solicitar posteriormente la residencia permanente. Adem\u00e1s, la Ley Federal de Violencia contra la Mujer (VAWA, por sus siglas en ingl\u00e9s) permite a las v\u00edctimas calificadas de violencia dom\u00e9stica y abuso, incluidos hombres y mujeres, solicitar por s\u00ed mismos un estatus migratorio legal sin la participaci\u00f3n de su abusador.<\/li> <\/ul> <p>&nbsp;<\/p> <ul> <li><strong><a href=\"\/es\/servicios-legales\/accion-diferida-para-jovenes-daca\/\">Acci\u00f3n Diferida para los Llegados en la Infancia<\/a>:<\/strong> Muchos ni\u00f1os son tra\u00eddos a los Estados Unidos cuando son ni\u00f1os sin autorizaci\u00f3n o documentaci\u00f3n adecuada. La administraci\u00f3n Obama estableci\u00f3 el programa de Acci\u00f3n Diferida para los Llegados en la Infancia (DACA, por sus siglas en ingl\u00e9s) para ayudar a estas personas, conocidas como \u00abDreamers\u00bb, a permanecer y trabajar legalmente en los Estados Unidos por per\u00edodos renovables de dos a\u00f1os. Los so\u00f1adores deben cumplir con ciertos requisitos. Por ejemplo, deben haber llegado a los Estados Unidos antes de cumplir los 16 a\u00f1os, y deben haber permanecido f\u00edsicamente presentes en el pa\u00eds desde el 15 de junio de 2012.<\/li> <\/ul> <p>&nbsp;<\/p> <ul> <li><strong>Deportaci\u00f3n:<\/strong> La deportaci\u00f3n es el proceso legal de expulsar a un no ciudadano de los Estados Unidos por violar la ley federal de inmigraci\u00f3n. Cada a\u00f1o, el gobierno federal deporta a aproximadamente 70,000 personas. Pero la deportaci\u00f3n en s\u00ed misma es un proceso legal bastante complejo. Seg\u00fan la ley, una persona tiene derecho a comparecer ante un juez de inmigraci\u00f3n y presentar una defensa. Esto puede incluir la presentaci\u00f3n de una solicitud de asilo, la b\u00fasqueda de un ajuste legal de su estatus o la solicitud de una exenci\u00f3n de deportaci\u00f3n por motivos de dificultad extrema.<\/li> <\/ul> <p>&nbsp;<\/p> <ul> <li><strong><a href=\"\/es\/servicios-legales\/permiso-de-trabajo\/\">Permisos de trabajo<\/a>:<\/strong> La mayor\u00eda de los no ciudadanos requieren un Documento de Autorizaci\u00f3n de Empleo para asegurar un empleo legal en los Estados Unidos. Este proceso generalmente requiere que un inmigrante presente una solicitud de permiso de trabajo (Formulario I-765 de USCIS) y proporcione documentaci\u00f3n de respaldo. Las autoridades de inmigraci\u00f3n pueden negar los permisos de trabajo por varias razones, incluida una solicitud incompleta, falta de elegibilidad o antecedentes penales.<\/li> <\/ul> <p>&nbsp;<\/p> <ul> <li><strong>Reclamos de Estatus Especial de Inmigrante Juvenil:<\/strong> Los ni\u00f1os que enfrentan abuso, negligencia o abandono pueden ser elegibles para buscar la residencia permanente legal en los Estados Unidos solicitando el Estatus Especial de Inmigrante Juvenil (SIJS). Esto requiere que un estado, como Oreg\u00f3n, emita primero una orden que determine que la reunificaci\u00f3n del ni\u00f1o con sus padres o tutores es insostenible y que no es en el mejor inter\u00e9s del ni\u00f1o devolverlo a su pa\u00eds de origen.<\/li> <\/ul> <p>&nbsp;<\/p> <ul> <li><strong>Asilo:<\/strong> El asilo es un proceso legal que permite a los inmigrantes que se encuentran actualmente en los Estados Unidos o que aparecen en una frontera de los Estados Unidos, buscar protecci\u00f3n legal debido al temor de persecuci\u00f3n en su pa\u00eds de origen. El asilo generalmente requiere prueba de que el solicitante enfrenta persecuci\u00f3n debido a su raza, religi\u00f3n, nacionalidad, membres\u00eda en un grupo social en particular u opini\u00f3n pol\u00edtica. Si se otorga, el asilo puede conducir a la residencia permanente legal y, en \u00faltima instancia, a la ciudadan\u00eda de los Estados Unidos.<\/li> <\/ul> <p>&nbsp;<\/p> <ul> <li><strong>Libertad condicional en su lugar:<\/strong> Los funcionarios de inmigraci\u00f3n de los Estados Unidos pueden otorgar una forma discrecional de admisi\u00f3n legal llamada \u00ablibertad condicional en vigor\u00bb a c\u00f3nyuges, viudas, padres o hijos menores de edad de miembros en servicio activo o retirados de las fuerzas armadas.<\/li> <\/ul> <h3> \t\t\tPrograme una Consulta Confidencial con Nuestros Abogados de Inmigraci\u00f3n de Beaverton Hoy\t<\/h3> \t<p><a href=\"\/es\/sobre-nosotros\/\">Vanderwall Inmigraci\u00f3n<\/a> se basa en tres principios b\u00e1sicos: integridad, compasi\u00f3n y defensa. Nos esforzamos por generar confianza a trav\u00e9s de nuestra representaci\u00f3n de clientes que a menudo se sienten abrumados y frustrados por el proceso de inmigraci\u00f3n. Es por eso que tambi\u00e9n buscamos empoderar a nuestros clientes a trav\u00e9s de la empat\u00eda, la amabilidad y ofreciendo un sentido de pertenencia. Finalmente, buscamos mejorar la vida de nuestros clientes ofreciendo servicios legales profesionales de inmigraci\u00f3n a un precio razonable. Con ese fin, cobramos tarifas fijas por nuestros servicios legales de inmigraci\u00f3n. Esto significa que le diremos exactamente cu\u00e1nto costar\u00e1 manejar su caso por adelantado. No hay tarifas ocultas y tambi\u00e9n ofrecemos planes de pago flexibles.<\/p> \t<h5> \t\t\t\tPrograme su consulta de inmigraci\u00f3n con un abogado de inmigraci\u00f3n \t\t\t<\/h5> <figure itemscope itemtype=\"https:\/\/schema.org\/ImageObject\"> \t\t\t\t<img decoding=\"async\" src=\"https:\/\/www.vanderwallimmigration.com\/wp-content\/uploads\/2025\/09\/2025-footer-banner-awards-layout.png\" alt=\"2025-footer-banner-awards-layout\" height=\"420\" width=\"600\" title=\"2025-footer-banner-awards-layout\" onerror=\"this.style.display='none'\" loading=\"lazy\" \/> \t<\/figure> \t<h5> \t\t\t\tsalga de las sombras. \t\t\t<\/h5> \t<h5> \t\t\t\tLl\u00e1menos hoy al \t\t\t<\/h5> \t\t\t<p><a href=\"tel:+15032068414\">+1 503-206-8414<\/a><\/p>\t \t\t\t<a href=\"https:\/\/www.vanderwallimmigration.com\/schedule-appointment\/\" title=\"Programar una cita\" target=\"_self\"   role=\"button\" aria-label=\"Programar una cita\"> \t\t\t\t\t\t\tProgramar una cita \t\t<\/a>","protected":false},"excerpt":{"rendered":"<p>Abogado de inmigraci\u00f3n de Beaverton Programar Una Cita Vanderwall Inmigraci\u00f3n &#8211; Beaverton Direcci\u00f3n: 8625 SW Cascade Ave Ste 450 Beaverton, OR 97008 C\u00f3mo llegar Tel\u00e9fono: +1 503-206-8414 info@vanderwallimmigration.com Nuestros abogados de inmigraci\u00f3n en Beaverton pueden ayudarlo a usted y a su familia a lograr su sue\u00f1o americano El proceso de inmigraci\u00f3n de los Estados Unidos [&hellip;]<\/p>\n","protected":false},"author":4,"featured_media":0,"parent":3996,"menu_order":0,"comment_status":"closed","ping_status":"open","template":"","meta":{"_acf_changed":false,"site-sidebar-layout":"no-sidebar","site-content-layout":"page-builder","ast-site-content-layout":"full-width-container","site-content-style":"unboxed","site-sidebar-style":"unboxed","ast-global-header-display":"","ast-banner-title-visibility":"","ast-main-header-display":"","ast-hfb-above-header-display":"","ast-hfb-below-header-display":"","ast-hfb-mobile-header-display":"","site-post-title":"disabled","ast-breadcrumbs-content":"","ast-featured-img":"disabled","footer-sml-layout":"","ast-disable-related-posts":"","theme-transparent-header-meta":"enabled","adv-header-id-meta":"","stick-header-meta":"","header-above-stick-meta":"","header-main-stick-meta":"","header-below-stick-meta":"","astra-migrate-meta-layouts":"set","ast-page-background-enabled":"default","ast-page-background-meta":{"desktop":{"background-color":"","background-image":"","background-repeat":"repeat","background-position":"center center","background-size":"auto","background-attachment":"scroll","background-type":"","background-media":"","overlay-type":"","overlay-color":"","overlay-opacity":"","overlay-gradient":""},"tablet":{"background-color":"","background-image":"","background-repeat":"repeat","background-position":"center center","background-size":"auto","background-attachment":"scroll","background-type":"","background-media":"","overlay-type":"","overlay-color":"","overlay-opacity":"","overlay-gradient":""},"mobile":{"background-color":"","background-image":"","background-repeat":"repeat","background-position":"center center","background-size":"auto","background-attachment":"scroll","background-type":"","background-media":"","overlay-type":"","overlay-color":"","overlay-opacity":"","overlay-gradient":""}},"ast-content-background-meta":{"desktop":{"background-color":"var(--ast-global-color-5)","background-image":"","background-repeat":"repeat","background-position":"center center","background-size":"auto","background-attachment":"scroll","background-type":"","background-media":"","overlay-type":"","overlay-color":"","overlay-opacity":"","overlay-gradient":""},"tablet":{"background-color":"var(--ast-global-color-5)","background-image":"","background-repeat":"repeat","background-position":"center center","background-size":"auto","background-attachment":"scroll","background-type":"","background-media":"","overlay-type":"","overlay-color":"","overlay-opacity":"","overlay-gradient":""},"mobile":{"background-color":"var(--ast-global-color-5)","background-image":"","background-repeat":"repeat","background-position":"center center","background-size":"auto","background-attachment":"scroll","background-type":"","background-media":"","overlay-type":"","overlay-color":"","overlay-opacity":"","overlay-gradient":""}},"footnotes":""},"class_list":["post-3994","page","type-page","status-publish","hentry"],"acf":[],"aioseo_notices":[],"_links":{"self":[{"href":"https:\/\/www.vanderwallimmigration.com\/es\/wp-json\/wp\/v2\/pages\/3994","targetHints":{"allow":["GET"]}}],"collection":[{"href":"https:\/\/www.vanderwallimmigration.com\/es\/wp-json\/wp\/v2\/pages"}],"about":[{"href":"https:\/\/www.vanderwallimmigration.com\/es\/wp-json\/wp\/v2\/types\/page"}],"author":[{"embeddable":true,"href":"https:\/\/www.vanderwallimmigration.com\/es\/wp-json\/wp\/v2\/users\/4"}],"replies":[{"embeddable":true,"href":"https:\/\/www.vanderwallimmigration.com\/es\/wp-json\/wp\/v2\/comments?post=3994"}],"version-history":[{"count":0,"href":"https:\/\/www.vanderwallimmigration.com\/es\/wp-json\/wp\/v2\/pages\/3994\/revisions"}],"up":[{"embeddable":true,"href":"https:\/\/www.vanderwallimmigration.com\/es\/wp-json\/wp\/v2\/pages\/3996"}],"wp:attachment":[{"href":"https:\/\/www.vanderwallimmigration.com\/es\/wp-json\/wp\/v2\/media?parent=3994"}],"curies":[{"name":"wp","href":"https:\/\/api.w.org\/{rel}","templated":true}]}}