{"id":3993,"date":"2024-10-24T00:54:31","date_gmt":"2024-10-24T00:54:31","guid":{"rendered":"https:\/\/www.vanderwallimmigration.com\/salem-adjustment-of-status-lawyer\/"},"modified":"2026-04-15T22:59:48","modified_gmt":"2026-04-15T22:59:48","slug":"abogado-de-ajuste-de-estatus-de-salem","status":"publish","type":"page","link":"https:\/\/www.vanderwallimmigration.com\/es\/ubicaciones\/abogado-de-inmigracion-de-salem\/abogado-de-ajuste-de-estatus-de-salem\/","title":{"rendered":"Abogado de Ajuste de Estatus en Salem"},"content":{"rendered":"<h1>Ajuste de estatus en Salem<\/h1> \t<p>Abogado<\/p> \t\t\t<a href=\"https:\/\/www.vanderwallimmigration.com\/es\/programar-una-cita\/\" title=\"Programar Una Cita\" target=\"_self\"   role=\"button\" aria-label=\"Programar Una Cita\"> \t\t\t\t\t\t\tProgramar Una Cita \t\t<\/a> \t\t\t<h2>\u00bfSue\u00f1as con la Tarjeta Verde? Nuestro abogado de ajuste de estatus de Salem puede hacer realidad ese sue\u00f1o <\/h2>\t\t\t \t<p>La tarjeta verde abre un mundo de posibilidades a los ciudadanos extranjeros. El ajuste de estatus es el proceso que los extranjeros que se encuentran actualmente en Estados Unidos pueden utilizar para convertirse en residentes permanentes legales.<a href=\"https:\/\/www.vanderwallimmigration.com\/es\/\"> Vanderwall Immigration<\/a> se complace en ofrecer servicios jur\u00eddicos a la comunidad inmigrante de Salem. Nuestro equipo jur\u00eddico destaca en la b\u00fasqueda de soluciones a tus necesidades, y podemos reunirnos para una consulta introductoria a fin de comprender mejor tus objetivos. La tarjeta verde est\u00e1 a tu alcance si contratas al equipo jur\u00eddico adecuado, pero el proceso no es f\u00e1cil. Ponte en contacto con nosotros hoy mismo para que podamos empezar.    <\/p> <h3> \t\t\t\u00bfCumples los requisitos de elegibilidad?\t<\/h3> \t<p>En el mundo ideal, todas las personas presentes en Estados Unidos podr\u00edan solicitar el ajuste de su situaci\u00f3n y convertirse en titulares de una tarjeta verde. Sin embargo, \u00e9se no es el mundo en el que vivimos ahora. En su lugar, Estados Unidos limita qui\u00e9n puede solicitar la tarjeta verde estando f\u00edsicamente presente en EE.UU. Generalmente, tendr\u00e1s que cumplir los siguientes requisitos:  <\/p> <ol> <li>Est\u00e1s f\u00edsicamente presente en EE.UU. Si est\u00e1s fuera del pa\u00eds, posiblemente debas recurrir a la tramitaci\u00f3n consular en tu pa\u00eds.<\/li> <li>Has entrado legalmente en EE.UU. Una entrada ilegal puede hacer que no cumplas los requisitos para obtener la tarjeta verde.<\/li> <li>Cumples los requisitos en una categor\u00eda de elegibilidad:<\/li> <\/ol> <ul> <li>Empleo<\/li> <li>Familia<\/li> <li>Asilado o refugiado<\/li> <li>Inmigrante especial<\/li> <li>V\u00edctimas de malos tratos<\/li> <li>V\u00edctimas de trata de seres humanos o de delitos<\/li> <li>Otros<\/li> <li>Registro<\/li> <\/ul> <ol start=\"4\"> <li>No hay impedimentos legales que te impidan cambiar de estatus. Algunos impedimentos son no haber cumplido el periodo de espera exigido o haber trabajado sin autorizaci\u00f3n en EE.UU. <\/li> <\/ol> <p>Llama a Vanderwall Inmigraci\u00f3n. Podemos revisar si cumples los criterios expuestos y, si hay problemas, estudiar si hay alguna soluci\u00f3n. <\/p> <h3> \t\t\t\u00bfC\u00f3mo se solicita la adaptaci\u00f3n de estatus?\t<\/h3> \t<p>El proceso puede variar ligeramente de una persona a otra. Pero en este apartado te ofrecemos un esquema general. Empieza por comprobar primero tu elegibilidad con un abogado. El ajuste de estatus es un proceso largo, y debes ver si eres elegible antes de empezar. Adem\u00e1s, puede haber obst\u00e1culos legales que impidan tu ajuste de estatus, pero podr\u00edamos solicitar una exenci\u00f3n. A continuaci\u00f3n, alguien tiene que patrocinarte presentando una petici\u00f3n. Lo normal es que te patrocine un familiar o un empleador, pero puede que t\u00fa mismo puedas presentar una petici\u00f3n en determinadas situaciones. No pases por alto este paso. No te aprobar\u00e1n a menos que tengas el patrocinio adecuado. Tambi\u00e9n debes comprobar si hay un visado disponible para tu categor\u00eda de elegibilidad. EE.UU. limita el n\u00famero de visados, por lo que te recomendamos que lo compruebes regularmente. Cuando haya un visado disponible, puedes presentar tu<a href=\"https:\/\/www.uscis.gov\/i-485\"> Formulario I-485<\/a> al Servicio de Ciudadan\u00eda e Inmigraci\u00f3n de Estados Unidos (USCIS). Debes incluir toda la documentaci\u00f3n justificativa y asegurarte de que la solicitud se cumplimenta de forma completa y precisa. Incluye tambi\u00e9n la tasa de presentaci\u00f3n. Cuando el USCIS reciba tu Formulario I-485, programar\u00e1 una cita biom\u00e9trica para que des tus huellas dactilares y otros datos que confirmen tu identidad. No debes faltar a esta cita. Por \u00faltimo, es posible que tengas que reunirte para una entrevista con el USCIS. Las entrevistas no siempre son necesarias, pero puede que la agencia quiera volver a comprobar informaci\u00f3n o profundizar en algo. Recuerda hablar con un abogado para preparar la entrevista, porque es fundamental. El USCIS tarda entre 8 y 14 meses en decidir si aprueba una solicitud completa. Deben explicar los motivos de cualquier denegaci\u00f3n. Normalmente, no puedes recurrir una decisi\u00f3n desfavorable. <\/p> <h3> \t\t\tDocumentos e informaci\u00f3n para un ajuste de estatus\t<\/h3> \t<p>El formulario I-485 pide una cantidad considerable de informaci\u00f3n. Trabaja con nuestro equipo para reunirla con antelaci\u00f3n. Algunos datos son  <\/p> <ul> <li>Tu nombre, pa\u00eds de nacimiento y otros datos personales.<\/li> <li>La categor\u00eda de elegibilidad, como basada en la familia, el empleo u otra.<\/li> <li>El historial laboral del solicitante, incluyendo informaci\u00f3n sobre cada empleador.<\/li> <li>Informaci\u00f3n sobre los padres, c\u00f3nyuge e hijos del solicitante (cuando proceda).<\/li> <li>Tu etnia, raza, altura, peso y otros datos personales.<\/li> <li>Tus antecedentes penales completos, incluidas las detenciones y procesamientos.<\/li> <li>Cualquier infracci\u00f3n en materia de inmigraci\u00f3n, incluidas las entradas ilegales en Estados Unidos.<\/li> <li>Datos financieros, incluidos ingresos y activos.<\/li> <li>Tu historial educativo, incluidos t\u00edtulos, certificados, licencias y otras credenciales educativas.<\/li> <\/ul> <p>Esta informaci\u00f3n es s\u00f3lo una parte de lo que tienes que proporcionar. Mucha gente no tiene esta informaci\u00f3n al alcance de la mano, as\u00ed que empieza pronto a buscar los documentos necesarios, como certificados de nacimiento y expedientes acad\u00e9micos completos. La honradez tambi\u00e9n es importante. Si falseas u omites algo -como una infracci\u00f3n penal-, hundir\u00e1s tus posibilidades de obtener la tarjeta verde. Incluso podr\u00edas enfrentarte a cargos de fraude de inmigraci\u00f3n. <\/p> <h3> \t\t\tResponder a un rechazo\t<\/h3> \t<p>El ajuste de estatus es discrecional, por lo que no es sorprendente que el USCIS rechace a muchos solicitantes. El USCIS debe explicar detalladamente las razones por las que ha denegado tu solicitud. Seg\u00fan nuestra experiencia, algunas de las m\u00e1s comunes son:  <\/p> <ul> <li>No has cumplido el periodo de espera. Una persona con un visado J debe esperar al menos dos a\u00f1os antes de solicitar el ajuste de estatus. Si te precipitas, el USCIS te rechazar\u00e1.  <\/li> <li>No puedes demostrar que puedes mantenerte econ\u00f3micamente. El USCIS no quiere conceder la tarjeta verde a alguien que acabe recibiendo asistencia p\u00fablica. Por eso, tienes que demostrar que puedes mantenerte a ti mismo o que un familiar tiene recursos para hacerlo.  <\/li> <li>No re\u00fanes los requisitos. Por ejemplo, una prohibici\u00f3n legal puede impedirte ajustar tu estatus, o entraste ilegalmente en el pa\u00eds y ese hecho sale a la luz durante el proceso de solicitud. <\/li> <li>Cometiste fraude o hiciste declaraciones falsas. Se trata de acusaciones graves, y una raz\u00f3n fundamental para trabajar con un abogado al rellenar una solicitud. <\/li> <\/ul> <p>Tienes algunas opciones tras una denegaci\u00f3n. Por desgracia, s\u00f3lo tienes un derecho limitado a recurrir. Pero puedes presentar una moci\u00f3n de reapertura o reconsideraci\u00f3n. Deja que Vanderwall Inmigraci\u00f3n te ayude a determinar el mejor paso a dar. Aunque no nos hayas contratado para completar tu petici\u00f3n, podemos asesorarte sobre c\u00f3mo responder a una denegaci\u00f3n.    <\/p> <h3> \t\t\tEn Vanderwall Immigration nuestros abogados especializados en ajuste de estatus pueden ayudarte\t<\/h3> \t<p>El proceso de ajuste de estatus es desalentador. Los extranjeros y sus familias necesitan una orientaci\u00f3n firme y segura para tener la mejor oportunidad de obtener la tarjeta verde. Llama a nuestro bufete. Un abogado de ajuste de estatus en Salem presta muchos servicios valiosos a nuestros clientes:   <\/p> <ul> <li><strong>Revisi\u00f3n proactiva de la elegibilidad:<\/strong> Podemos revisar tu situaci\u00f3n e identificar cualquier impedimento para obtener la tarjeta verde. Por ejemplo, podr\u00edamos solicitar una exenci\u00f3n de una prohibici\u00f3n legal. Es mejor empezar pronto para que no haya retrasos innecesarios.  <\/li> <li><strong>Busca documentos e informaci\u00f3n:<\/strong> La solicitud requiere una cantidad considerable de informaci\u00f3n. Podemos localizar partidas de nacimiento u otros documentos a los que quiz\u00e1 no tengas f\u00e1cil acceso, ya que vives en EE.UU. <\/li> <li><strong>Completa tu solicitud:<\/strong> Quieres que tu Formulario I-485 est\u00e9 completo y sea preciso. Deja que lo rellenemos por ti y lo enviemos al departamento correcto. Comprobaremos todo dos veces, porque las omisiones pueden dar lugar a denegaciones.  <\/li> <li><strong>Preparaci\u00f3n de la entrevista:<\/strong> Cuando el USCIS solicita una entrevista, normalmente tiene preguntas sobre algo de tu solicitud. Por ejemplo, pueden sospechar que contrajiste un matrimonio ficticio para obtener beneficios de inmigraci\u00f3n, o est\u00e1n confusos sobre tus antecedentes penales. Repasemos c\u00f3mo abordar tu entrevista.  <\/li> <\/ul> <p>Llama a Vanderwall Inmigraci\u00f3n en cuanto puedas. No importa en qu\u00e9 punto del proceso te encuentres, podemos intervenir y ayudarte. <\/p> <h3> \t\t\tConsigue la ayuda legal que necesitas para tu ajuste de estatus\t<\/h3> \t<p>La tarjeta verde podr\u00eda estar al alcance de tu mano. Trabaja con un abogado experto en inmigraci\u00f3n para identificar y abordar cualquier problema. Es una oportunidad maravillosa, y nuestro bufete est\u00e1 encantado de ayudarte. Vanderwall Immigration tiene los conocimientos que necesitas para solicitar un ajuste de estatus. Ponte en contacto con nosotros para concertar una cita.    <\/p> \t<h5> \t\t\t\tPrograme su consulta de inmigraci\u00f3n con un abogado de inmigraci\u00f3n \t\t\t<\/h5> <figure itemscope itemtype=\"https:\/\/schema.org\/ImageObject\"> \t\t\t\t<img decoding=\"async\" src=\"https:\/\/www.vanderwallimmigration.com\/wp-content\/uploads\/2025\/09\/2025-footer-banner-awards-layout.png\" alt=\"2025-footer-banner-awards-layout\" height=\"420\" width=\"600\" title=\"2025-footer-banner-awards-layout\" onerror=\"this.style.display='none'\" loading=\"lazy\" \/> \t<\/figure> \t<h5> \t\t\t\tsalga de las sombras. \t\t\t<\/h5> \t<h5> \t\t\t\tLl\u00e1menos hoy al \t\t\t<\/h5> \t\t\t<p><a href=\"tel:+15032068414\">+1 503-206-8414<\/a><\/p>\t \t\t\t<a href=\"https:\/\/www.vanderwallimmigration.com\/schedule-appointment\/\" title=\"Programar una cita\" target=\"_self\"   role=\"button\" aria-label=\"Programar una cita\"> \t\t\t\t\t\t\tProgramar una cita \t\t<\/a>","protected":false},"excerpt":{"rendered":"<p>Ajuste de estatus en Salem Abogado Programar Una Cita \u00bfSue\u00f1as con la Tarjeta Verde? Nuestro abogado de ajuste de estatus de Salem puede hacer realidad ese sue\u00f1o La tarjeta verde abre un mundo de posibilidades a los ciudadanos extranjeros. El ajuste de estatus es el proceso que los extranjeros que se encuentran actualmente en Estados [&hellip;]<\/p>\n","protected":false},"author":1,"featured_media":0,"parent":3995,"menu_order":0,"comment_status":"closed","ping_status":"open","template":"","meta":{"_acf_changed":false,"site-sidebar-layout":"no-sidebar","site-content-layout":"page-builder","ast-site-content-layout":"full-width-container","site-content-style":"unboxed","site-sidebar-style":"unboxed","ast-global-header-display":"","ast-banner-title-visibility":"","ast-main-header-display":"","ast-hfb-above-header-display":"","ast-hfb-below-header-display":"","ast-hfb-mobile-header-display":"","site-post-title":"disabled","ast-breadcrumbs-content":"","ast-featured-img":"disabled","footer-sml-layout":"","ast-disable-related-posts":"","theme-transparent-header-meta":"enabled","adv-header-id-meta":"","stick-header-meta":"","header-above-stick-meta":"","header-main-stick-meta":"","header-below-stick-meta":"","astra-migrate-meta-layouts":"set","ast-page-background-enabled":"default","ast-page-background-meta":{"desktop":{"background-color":"","background-image":"","background-repeat":"repeat","background-position":"center center","background-size":"auto","background-attachment":"scroll","background-type":"","background-media":"","overlay-type":"","overlay-color":"","overlay-opacity":"","overlay-gradient":""},"tablet":{"background-color":"","background-image":"","background-repeat":"repeat","background-position":"center center","background-size":"auto","background-attachment":"scroll","background-type":"","background-media":"","overlay-type":"","overlay-color":"","overlay-opacity":"","overlay-gradient":""},"mobile":{"background-color":"","background-image":"","background-repeat":"repeat","background-position":"center center","background-size":"auto","background-attachment":"scroll","background-type":"","background-media":"","overlay-type":"","overlay-color":"","overlay-opacity":"","overlay-gradient":""}},"ast-content-background-meta":{"desktop":{"background-color":"var(--ast-global-color-5)","background-image":"","background-repeat":"repeat","background-position":"center center","background-size":"auto","background-attachment":"scroll","background-type":"","background-media":"","overlay-type":"","overlay-color":"","overlay-opacity":"","overlay-gradient":""},"tablet":{"background-color":"var(--ast-global-color-5)","background-image":"","background-repeat":"repeat","background-position":"center center","background-size":"auto","background-attachment":"scroll","background-type":"","background-media":"","overlay-type":"","overlay-color":"","overlay-opacity":"","overlay-gradient":""},"mobile":{"background-color":"var(--ast-global-color-5)","background-image":"","background-repeat":"repeat","background-position":"center center","background-size":"auto","background-attachment":"scroll","background-type":"","background-media":"","overlay-type":"","overlay-color":"","overlay-opacity":"","overlay-gradient":""}},"footnotes":""},"class_list":["post-3993","page","type-page","status-publish","hentry"],"acf":[],"aioseo_notices":[],"_links":{"self":[{"href":"https:\/\/www.vanderwallimmigration.com\/es\/wp-json\/wp\/v2\/pages\/3993","targetHints":{"allow":["GET"]}}],"collection":[{"href":"https:\/\/www.vanderwallimmigration.com\/es\/wp-json\/wp\/v2\/pages"}],"about":[{"href":"https:\/\/www.vanderwallimmigration.com\/es\/wp-json\/wp\/v2\/types\/page"}],"author":[{"embeddable":true,"href":"https:\/\/www.vanderwallimmigration.com\/es\/wp-json\/wp\/v2\/users\/1"}],"replies":[{"embeddable":true,"href":"https:\/\/www.vanderwallimmigration.com\/es\/wp-json\/wp\/v2\/comments?post=3993"}],"version-history":[{"count":0,"href":"https:\/\/www.vanderwallimmigration.com\/es\/wp-json\/wp\/v2\/pages\/3993\/revisions"}],"up":[{"embeddable":true,"href":"https:\/\/www.vanderwallimmigration.com\/es\/wp-json\/wp\/v2\/pages\/3995"}],"wp:attachment":[{"href":"https:\/\/www.vanderwallimmigration.com\/es\/wp-json\/wp\/v2\/media?parent=3993"}],"curies":[{"name":"wp","href":"https:\/\/api.w.org\/{rel}","templated":true}]}}