{"id":3990,"date":"2024-10-24T01:05:47","date_gmt":"2024-10-24T01:05:47","guid":{"rendered":"https:\/\/www.vanderwallimmigration.com\/salem-fiancee-visas\/"},"modified":"2026-04-15T23:00:01","modified_gmt":"2026-04-15T23:00:01","slug":"abogado-de-visas-para-prometidoa-de-salem","status":"publish","type":"page","link":"https:\/\/www.vanderwallimmigration.com\/es\/ubicaciones\/abogado-de-inmigracion-de-salem\/abogado-de-visas-para-prometidoa-de-salem\/","title":{"rendered":"Abogado de Salem para visados de prometido(a)"},"content":{"rendered":"<h1>Visados para prometidos de Salem<\/h1> \t<p>Abogados<\/p> \t\t\t<a href=\"https:\/\/www.vanderwallimmigration.com\/es\/programar-una-cita\/\" title=\"Programar Una Cita\" target=\"_self\"   role=\"button\" aria-label=\"Programar Una Cita\"> \t\t\t\t\t\t\tProgramar Una Cita \t\t<\/a> \t\t\t<h2>Bienvenido a Vanderwall Immigration &#8211; Tu bufete de inmigraci\u00f3n de confianza en Salem<\/h2>\t\t\t \t<p>El amor no conoce fronteras, y en Vanderwall Immigration creemos en la uni\u00f3n de las familias. Nos especializamos en derecho de inmigraci\u00f3n, con especial atenci\u00f3n a ayudar a las personas a navegar por el complejo mundo de la inmigraci\u00f3n y obtener la documentaci\u00f3n legal necesaria. Con sede en Salem, Oreg\u00f3n, nuestro equipo se dedica a prestar servicios de primera categor\u00eda a clientes que buscan soluciones de inmigraci\u00f3n.  <\/p> <h3> \t\t\tLlevar el amor m\u00e1s all\u00e1 de las fronteras\t<\/h3> \t<p>\u00bfPlaneas casarte con tu pareja de nacionalidad extranjera y traerla a Estados Unidos? El gobierno estadounidense ofrece una soluci\u00f3n: el visado K-1 para prometido(a). Como ciudadano estadounidense, puedes solicitar un visado K-1 para tu prometido o prometida, que le permita reunirse contigo en EE.UU. El proceso puede durar mucho m\u00e1s de 90 d\u00edas para obtener el visado k1.   <\/p> <h3> \t\t\tContacta con Vanderwall Immigration para obtener orientaci\u00f3n experta sobre los visados K-1\t<\/h3> \t<p>Si est\u00e1s interesado en obtener un visado K-1, te invitamos a ponerte en contacto con Vanderwall Immigration. Nuestro equipo de expertos est\u00e1 preparado para responder a tus preguntas y ayudarte a recopilar la documentaci\u00f3n necesaria. Conocemos las complejidades del proceso de inmigraci\u00f3n y podemos ofrecerte la experiencia necesaria para agilizar tu viaje.  <\/p> <h3> \t\t\tAspectos b\u00e1sicos del visado K-1: Ayudar a florecer el amor\t<\/h3> \t<p>El visado K-1 es un visado de no inmigrante que permite a un ciudadano estadounidense traer a su prometido(a) extranjero(a) a Estados Unidos con fines de matrimonio. Este visado est\u00e1 disponible exclusivamente para ciudadanos estadounidenses y no puede ser utilizado por residentes legales permanentes. Una vez casado, el c\u00f3nyuge extranjero puede solicitar la tarjeta verde ajustando su estatus de inmigrante. Es importante se\u00f1alar que el visado K-1 est\u00e1 abierto tanto a parejas del mismo sexo como a parejas de distinto sexo. Si tienes alguna duda sobre esta categor\u00eda de visado, consulta a nuestro abogado especializado en visados de prometido(a) de Salem.    <\/p> <h3> \t\t\tRequisitos para un visado K-1: Garantizar la elegibilidad\t<\/h3> \t<p>Para solicitar un visado K-1, debes cumplir los siguientes requisitos:<\/p> <ul> <li>Eres ciudadano estadounidense.<\/li> <li>Tienes intenci\u00f3n de casarte con tu(s) prometido(s) en los 90 d\u00edas siguientes a su llegada a Estados Unidos.<\/li> <li>Eres legalmente libre para casarte, habiendo terminado todos los matrimonios anteriores en divorcio, anulaci\u00f3n o muerte.<\/li> <li>Has conocido a tu(s) prometido(s) en persona en los \u00faltimos dos a\u00f1os, a menos que contravenga sus costumbres o pr\u00e1cticas sociales o hubiera sido extremadamente dif\u00edcil conocerlo(s).<\/li> <\/ul> <h3> \t\t\tAqu\u00ed tienes un resumen paso a paso del proceso de solicitud del visado K-1:\t<\/h3> \t<ol> <li>El ciudadano estadounidense presenta el formulario I-129F, Petici\u00f3n de prometido(a) extranjero(a), al Servicio de Ciudadan\u00eda e Inmigraci\u00f3n de EE.UU. (USCIS).<\/li> <li>USCIS revisa la petici\u00f3n y puede solicitar informaci\u00f3n adicional o documentaci\u00f3n acreditativa.<\/li> <li>El USCIS emite una aprobaci\u00f3n o denegaci\u00f3n. Si se aprueba, la solicitud se remite al Centro Nacional de Visados (NVC) del Departamento de Estado. El NVC recaba de ti pruebas biogr\u00e1ficas y econ\u00f3micas adicionales.  <\/li> <li>El NVC transfiere la solicitud al consulado o embajada donde tu(s) prometido(s) solicitar\u00e1(n) su visado K-1.<\/li> <li>La embajada\/consulado notifica a tu(s) prometido(s) cuando hay un visado disponible y programa una entrevista.<\/li> <li>Tu prometido(a) re\u00fane todos los documentos e informaci\u00f3n solicitados para la entrevista.<\/li> <li>El funcionario consular eval\u00faa la elegibilidad de tu prometido(a) para el visado y aprueba o deniega el visado.<\/li> <li>Si se aprueba, tu(s) prometido(s) puede(n) viajar a EE.UU. y presentar el visado a la Patrulla de Fronteras en un puerto de entrada. Ten en cuenta que el visado no garantiza la entrada; queda a discreci\u00f3n del agente de la CBP admitir a tu(s) prometido(s). <\/li> <li>Una vez admitido, debes casarte legalmente en un plazo de 90 d\u00edas.<\/li> <\/ol> <p>Aunque el proceso pueda parecer sencillo, muchas personas encuentran dificultades para conseguir la aprobaci\u00f3n. Deja que Inmigraci\u00f3n Vanderwall te simplifique el proceso. <\/p> <h3> \t\t\tPreguntas frecuentes sobre el visado K-1\t<\/h3> \t\t\t\t\t\t\t\t\t\t<h4 tabindex=\"0\">\u00bfCu\u00e1nto tiempo se tarda en obtener el visado?<\/h4> \t\t\t\t\t<p>Normalmente, el tiempo de tramitaci\u00f3n puede durar hasta 24 meses, lo que var\u00eda mucho a lo largo de los a\u00f1os, sujeto a posibles retrasos. El USCIS podr\u00eda solicitar documentaci\u00f3n adicional si sospecha que existe una relaci\u00f3n fraudulenta. <\/p> \t\t\t\t\t\t\t\t\t\t<h4 tabindex=\"0\">\u00bfQu\u00e9 pasa si deniegan mi solicitud de visado?<\/h4> \t\t\t\t\t<p>Si recibes una denegaci\u00f3n, es esencial que busques la orientaci\u00f3n de un abogado especializado en visados de prometido de Salem en Vanderwall Immigration. Podemos revisar los motivos de la denegaci\u00f3n y ayudarte a determinar los siguientes pasos adecuados. <\/p> \t\t\t\t\t\t\t\t\t\t<h4 tabindex=\"0\">\u00bfDurante cu\u00e1nto tiempo es v\u00e1lido el visado?<\/h4> \t\t\t\t\t<p>El visado K-1 es v\u00e1lido durante 6 meses y permite una sola entrada en EE.UU. Tras la entrada, debes casarte con tu prometido(a) en un plazo de 90 d\u00edas.<\/p> \t\t\t\t\t\t\t\t\t\t<h4 tabindex=\"0\">\u00bfQu\u00e9 pasa si no nos casamos en 90 d\u00edas?<\/h4> \t\t\t\t\t<p>En tales casos, tu(s) prometido(s) debe(n) abandonar el pa\u00eds. Es crucial recordar que el visado K-1 es un visado de no inmigrante, y sobrepasar su validez puede dar lugar a presencia ilegal, lo que puede complicar futuros procesos de inmigraci\u00f3n. <\/p> \t\t\t\t\t\t\t\t\t\t<h4 tabindex=\"0\">\u00bfPodemos entrar en EE.UU. con un visado de turista y casarnos?<\/h4> <p>No es aconsejable utilizar un visado de turista para entrar en EE.UU. con la intenci\u00f3n de casarse. Podr\u00eda plantear dificultades para obtener posteriormente la residencia legal permanente o la ciudadan\u00eda estadounidense. El visado K-1 est\u00e1 dise\u00f1ado espec\u00edficamente para parejas que planean casarse durante su estancia en Estados Unidos.  <\/p> \t\t\t\t\t\t\t\t\t\t<h4 tabindex=\"0\">\u00bfPueden venir tambi\u00e9n a EE.UU. los hijos de mi prometido?<\/h4> \t\t\t\t\t<p>S\u00ed, en determinadas circunstancias, los hijos de tu prometido pueden venir a EE.UU. con un visado K-2. Incluye sus nombres en tu petici\u00f3n I-129F. Para tener derecho, los hijos deben ser solteros y menores de 21 a\u00f1os. Una vez que lleguen y despu\u00e9s de vuestro matrimonio, pueden ajustar su estatus migratorio y solicitar la tarjeta verde.   <\/p> \t\t\t\t\t\t\t\t\t\t<h4 tabindex=\"0\">\u00bfPodemos casarnos en el pa\u00eds de mi prometido?<\/h4> \t\t\t\t\t<p>S\u00ed, es una opci\u00f3n. Sin embargo, tendr\u00edas que solicitar un visado conyugal. Vanderwall Inmigraci\u00f3n tambi\u00e9n tiene mucha experiencia con visados para c\u00f3nyuges. Vanderwall Immigration tambi\u00e9n puede ayudarte con ese proceso.   <\/p> \t\t\t\t\t\t\t\t\t\t<h4 tabindex=\"0\">\u00bfPodemos ir de luna de miel fuera de EE.UU. despu\u00e9s de casarnos?<\/h4> \t\t\t\t\t<p>Hasta que obtengan un permiso de viaje o su tarjeta verde. Esto puede llevar varios meses. Planifica tu luna de miel dentro de EE.UU. o considera la posibilidad de retrasar los viajes hasta etapas posteriores del proceso de inmigraci\u00f3n.  <\/p> <h3> \t\t\tAjustar el estatus con un visado K-1 de prometido: El siguiente paso\t<\/h3> \t<p>Una vez admitido en EE.UU. y casado, tu prometido (ahora c\u00f3nyuge) puede iniciar el proceso de ajuste de su estatus migratorio. Esto implica presentar el formulario I-485, Solicitud de registro de residencia permanente o ajuste de estatus, ante el USCIS. Tras la revisi\u00f3n, tu c\u00f3nyuge recibir\u00e1 el estatus de residente permanente condicional y una tarjeta verde v\u00e1lida durante dos a\u00f1os. Para eliminar las condiciones de su residencia, puede presentar el Formulario I-751, Petici\u00f3n para eliminar las condiciones de residencia. Tanto t\u00fa como tu c\u00f3nyuge ser\u00e9is entrevistados como parte de este proceso.    <\/p> <h3> \t\t\tObtener un permiso de trabajo para tu prometido\/a\t<\/h3> \t<p>Un extranjero admitido con un visado de no inmigrante K-1 puede solicitar la autorizaci\u00f3n de empleo inmediatamente. Presentando el formulario I-765, Solicitud de autorizaci\u00f3n de empleo, tu c\u00f3nyuge puede obtener un permiso de trabajo v\u00e1lido durante 90 d\u00edas tras su admisi\u00f3n. Tu c\u00f3nyuge tambi\u00e9n puede solicitar un permiso de trabajo como parte del proceso de solicitud de la tarjeta verde. Tambi\u00e9n pueden solicitar pr\u00f3rrogas en incrementos de un a\u00f1o. Nuestros experimentados abogados proporcionar\u00e1n orientaci\u00f3n detallada sobre la autorizaci\u00f3n de trabajo, una consideraci\u00f3n importante para muchos clientes.    <\/p> <h3> \t\t\tC\u00f3mo puede ayudarte Vanderwall Immigration\t<\/h3> \t<p>En Vanderwall Immigration, comprendemos la importancia de completar todos los pasos necesarios con precisi\u00f3n y eficacia. Nuestro equipo especializado puede ofrecerte asistencia completa en los siguientes aspectos: <\/p> <ul> <li>Evaluar si el visado K-1 es la opci\u00f3n adecuada para tu situaci\u00f3n.<\/li> <li>Evaluar la elegibilidad de los hijos de tu prometido para un visado K-2.<\/li> <li>Ayudar en la preparaci\u00f3n y presentaci\u00f3n de la documentaci\u00f3n, garantizando su exactitud e integridad.<\/li> <li>Guiar a tu(s) prometido(s) a trav\u00e9s del proceso de entrevista consular, prepar\u00e1ndoles para las posibles preguntas.<\/li> <li>Ayuda para ajustar el estatus, eliminar condiciones y solicitar autorizaci\u00f3n de trabajo una vez que tu c\u00f3nyuge est\u00e9 en EE.UU.<\/li> <li>Abordar cualquier pregunta o duda que tengas sobre el visado K-1 o el ajuste de estatus.<\/li> <li>Proporcionar apoyo para responder a las acusaciones de fraude matrimonial o de visado.<\/li> <\/ul> <h3> \t\t\tContacta con nuestro abogado de Salem especializado en visados de prometido para una consulta\t<\/h3> \t<p>El USCIS trata el fraude matrimonial con seriedad, lo que subraya la importancia de trabajar con un abogado de inmigraci\u00f3n con experiencia cuando se busca un visado K-1. En Vanderwall Immigration, poseemos amplia experiencia en diversas categor\u00edas de inmigraci\u00f3n, incluidos los visados de prometido(a). Si tienes preguntas o est\u00e1s deseando iniciar el proceso de petici\u00f3n, ll\u00e1manos hoy mismo. Ofrecemos <a href=\"https:\/\/www.vanderwallimmigration.com\/es\/contactenos\/\">consultas confidenciales<\/a> a quienes las necesiten.   <\/p> \t<h5> \t\t\t\tPrograme su consulta de inmigraci\u00f3n con un abogado de inmigraci\u00f3n \t\t\t<\/h5> <figure itemscope itemtype=\"https:\/\/schema.org\/ImageObject\"> \t\t\t\t<img decoding=\"async\" src=\"https:\/\/www.vanderwallimmigration.com\/wp-content\/uploads\/2025\/09\/2025-footer-banner-awards-layout.png\" alt=\"2025-footer-banner-awards-layout\" height=\"420\" width=\"600\" title=\"2025-footer-banner-awards-layout\" onerror=\"this.style.display='none'\" loading=\"lazy\" \/> \t<\/figure> \t<h5> \t\t\t\tsalga de las sombras. \t\t\t<\/h5> \t<h5> \t\t\t\tLl\u00e1menos hoy al \t\t\t<\/h5> \t\t\t<p><a href=\"tel:+15032068414\">+1 503-206-8414<\/a><\/p>\t \t\t\t<a href=\"https:\/\/www.vanderwallimmigration.com\/schedule-appointment\/\" title=\"Programar una cita\" target=\"_self\"   role=\"button\" aria-label=\"Programar una cita\"> \t\t\t\t\t\t\tProgramar una cita \t\t<\/a>","protected":false},"excerpt":{"rendered":"<p>Visados para prometidos de Salem Abogados Programar Una Cita Bienvenido a Vanderwall Immigration &#8211; Tu bufete de inmigraci\u00f3n de confianza en Salem El amor no conoce fronteras, y en Vanderwall Immigration creemos en la uni\u00f3n de las familias. Nos especializamos en derecho de inmigraci\u00f3n, con especial atenci\u00f3n a ayudar a las personas a navegar por [&hellip;]<\/p>\n","protected":false},"author":4,"featured_media":0,"parent":3995,"menu_order":0,"comment_status":"closed","ping_status":"open","template":"","meta":{"_acf_changed":false,"site-sidebar-layout":"no-sidebar","site-content-layout":"page-builder","ast-site-content-layout":"full-width-container","site-content-style":"unboxed","site-sidebar-style":"unboxed","ast-global-header-display":"","ast-banner-title-visibility":"","ast-main-header-display":"","ast-hfb-above-header-display":"","ast-hfb-below-header-display":"","ast-hfb-mobile-header-display":"","site-post-title":"disabled","ast-breadcrumbs-content":"","ast-featured-img":"disabled","footer-sml-layout":"","ast-disable-related-posts":"","theme-transparent-header-meta":"enabled","adv-header-id-meta":"","stick-header-meta":"","header-above-stick-meta":"","header-main-stick-meta":"","header-below-stick-meta":"","astra-migrate-meta-layouts":"set","ast-page-background-enabled":"default","ast-page-background-meta":{"desktop":{"background-color":"","background-image":"","background-repeat":"repeat","background-position":"center center","background-size":"auto","background-attachment":"scroll","background-type":"","background-media":"","overlay-type":"","overlay-color":"","overlay-opacity":"","overlay-gradient":""},"tablet":{"background-color":"","background-image":"","background-repeat":"repeat","background-position":"center center","background-size":"auto","background-attachment":"scroll","background-type":"","background-media":"","overlay-type":"","overlay-color":"","overlay-opacity":"","overlay-gradient":""},"mobile":{"background-color":"","background-image":"","background-repeat":"repeat","background-position":"center center","background-size":"auto","background-attachment":"scroll","background-type":"","background-media":"","overlay-type":"","overlay-color":"","overlay-opacity":"","overlay-gradient":""}},"ast-content-background-meta":{"desktop":{"background-color":"var(--ast-global-color-5)","background-image":"","background-repeat":"repeat","background-position":"center center","background-size":"auto","background-attachment":"scroll","background-type":"","background-media":"","overlay-type":"","overlay-color":"","overlay-opacity":"","overlay-gradient":""},"tablet":{"background-color":"var(--ast-global-color-5)","background-image":"","background-repeat":"repeat","background-position":"center center","background-size":"auto","background-attachment":"scroll","background-type":"","background-media":"","overlay-type":"","overlay-color":"","overlay-opacity":"","overlay-gradient":""},"mobile":{"background-color":"var(--ast-global-color-5)","background-image":"","background-repeat":"repeat","background-position":"center center","background-size":"auto","background-attachment":"scroll","background-type":"","background-media":"","overlay-type":"","overlay-color":"","overlay-opacity":"","overlay-gradient":""}},"footnotes":""},"class_list":["post-3990","page","type-page","status-publish","hentry"],"acf":[],"aioseo_notices":[],"_links":{"self":[{"href":"https:\/\/www.vanderwallimmigration.com\/es\/wp-json\/wp\/v2\/pages\/3990","targetHints":{"allow":["GET"]}}],"collection":[{"href":"https:\/\/www.vanderwallimmigration.com\/es\/wp-json\/wp\/v2\/pages"}],"about":[{"href":"https:\/\/www.vanderwallimmigration.com\/es\/wp-json\/wp\/v2\/types\/page"}],"author":[{"embeddable":true,"href":"https:\/\/www.vanderwallimmigration.com\/es\/wp-json\/wp\/v2\/users\/4"}],"replies":[{"embeddable":true,"href":"https:\/\/www.vanderwallimmigration.com\/es\/wp-json\/wp\/v2\/comments?post=3990"}],"version-history":[{"count":0,"href":"https:\/\/www.vanderwallimmigration.com\/es\/wp-json\/wp\/v2\/pages\/3990\/revisions"}],"up":[{"embeddable":true,"href":"https:\/\/www.vanderwallimmigration.com\/es\/wp-json\/wp\/v2\/pages\/3995"}],"wp:attachment":[{"href":"https:\/\/www.vanderwallimmigration.com\/es\/wp-json\/wp\/v2\/media?parent=3990"}],"curies":[{"name":"wp","href":"https:\/\/api.w.org\/{rel}","templated":true}]}}