{"id":3986,"date":"2024-10-24T01:23:22","date_gmt":"2024-10-24T01:23:22","guid":{"rendered":"https:\/\/www.vanderwallimmigration.com\/beaverton-daca-attorney\/"},"modified":"2025-11-06T01:35:43","modified_gmt":"2025-11-06T01:35:43","slug":"abogados-de-daca-en-beaverton","status":"publish","type":"page","link":"https:\/\/www.vanderwallimmigration.com\/es\/ubicaciones\/abogado-de-inmigracion-de-beaverton\/abogados-de-daca-en-beaverton\/","title":{"rendered":"Abogados DACA Beaverton"},"content":{"rendered":"<h1>Beaverton DACA<\/h1> \t<p>Abogados<\/p> \t\t\t<a href=\"https:\/\/www.vanderwallimmigration.com\/es\/programar-una-cita\/\" title=\"Haz clic aqu\u00ed\" target=\"_self\"   role=\"button\" aria-label=\"Programar Una Cita\"> \t\t\t\t\t\t\tProgramar Una Cita \t\t<\/a> \t\t\t<h2>Abogados DACA de Beaverton ayudan a miembros de la comunidad a evitar la deportaci\u00f3n<\/h2>\t\t\t \t<p>Los inmigrantes indocumentados aportan muchos beneficios a Estados Unidos, y el presidente Obama reconoci\u00f3 este hecho cuando cre\u00f3 el programa de Acci\u00f3n Diferida para los Llegados en la Infancia, denominado DACA. Aunque el programa ofrece protecci\u00f3n legal a muchas personas que llegaron a EE.UU. de ni\u00f1os, aprovecharse de \u00e9l es complicado.<a href=\"https:\/\/www.vanderwallimmigration.com\/es\/\"> Vanderwall Immigration<\/a> se enorgullece de servir a la comunidad inmigrante de Beaverton. Tenemos la experiencia que necesitas para buscar protecci\u00f3n bajo DACA, y ofrecemos una consulta para que puedas discutir cualquier preocupaci\u00f3n que tengas. Ponte en contacto hoy mismo para hablar con un abogado especializado en DACA de nuestro bufete de Beaverton.   <\/p> <h3> \t\t\t\u00bfPor qu\u00e9 DACA?\t<\/h3> \t<p>Seg\u00fan la ley de inmigraci\u00f3n estadounidense, toda persona que se encuentre en el pa\u00eds sin permiso est\u00e1 sujeta a deportaci\u00f3n. Muchos ni\u00f1os fueron tra\u00eddos a Estados Unidos por sus padres, pero han vivido y estudiado aqu\u00ed. No tienen la documentaci\u00f3n adecuada y, por tanto, son vulnerables a la deportaci\u00f3n. Para proporcionar protecci\u00f3n contra la deportaci\u00f3n, el presidente Obama adopt\u00f3 la pol\u00edtica DACA. El Congreso podr\u00eda aprobar leyes para abordar la dif\u00edcil situaci\u00f3n de los llegados en la infancia, pero ha decidido no hacerlo. Por tanto, DACA sigue siendo la mejor opci\u00f3n para los indocumentados que fueron tra\u00eddos a Estados Unidos siendo ni\u00f1os.  <\/p> <h3> \t\t\t\u00bfQu\u00e9 es DACA?\t<\/h3> \t<p><a href=\"https:\/\/www.uscis.gov\/DACA\">La Acci\u00f3n Diferida para los Llegados en la Infancia<\/a> (DACA) es una protecci\u00f3n contra la deportaci\u00f3n. No es un estatus de inmigrante. Esencialmente, si recibes la protecci\u00f3n DACA, el gobierno no te deportar\u00e1. Tambi\u00e9n puedes solicitar permiso para trabajar y estudiar mientras est\u00e9s en EE.UU. DACA es v\u00e1lido durante un periodo de dos a\u00f1os. Durante este tiempo, puedes solicitar un permiso de trabajo y recibir otras prestaciones sin temor a ser deportado. Desde su creaci\u00f3n, casi un mill\u00f3n de personas han recibido la protecci\u00f3n del DACA. El programa sigue siendo fuente de controversia, y la Administraci\u00f3n Trump intent\u00f3 sin \u00e9xito derogarlo. A partir de 2024, DACA seguir\u00e1 existiendo.   <\/p> <h3> \t\t\t\u00bfTienes derecho a DACA?\t<\/h3> \t<p>Como su nombre indica, DACA pretende beneficiar a quienes llegaron a Estados Unidos siendo ni\u00f1os. La mayor\u00eda de los ni\u00f1os siguieron a sus padres a Estados Unidos sin permiso. Por este motivo, estos llegados en la infancia siguen indocumentados aunque en este momento sean adultos. Los Servicios de Ciudadan\u00eda e Inmigraci\u00f3n de Estados Unidos (USCIS) establecieron los siguientes criterios de elegibilidad para cualquier persona que solicite la protecci\u00f3n de la DACA:  <\/p> <ol> <li>Llegaste a Estados Unidos antes de cumplir 16 a\u00f1os.<\/li> <li>Has vivido ininterrumpidamente en Estados Unidos desde el 15 de junio de 2007 hasta la fecha.<\/li> <li>Debes haber estado f\u00edsicamente presente en Estados Unidos el 15 de junio de 2012 y en el momento de presentar tu solicitud.<\/li> <li>No debes tener ning\u00fan delito grave o falta grave en tus antecedentes penales, ni una serie de delitos menores. Ponte en contacto con nuestro bufete para hablar de si tienes antecedentes penales. <\/li> <li>Debes estar actualmente matriculado en la escuela o haberte graduado con un diploma o GED, o debes haber sido licenciado con honores de la Guardia Costera o de las Fuerzas Armadas de EEUU.<\/li> <li>Debes someterte a una verificaci\u00f3n de antecedentes y proporcionar datos biogr\u00e1ficos e informaci\u00f3n al USCIS.<\/li> <\/ol> <p>No son requisitos f\u00e1ciles de cumplir. Muchas personas de la comunidad tienen preguntas sobre DACA. Por ejemplo, puede que no est\u00e9s seguro de haber vivido continuamente dentro de EE.UU. Ponte en contacto con Inmigraci\u00f3n Vanderwall hoy mismo para que podamos investigar los hechos de tu caso.  <\/p> <h3> \t\t\t\u00bfDeber\u00edas solicitar la protecci\u00f3n DACA?\t<\/h3> \t<p>Se trata de una elecci\u00f3n individualizada. Animamos a la gente a que piense en sus alternativas. Por ejemplo, podr\u00edas regresar a tu pa\u00eds \u00abde origen\u00bb y solicitar en su lugar un visado de inmigrante o de no inmigrante. Todo depende de tus objetivos y circunstancias actuales. Recuerda que DACA no es un estatus de inmigraci\u00f3n. Simplemente te protege de la deportaci\u00f3n durante el periodo de dos a\u00f1os, al tiempo que te ofrece la oportunidad de trabajar y estudiar legalmente dentro de Estados Unidos. DACA no te da derecho a ajustar tu estatus para obtener una tarjeta verde. Si \u00e9se es tu objetivo, debes reunirte con un abogado experto en DACA de Beaverton en nuestro bufete de abogados para discutir si incluso debes solicitar la protecci\u00f3n de DACA.   <\/p> <h3> \t\t\tRenovar tu DACA\t<\/h3> \t<p>Los beneficiarios de DACA pueden respirar aliviados, sabiendo que no ser\u00e1n deportados. Sin embargo, como ya se ha mencionado, DACA no es permanente. Tendr\u00e1s que mantener tu estatus para evitar la deportaci\u00f3n, lo que significa que debes renovar DACA a tiempo. USCIS ha establecido un proceso de renovaci\u00f3n para los beneficiarios de DACA. Normalmente, debes presentar tu solicitud de renovaci\u00f3n entre 120 y 145 d\u00edas antes de que expiren tus derechos DACA. Esto da tiempo al USCIS para procesar tu renovaci\u00f3n antes de que expire tu estatus. Una vez que expiren tus derechos DACA, podr\u00edas acabar en un proceso de deportaci\u00f3n.  <\/p> <h3> \t\t\tSolicitar la protecci\u00f3n DACA\t<\/h3> \t<p>Hay muchas piezas en una aplicaci\u00f3n:<\/p> <ul> <li>Formulario I-821D (Consideraci\u00f3n de la Acci\u00f3n Diferida para los Llegados en la Infancia)<\/li> <li>Formulario I-765 (Solicitud de autorizaci\u00f3n de empleo)<\/li> <li>Formulario I-765WS (Hoja de trabajo del formulario I-765)<\/li> <\/ul> <p>Una solicitud cumplimentada tambi\u00e9n incluye pruebas justificativas, como pruebas de tu edad, situaci\u00f3n educativa o militar y presencia en Estados Unidos. Los solicitantes deben colaborar estrechamente con un abogado, si es necesario, para abordar las preguntas\/preocupaciones y revisar si han completado su solicitud en su totalidad. Cualquier error en la solicitud podr\u00eda ser una molestia de corregir. Tampoco querr\u00e1s tergiversar ning\u00fan hecho cr\u00edtico, lo que podr\u00eda dar lugar a una denegaci\u00f3n y a otras repercusiones. Nuestro bufete estar\u00e1 encantado de ayudarte.<\/p> <h3> \t\t\tLuchar contra un despido o una no renovaci\u00f3n\t<\/h3> \t<p>Cada a\u00f1o, miles de personas renuevan con \u00e9xito la DACA. La renovaci\u00f3n es necesaria porque DACA s\u00f3lo proporciona protecci\u00f3n temporal. Quien no renueve podr\u00e1 ser deportado. A algunas personas se les deniega la renovaci\u00f3n. Por ejemplo, es posible que no hayas presentado todos los documentos justificativos requeridos. Debes revisar el aviso de denegaci\u00f3n del USCIS. Podr\u00eda ser posible arreglar los problemas se\u00f1alados y volver a presentarlos. A algunos beneficiarios de DACA se les deniega la renovaci\u00f3n porque salieron de Estados Unidos sin libertad condicional anticipada. Como ya se ha dicho, DACA no es un estatus legal que te permita ir y venir. Toda persona que desee salir de EE.UU. debe presentar el Formulario I-131, Solicitud de Documento de Viaje, junto con la tasa y documentaci\u00f3n requeridas. Ponte en contacto inmediatamente con Vanderwall Immigration si te deniegan la renovaci\u00f3n de DACA. Podemos revisar las opciones legales, que probablemente sean limitadas.  <\/p> <h3> \t\t\tSomos abogados expertos en inmigraci\u00f3n\t<\/h3> \t<p>Vanderwall Immigration ha visto c\u00f3mo DACA transformaba vidas. Muchos de nuestros clientes han conseguido obtener credenciales educativas y formar familias mientras estaban protegidos de la amenaza de deportaci\u00f3n. Si buscas un abogado de inmigraci\u00f3n en Beaverton, no busques m\u00e1s. El equipo jur\u00eddico de Vanderwall Immigration conoce al detalle todas las leyes de inmigraci\u00f3n, que evolucionan continuamente. DACA ha sido objeto de m\u00faltiples ataques pol\u00edticos, pero sigue en pie. Nuestro bufete puede ayudar a cualquiera que busque la protecci\u00f3n de DACA o quiera renovarla. Aportamos a cada caso  <\/p> <ul> <li>Aprecio por la comunicaci\u00f3n clara con la comunidad inmigrante, que te capacita para tomar decisiones sensatas.<\/li> <li>Conocimiento detallado de la ley de inmigraci\u00f3n. Podemos responder a cualquier pregunta que tengas. <\/li> <li>Compasi\u00f3n y capacidad de escuchar. Cada historia de inmigrante es diferente. Queremos entender los problemas espec\u00edficos a los que te enfrentas.  <\/li> <li>Confidencialidad. Estamos \u00e9ticamente obligados a mantener la confidencialidad de nuestros clientes y a no hablar con nadie sin tu permiso. <\/li> <\/ul> <p>Pocos bufetes de Beaverton pueden igualar nuestra experiencia en derecho de inmigraci\u00f3n. Siempre estamos dispuestos a reunirnos con cualquier persona que necesite servicios jur\u00eddicos. <\/p> <h3> \t\t\tConecta con un Abogado DACA de Beaverton en Nuestra Firma\t<\/h3> \t<p>Vanderwall Immigration est\u00e1 en primera l\u00ednea protegiendo a los inmigrantes y a sus familias en Oreg\u00f3n. Si tienes alguna pregunta sobre DACA, o si sabes que necesitas asistencia legal, por favor, ponte en contacto con nosotros. Alguien de nuestra oficina se pondr\u00e1 en contacto contigo para hablar de DACA o de cualquier otro asunto de inmigraci\u00f3n. Podemos ayudarte a solicitarla o a tratar alg\u00fan asunto relacionado con la renovaci\u00f3n de tu estatus.   <\/p> \t<h5> \t\t\t\tPrograme su consulta de inmigraci\u00f3n con un abogado de inmigraci\u00f3n \t\t\t<\/h5> \t\t\t\t<img decoding=\"async\" src=\"https:\/\/www.vanderwallimmigration.com\/wp-content\/uploads\/2024\/10\/logo-duo-img.png\" alt=\"logo-duo-img\" itemprop=\"image\" height=\"230\" width=\"530\" title=\"logo-duo-img\" onerror=\"this.style.display='none'\" loading='lazy' \/> \t<h5> \t\t\t\tsalga de las sombras. \t\t\t<\/h5> \t<h5> \t\t\t\tLl\u00e1menos hoy al \t\t\t<\/h5> \t\t\t<p><a href=\"tel:+15032068414\">+1 503-206-8414<\/a><\/p>\t \t\t\t<a href=\"https:\/\/www.vanderwallimmigration.com\/es\/programar-una-cita\/\" title=\"Haz clic aqu\u00ed\" target=\"_self\"   role=\"button\" aria-label=\"Programar una cita\"> \t\t\t\t\t\t\tProgramar una cita \t\t<\/a>","protected":false},"excerpt":{"rendered":"<p>Beaverton DACA Abogados Programar Una Cita Abogados DACA de Beaverton ayudan a miembros de la comunidad a evitar la deportaci\u00f3n Los inmigrantes indocumentados aportan muchos beneficios a Estados Unidos, y el presidente Obama reconoci\u00f3 este hecho cuando cre\u00f3 el programa de Acci\u00f3n Diferida para los Llegados en la Infancia, denominado DACA. Aunque el programa ofrece [&hellip;]<\/p>\n","protected":false},"author":1,"featured_media":0,"parent":3994,"menu_order":0,"comment_status":"closed","ping_status":"open","template":"","meta":{"_acf_changed":false,"site-sidebar-layout":"no-sidebar","site-content-layout":"page-builder","ast-site-content-layout":"full-width-container","site-content-style":"unboxed","site-sidebar-style":"unboxed","ast-global-header-display":"","ast-banner-title-visibility":"","ast-main-header-display":"","ast-hfb-above-header-display":"","ast-hfb-below-header-display":"","ast-hfb-mobile-header-display":"","site-post-title":"disabled","ast-breadcrumbs-content":"","ast-featured-img":"disabled","footer-sml-layout":"","ast-disable-related-posts":"","theme-transparent-header-meta":"enabled","adv-header-id-meta":"","stick-header-meta":"","header-above-stick-meta":"","header-main-stick-meta":"","header-below-stick-meta":"","astra-migrate-meta-layouts":"set","ast-page-background-enabled":"default","ast-page-background-meta":{"desktop":{"background-color":"","background-image":"","background-repeat":"repeat","background-position":"center center","background-size":"auto","background-attachment":"scroll","background-type":"","background-media":"","overlay-type":"","overlay-color":"","overlay-opacity":"","overlay-gradient":""},"tablet":{"background-color":"","background-image":"","background-repeat":"repeat","background-position":"center center","background-size":"auto","background-attachment":"scroll","background-type":"","background-media":"","overlay-type":"","overlay-color":"","overlay-opacity":"","overlay-gradient":""},"mobile":{"background-color":"","background-image":"","background-repeat":"repeat","background-position":"center center","background-size":"auto","background-attachment":"scroll","background-type":"","background-media":"","overlay-type":"","overlay-color":"","overlay-opacity":"","overlay-gradient":""}},"ast-content-background-meta":{"desktop":{"background-color":"var(--ast-global-color-5)","background-image":"","background-repeat":"repeat","background-position":"center center","background-size":"auto","background-attachment":"scroll","background-type":"","background-media":"","overlay-type":"","overlay-color":"","overlay-opacity":"","overlay-gradient":""},"tablet":{"background-color":"var(--ast-global-color-5)","background-image":"","background-repeat":"repeat","background-position":"center center","background-size":"auto","background-attachment":"scroll","background-type":"","background-media":"","overlay-type":"","overlay-color":"","overlay-opacity":"","overlay-gradient":""},"mobile":{"background-color":"var(--ast-global-color-5)","background-image":"","background-repeat":"repeat","background-position":"center center","background-size":"auto","background-attachment":"scroll","background-type":"","background-media":"","overlay-type":"","overlay-color":"","overlay-opacity":"","overlay-gradient":""}},"footnotes":""},"class_list":["post-3986","page","type-page","status-publish","hentry"],"acf":[],"aioseo_notices":[],"_links":{"self":[{"href":"https:\/\/www.vanderwallimmigration.com\/es\/wp-json\/wp\/v2\/pages\/3986","targetHints":{"allow":["GET"]}}],"collection":[{"href":"https:\/\/www.vanderwallimmigration.com\/es\/wp-json\/wp\/v2\/pages"}],"about":[{"href":"https:\/\/www.vanderwallimmigration.com\/es\/wp-json\/wp\/v2\/types\/page"}],"author":[{"embeddable":true,"href":"https:\/\/www.vanderwallimmigration.com\/es\/wp-json\/wp\/v2\/users\/1"}],"replies":[{"embeddable":true,"href":"https:\/\/www.vanderwallimmigration.com\/es\/wp-json\/wp\/v2\/comments?post=3986"}],"version-history":[{"count":0,"href":"https:\/\/www.vanderwallimmigration.com\/es\/wp-json\/wp\/v2\/pages\/3986\/revisions"}],"up":[{"embeddable":true,"href":"https:\/\/www.vanderwallimmigration.com\/es\/wp-json\/wp\/v2\/pages\/3994"}],"wp:attachment":[{"href":"https:\/\/www.vanderwallimmigration.com\/es\/wp-json\/wp\/v2\/media?parent=3986"}],"curies":[{"name":"wp","href":"https:\/\/api.w.org\/{rel}","templated":true}]}}