{"id":3984,"date":"2024-10-24T01:28:36","date_gmt":"2024-10-24T01:28:36","guid":{"rendered":"https:\/\/www.vanderwallimmigration.com\/beaverton-fiancee-visas\/"},"modified":"2026-04-15T23:05:03","modified_gmt":"2026-04-15T23:05:03","slug":"visas-de-prometido-de-beaverton","status":"publish","type":"page","link":"https:\/\/www.vanderwallimmigration.com\/es\/ubicaciones\/abogado-de-inmigracion-de-beaverton\/visas-de-prometido-de-beaverton\/","title":{"rendered":"Visas de Prometido de Beaverton"},"content":{"rendered":"<h1>Visas de Prometido Abogados<\/h1> \t<p>de Beaverton<\/p> \t\t\t<a href=\"\/es\/formulario-de-cita\/\" title=\"Programar Una Cita\" target=\"_self\"   role=\"button\" aria-label=\"Programar Una Cita\"> \t\t\t\t\t\t\tProgramar Una Cita \t\t<\/a> \t\t\t<h2>Ayudamos a los clientes a navegar el proceso de solicitud de visa de prometido en Beaverton, OR<\/h2>\t\t\t \t<p>En Inmigraci\u00f3n de Vanderwall, nuestros abogados de visas de prometidos en Beaverton est\u00e1n comprometidos a unir a las familias. Nuestra misi\u00f3n fundamental es proporcionar el m\u00e1s alto nivel de representaci\u00f3n personalizada a nuestros clientes. Muchas cosas pueden salir mal durante el proceso de solicitud de la visa K-1. Nuestra firma est\u00e1 aqu\u00ed para ayudarlo en todos y cada uno de los pasos del proceso de inmigraci\u00f3n. \u00bfTiene alguna pregunta o inquietud sobre una visa de prometido o una visa de c\u00f3nyuge? Estamos aqu\u00ed para ayudar. Cont\u00e1ctenos en nuestra oficina legal de Beaverton hoy para una consulta estrictamente confidencial y sin compromiso con un abogado de inmigraci\u00f3n con experiencia en Oreg\u00f3n.<\/p> <h3> \t\t\tComprender las visas de prometido: los conceptos b\u00e1sicos de los K-1 \t<\/h3> \t<p>Una visa de prometido, que se conoce oficialmente como la visa K-1 en los Estados Unidos, es una visa de no inmigrante que permite a las personas comprometidas con un ciudadano del pa\u00eds anfitri\u00f3n ingresar y casarse dentro de un per\u00edodo espec\u00edfico. El proceso de la visa K-1 generalmente requiere que la pareja demuestre que su relaci\u00f3n es genuina y que tienen la intenci\u00f3n de casarse. Al contraer matrimonio, el prometido(a) extranjero(a) puede solicitar un ajuste de estatus para convertirse en residente permanente.<\/p> <h3> \t\t\tConozca los requisitos legales para una visa de prometido (visa K-1)\t<\/h3> \t<p>\u00bfPrepar\u00e1ndose para solicitar una visa K-1 en Oreg\u00f3n? Es imperativo que usted y su futuro c\u00f3nyuge tengan una comprensi\u00f3n total y completa de los requisitos. Al cumplir con los est\u00e1ndares legales, usted y su pareja estar\u00e1n en la mejor posici\u00f3n para continuar con el proceso de solicitud. Estos son algunos de los requisitos m\u00e1s notables que debe cumplir al solicitar una visa de prometido:<\/p> <ul> <li><strong>Ciudadan\u00eda del peticionario:\u00a0<\/strong>El ciudadano estadounidense debe presentar el Formulario I-129F, Petici\u00f3n de prometido(a) extranjero(a) ante los Servicios de Ciudadan\u00eda e Inmigraci\u00f3n de los Estados Unidos (USCIS).<\/li> <li><strong>Intenci\u00f3n de casarse:\u00a0<\/strong>Ambas partes deben proporcionar evidencia de su intenci\u00f3n de casarse dentro de los 90 d\u00edas posteriores a la entrada del prometido(a) extranjero(a) a los Estados Unidos.<\/li> <li><strong>Relaci\u00f3n de buena fe:\u00a0<\/strong>Como parte del proceso de solicitud de la visa K-1, se le pedir\u00e1 que demuestre a las autoridades de inmigraci\u00f3n que su relaci\u00f3n marital es leg\u00edtima.<\/li> <li><strong>Reuni\u00f3n en persona:\u00a0<\/strong>Generalmente, la pareja debe haberse conocido en persona al menos una vez dentro de los dos a\u00f1os anteriores a la presentaci\u00f3n de la petici\u00f3n. Hay excepciones limitadas basadas en costumbres culturales o dificultades extremas.<\/li> <li><strong>Estabilidad financiera:\u00a0<\/strong>el ciudadano estadounidense debe cumplir con los requisitos de ingresos m\u00ednimos para garantizar que pueda mantener al prometido(a) extranjero(a).<\/li> <li><strong>Aprobaci\u00f3n de verificaciones de antecedentes:\u00a0<\/strong>antes de que el gobierno de los EE. UU. emita una visa K-1, el solicitante debe aprobar una verificaci\u00f3n de antecedentes.<\/li> <\/ul> <h3> \t\t\tLas razones m\u00e1s comunes por las que se rechazan las solicitudes de visa K-1 en Oreg\u00f3n\t<\/h3> \t<p>En realidad, se considera que una visa K-1 es uno de los caminos m\u00e1s sencillos hacia los Estados Unidos. No existe una ley federal superior que limite la cantidad de visas K-1 que se pueden emitir cada a\u00f1o. No tendr\u00e1 que participar en una loter\u00eda o \u00abesperar en la fila\u00bb para ser elegible para solicitar una visa K-1. Dicho esto, la aprobaci\u00f3n de una solicitud de visa K-1 no es autom\u00e1tica de ninguna manera. Los funcionarios de inmigraci\u00f3n de EE. UU. examinar\u00e1n su solicitud de forma minuciosa y minuciosa. Algunas de las razones m\u00e1s comunes por las que se niegan las solicitudes de visa K-1 en Beaverton, O incluyen:<\/p> <ul> <li><strong>Documentaci\u00f3n faltante, inexacta o de otro modo defectuosa:\u00a0<\/strong>un desencadenante principal del rechazo es la falta de presentaci\u00f3n de documentaci\u00f3n completa y precisa. USCIS exige amplia prueba para verificar la naturaleza leg\u00edtima de la relaci\u00f3n y la elegibilidad de las partes involucradas. Las parejas deben proporcionar evidencia de una reuni\u00f3n en persona dentro de los dos a\u00f1os anteriores, intenci\u00f3n marital genuina y capacidad legal para contraer matrimonio. La presentaci\u00f3n de documentaci\u00f3n incompleta, contradictoria o problem\u00e1tica de otro modo podr\u00eda provocar un retraso o la denegaci\u00f3n de una solicitud de visa K-1.<\/li> <li><strong>Antecedentes penales o problemas de inmigraci\u00f3n anteriores:\u00a0<\/strong>la legitimidad del matrimonio previsto podr\u00eda no ser suficiente para la aprobaci\u00f3n. A un prometido extranjero se le puede negar la entrada a los Estados Unidos en base a acusaciones de antecedentes penales o infracciones de inmigraci\u00f3n anteriores, incluidos delitos de bajeza moral, numerosos veredictos penales, enga\u00f1o de inmigraci\u00f3n anterior o vencimiento de la visa. A veces, adquirir una exenci\u00f3n puede mitigar problemas espec\u00edficos. Hable con un abogado de visas K-1 de Beaverton, OR para obtener ayuda con este tipo de casos.<\/li> <li><strong>Falta de apoyo financiero adecuado:\u00a0<\/strong>el patrocinador ciudadano estadounidense debe demostrar un apoyo financiero claro para su prometido extranjero. En general, se requiere prueba de ingresos o activos que sean iguales o superiores al 125 por ciento de las pautas federales de pobreza ajustadas por el tama\u00f1o del hogar como m\u00ednimo de referencia. Si el patrocinador se queda corto, es posible que pueda conseguir que otra persona, como sus padres, act\u00fae como patrocinador financiero conjunto.<\/li> <li><strong>Fraude matrimonial (sospecha de matrimonio falso):\u00a0<\/strong>Es importante enfatizar que el USCIS examina atentamente el fraude matrimonial. La autenticidad de la relaci\u00f3n es un requisito absoluto e incuestionable para la aprobaci\u00f3n de la visa K-1. Cualquier enga\u00f1o o conducta fraudulenta en la solicitud puede resultar en la denegaci\u00f3n total de una solicitud de visa K-1.<\/li> <\/ul> <h3> \t\t\tUna Visa K-1 Proporciona un Camino a la Ciudadan\u00eda de los Estados Unidos\t<\/h3> \t<p>Una de las ventajas m\u00e1s importantes de una visa K-1 es que ofrece un camino claro y estructurado hacia la ciudadan\u00eda estadounidense para ciudadanos extranjeros comprometidos con ciudadanos estadounidenses. Al obtener una visa K-1, el prometido (a) extranjero puede ingresar legalmente a los EE. UU. para casarse con su pareja ciudadana estadounidense dentro de los 90 d\u00edas. Despu\u00e9s del matrimonio, el c\u00f3nyuge extranjero puede solicitar el ajuste de estatus para convertirse en residente permanente (titular de la Tarjeta Verde), lo cual es un paso importante para convertirse eventualmente en ciudadano estadounidense. Si tiene preguntas, nuestro abogado de inmigraci\u00f3n de Beaverton puede ayudarlo.<\/p> <h3> \t\t\tVisas de prometido en Beaverton: Preguntas frecuentes (FAQ)\t<\/h3> \t\t\t\t\t\t\t\t\t\t<h4 tabindex=\"0\">\u00bfCu\u00e1nto tiempo toma el proceso de visa de prometido K-1?<\/h4> \t\t\t\t\t<p>Depende de varios factores diferentes espec\u00edficos del caso, que incluyen cosas como el pa\u00eds del prometido(a) extranjero(a), el volumen de solicitudes y la velocidad de procesamiento del USCIS y la Embajada o Consulado de los EE. UU. involucrados. Sin embargo, es relativamente t\u00edpico que el proceso tome entre 6 y 9 meses desde la presentaci\u00f3n de la petici\u00f3n hasta la emisi\u00f3n de la visa.<\/p> \t\t\t\t\t\t\t\t\t\t<h4 tabindex=\"0\">\u00bfPuedo trabajar en los EE. UU. con una visa de prometido K-1?<\/h4> \t\t\t\t\t<p>S\u00ed, o al menos una vez que tenga la documentaci\u00f3n de inmigraci\u00f3n adecuada. El titular de una visa K-1 puede solicitar una autorizaci\u00f3n de empleo presentando el Formulario I-765, Solicitud de autorizaci\u00f3n de empleo. Sin embargo, el tiempo necesario para obtener este documento puede variar. En otras palabras, deber\u00e1 esperar un permiso de trabajo antes de poder aceptar un trabajo.<\/p> \t\t\t\t\t\t\t\t\t\t<h4 tabindex=\"0\">\u00bfPuedo traer a mis hijos con una visa de prometido K-1?<\/h4> \t\t\t\t\t<p>S\u00ed, es posible traer ni\u00f1os a los EE. UU. con una visa K-1. Seg\u00fan las normas de inmigraci\u00f3n, los hijos del prometido(a) extranjero que sean menores de 21 a\u00f1os y solteros pueden acompa\u00f1arlos a los EE. UU. con una visa K-2. El peticionario ciudadano estadounidense debe incluir los nombres de los ni\u00f1os en la petici\u00f3n I-129F.<\/p> <h3> \t\t\tC\u00f3mo pueden ayudar los abogados de visas de prometidos de Inmigraci\u00f3n de Vanderwall\t<\/h3> \t<p>Por muchas razones, solicitar y obtener una visa de prometido puede ser un desaf\u00edo. Usted y su futuro c\u00f3nyuge no tienen que navegar solos por las complejidades del proceso de inmigraci\u00f3n. En Inmigraci\u00f3n de Vanderwall, tenemos la experiencia legal especializada en la que puede confiar. Cuando se comunique con nosotros en la oficina de Beaverton, trabajar\u00e1 con un abogado de inmigraci\u00f3n de Oreg\u00f3n que puede:<\/p> <ul> <li>Escuche su historia y responda sus preguntas sobre la visa de prometido;<\/li> <li>Ayudarlo a reunir y preparar toda la documentaci\u00f3n de respaldo;<\/li> <li>Manejar el papeleo de inmigraci\u00f3n de la visa K-1; y<\/li> <li>Desarrolle una estrategia personalizada para ayudarlo a asegurar el mejor resultado.<\/li> <\/ul> <h3> \t\t\tComun\u00edquese con nuestros abogados de visas de prometidos en Beaverton, OR para una consulta confidencial\t<\/h3> \t<p>En Inmigraci\u00f3n de Vanderwall, nuestros abogados de visas de prometidos en Beaverton son defensores compasivos, experimentados y orientados a soluciones para nuestros clientes. No tiene que navegar solo por una solicitud de visa K-1. Si tiene alguna pregunta espec\u00edfica sobre una visa de prometido, estamos disponibles para ayudarlo. Ll\u00e1menos ahora o\u00a0<a href=\"\/es\/contactenos\/\">con\u00e9ctese con nosotros en l\u00ednea\u00a0<\/a> para configurar su revisi\u00f3n de caso estrictamente confidencial y sin compromiso. Nuestra firma brinda representaci\u00f3n legal de inmigraci\u00f3n en Beaverton, el condado de Washington y en todo Oreg\u00f3n.<\/p> \t<h5> \t\t\t\tPrograme su consulta de inmigraci\u00f3n con un abogado de inmigraci\u00f3n \t\t\t<\/h5> <figure itemscope itemtype=\"https:\/\/schema.org\/ImageObject\"> \t\t\t\t<img decoding=\"async\" src=\"https:\/\/www.vanderwallimmigration.com\/wp-content\/uploads\/2025\/09\/2025-footer-banner-awards-layout.png\" alt=\"2025-footer-banner-awards-layout\" height=\"420\" width=\"600\" title=\"2025-footer-banner-awards-layout\" onerror=\"this.style.display='none'\" loading=\"lazy\" \/> \t<\/figure> \t<h5> \t\t\t\tsalga de las sombras. \t\t\t<\/h5> \t<h5> \t\t\t\tLl\u00e1menos hoy al \t\t\t<\/h5> \t\t\t<p><a href=\"tel:+15032068414\">+1 503-206-8414<\/a><\/p>\t \t\t\t<a href=\"https:\/\/www.vanderwallimmigration.com\/schedule-appointment\/\" title=\"Programar una cita\" target=\"_self\"   role=\"button\" aria-label=\"Programar una cita\"> \t\t\t\t\t\t\tProgramar una cita \t\t<\/a>","protected":false},"excerpt":{"rendered":"<p>Visas de Prometido Abogados de Beaverton Programar Una Cita Ayudamos a los clientes a navegar el proceso de solicitud de visa de prometido en Beaverton, OR En Inmigraci\u00f3n de Vanderwall, nuestros abogados de visas de prometidos en Beaverton est\u00e1n comprometidos a unir a las familias. Nuestra misi\u00f3n fundamental es proporcionar el m\u00e1s alto nivel de [&hellip;]<\/p>\n","protected":false},"author":1,"featured_media":0,"parent":3994,"menu_order":0,"comment_status":"closed","ping_status":"open","template":"","meta":{"_acf_changed":false,"site-sidebar-layout":"no-sidebar","site-content-layout":"page-builder","ast-site-content-layout":"full-width-container","site-content-style":"unboxed","site-sidebar-style":"unboxed","ast-global-header-display":"","ast-banner-title-visibility":"","ast-main-header-display":"","ast-hfb-above-header-display":"","ast-hfb-below-header-display":"","ast-hfb-mobile-header-display":"","site-post-title":"disabled","ast-breadcrumbs-content":"","ast-featured-img":"disabled","footer-sml-layout":"","ast-disable-related-posts":"","theme-transparent-header-meta":"enabled","adv-header-id-meta":"","stick-header-meta":"","header-above-stick-meta":"","header-main-stick-meta":"","header-below-stick-meta":"","astra-migrate-meta-layouts":"set","ast-page-background-enabled":"default","ast-page-background-meta":{"desktop":{"background-color":"","background-image":"","background-repeat":"repeat","background-position":"center center","background-size":"auto","background-attachment":"scroll","background-type":"","background-media":"","overlay-type":"","overlay-color":"","overlay-opacity":"","overlay-gradient":""},"tablet":{"background-color":"","background-image":"","background-repeat":"repeat","background-position":"center center","background-size":"auto","background-attachment":"scroll","background-type":"","background-media":"","overlay-type":"","overlay-color":"","overlay-opacity":"","overlay-gradient":""},"mobile":{"background-color":"","background-image":"","background-repeat":"repeat","background-position":"center center","background-size":"auto","background-attachment":"scroll","background-type":"","background-media":"","overlay-type":"","overlay-color":"","overlay-opacity":"","overlay-gradient":""}},"ast-content-background-meta":{"desktop":{"background-color":"var(--ast-global-color-5)","background-image":"","background-repeat":"repeat","background-position":"center center","background-size":"auto","background-attachment":"scroll","background-type":"","background-media":"","overlay-type":"","overlay-color":"","overlay-opacity":"","overlay-gradient":""},"tablet":{"background-color":"var(--ast-global-color-5)","background-image":"","background-repeat":"repeat","background-position":"center center","background-size":"auto","background-attachment":"scroll","background-type":"","background-media":"","overlay-type":"","overlay-color":"","overlay-opacity":"","overlay-gradient":""},"mobile":{"background-color":"var(--ast-global-color-5)","background-image":"","background-repeat":"repeat","background-position":"center center","background-size":"auto","background-attachment":"scroll","background-type":"","background-media":"","overlay-type":"","overlay-color":"","overlay-opacity":"","overlay-gradient":""}},"footnotes":""},"class_list":["post-3984","page","type-page","status-publish","hentry"],"acf":[],"aioseo_notices":[],"_links":{"self":[{"href":"https:\/\/www.vanderwallimmigration.com\/es\/wp-json\/wp\/v2\/pages\/3984","targetHints":{"allow":["GET"]}}],"collection":[{"href":"https:\/\/www.vanderwallimmigration.com\/es\/wp-json\/wp\/v2\/pages"}],"about":[{"href":"https:\/\/www.vanderwallimmigration.com\/es\/wp-json\/wp\/v2\/types\/page"}],"author":[{"embeddable":true,"href":"https:\/\/www.vanderwallimmigration.com\/es\/wp-json\/wp\/v2\/users\/1"}],"replies":[{"embeddable":true,"href":"https:\/\/www.vanderwallimmigration.com\/es\/wp-json\/wp\/v2\/comments?post=3984"}],"version-history":[{"count":0,"href":"https:\/\/www.vanderwallimmigration.com\/es\/wp-json\/wp\/v2\/pages\/3984\/revisions"}],"up":[{"embeddable":true,"href":"https:\/\/www.vanderwallimmigration.com\/es\/wp-json\/wp\/v2\/pages\/3994"}],"wp:attachment":[{"href":"https:\/\/www.vanderwallimmigration.com\/es\/wp-json\/wp\/v2\/media?parent=3984"}],"curies":[{"name":"wp","href":"https:\/\/api.w.org\/{rel}","templated":true}]}}