{"id":3982,"date":"2024-10-24T01:33:49","date_gmt":"2024-10-24T01:33:49","guid":{"rendered":"https:\/\/www.vanderwallimmigration.com\/beaverton-work-permit-attorney\/"},"modified":"2026-04-15T23:05:10","modified_gmt":"2026-04-15T23:05:10","slug":"abogado-de-permisos-de-trabajo-de-beaverton","status":"publish","type":"page","link":"https:\/\/www.vanderwallimmigration.com\/es\/ubicaciones\/abogado-de-inmigracion-de-beaverton\/abogado-de-permisos-de-trabajo-de-beaverton\/","title":{"rendered":"Abogado de permisos de trabajo en Beaverton"},"content":{"rendered":"<h1>Permiso de trabajo en Beaverton<\/h1> \t<p>Abogado<\/p> \t\t\t<a href=\"https:\/\/www.vanderwallimmigration.com\/es\/programar-una-cita\/\" title=\"Programar Una Cita\" target=\"_self\"   role=\"button\" aria-label=\"Programar Una Cita\"> \t\t\t\t\t\t\tProgramar Una Cita \t\t<\/a> \t\t\t<h2>Abogados de confianza para permisos de trabajo en Beaverton<\/h2>\t\t\t \t<p>La econom\u00eda de Estados Unidos es una de las m\u00e1s din\u00e1micas del mundo. Depende de las habilidades y la dedicaci\u00f3n de innumerables inmigrantes. Sin embargo, un no ciudadano no puede trabajar en EE.UU. a menos que tenga autorizaci\u00f3n de trabajo. Un Documento de Autorizaci\u00f3n de Trabajo, o EAD, es tu billete al empleo legal. Ponte en contacto con<a href=\"https:\/\/www.vanderwallimmigration.com\/es\/\"> Vanderwall Immigration<\/a> hoy mismo para hablar de una posible autorizaci\u00f3n de trabajo. Podemos responder a tus preguntas y abordar cualquier obst\u00e1culo que se interponga en tu camino. Si llamas o te pones en contacto online con un abogado especializado en permisos de trabajo de Beaverton, podr\u00e1s realizar una consulta individualizada.      <\/p> <h3> \t\t\tConsecuencias de trabajar sin autorizaci\u00f3n\t<\/h3> \t<p>Los reci\u00e9n llegados a EE.UU. pueden tener la tentaci\u00f3n de empezar a trabajar inmediatamente sin autorizaci\u00f3n. Desgraciadamente, esto es ilegal, aunque un empleador ofrezca trabajo. Por ejemplo, algunas personas llegan a EE.UU. con un visado de turista y creen que pueden trabajar unos meses mientras est\u00e9n aqu\u00ed. O llegan con un visado de estudiante e inmediatamente aceptan un empleo fuera del campus para ayudar a pagar los estudios. Sin embargo, los que tienen visado de estudiante se enfrentan a requisitos detallados cuando se trata de trabajar legalmente. El trabajo no autorizado puede tener repercusiones negativas:    <\/p> <ul> <li>Deportaci\u00f3n<\/li> <li>Posible obst\u00e1culo para el ajuste de estatus en el futuro<\/li> <li>Otras sanciones<\/li> <\/ul> <p>El trabajo no autorizado puede aparecer incluso a\u00f1os despu\u00e9s si solicitas la naturalizaci\u00f3n. A algunas personas se les deniega la nacionalidad porque trabajaron sin un EAD v\u00e1lido y les pillaron. Lo mejor es evitar infringir la ley, aunque sea accidentalmente. Habla con Vanderwall Inmigraci\u00f3n. Hay varias formas de obtener la autorizaci\u00f3n de trabajo. Algunos visados, como el H1-1B para trabajadores cualificados y el programa E-2 para inversores, tienen autorizaci\u00f3n de trabajo incorporada y son opciones populares. No necesitar\u00e1s solicitar un permiso de trabajo. La otra opci\u00f3n es obtener un Documento de Autorizaci\u00f3n de Trabajo (EAD). Nuestros abogados especializados en permisos de trabajo de Beaverton pueden analizar tu situaci\u00f3n para determinar la mejor opci\u00f3n para ti.  <\/p> <h3> \t\t\t\u00bfQui\u00e9n puede recibir un permiso de trabajo en Beaverton?\t<\/h3> \t<p>El que puedas trabajar en EE.UU. depender\u00e1 de la categor\u00eda de tu visado:<\/p> <ul> <li>Trabajadores temporales no inmigrantes: Los que reciben visados temporales, incluidos E-1, E-2, H-1B, H-2B, I y muchos otros. \u00a1Llama hoy a nuestra oficina! <\/li> <li>Trabajadores inmigrantes permanentes<\/li> <li>Acci\u00f3n Diferida para los Llegados en la Infancia (DACA): Las personas a las que se ha concedido el estatus DACA pueden solicitar un permiso de trabajo.<\/li> <li><a href=\"https:\/\/www.vanderwallimmigration.com\/es\/servicios-legales\/asilo\/\">Asilados<\/a> y refugiados<\/li> <li>V\u00edctimas de violencia: Cualquiera que re\u00fana los requisitos para un visado U o VAWA puede solicitar un permiso de trabajo.<\/li> <\/ul> <p>Esta es una lista incompleta. Recuerda trabajar con un abogado para determinar si puedes solicitar un permiso de trabajo en EE.UU. <\/p> <h3> \t\t\tC\u00f3mo solicitar un permiso de trabajo\t<\/h3> \t<p>Cualquier persona interesada en trabajar en Beaverton o en cualquier otra ciudad debe comprender el proceso. Estos son los pasos que deber\u00e1s dar: <\/p> <ul> <li>Rellena el formulario I-765, Solicitud de autorizaci\u00f3n de empleo.<\/li> <li>Encuentra la documentaci\u00f3n justificativa que debes presentar con tu solicitud, incluida la prueba de identidad.<\/li> <li>Env\u00eda tu formulario y la informaci\u00f3n a los Servicios de Ciudadan\u00eda e Inmigraci\u00f3n de Estados Unidos (USCIS) para su tramitaci\u00f3n. Tambi\u00e9n tendr\u00e1s que pagar una tasa. <\/li> <li>Proporcionar informaci\u00f3n biom\u00e9trica, incluidas fotograf\u00edas y huellas dactilares.<\/li> <\/ul> <p>Toda la documentaci\u00f3n debe cumplimentarse de forma completa y precisa. Recuerda revisarlo todo dos veces. La informaci\u00f3n inexacta puede provocar retrasos en la tramitaci\u00f3n, denegaciones o incluso acusaciones de fraude en inmigraci\u00f3n. Aunque Estados Unidos est\u00e1 ansioso por encontrar trabajadores, la realidad es que el USCIS ha denegado la solicitud a muchos solicitantes.   <\/p> <h3> \t\t\tPor qu\u00e9 se deniegan los permisos de trabajo\t<\/h3> \t<p>El USCIS revisar\u00e1 tu solicitud y determinar\u00e1 si te concede un permiso de trabajo. Algunos motivos de rechazo son <\/p> <ol> <li><strong>Solicitudes incompletas:<\/strong> A tu solicitud podr\u00eda faltarle informaci\u00f3n importante o documentaci\u00f3n esencial.<\/li> <li><strong>Antecedentes penales:<\/strong> Los antecedentes penales pueden dar lugar a la denegaci\u00f3n de un permiso de trabajo. Deber\u00edas revisar cualquier antecedente penal con un abogado experto en permisos de trabajo de Beaverton. <\/li> <li><strong>Estatus no elegible:<\/strong> Puede que est\u00e9s en EE.UU. con un estatus de inmigraci\u00f3n que no sea elegible para la autorizaci\u00f3n de trabajo. Tendr\u00e1s que buscar otro estatus de inmigraci\u00f3n o no trabajar. <\/li> <li><strong>Violaciones de inmigraci\u00f3n en el pasado:<\/strong> Cualquier infracci\u00f3n en el pasado podr\u00eda dar lugar a la denegaci\u00f3n de la solicitud de permiso de trabajo.<\/li> <\/ol> <p>A veces, un abogado puede resolver estos problemas antes de que presentes la solicitud. El asesoramiento oportuno es lo mejor. Llama hoy a Vanderwall Inmigraci\u00f3n si tienes preguntas.  <\/p> <h3> \t\t\tRenovar un permiso de trabajo\t<\/h3> \t<p>Los Documentos de Autorizaci\u00f3n de Empleo (EAD) no duran indefinidamente. En su lugar, normalmente tienes que solicitar una renovaci\u00f3n de tu EAD cada a\u00f1o, pero algunos son<a href=\"https:\/\/www.uscis.gov\/save\/whats-new\/some-eads-can-be-valid-for-up-to-5-years-0\"> v\u00e1lidos hasta 5 a\u00f1os<\/a>. Por ejemplo, los asilados y refugiados s\u00f3lo necesitan renovarlo una vez cada cinco a\u00f1os. Debes presentar un nuevo formulario I-765 con la documentaci\u00f3n justificativa y las tasas requeridas. Colabora estrechamente con tu equipo jur\u00eddico si tienes dudas. Recuerda que la renovaci\u00f3n no est\u00e1 garantizada. El USCIS examinar\u00e1 de nuevo tu solicitud aunque lleves a\u00f1os trabajando en Estados Unidos. Seg\u00fan el USCIS, debes presentar la renovaci\u00f3n en un plazo de 120 d\u00edas a partir de la fecha de caducidad que figura en tu tarjeta. Esto da a USCIS tiempo suficiente para tramitar la solicitud. El USCIS tambi\u00e9n ha publicado una norma que concede pr\u00f3rrogas autom\u00e1ticas a muchas de las personas que tienen un permiso de trabajo en vigor. Las pr\u00f3rrogas autom\u00e1ticas son un \u00e1rea que est\u00e1 en proceso de cambio. Ponte en contacto con nosotros para saber si tu EAD se prorrog\u00f3 autom\u00e1ticamente.  <\/p> <h3> \t\t\tC\u00f3mo puede ayudar Vanderwall Inmigraci\u00f3n\t<\/h3> \t<p>La autorizaci\u00f3n legal para trabajar en Estados Unidos es un sue\u00f1o para muchos. La econom\u00eda de Beaverton sigue creciendo, y la demanda de nuevos trabajadores sigue siendo intensa. Nuestra econom\u00eda ser\u00eda muy diferente sin las aportaciones de los trabajadores inmigrantes. Aunque el mercado laboral sigue siendo escaso, el gobierno federal sigue restringiendo qui\u00e9n puede contratar a no ciudadanos y qu\u00e9 inmigrantes pueden trabajar. Obtener un permiso de trabajo, como un EAD, es tu billete al empleo legal en Beaverton y en el resto de Estados Unidos. Llama hoy a Vanderwall Inmigraci\u00f3n. Nuestros abogados de inmigraci\u00f3n pueden:  <\/p> <ul> <li>Revisa si tienes derecho a un permiso de trabajo.<\/li> <li>Re\u00fane documentos justificativos.<\/li> <li>Rellena tu solicitud y aseg\u00farate de su exactitud.<\/li> <li>Responde a cualquier problema o bloqueo, como la falta de informaci\u00f3n.<\/li> <li>Responde a cualquier pregunta que tengas sobre el proceso.<\/li> <\/ul> <p>Nuestro bufete tiene d\u00e9cadas de experiencia en leyes de inmigraci\u00f3n, incluida la asistencia a quienes vienen con visados de estudiante o que obtienen la Acci\u00f3n Diferida para los Llegados en la Infancia. Nuestros abogados se enorgullecen de ayudar a los no ciudadanos a trabajar legalmente en Estados Unidos. <\/p> <h3> \t\t\tMitos sobre los permisos de trabajo en Beaverton\t<\/h3> \t<p>Hemos tenido noticias de muchas personas que han le\u00eddo en Internet informaci\u00f3n inexacta sobre los permisos de trabajo en EE.UU. He aqu\u00ed algunas de las m\u00e1s graves:<\/p> <ul> <li>Mito n\u00ba 1: \u00abTengo un visado de turista v\u00e1lido, as\u00ed que puedo trabajar en EE.UU.\u00bb. Esto es falso. No puedes trabajar como turista. Necesitar\u00e1s un visado de una categor\u00eda elegible.   <\/li> <li>Mito n\u00ba 2: \u00abUn empresario me dio permiso para trabajar cuando me ofreci\u00f3 un empleo\u00bb. Un empresario no puede conceder un permiso de trabajo. S\u00f3lo el USCIS, una agencia federal, puede conceder el permiso.  <\/li> <li>Mito n\u00ba 3: \u00abLos estudiantes pueden trabajar en EE.UU.\u00bb. Esto es cierto en parte. El USCIS restringe la capacidad de trabajar de quienes tienen visados de estudiante. Por ejemplo, los estudiantes internacionales con un visado F-1 o M-1 pueden trabajar en el campus y en determinados programas de formaci\u00f3n. El USCIS tambi\u00e9n limita cu\u00e1ndo pueden trabajar los estudiantes fuera del campus.    <\/li> <li>Mito n\u00ba 4: \u00abNo hay sanciones graves si me pillan trabajando sin autorizaci\u00f3n\u00bb. Podr\u00edas enfrentarte a repercusiones duraderas. \u00bfEsperas volver a EE.UU. alg\u00fan d\u00eda, posiblemente para convertirte en residente legal permanente? Cualquier infracci\u00f3n laboral podr\u00eda afectar a tu futuro.   <\/li> <\/ul> <p>Inf\u00f3rmate bien. Cualquier paso en falso puede tener consecuencias desastrosas. Podemos ayudar a los inmigrantes a mantenerse en el lado correcto de la ley.  <\/p> <h3> \t\t\tHabla con un abogado especialista en permisos de trabajo de Beaverton en una consulta confidencial\t<\/h3> \t<p>Vanderwall Immigration entiende a la comunidad de Beaverton, incluida la demanda de trabajadores extranjeros. Ponemos nuestros servicios jur\u00eddicos a disposici\u00f3n de quienes buscan un permiso de trabajo. Si necesitas ayuda legal, ll\u00e1manos. Podemos simplificar el proceso de solicitud, resolver cualquier problema y responder a tus preguntas.   <\/p> \t<h5> \t\t\t\tPrograme su consulta de inmigraci\u00f3n con un abogado de inmigraci\u00f3n \t\t\t<\/h5> <figure itemscope itemtype=\"https:\/\/schema.org\/ImageObject\"> \t\t\t\t<img decoding=\"async\" src=\"https:\/\/www.vanderwallimmigration.com\/wp-content\/uploads\/2025\/09\/2025-footer-banner-awards-layout.png\" alt=\"2025-footer-banner-awards-layout\" height=\"420\" width=\"600\" title=\"2025-footer-banner-awards-layout\" onerror=\"this.style.display='none'\" loading=\"lazy\" \/> \t<\/figure> \t<h5> \t\t\t\tsalga de las sombras. \t\t\t<\/h5> \t<h5> \t\t\t\tLl\u00e1menos hoy al \t\t\t<\/h5> \t\t\t<p><a href=\"tel:+15032068414\">+1 503-206-8414<\/a><\/p>\t \t\t\t<a href=\"https:\/\/www.vanderwallimmigration.com\/schedule-appointment\/\" title=\"Programar una cita\" target=\"_self\"   role=\"button\" aria-label=\"Programar una cita\"> \t\t\t\t\t\t\tProgramar una cita \t\t<\/a>","protected":false},"excerpt":{"rendered":"<p>Permiso de trabajo en Beaverton Abogado Programar Una Cita Abogados de confianza para permisos de trabajo en Beaverton La econom\u00eda de Estados Unidos es una de las m\u00e1s din\u00e1micas del mundo. Depende de las habilidades y la dedicaci\u00f3n de innumerables inmigrantes. Sin embargo, un no ciudadano no puede trabajar en EE.UU. a menos que tenga [&hellip;]<\/p>\n","protected":false},"author":4,"featured_media":0,"parent":3994,"menu_order":0,"comment_status":"closed","ping_status":"open","template":"","meta":{"_acf_changed":false,"site-sidebar-layout":"no-sidebar","site-content-layout":"page-builder","ast-site-content-layout":"full-width-container","site-content-style":"unboxed","site-sidebar-style":"unboxed","ast-global-header-display":"","ast-banner-title-visibility":"","ast-main-header-display":"","ast-hfb-above-header-display":"","ast-hfb-below-header-display":"","ast-hfb-mobile-header-display":"","site-post-title":"disabled","ast-breadcrumbs-content":"","ast-featured-img":"disabled","footer-sml-layout":"","ast-disable-related-posts":"","theme-transparent-header-meta":"enabled","adv-header-id-meta":"","stick-header-meta":"","header-above-stick-meta":"","header-main-stick-meta":"","header-below-stick-meta":"","astra-migrate-meta-layouts":"set","ast-page-background-enabled":"default","ast-page-background-meta":{"desktop":{"background-color":"","background-image":"","background-repeat":"repeat","background-position":"center center","background-size":"auto","background-attachment":"scroll","background-type":"","background-media":"","overlay-type":"","overlay-color":"","overlay-opacity":"","overlay-gradient":""},"tablet":{"background-color":"","background-image":"","background-repeat":"repeat","background-position":"center center","background-size":"auto","background-attachment":"scroll","background-type":"","background-media":"","overlay-type":"","overlay-color":"","overlay-opacity":"","overlay-gradient":""},"mobile":{"background-color":"","background-image":"","background-repeat":"repeat","background-position":"center center","background-size":"auto","background-attachment":"scroll","background-type":"","background-media":"","overlay-type":"","overlay-color":"","overlay-opacity":"","overlay-gradient":""}},"ast-content-background-meta":{"desktop":{"background-color":"var(--ast-global-color-5)","background-image":"","background-repeat":"repeat","background-position":"center center","background-size":"auto","background-attachment":"scroll","background-type":"","background-media":"","overlay-type":"","overlay-color":"","overlay-opacity":"","overlay-gradient":""},"tablet":{"background-color":"var(--ast-global-color-5)","background-image":"","background-repeat":"repeat","background-position":"center center","background-size":"auto","background-attachment":"scroll","background-type":"","background-media":"","overlay-type":"","overlay-color":"","overlay-opacity":"","overlay-gradient":""},"mobile":{"background-color":"var(--ast-global-color-5)","background-image":"","background-repeat":"repeat","background-position":"center center","background-size":"auto","background-attachment":"scroll","background-type":"","background-media":"","overlay-type":"","overlay-color":"","overlay-opacity":"","overlay-gradient":""}},"footnotes":""},"class_list":["post-3982","page","type-page","status-publish","hentry"],"acf":[],"aioseo_notices":[],"_links":{"self":[{"href":"https:\/\/www.vanderwallimmigration.com\/es\/wp-json\/wp\/v2\/pages\/3982","targetHints":{"allow":["GET"]}}],"collection":[{"href":"https:\/\/www.vanderwallimmigration.com\/es\/wp-json\/wp\/v2\/pages"}],"about":[{"href":"https:\/\/www.vanderwallimmigration.com\/es\/wp-json\/wp\/v2\/types\/page"}],"author":[{"embeddable":true,"href":"https:\/\/www.vanderwallimmigration.com\/es\/wp-json\/wp\/v2\/users\/4"}],"replies":[{"embeddable":true,"href":"https:\/\/www.vanderwallimmigration.com\/es\/wp-json\/wp\/v2\/comments?post=3982"}],"version-history":[{"count":0,"href":"https:\/\/www.vanderwallimmigration.com\/es\/wp-json\/wp\/v2\/pages\/3982\/revisions"}],"up":[{"embeddable":true,"href":"https:\/\/www.vanderwallimmigration.com\/es\/wp-json\/wp\/v2\/pages\/3994"}],"wp:attachment":[{"href":"https:\/\/www.vanderwallimmigration.com\/es\/wp-json\/wp\/v2\/media?parent=3982"}],"curies":[{"name":"wp","href":"https:\/\/api.w.org\/{rel}","templated":true}]}}