{"id":3981,"date":"2024-10-23T11:54:01","date_gmt":"2024-10-23T11:54:01","guid":{"rendered":"https:\/\/www.vanderwallimmigration.com\/faq\/"},"modified":"2025-11-06T01:32:01","modified_gmt":"2025-11-06T01:32:01","slug":"preguntas-frecuentes","status":"publish","type":"page","link":"https:\/\/www.vanderwallimmigration.com\/es\/preguntas-frecuentes\/","title":{"rendered":"Preguntas Frecuentes"},"content":{"rendered":"<h1>Preguntas<\/h1> \t<p>Frecuentes<\/p> \t\t\t<a href=\"https:\/\/www.vanderwallimmigration.com\/es\/programar-una-cita\/\" title=\"Haz clic aqu\u00ed\" target=\"_self\"   role=\"button\" aria-label=\"Programar Una Cita\"> \t\t\t\t\t\t\tProgramar Una Cita \t\t<\/a> \t\t\t\t\t\t\t\t\t\t<h4 tabindex=\"0\">Como hago una cita para una consulta?<\/h4> \t\t\t\t\t<p>Por favor ll\u00e1menos al <a href=\"tel:+15032068414\">+1 503-206-8414<\/a>. Le haremos algunas preguntas sobre su caso y programaremos su cita. Tambi\u00e9n puede solicitar una cita a trav\u00e9s de la p\u00e1gina de \u00ab<a href=\"https:\/\/www.vanderwallimmigration.com\/es\/contactenos\/\">Contacto<\/a>\u00ab.<\/p> \t\t\t\t\t\t\t\t\t\t<h4 tabindex=\"0\">Cuanto cuesta la consulta?<\/h4> \t\t\t\t\t<p>La consulta cuesta $150. Si usted decide abrir su caso con nuestra oficina dentro de los 30 d\u00edas despu\u00e9s de su consulta, el costo  ya pagado de su consulta ser\u00e1 aplicado a su costo de apertura de caso.<\/p> \t\t\t\t\t\t\t\t\t\t<h4 tabindex=\"0\">\u00bfQu\u00e9 tipos de casos de inmigraci\u00f3n no toman?<\/h4> \t\t\t\t\t<p>No trabajamos con visas de estudiante, o visas de negocios o de inversi\u00f3n.<\/p> \t\t\t\t\t\t\t\t\t\t<h4 tabindex=\"0\">\u00bfQu\u00e9 debo llevar a la consulta?<\/h4> \t\t\t\t\t<p>Por favor, trae identificaci\u00f3n y cualquier antecedente de inmigraci\u00f3n o penal que tengas tuyo y de tu familia.<\/p> \t\t\t\t\t\t\t\t\t\t<h4 tabindex=\"0\">Puedo llevar a mis hijos a mi consulta?<\/h4> \t\t\t\t\t<p>Nos preocupamos por usted y los miembros de su familia . Los ni\u00f1os son siempre bienvenidos en nuestra oficina . Sin embargo , su caso de inmigraci\u00f3n es muy importante , por lo que si usted piensa que no podr\u00e1 concentrarse o enfocarse en la cita con sus ni\u00f1os presentes , ser\u00eda una buena idea hacer otros arreglos para ellos.<\/p> \t\t\t\t\t\t\t\t\t\t<h4 tabindex=\"0\">Cuanto cobra usted?<\/h4> \t\t\t\t\t<p>Cobramos honorarios fijos . Esto significa que usted sabr\u00e1 exactamente cu\u00e1nto costar\u00e1 el proceso y no habr\u00e1 cargos ocultos . Al final de la consulta , vamos a informarle de los costos para su caso .<\/p> \t\t\t\t\t\t\t\t\t\t<h4 tabindex=\"0\">Tiene planes de pagos?<\/h4> \t\t\t\t\t<p>Nosotros ofrecemos planes de pagos flexibles.<\/p> \t\t\t\t\t\t\t\t\t\t<h4 tabindex=\"0\">Cuales son sus horarios de oficina?<\/h4> \t\t\t\t\t<p>Nuestra oficina est\u00e1 abierta de lunes a viernes de 9am a 5pm. La oficina est\u00e1 cerrada los fines de semana y la mayor\u00eda de los d\u00edas festivos federales.<\/p> \t\t\t\t\t\t\t\t\t\t<h4 tabindex=\"0\">Donde estan ubicados?<\/h4> \t\t\t\t\t<p>Tenemos dos oficinas para servirle. Nuestra oficina de Beaverton est\u00e1 ubicada en 8625 SW Cascade Avenue en Beaverton, Oregon 97008, en la Suite 450, cuarto piso. Nuestro edificio est\u00e1 al otro lado de la autopista 217 del centro comercial Washington Square, junto a Ross Dress for Less y Crunch Fitness.<\/p> <p>Nuestra oficina en Salem est\u00e1 ubicada en 943 Liberty St. SE Salem, Oregon 97302. Busque nuestro gran cartel. Puede estacionarse en el estacionamiento detr\u00e1s del edificio.<\/p> \t\t\t\t\t\t\t\t\t\t<h4 tabindex=\"0\">A quien puede ayudar?<\/h4> \t\t\t\t\t<p>Servimos a clientes en todo Oregon, Washington y de todo el mundo.<\/p> \t<h5> \t\t\t\tPrograme su consulta de inmigraci\u00f3n con un abogado de inmigraci\u00f3n \t\t\t<\/h5> \t\t\t\t<img decoding=\"async\" src=\"https:\/\/www.vanderwallimmigration.com\/wp-content\/uploads\/2025\/09\/footer-banner-2025.png\" alt=\"footer-banner-2025\" itemprop=\"image\" height=\"243\" width=\"530\" title=\"footer-banner-2025\" onerror=\"this.style.display='none'\" loading=\"lazy\" \/> \t<h5> \t\t\t\tsalga de las sombras. \t\t\t<\/h5> \t<h5> \t\t\t\tLl\u00e1menos hoy al \t\t\t<\/h5> \t\t\t<p><a href=\"tel:+15032068414\">+1 503-206-8414<\/a><\/p>\t \t\t\t<a href=\"https:\/\/www.vanderwallimmigration.com\/es\/programar-una-cita\/\" title=\"Haz clic aqu\u00ed\" target=\"_self\"   role=\"button\" aria-label=\"Programar una cita\"> \t\t\t\t\t\t\tProgramar una cita \t\t<\/a>","protected":false},"excerpt":{"rendered":"<p>Preguntas Frecuentes Programar Una Cita Como hago una cita para una consulta? Por favor ll\u00e1menos al +1 503-206-8414. Le haremos algunas preguntas sobre su caso y programaremos su cita. Tambi\u00e9n puede solicitar una cita a trav\u00e9s de la p\u00e1gina de \u00abContacto\u00ab. Cuanto cuesta la consulta? La consulta cuesta $150. Si usted decide abrir su caso [&hellip;]<\/p>\n","protected":false},"author":1,"featured_media":0,"parent":0,"menu_order":0,"comment_status":"closed","ping_status":"open","template":"","meta":{"_acf_changed":false,"site-sidebar-layout":"no-sidebar","site-content-layout":"page-builder","ast-site-content-layout":"full-width-container","site-content-style":"unboxed","site-sidebar-style":"unboxed","ast-global-header-display":"","ast-banner-title-visibility":"","ast-main-header-display":"","ast-hfb-above-header-display":"","ast-hfb-below-header-display":"","ast-hfb-mobile-header-display":"","site-post-title":"disabled","ast-breadcrumbs-content":"","ast-featured-img":"disabled","footer-sml-layout":"","ast-disable-related-posts":"","theme-transparent-header-meta":"enabled","adv-header-id-meta":"","stick-header-meta":"","header-above-stick-meta":"","header-main-stick-meta":"","header-below-stick-meta":"","astra-migrate-meta-layouts":"set","ast-page-background-enabled":"default","ast-page-background-meta":{"desktop":{"background-color":"","background-image":"","background-repeat":"repeat","background-position":"center center","background-size":"auto","background-attachment":"scroll","background-type":"","background-media":"","overlay-type":"","overlay-color":"","overlay-opacity":"","overlay-gradient":""},"tablet":{"background-color":"","background-image":"","background-repeat":"repeat","background-position":"center center","background-size":"auto","background-attachment":"scroll","background-type":"","background-media":"","overlay-type":"","overlay-color":"","overlay-opacity":"","overlay-gradient":""},"mobile":{"background-color":"","background-image":"","background-repeat":"repeat","background-position":"center center","background-size":"auto","background-attachment":"scroll","background-type":"","background-media":"","overlay-type":"","overlay-color":"","overlay-opacity":"","overlay-gradient":""}},"ast-content-background-meta":{"desktop":{"background-color":"var(--ast-global-color-5)","background-image":"","background-repeat":"repeat","background-position":"center center","background-size":"auto","background-attachment":"scroll","background-type":"","background-media":"","overlay-type":"","overlay-color":"","overlay-opacity":"","overlay-gradient":""},"tablet":{"background-color":"var(--ast-global-color-5)","background-image":"","background-repeat":"repeat","background-position":"center center","background-size":"auto","background-attachment":"scroll","background-type":"","background-media":"","overlay-type":"","overlay-color":"","overlay-opacity":"","overlay-gradient":""},"mobile":{"background-color":"var(--ast-global-color-5)","background-image":"","background-repeat":"repeat","background-position":"center center","background-size":"auto","background-attachment":"scroll","background-type":"","background-media":"","overlay-type":"","overlay-color":"","overlay-opacity":"","overlay-gradient":""}},"footnotes":""},"class_list":["post-3981","page","type-page","status-publish","hentry"],"acf":[],"aioseo_notices":[],"_links":{"self":[{"href":"https:\/\/www.vanderwallimmigration.com\/es\/wp-json\/wp\/v2\/pages\/3981","targetHints":{"allow":["GET"]}}],"collection":[{"href":"https:\/\/www.vanderwallimmigration.com\/es\/wp-json\/wp\/v2\/pages"}],"about":[{"href":"https:\/\/www.vanderwallimmigration.com\/es\/wp-json\/wp\/v2\/types\/page"}],"author":[{"embeddable":true,"href":"https:\/\/www.vanderwallimmigration.com\/es\/wp-json\/wp\/v2\/users\/1"}],"replies":[{"embeddable":true,"href":"https:\/\/www.vanderwallimmigration.com\/es\/wp-json\/wp\/v2\/comments?post=3981"}],"version-history":[{"count":0,"href":"https:\/\/www.vanderwallimmigration.com\/es\/wp-json\/wp\/v2\/pages\/3981\/revisions"}],"wp:attachment":[{"href":"https:\/\/www.vanderwallimmigration.com\/es\/wp-json\/wp\/v2\/media?parent=3981"}],"curies":[{"name":"wp","href":"https:\/\/api.w.org\/{rel}","templated":true}]}}