{"id":3979,"date":"2024-10-23T12:09:08","date_gmt":"2024-10-23T12:09:08","guid":{"rendered":"https:\/\/www.vanderwallimmigration.com\/about-us\/"},"modified":"2026-04-14T19:13:28","modified_gmt":"2026-04-14T19:13:28","slug":"sobre-nosotros","status":"publish","type":"page","link":"https:\/\/www.vanderwallimmigration.com\/es\/sobre-nosotros\/","title":{"rendered":"Sobre Vanderwall Immigration"},"content":{"rendered":"<h1>Sobre Nosotras<\/h1> \t<p>Vanderwall Immigration<\/p> \t\t\t<a href=\"\/es\/formulario-de-cita\/\" title=\"Programar Una Cita\" target=\"_self\"   role=\"button\" aria-label=\"Programar Una Cita\"> \t\t\t\t\t\t\tProgramar Una Cita \t\t<\/a> \t\t\t<h3>CONOCER AL EQUIPO<\/h3>\t\t\t \t<p>Somos una firma de abogados de inmigraci\u00f3n con oficinas en Beaverton y Salem, Oregon.<\/p> <p>Trabajamos arduamente para proporcionar servicios de inmigraci\u00f3n de alta calidad para que usted pueda alcanzar sus objetivos de inmigraci\u00f3n. Nuestra misi\u00f3n es unir familias a trav\u00e9s de nuestros servicios de inmigraci\u00f3n.<\/p> <p>Cada una de nosotras venimos de familias de inmigrantes, por lo que entendemos por experiencia personal lo complicado y estresante que es el proceso migratorio en los Estados Unidos. Nos esforzamos en demostrar lo mucho que nos preocupa usted y su familia.<\/p> <p>Para servir mejor a nuestra diversa comunidad, nuestro equipo incluye miembros que hablan <b>portugu\u00e9s<\/b>, <b>alem\u00e1n<\/b>, <b>ingl\u00e9s<\/b>, <b>espa\u00f1ol<\/b>, <b>mandar\u00edn<\/b> y <b>franc\u00e9s<\/b>, lo que nos permite ofrecer una comunicaci\u00f3n clara y una experiencia m\u00e1s c\u00f3moda durante todo su proceso migratorio.<\/p> <p>Proporcionamos una comunicaci\u00f3n abierta y transparente durante todo su proceso migratorio, para que usted tenga claridad y confianza en cada etapa de su caso.<\/p> <p>Damos servicio a clientes de todo Oregon, Washington y de todas partes del mundo. Con mucho gusto nos podemos reunir con usted y su familia para conversar sobre c\u00f3mo podemos ayudarle a alcanzar sus sue\u00f1os.<\/p> <figure itemscope itemtype=\"https:\/\/schema.org\/ImageObject\"> \t\t\t\t<img decoding=\"async\" src=\"https:\/\/www.vanderwallimmigration.com\/wp-content\/uploads\/2025\/06\/image.png\" alt=\"image\" height=\"854\" width=\"731\" title=\"image\" onerror=\"this.style.display='none'\" loading=\"lazy\" \/> \t<\/figure> <h3> \t\t\tDirectores de departamento\t<\/h3> \t<a href=\"\/about-us\/candace-vanderwall\/\" target=\"_self\"  aria-label=\"Ir a \/about-us\/candace-vanderwall\/\"><\/a> \t\t\t\t<img decoding=\"async\" src=\"https:\/\/www.vanderwallimmigration.com\/wp-content\/uploads\/2025\/12\/candace-crop-bg-2025.png\" alt=\"candace-crop-bg-2025\" title=\"candace-crop-bg-2025\" itemprop=\"image\"\/> \t\t<h3>Candace Vanderwall<\/h3>\t\t\t \t\t\t\t<p>CEO \/ Abogada Fundadora<\/p> \t\t\t<a href=\"\/about-us\/candace-vanderwall\/\" title=\"Leer M\u00e1s\" target=\"_self\"   role=\"button\" aria-label=\"Leer M\u00e1s\"> \t\t\t\t\t\t\tLeer M\u00e1s \t\t<\/a> \t<a href=\"\/about-us\/paula-smith\/\" target=\"_self\"  aria-label=\"Ir a \/about-us\/paula-smith\/\"><\/a> \t\t\t\t<img decoding=\"async\" src=\"https:\/\/www.vanderwallimmigration.com\/wp-content\/uploads\/2024\/10\/paula-crop-bg.png\" alt=\"paula-crop-bg\" title=\"paula-crop-bg\" itemprop=\"image\"\/> \t\t<h3>Paula Smith<\/h3>\t\t\t \t\t\t\t<p>COO<\/p> \t\t\t<a href=\"\/about-us\/paula-smith\/\" title=\"Leer M\u00e1s\" target=\"_self\"   role=\"button\" aria-label=\"Leer M\u00e1s\"> \t\t\t\t\t\t\tLeer M\u00e1s \t\t<\/a> \t<a href=\"\/about-us\/claire-fawcett\/\" target=\"_self\"  aria-label=\"Ir a \/about-us\/claire-fawcett\/\"><\/a> \t\t\t\t<img decoding=\"async\" src=\"https:\/\/www.vanderwallimmigration.com\/wp-content\/uploads\/2024\/10\/claire-crop-bg.png\" alt=\"claire-crop-bg\" title=\"claire-crop-bg\" itemprop=\"image\"\/> \t\t<h3>Claire Fawcett<\/h3>\t\t\t \t\t\t\t<p>Directora de Abogados<\/p> \t\t\t<a href=\"\/about-us\/claire-fawcett\/\" title=\"Leer M\u00e1s\" target=\"_self\"   role=\"button\" aria-label=\"Leer M\u00e1s\"> \t\t\t\t\t\t\tLeer M\u00e1s \t\t<\/a> \t<a href=\"\/about-us\/karla-garcia-rahbari\/\" target=\"_self\"  aria-label=\"Ir a \/about-us\/karla-garcia-rahbari\/\"><\/a> \t\t\t\t<img decoding=\"async\" src=\"https:\/\/www.vanderwallimmigration.com\/wp-content\/uploads\/2025\/10\/karla-crop-bg-new.png\" alt=\"karla-crop-bg-new\" title=\"karla-crop-bg-new\" itemprop=\"image\"\/> \t\t<h3>Karla Garcia Rahbari<\/h3>\t\t\t \t\t\t\t<p>Directora de Paralegales<\/p> \t\t\t<a href=\"\/about-us\/karla-garcia-rahbari\/\" title=\"Leer M\u00e1s\" target=\"_self\"   role=\"button\" aria-label=\"Leer M\u00e1s\"> \t\t\t\t\t\t\tLeer M\u00e1s \t\t<\/a> \t<a href=\"\/about-us\/erika-rodriguez\/\" target=\"_self\"  aria-label=\"Ir a \/about-us\/erika-rodriguez\/\"><\/a> \t\t\t\t<img decoding=\"async\" src=\"https:\/\/www.vanderwallimmigration.com\/wp-content\/uploads\/2024\/10\/erika-crop-bg.png\" alt=\"erika-crop-bg\" title=\"erika-crop-bg\" itemprop=\"image\"\/> \t\t<h3>Erika Rodriguez<\/h3>\t\t\t \t\t\t\t<p>Directora de Asistentes Legales <\/p> \t\t\t<a href=\"\/about-us\/erika-rodriguez\/\" title=\"Leer M\u00e1s\" target=\"_self\"   role=\"button\" aria-label=\"Leer M\u00e1s\"> \t\t\t\t\t\t\tLeer M\u00e1s \t\t<\/a> \t<a href=\"\/es\/sobre-nosotros\/samuel-fernandes-pereira\/\" target=\"_self\"  aria-label=\"Ir a \/es\/sobre-nosotros\/samuel-fernandes-pereira\/\"><\/a> \t\t\t\t<img decoding=\"async\" src=\"https:\/\/www.vanderwallimmigration.com\/wp-content\/uploads\/2025\/03\/Samuel-Fernandes-Pereira-crop.png\" alt=\"Samuel Fernandes Pereira-crop\" title=\"Samuel Fernandes Pereira-crop\" itemprop=\"image\"\/> \t\t<h3>Samuel Pereira<\/h3>\t\t\t \t\t\t\t<p>Director de Admisiones y Consultas<\/p> \t\t\t<a href=\"\/es\/sobre-nosotros\/samuel-fernandes-pereira\/\" title=\"Leer M\u00e1s\" target=\"_self\"   role=\"button\" aria-label=\"Leer M\u00e1s\"> \t\t\t\t\t\t\tLeer M\u00e1s \t\t<\/a> \t<a href=\"\/es\/sobre-nosotros\/rachel-davidson\/\" target=\"_self\"  aria-label=\"Ir a \/es\/sobre-nosotros\/rachel-davidson\/\"><\/a> \t\t\t\t<img decoding=\"async\" src=\"https:\/\/www.vanderwallimmigration.com\/wp-content\/uploads\/2025\/10\/rachel-crop-bg-new.png\" alt=\"rachel-crop-bg-new\" title=\"rachel-crop-bg-new\" itemprop=\"image\"\/> \t\t<h3>Rachel Davidson<\/h3>\t\t\t \t\t\t\t<p>Directora de Recursos Humanos<\/p> \t\t\t<a href=\"\/es\/sobre-nosotros\/rachel-davidson\/\" title=\"Leer M\u00e1s\" target=\"_self\"   role=\"button\" aria-label=\"Leer M\u00e1s\"> \t\t\t\t\t\t\tLeer M\u00e1s \t\t<\/a> <h3> \t\t\tAbogadas\t<\/h3> \t<a href=\"\/about-us\/lucie-villerio\/\" target=\"_self\"  aria-label=\"Ir a \/about-us\/lucie-villerio\/\"><\/a> \t\t\t\t<img decoding=\"async\" src=\"https:\/\/www.vanderwallimmigration.com\/wp-content\/uploads\/2024\/10\/lucie-crop-bg.png\" alt=\"lucie-crop-bg\" title=\"lucie-crop-bg\" itemprop=\"image\"\/> \t\t<h3>Lucie Villerio<\/h3>\t\t\t \t\t\t\t<p>Abogada<\/p> \t\t\t<a href=\"\/about-us\/lucie-villerio\/\" title=\"Leer M\u00e1s\" target=\"_self\"   role=\"button\" aria-label=\"Leer M\u00e1s\"> \t\t\t\t\t\t\tLeer M\u00e1s \t\t<\/a> \t<a href=\"\/es\/sobre-nosotros\/maria-jose-rosales-lagos\/\" target=\"_self\"  aria-label=\"Ir a \/es\/sobre-nosotros\/maria-jose-rosales-lagos\/\"><\/a> \t\t\t\t<img decoding=\"async\" src=\"https:\/\/www.vanderwallimmigration.com\/wp-content\/uploads\/2025\/05\/Maria-Jose-Rosales-Lagos-crop-bg.png\" alt=\"Maria Jose Rosales Lagos-crop-bg\" title=\"Maria Jose Rosales Lagos-crop-bg\" itemprop=\"image\"\/> \t\t<h3>Maria Jose Rosales Lago<\/h3>\t\t\t \t\t\t\t<p>Abogada<\/p> \t\t\t<a href=\"\/es\/sobre-nosotros\/maria-jose-rosales-lagos\/\" title=\"Leer M\u00e1s\" target=\"_self\"   role=\"button\" aria-label=\"Leer M\u00e1s\"> \t\t\t\t\t\t\tLeer M\u00e1s \t\t<\/a> \t<a href=\"\/es\/sobre-nosotros\/valerie-vaello\/\" target=\"_self\"  aria-label=\"Ir a \/es\/sobre-nosotros\/valerie-vaello\/\"><\/a> \t\t\t\t<img decoding=\"async\" src=\"https:\/\/www.vanderwallimmigration.com\/wp-content\/uploads\/2025\/08\/valerie-crop-bg.png\" alt=\"valerie-crop-bg\" title=\"valerie-crop-bg\" itemprop=\"image\"\/> \t\t<h3>Valerie Vaello<\/h3>\t\t\t \t\t\t\t<p>Abogada<\/p> \t\t\t<a href=\"\/es\/sobre-nosotros\/valerie-vaello\/\" title=\"Leer M\u00e1s\" target=\"_self\"   role=\"button\" aria-label=\"Leer M\u00e1s\"> \t\t\t\t\t\t\tLeer M\u00e1s \t\t<\/a> <h3> \t\t\tParalegal\t<\/h3> \t<a href=\"\/about-us\/gisela-barroso\/\" target=\"_self\"  aria-label=\"Ir a \/about-us\/gisela-barroso\/\"><\/a> \t\t\t\t<img decoding=\"async\" src=\"https:\/\/www.vanderwallimmigration.com\/wp-content\/uploads\/2025\/09\/gisela-crop-update-bg.png\" alt=\"gisela-crop-update-bg\" title=\"gisela-crop-update-bg\" itemprop=\"image\"\/> \t\t<h3>Gisela Barroso<\/h3>\t\t\t \t\t\t\t<p>Paralegal Principal<\/p> \t\t\t<a href=\"\/about-us\/gisela-barroso\/\" title=\"Leer M\u00e1s\" target=\"_self\"   role=\"button\" aria-label=\"Leer M\u00e1s\"> \t\t\t\t\t\t\tLeer M\u00e1s \t\t<\/a> \t<a href=\"\/about-us\/adriana-garcia-espinoza\/\" target=\"_self\"  aria-label=\"Ir a \/about-us\/adriana-garcia-espinoza\/\"><\/a> \t\t\t\t<img decoding=\"async\" src=\"https:\/\/www.vanderwallimmigration.com\/wp-content\/uploads\/2024\/10\/adriana-crop-bg.png\" alt=\"adriana-crop-bg\" title=\"adriana-crop-bg\" itemprop=\"image\"\/> \t\t<h3>Adriana Garcia Espinoza<\/h3>\t\t\t \t\t\t\t<p>Paralegal<\/p> \t\t\t<a href=\"\/about-us\/adriana-garcia-espinoza\/\" title=\"Leer M\u00e1s\" target=\"_self\"   role=\"button\" aria-label=\"Leer M\u00e1s\"> \t\t\t\t\t\t\tLeer M\u00e1s \t\t<\/a> \t<a href=\"\/about-us\/jericka-diaz\/\" target=\"_self\"  aria-label=\"Ir a \/about-us\/jericka-diaz\/\"><\/a> \t\t\t\t<img decoding=\"async\" src=\"https:\/\/www.vanderwallimmigration.com\/wp-content\/uploads\/2024\/10\/jerika-crop-bg.png\" alt=\"jerika-crop-bg\" title=\"jerika-crop-bg\" itemprop=\"image\"\/> \t\t<h3>Jericka Diaz<\/h3>\t\t\t \t\t\t\t<p>Paralegal Principal<\/p> \t\t\t<a href=\"\/about-us\/jericka-diaz\/\" title=\"Leer M\u00e1s\" target=\"_self\"   role=\"button\" aria-label=\"Leer M\u00e1s\"> \t\t\t\t\t\t\tLeer M\u00e1s \t\t<\/a> \t<a href=\"\/about-us\/michelle-tapia-hurtado\/\" target=\"_self\"  aria-label=\"Ir a \/about-us\/michelle-tapia-hurtado\/\"><\/a> \t\t\t\t<img decoding=\"async\" src=\"https:\/\/www.vanderwallimmigration.com\/wp-content\/uploads\/2024\/10\/michelle-h-crop-bg.png\" alt=\"michelle-h-crop-bg\" title=\"michelle-h-crop-bg\" itemprop=\"image\"\/> \t\t<h3>Michelle Tapia Hurtado<\/h3>\t\t\t \t\t\t\t<p>Paralegal<\/p> \t\t\t<a href=\"\/about-us\/michelle-tapia-hurtado\/\" title=\"Leer M\u00e1s\" target=\"_self\"   role=\"button\" aria-label=\"Leer M\u00e1s\"> \t\t\t\t\t\t\tLeer M\u00e1s \t\t<\/a> \t<a href=\"\/about-us\/lyllyan-medina\/\" target=\"_self\"  aria-label=\"Ir a \/about-us\/lyllyan-medina\/\"><\/a> \t\t\t\t<img decoding=\"async\" src=\"https:\/\/www.vanderwallimmigration.com\/wp-content\/uploads\/2025\/09\/lyllyan-update-crop.png\" alt=\"lyllyan-update-crop\" title=\"lyllyan-update-crop\" itemprop=\"image\"\/> \t\t<h3>Lyllyan Medina<\/h3>\t\t\t \t\t\t\t<p>Paralegal Principal<\/p> \t\t\t<a href=\"\/about-us\/lyllyan-medina\/\" title=\"Leer M\u00e1s\" target=\"_self\"   role=\"button\" aria-label=\"Leer M\u00e1s\"> \t\t\t\t\t\t\tLeer M\u00e1s \t\t<\/a> \t<a href=\"\/es\/sobre-nosotros\/angelica-heiney\/\" target=\"_self\"  aria-label=\"Ir a \/es\/sobre-nosotros\/angelica-heiney\/\"><\/a> \t\t\t\t<img decoding=\"async\" src=\"https:\/\/www.vanderwallimmigration.com\/wp-content\/uploads\/2025\/06\/angelica-heiney-crop-bg.png\" alt=\"angelica-heiney-crop-bg\" title=\"angelica-heiney-crop-bg\" itemprop=\"image\"\/> \t\t<h3>Angelica Heiney<\/h3>\t\t\t \t\t\t\t<p>Paralegal<\/p> \t\t\t<a href=\"\/es\/sobre-nosotros\/angelica-heiney\/\" title=\"Leer M\u00e1s\" target=\"_self\"   role=\"button\" aria-label=\"Leer M\u00e1s\"> \t\t\t\t\t\t\tLeer M\u00e1s \t\t<\/a> \t<a href=\"\/es\/sobre-nosotros\/michelle-angel\/\" target=\"_self\"  aria-label=\"Ir a \/es\/sobre-nosotros\/michelle-angel\/\"><\/a> \t\t\t\t<img decoding=\"async\" src=\"https:\/\/www.vanderwallimmigration.com\/wp-content\/uploads\/2026\/02\/michelle-angel-crop-bg.png\" alt=\"michelle-angel-crop-bg\" title=\"michelle-angel-crop-bg\" itemprop=\"image\"\/> \t\t<h3>Michelle Angel<\/h3>\t\t\t \t\t\t\t<p>Paralegal<\/p> \t\t\t<a href=\"\/es\/sobre-nosotros\/michelle-angel\/\" title=\"Leer M\u00e1s\" target=\"_self\"   role=\"button\" aria-label=\"Leer M\u00e1s\"> \t\t\t\t\t\t\tLeer M\u00e1s \t\t<\/a> \t<a href=\"\/es\/about-us\/rachel-gore\/\" target=\"_self\"  aria-label=\"Ir a \/es\/about-us\/rachel-gore\/\"><\/a> \t\t\t\t<img decoding=\"async\" src=\"https:\/\/www.vanderwallimmigration.com\/wp-content\/uploads\/2026\/02\/rachel-gore-crop-bg.png\" alt=\"rachel-gore-crop-bg\" title=\"rachel-gore-crop-bg\" itemprop=\"image\"\/> \t\t<h3>Rachel Gore<\/h3>\t\t\t \t\t\t\t<p>Paralegal<\/p> \t\t\t<a href=\"\/es\/about-us\/rachel-gore\/\" title=\"Leer M\u00e1s\" target=\"_self\"   role=\"button\" aria-label=\"Leer M\u00e1s\"> \t\t\t\t\t\t\tLeer M\u00e1s \t\t<\/a> <h3> \t\t\tAsistente Legals\t<\/h3> \t<a href=\"\/about-us\/jocelyn-ramirez\/\" target=\"_self\"  aria-label=\"Ir a \/about-us\/jocelyn-ramirez\/\"><\/a> \t\t\t\t<img decoding=\"async\" src=\"https:\/\/www.vanderwallimmigration.com\/wp-content\/uploads\/2024\/10\/jocelyn-crop-bg.png\" alt=\"jocelyn-crop-bg\" title=\"jocelyn-crop-bg\" itemprop=\"image\"\/> \t\t<h3>Jocelyn Ramirez<\/h3>\t\t\t \t\t\t\t<p>Asistente Legal<\/p> \t\t\t<a href=\"\/about-us\/jocelyn-ramirez\/\" title=\"Leer M\u00e1s\" target=\"_self\"   role=\"button\" aria-label=\"Leer M\u00e1s\"> \t\t\t\t\t\t\tLeer M\u00e1s \t\t<\/a> \t<a href=\"\/es\/sobre-nosotros\/olivia-welsh\/\" target=\"_self\"  aria-label=\"Ir a \/es\/sobre-nosotros\/olivia-welsh\/\"><\/a> \t\t\t\t<img decoding=\"async\" src=\"https:\/\/www.vanderwallimmigration.com\/wp-content\/uploads\/2026\/02\/olivia-crop-bg.png\" alt=\"olivia-crop-bg\" title=\"olivia-crop-bg\" itemprop=\"image\"\/> \t\t<h3>Olivia Welsh<\/h3>\t\t\t \t\t\t\t<p>Asistente Legal<\/p> \t\t\t<a href=\"\/es\/sobre-nosotros\/olivia-welsh\/\" title=\"Leer M\u00e1s\" target=\"_self\"   role=\"button\" aria-label=\"Leer M\u00e1s\"> \t\t\t\t\t\t\tLeer M\u00e1s \t\t<\/a> \t<a href=\"\/es\/sobre-nosotros\/irving-meza\/\" target=\"_self\"  aria-label=\"Ir a \/es\/sobre-nosotros\/irving-meza\/\"><\/a> \t\t\t\t<img decoding=\"async\" src=\"https:\/\/www.vanderwallimmigration.com\/wp-content\/uploads\/2026\/02\/irving-crop-bg.png\" alt=\"irving-crop-bg\" title=\"irving-crop-bg\" itemprop=\"image\"\/> \t\t<h3>Irving Meza<\/h3>\t\t\t \t\t\t\t<p>Asistente Legal<\/p> \t\t\t<a href=\"\/es\/sobre-nosotros\/irving-meza\/\" title=\"Leer M\u00e1s\" target=\"_self\"   role=\"button\" aria-label=\"Leer M\u00e1s\"> \t\t\t\t\t\t\tLeer M\u00e1s \t\t<\/a> <h3> \t\t\tAsistente Administrativa\t<\/h3> \t<a href=\"\/es\/sobre-nosotros\/jazmin-morales\/\" target=\"_self\"  aria-label=\"Ir a \/es\/sobre-nosotros\/jazmin-morales\/\"><\/a> \t\t\t\t<img decoding=\"async\" src=\"https:\/\/www.vanderwallimmigration.com\/wp-content\/uploads\/2025\/12\/jazmin-crop-bg.png\" alt=\"jazmin-crop-bg\" title=\"jazmin-crop-bg\" itemprop=\"image\"\/> \t\t<h3>Jazmin Morales<\/h3>\t\t\t \t\t\t\t<p>Asistente Administradora \/ Recepcionista<\/p> \t\t\t<a href=\"\/es\/sobre-nosotros\/jazmin-morales\/\" title=\"Leer M\u00e1s\" target=\"_self\"   role=\"button\" aria-label=\"Leer M\u00e1s\"> \t\t\t\t\t\t\tLeer M\u00e1s \t\t<\/a> \t<a href=\"\/es\/sobre-nosotros\/silvia-aguilera\/\" target=\"_self\"  aria-label=\"Ir a \/es\/sobre-nosotros\/silvia-aguilera\/\"><\/a> \t\t\t\t<img decoding=\"async\" src=\"https:\/\/www.vanderwallimmigration.com\/wp-content\/uploads\/2026\/02\/silvia-crop-bg.png\" alt=\"silvia-crop-bg\" title=\"silvia-crop-bg\" itemprop=\"image\"\/> \t\t<h3>Silvia Aguilera<\/h3>\t\t\t \t\t\t\t<p>Asistente Administrativa<\/p> \t\t\t<a href=\"\/es\/sobre-nosotros\/silvia-aguilera\/\" title=\"Leer M\u00e1s\" target=\"_self\"   role=\"button\" aria-label=\"Leer M\u00e1s\"> \t\t\t\t\t\t\tLeer M\u00e1s \t\t<\/a> <h3> \t\t\tClient Intake Specialists &#038; Outreach Coordinator\t<\/h3> \t<a href=\"\/about-us\/sandra-perez\/\" target=\"_self\"  aria-label=\"Ir a \/about-us\/sandra-perez\/\"><\/a> \t\t\t\t<img decoding=\"async\" src=\"https:\/\/www.vanderwallimmigration.com\/wp-content\/uploads\/2025\/12\/sandra-crop-bg-2.png\" alt=\"sandra-crop-bg-2\" title=\"sandra-crop-bg-2\" itemprop=\"image\"\/> \t\t<h3>Sandra Perez<\/h3>\t\t\t \t\t\t\t<p>Coordinadora de Eventos y Ventas<\/p> \t\t\t<a href=\"\/about-us\/sandra-perez\/\" title=\"Leer M\u00e1s\" target=\"_self\"   role=\"button\" aria-label=\"Leer M\u00e1s\"> \t\t\t\t\t\t\tLeer M\u00e1s \t\t<\/a> \t<a href=\"\/es\/sobre-nosotros\/tatiane-martins\/\" target=\"_self\"  aria-label=\"Ir a \/es\/sobre-nosotros\/tatiane-martins\/\"><\/a> \t\t\t\t<img decoding=\"async\" src=\"https:\/\/www.vanderwallimmigration.com\/wp-content\/uploads\/2025\/05\/tatiane-martins-crop-bg.png\" alt=\"tatiane-martins-crop-bg\" title=\"tatiane-martins-crop-bg\" itemprop=\"image\"\/> \t\t<h3>Tatiane Martins<\/h3>\t\t\t \t\t\t\t<p>Especialista de Consultas<\/p> \t\t\t<a href=\"\/es\/sobre-nosotros\/tatiane-martins\/\" title=\"Leer M\u00e1s\" target=\"_self\"   role=\"button\" aria-label=\"Leer M\u00e1s\"> \t\t\t\t\t\t\tLeer M\u00e1s \t\t<\/a> <h3> \t\t\tEspecialista de Facturaci\u00f3n\t<\/h3> \t<a href=\"\/es\/sobre-nosotros\/luis-rivera-pineda\/\" target=\"_self\"  aria-label=\"Ir a \/es\/sobre-nosotros\/luis-rivera-pineda\/\"><\/a> \t\t\t\t<img decoding=\"async\" src=\"https:\/\/www.vanderwallimmigration.com\/wp-content\/uploads\/2025\/05\/Luis-Rivera-Pineda-crop-bg.png\" alt=\"Luis Rivera Pineda-crop-bg\" title=\"Luis Rivera Pineda-crop-bg\" itemprop=\"image\"\/> \t\t<h3>Luis Rivera Pineda<\/h3>\t\t\t \t\t\t\t<p>Especialista de Facturaci\u00f3n<\/p> \t\t\t<a href=\"\/es\/sobre-nosotros\/luis-rivera-pineda\/\" title=\"Leer M\u00e1s\" target=\"_self\"   role=\"button\" aria-label=\"Leer M\u00e1s\"> \t\t\t\t\t\t\tLeer M\u00e1s \t\t<\/a> \t<h5> \t\t\t\tPrograme su consulta de inmigraci\u00f3n con un abogado de inmigraci\u00f3n \t\t\t<\/h5> <figure itemscope itemtype=\"https:\/\/schema.org\/ImageObject\"> \t\t\t\t<img decoding=\"async\" src=\"https:\/\/www.vanderwallimmigration.com\/wp-content\/uploads\/2025\/09\/2025-footer-banner-awards-layout.png\" alt=\"2025-footer-banner-awards-layout\" height=\"420\" width=\"600\" title=\"2025-footer-banner-awards-layout\" onerror=\"this.style.display='none'\" loading=\"lazy\" \/> \t<\/figure> \t<h5> \t\t\t\tsalga de las sombras. \t\t\t<\/h5> \t<h5> \t\t\t\tLl\u00e1menos hoy al \t\t\t<\/h5> \t\t\t<p><a href=\"tel:+15032068414\">+1 503-206-8414<\/a><\/p>\t \t\t\t<a href=\"https:\/\/www.vanderwallimmigration.com\/schedule-appointment\/\" title=\"Programar una cita\" target=\"_self\"   role=\"button\" aria-label=\"Programar una cita\"> \t\t\t\t\t\t\tProgramar una cita \t\t<\/a>","protected":false},"excerpt":{"rendered":"<p>Sobre Nosotras Vanderwall Immigration Programar Una Cita CONOCER AL EQUIPO Somos una firma de abogados de inmigraci\u00f3n con oficinas en Beaverton y Salem, Oregon. Trabajamos arduamente para proporcionar servicios de inmigraci\u00f3n de alta calidad para que usted pueda alcanzar sus objetivos de inmigraci\u00f3n. Nuestra misi\u00f3n es unir familias a trav\u00e9s de nuestros servicios de inmigraci\u00f3n. [&hellip;]<\/p>\n","protected":false},"author":4,"featured_media":0,"parent":0,"menu_order":0,"comment_status":"closed","ping_status":"open","template":"","meta":{"_acf_changed":false,"site-sidebar-layout":"no-sidebar","site-content-layout":"page-builder","ast-site-content-layout":"full-width-container","site-content-style":"unboxed","site-sidebar-style":"unboxed","ast-global-header-display":"","ast-banner-title-visibility":"","ast-main-header-display":"","ast-hfb-above-header-display":"","ast-hfb-below-header-display":"","ast-hfb-mobile-header-display":"","site-post-title":"disabled","ast-breadcrumbs-content":"","ast-featured-img":"disabled","footer-sml-layout":"","ast-disable-related-posts":"","theme-transparent-header-meta":"enabled","adv-header-id-meta":"","stick-header-meta":"","header-above-stick-meta":"","header-main-stick-meta":"","header-below-stick-meta":"","astra-migrate-meta-layouts":"set","ast-page-background-enabled":"default","ast-page-background-meta":{"desktop":{"background-color":"","background-image":"","background-repeat":"repeat","background-position":"center center","background-size":"auto","background-attachment":"scroll","background-type":"","background-media":"","overlay-type":"","overlay-color":"","overlay-opacity":"","overlay-gradient":""},"tablet":{"background-color":"","background-image":"","background-repeat":"repeat","background-position":"center center","background-size":"auto","background-attachment":"scroll","background-type":"","background-media":"","overlay-type":"","overlay-color":"","overlay-opacity":"","overlay-gradient":""},"mobile":{"background-color":"","background-image":"","background-repeat":"repeat","background-position":"center center","background-size":"auto","background-attachment":"scroll","background-type":"","background-media":"","overlay-type":"","overlay-color":"","overlay-opacity":"","overlay-gradient":""}},"ast-content-background-meta":{"desktop":{"background-color":"var(--ast-global-color-5)","background-image":"","background-repeat":"repeat","background-position":"center center","background-size":"auto","background-attachment":"scroll","background-type":"","background-media":"","overlay-type":"","overlay-color":"","overlay-opacity":"","overlay-gradient":""},"tablet":{"background-color":"var(--ast-global-color-5)","background-image":"","background-repeat":"repeat","background-position":"center center","background-size":"auto","background-attachment":"scroll","background-type":"","background-media":"","overlay-type":"","overlay-color":"","overlay-opacity":"","overlay-gradient":""},"mobile":{"background-color":"var(--ast-global-color-5)","background-image":"","background-repeat":"repeat","background-position":"center center","background-size":"auto","background-attachment":"scroll","background-type":"","background-media":"","overlay-type":"","overlay-color":"","overlay-opacity":"","overlay-gradient":""}},"footnotes":""},"class_list":["post-3979","page","type-page","status-publish","hentry"],"acf":[],"aioseo_notices":[],"_links":{"self":[{"href":"https:\/\/www.vanderwallimmigration.com\/es\/wp-json\/wp\/v2\/pages\/3979","targetHints":{"allow":["GET"]}}],"collection":[{"href":"https:\/\/www.vanderwallimmigration.com\/es\/wp-json\/wp\/v2\/pages"}],"about":[{"href":"https:\/\/www.vanderwallimmigration.com\/es\/wp-json\/wp\/v2\/types\/page"}],"author":[{"embeddable":true,"href":"https:\/\/www.vanderwallimmigration.com\/es\/wp-json\/wp\/v2\/users\/4"}],"replies":[{"embeddable":true,"href":"https:\/\/www.vanderwallimmigration.com\/es\/wp-json\/wp\/v2\/comments?post=3979"}],"version-history":[{"count":0,"href":"https:\/\/www.vanderwallimmigration.com\/es\/wp-json\/wp\/v2\/pages\/3979\/revisions"}],"wp:attachment":[{"href":"https:\/\/www.vanderwallimmigration.com\/es\/wp-json\/wp\/v2\/media?parent=3979"}],"curies":[{"name":"wp","href":"https:\/\/api.w.org\/{rel}","templated":true}]}}