{"id":3976,"date":"2024-10-24T07:09:13","date_gmt":"2024-10-24T07:09:13","guid":{"rendered":"https:\/\/www.vanderwallimmigration.com\/contact-us\/"},"modified":"2026-02-14T01:08:04","modified_gmt":"2026-02-14T01:08:04","slug":"contactenos","status":"publish","type":"page","link":"https:\/\/www.vanderwallimmigration.com\/es\/contactenos\/","title":{"rendered":"Cont\u00e1ctenos"},"content":{"rendered":"<h1>Cont\u00e1ctenos<\/h1> \t\t\t<a href=\"\/es\/formulario-de-cita\/\" title=\"Programar Una Cita\" target=\"_self\"   role=\"button\" aria-label=\"Programar Una Cita\"> \t\t\t\t\t\t\tProgramar Una Cita \t\t<\/a> <h2> \t\t\tVanderwall Immigration &#8211; Salem\t<\/h2> \t<strong>Direcci\u00f3n:<\/strong><br \/> 943 Liberty St SE<br \/> Salem, Oregon 97302 <p><a href=\"https:\/\/goo.gl\/maps\/7jizHBVgyB6WShj79\">C\u00f3mo llegar<\/a><\/p> <strong>Numero de Telefono:<br \/> <\/strong><a href=\"tel:+15032068414\">+1 (503) 206-8414<\/a><br \/> <a href=\"mailto:info@vanderwallimmigration.com\">info@vanderwallimmigration.com<\/a> \t<iframe src=\"https:\/\/www.google.com\/maps\/embed\/v1\/place?q=Vanderwall+Immigration%0A943+Liberty+St+SE%2C+Salem%2C+OR+97302%2C+United+States&#038;key=AIzaSyD09zQ9PNDNNy9TadMuzRV_UsPUoWKntt8\" aria-hidden=\"true\" title=\"Vanderwall Immigration\"><\/iframe> <h2> \t\t\tVanderwall Immigration &#8211; Beaverton\t<\/h2> \t<strong>Direcci\u00f3n:<\/strong><br \/> 8625 SW Cascade Ave Ste 450<br \/> Beaverton, OR 97008 <p><a href=\"https:\/\/goo.gl\/maps\/csi47tjh1YvAm3pG7\">C\u00f3mo llegar<\/a><\/p> <strong>Numero de Telefono:<\/strong><br \/> <a href=\"tel:+15032068414\">+1 (503) 206-8414<\/a><br \/> <a href=\"mailto:info@vanderwallimmigration.com\">info@vanderwallimmigration.com<\/a> \t<iframe src=\"https:\/\/www.google.com\/maps\/embed\/v1\/place?q=Vanderwall+Immigration%0A8625+SW+Cascade+Ave+%23450%2C+Beaverton%2C+OR+97008%2C+United+States&#038;key=AIzaSyD09zQ9PNDNNy9TadMuzRV_UsPUoWKntt8\" aria-hidden=\"true\" title=\"Vanderwall Immigration\"><\/iframe> <h2> \t\t\tVanderwall Immigration &#8211; Portland\t<\/h2> \t<strong>Direcci\u00f3n:<\/strong><br \/> 833 SE Main St Unit 428<br \/> Portland, OR 97214 <p><a href=\"https:\/\/maps.app.goo.gl\/SqhtFUXDCwU58c6YA\">C\u00f3mo llegar<\/a><\/p> <strong>Numero de Telefono:<br \/> <\/strong><a href=\"tel:+15032068414\">+1 (503) 206-8414<\/a><br \/> <a href=\"mailto:info@vanderwallimmigration.com\">info@vanderwallimmigration.com<\/a>","protected":false},"excerpt":{"rendered":"<p>Cont\u00e1ctenos Programar Una Cita Vanderwall Immigration &#8211; Salem Direcci\u00f3n: 943 Liberty St SE Salem, Oregon 97302 C\u00f3mo llegar Numero de Telefono: +1 (503) 206-8414 info@vanderwallimmigration.com Vanderwall Immigration &#8211; Beaverton Direcci\u00f3n: 8625 SW Cascade Ave Ste 450 Beaverton, OR 97008 C\u00f3mo llegar Numero de Telefono: +1 (503) 206-8414 info@vanderwallimmigration.com Vanderwall Immigration &#8211; Portland Direcci\u00f3n: 833 SE [&hellip;]<\/p>\n","protected":false},"author":1,"featured_media":0,"parent":0,"menu_order":0,"comment_status":"closed","ping_status":"open","template":"","meta":{"_acf_changed":false,"site-sidebar-layout":"no-sidebar","site-content-layout":"page-builder","ast-site-content-layout":"full-width-container","site-content-style":"unboxed","site-sidebar-style":"unboxed","ast-global-header-display":"","ast-banner-title-visibility":"","ast-main-header-display":"","ast-hfb-above-header-display":"","ast-hfb-below-header-display":"","ast-hfb-mobile-header-display":"","site-post-title":"disabled","ast-breadcrumbs-content":"","ast-featured-img":"disabled","footer-sml-layout":"","ast-disable-related-posts":"","theme-transparent-header-meta":"enabled","adv-header-id-meta":"","stick-header-meta":"","header-above-stick-meta":"","header-main-stick-meta":"","header-below-stick-meta":"","astra-migrate-meta-layouts":"set","ast-page-background-enabled":"default","ast-page-background-meta":{"desktop":{"background-color":"","background-image":"","background-repeat":"repeat","background-position":"center center","background-size":"auto","background-attachment":"scroll","background-type":"","background-media":"","overlay-type":"","overlay-color":"","overlay-opacity":"","overlay-gradient":""},"tablet":{"background-color":"","background-image":"","background-repeat":"repeat","background-position":"center center","background-size":"auto","background-attachment":"scroll","background-type":"","background-media":"","overlay-type":"","overlay-color":"","overlay-opacity":"","overlay-gradient":""},"mobile":{"background-color":"","background-image":"","background-repeat":"repeat","background-position":"center center","background-size":"auto","background-attachment":"scroll","background-type":"","background-media":"","overlay-type":"","overlay-color":"","overlay-opacity":"","overlay-gradient":""}},"ast-content-background-meta":{"desktop":{"background-color":"var(--ast-global-color-5)","background-image":"","background-repeat":"repeat","background-position":"center center","background-size":"auto","background-attachment":"scroll","background-type":"","background-media":"","overlay-type":"","overlay-color":"","overlay-opacity":"","overlay-gradient":""},"tablet":{"background-color":"var(--ast-global-color-5)","background-image":"","background-repeat":"repeat","background-position":"center center","background-size":"auto","background-attachment":"scroll","background-type":"","background-media":"","overlay-type":"","overlay-color":"","overlay-opacity":"","overlay-gradient":""},"mobile":{"background-color":"var(--ast-global-color-5)","background-image":"","background-repeat":"repeat","background-position":"center center","background-size":"auto","background-attachment":"scroll","background-type":"","background-media":"","overlay-type":"","overlay-color":"","overlay-opacity":"","overlay-gradient":""}},"footnotes":""},"class_list":["post-3976","page","type-page","status-publish","hentry"],"acf":[],"aioseo_notices":[],"_links":{"self":[{"href":"https:\/\/www.vanderwallimmigration.com\/es\/wp-json\/wp\/v2\/pages\/3976","targetHints":{"allow":["GET"]}}],"collection":[{"href":"https:\/\/www.vanderwallimmigration.com\/es\/wp-json\/wp\/v2\/pages"}],"about":[{"href":"https:\/\/www.vanderwallimmigration.com\/es\/wp-json\/wp\/v2\/types\/page"}],"author":[{"embeddable":true,"href":"https:\/\/www.vanderwallimmigration.com\/es\/wp-json\/wp\/v2\/users\/1"}],"replies":[{"embeddable":true,"href":"https:\/\/www.vanderwallimmigration.com\/es\/wp-json\/wp\/v2\/comments?post=3976"}],"version-history":[{"count":0,"href":"https:\/\/www.vanderwallimmigration.com\/es\/wp-json\/wp\/v2\/pages\/3976\/revisions"}],"wp:attachment":[{"href":"https:\/\/www.vanderwallimmigration.com\/es\/wp-json\/wp\/v2\/media?parent=3976"}],"curies":[{"name":"wp","href":"https:\/\/api.w.org\/{rel}","templated":true}]}}